{"id":2342,"date":"2024-12-06T12:45:14","date_gmt":"2024-12-06T12:45:14","guid":{"rendered":"https:\/\/www.yongyukitchenware.com\/?post_type=product&#038;p=2342"},"modified":"2025-06-14T07:48:19","modified_gmt":"2025-06-14T07:48:19","slug":"wholesale-drink-dispensers","status":"publish","type":"product","link":"https:\/\/www.yongyukitchenware.com\/es\/producto\/wholesale-drink-dispensers\/","title":{"rendered":"Mayorista Dispensadores de Bebidas 12L Gran Contenedor de Zumo"},"content":{"rendered":"<div class=\"wp-block-columns is-layout-flex wp-container-core-columns-is-layout-9d6595d7 wp-block-columns-is-layout-flex\">\n<div class=\"wp-block-column is-layout-flow wp-block-column-is-layout-flow\">\n<h2 class=\"wp-block-heading\">Dispensador de bebidas Tama\u00f1o:<\/h2>\n\n\n\n<figure class=\"wp-block-table\"><table class=\"has-fixed-layout\"><tbody><tr><td>Modelo<\/td><td>Talla<\/td><td>Longitud * Altura (cm)<\/td><td>MOQ<\/td><\/tr><tr><td>DY004-GZD<\/td><td>12L<\/td><td>31.5*50cm<\/td><td>4 PIEZAS<\/td><\/tr><\/tbody><\/table><\/figure>\n\n\n\n<h2 class=\"wp-block-heading\">Dispensador de bebidas Caracter\u00edsticas:<\/h2>\n\n\n\n<p><strong>Material duradero:<\/strong> El dispensador de bebidas est\u00e1 hecho de acero inoxidable de alta calidad + material de PC, que es resistente al fr\u00edo y al calor, robusto y duradero<\/p>\n\n\n\n<p><strong>Gran capacidad: <\/strong>12L de gran capacidad, puede contener una variedad de bebidas, zumo, caf\u00e9, etc, y puede ser utilizado por varias personas<\/p>\n\n\n\n<p><strong>Buen rendimiento aislante: <\/strong>El interior del dispensador de bebidas adopta un dise\u00f1o de car\u00e1mbano, se pueden a\u00f1adir cubitos de hielo o agua caliente para mantener la temperatura de la bebida, lo que garantiza que la bebida est\u00e9 en un estado ideal para beber durante mucho tiempo.<\/p>\n\n\n\n<p><strong>F\u00e1cil de usar: <\/strong>La m\u00e1quina de bebidas con soporte es una opci\u00f3n perfecta para fiestas, vacaciones, barbacoas, eventos o picnics<\/p>\n\n\n\n<p><strong>Estructura desmontable, f\u00e1cil de limpiar.<\/strong><\/p>\n<\/div>\n\n\n\n<div class=\"wp-block-column is-layout-flow wp-block-column-is-layout-flow\">\n<figure class=\"wp-block-image size-full is-style-default\"><img decoding=\"async\" width=\"800\" height=\"800\" src=\"https:\/\/www.yongyukitchenware.com\/wp-content\/uploads\/2024\/11\/Wholesale-Drink-Dispensers-5.webp\" alt=\"Distribuidores de bebidas al por mayor-5\" class=\"wp-image-2347\" srcset=\"https:\/\/www.yongyukitchenware.com\/wp-content\/uploads\/2024\/11\/Wholesale-Drink-Dispensers-5.webp 800w, https:\/\/www.yongyukitchenware.com\/wp-content\/uploads\/2024\/11\/Wholesale-Drink-Dispensers-5-300x300.webp 300w, https:\/\/www.yongyukitchenware.com\/wp-content\/uploads\/2024\/11\/Wholesale-Drink-Dispensers-5-150x150.webp 150w, https:\/\/www.yongyukitchenware.com\/wp-content\/uploads\/2024\/11\/Wholesale-Drink-Dispensers-5-768x768.webp 768w, https:\/\/www.yongyukitchenware.com\/wp-content\/uploads\/2024\/11\/Wholesale-Drink-Dispensers-5-12x12.webp 12w, https:\/\/www.yongyukitchenware.com\/wp-content\/uploads\/2024\/11\/Wholesale-Drink-Dispensers-5-600x600.webp 600w, https:\/\/www.yongyukitchenware.com\/wp-content\/uploads\/2024\/11\/Wholesale-Drink-Dispensers-5-100x100.webp 100w\" sizes=\"(max-width: 800px) 100vw, 800px\" \/><\/figure>\n<\/div>\n<\/div>\n\n\n\n<p><\/p>","protected":false},"excerpt":{"rendered":"<p>Precio de f\u00e1brica al por mayor gran dispensador de bebidas, de acero inoxidable y material pl\u00e1stico, con grifo y soporte, adecuado para uso multi-persona y hotel de fiesta. \u00a1El mejor descuento para la aduana a granel, recepci\u00f3n para consultarnos para conseguir una investigaci\u00f3n libre!<\/p>\n<h2>Dispensador de bebidas Par\u00e1metro:<\/h2>\n<p><strong>Material:<\/strong> acero inoxidable, pl\u00e1stico<br \/><strong>Tallas:<\/strong> 12L<br \/><strong>Dise\u00f1o:<\/strong>\u00a0 barril transparente con tapa, grapa y soporte de acero inoxidable<br \/><strong>Embalaje:<\/strong> bolsa\/granel\/cart\u00f3n o personalizado<br \/><strong>OEM\/ODM:<\/strong> opcional<\/p>\n<h2 class=\"wp-block-heading\">De Yongyu Catering Supplies Manufacturer:<\/h2>\n<p>Ya sea un proveedor de servicios de catering, un hotel o restaurante, o una empresa de organizaci\u00f3n de eventos, le ofrecemos soluciones completas de suministros de catering al por mayor con precios de f\u00e1brica de alta calidad.<\/p>","protected":false},"featured_media":2350,"comment_status":"closed","ping_status":"closed","template":"","meta":{"_acf_changed":true},"application":[30],"product_brand":[],"product_cat":[22,34],"product_tag":[],"class_list":{"0":"post-2342","1":"product","2":"type-product","3":"status-publish","4":"has-post-thumbnail","6":"application-hotel-catering","7":"product_cat-catering-supplies-wholesale","8":"product_cat-wholesale-drink-dispenser","10":"first","11":"instock","12":"shipping-taxable","13":"product-type-simple"},"acf":[],"_links":{"self":[{"href":"https:\/\/www.yongyukitchenware.com\/es\/wp-json\/wp\/v2\/product\/2342","targetHints":{"allow":["GET"]}}],"collection":[{"href":"https:\/\/www.yongyukitchenware.com\/es\/wp-json\/wp\/v2\/product"}],"about":[{"href":"https:\/\/www.yongyukitchenware.com\/es\/wp-json\/wp\/v2\/types\/product"}],"replies":[{"embeddable":true,"href":"https:\/\/www.yongyukitchenware.com\/es\/wp-json\/wp\/v2\/comments?post=2342"}],"wp:featuredmedia":[{"embeddable":true,"href":"https:\/\/www.yongyukitchenware.com\/es\/wp-json\/wp\/v2\/media\/2350"}],"wp:attachment":[{"href":"https:\/\/www.yongyukitchenware.com\/es\/wp-json\/wp\/v2\/media?parent=2342"}],"wp:term":[{"taxonomy":"application","embeddable":true,"href":"https:\/\/www.yongyukitchenware.com\/es\/wp-json\/wp\/v2\/application?post=2342"},{"taxonomy":"product_brand","embeddable":true,"href":"https:\/\/www.yongyukitchenware.com\/es\/wp-json\/wp\/v2\/product_brand?post=2342"},{"taxonomy":"product_cat","embeddable":true,"href":"https:\/\/www.yongyukitchenware.com\/es\/wp-json\/wp\/v2\/product_cat?post=2342"},{"taxonomy":"product_tag","embeddable":true,"href":"https:\/\/www.yongyukitchenware.com\/es\/wp-json\/wp\/v2\/product_tag?post=2342"}],"curies":[{"name":"wp","href":"https:\/\/api.w.org\/{rel}","templated":true}]}}