{"id":2351,"date":"2024-12-06T12:55:02","date_gmt":"2024-12-06T12:55:02","guid":{"rendered":"https:\/\/www.yongyukitchenware.com\/?post_type=product&#038;p=2351"},"modified":"2024-12-09T08:09:02","modified_gmt":"2024-12-09T08:09:02","slug":"stainless-steel-beverage-dispenser-wholesale","status":"publish","type":"product","link":"https:\/\/www.yongyukitchenware.com\/es\/producto\/stainless-steel-beverage-dispenser-wholesale\/","title":{"rendered":"Dispensador de bebidas a granel de acero inoxidable grande para fiestas"},"content":{"rendered":"<div class=\"wp-block-columns is-layout-flex wp-container-core-columns-is-layout-9d6595d7 wp-block-columns-is-layout-flex\">\n<div class=\"wp-block-column is-layout-flow wp-block-column-is-layout-flow\">\n<h2 class=\"wp-block-heading\">Dispensador de bebidas de acero inoxidable Tama\u00f1o:<\/h2>\n\n\n\n<figure class=\"wp-block-table\"><table class=\"has-fixed-layout\"><tbody><tr><td>Modelo<\/td><td>Talla<\/td><td>Longitud * Altura (cm)<\/td><\/tr><tr><td rowspan=\"2\">DY005-GZD<\/td><td rowspan=\"2\">13L<\/td><td rowspan=\"2\">27.5*55cm<\/td><\/tr><\/tbody><\/table><\/figure>\n\n\n\n<h2 class=\"wp-block-heading\">Dispensador de bebidas de acero inoxidable Caracter\u00edsticas:<\/h2>\n\n\n\n<p><strong>Acero inoxidable antibacteriano: <\/strong>acero inoxidable de calidad alimentaria, resistente a la corrosi\u00f3n, puede inhibir el crecimiento de bacterias y virus, duradero<\/p>\n\n\n\n<p><strong>Dos m\u00e9todos de calentamiento: <\/strong>calefacci\u00f3n de alcohol y calefacci\u00f3n el\u00e9ctrica de placas para satisfacer diferentes necesidades<\/p>\n\n\n\n<p><strong>Aislamiento eficiente: <\/strong>Estructura integrada de acero inoxidable, mejor rendimiento de aislamiento y resistencia al calor, no es f\u00e1cil de deformar o da\u00f1ar.<\/p>\n\n\n\n<p><strong>Grifo eficiente: <\/strong>Grifo de resina de alta calidad y acero inoxidable, flujo de agua suave sin goteo, duradero.<\/p>\n\n\n\n<p><strong>Gran capacidad: <\/strong>13L de gran capacidad, puede contener una variedad de bebidas, zumo, caf\u00e9, etc, puede ser utilizado por varias personas.<\/p>\n<\/div>\n\n\n\n<div class=\"wp-block-column is-layout-flow wp-block-column-is-layout-flow\">\n<figure class=\"wp-block-image size-full is-style-default\"><img decoding=\"async\" width=\"800\" height=\"800\" src=\"https:\/\/www.yongyukitchenware.com\/wp-content\/uploads\/2024\/11\/Bulk-Stainless-Steel-Beverage-Dispenser-7.webp\" alt=\"Dispensador de bebidas de acero inoxidable a granel-7\" class=\"wp-image-2357\" srcset=\"https:\/\/www.yongyukitchenware.com\/wp-content\/uploads\/2024\/11\/Bulk-Stainless-Steel-Beverage-Dispenser-7.webp 800w, https:\/\/www.yongyukitchenware.com\/wp-content\/uploads\/2024\/11\/Bulk-Stainless-Steel-Beverage-Dispenser-7-300x300.webp 300w, https:\/\/www.yongyukitchenware.com\/wp-content\/uploads\/2024\/11\/Bulk-Stainless-Steel-Beverage-Dispenser-7-150x150.webp 150w, https:\/\/www.yongyukitchenware.com\/wp-content\/uploads\/2024\/11\/Bulk-Stainless-Steel-Beverage-Dispenser-7-768x768.webp 768w, https:\/\/www.yongyukitchenware.com\/wp-content\/uploads\/2024\/11\/Bulk-Stainless-Steel-Beverage-Dispenser-7-12x12.webp 12w, https:\/\/www.yongyukitchenware.com\/wp-content\/uploads\/2024\/11\/Bulk-Stainless-Steel-Beverage-Dispenser-7-600x600.webp 600w, https:\/\/www.yongyukitchenware.com\/wp-content\/uploads\/2024\/11\/Bulk-Stainless-Steel-Beverage-Dispenser-7-100x100.webp 100w\" sizes=\"(max-width: 800px) 100vw, 800px\" \/><\/figure>\n<\/div>\n<\/div>","protected":false},"excerpt":{"rendered":"<p>Dispensador de bebidas de acero inoxidable al por mayor, preservaci\u00f3n eficiente del calor, soporte de calentamiento el\u00e9ctrico o de alcohol, adecuado para festivales de fiestas. Venta directa de f\u00e1brica, proporcionamos servicio de personalizaci\u00f3n de Amazon. Bienvenido a consultarnos para obtener m\u00e1s informaci\u00f3n.<\/p>\n<h2>Dispensador de bebidas de acero inoxidable Par\u00e1metros:<\/h2>\n<p><strong>Material:<\/strong> acero inoxidable<br \/><strong>Tallas:<\/strong> 13L<br \/><strong>Dise\u00f1o:<\/strong> estructura de acero inoxidable pulido con grifo, asa y soporte<br \/><strong>Embalaje:<\/strong> bolsa\/granel\/cart\u00f3n o personalizado<br \/><strong>OEM\/ODM:<\/strong> opcional<\/p>\n<h2 class=\"wp-block-heading\">De Yongyu Catering Suministros Fabricante :<\/h2>\n<p>Ya sea un proveedor de servicios de catering, un hotel o restaurante, o una empresa de organizaci\u00f3n de eventos, le ofrecemos soluciones completas de suministros de catering al por mayor con precios de f\u00e1brica de alta calidad.<\/p>","protected":false},"featured_media":2352,"comment_status":"closed","ping_status":"closed","template":"","meta":{"_acf_changed":true},"application":[30],"product_brand":[],"product_cat":[22,34],"product_tag":[],"class_list":{"0":"post-2351","1":"product","2":"type-product","3":"status-publish","4":"has-post-thumbnail","6":"application-hotel-catering","7":"product_cat-catering-supplies-wholesale","8":"product_cat-wholesale-drink-dispenser","10":"first","11":"instock","12":"shipping-taxable","13":"product-type-simple"},"acf":[],"_links":{"self":[{"href":"https:\/\/www.yongyukitchenware.com\/es\/wp-json\/wp\/v2\/product\/2351","targetHints":{"allow":["GET"]}}],"collection":[{"href":"https:\/\/www.yongyukitchenware.com\/es\/wp-json\/wp\/v2\/product"}],"about":[{"href":"https:\/\/www.yongyukitchenware.com\/es\/wp-json\/wp\/v2\/types\/product"}],"replies":[{"embeddable":true,"href":"https:\/\/www.yongyukitchenware.com\/es\/wp-json\/wp\/v2\/comments?post=2351"}],"wp:featuredmedia":[{"embeddable":true,"href":"https:\/\/www.yongyukitchenware.com\/es\/wp-json\/wp\/v2\/media\/2352"}],"wp:attachment":[{"href":"https:\/\/www.yongyukitchenware.com\/es\/wp-json\/wp\/v2\/media?parent=2351"}],"wp:term":[{"taxonomy":"application","embeddable":true,"href":"https:\/\/www.yongyukitchenware.com\/es\/wp-json\/wp\/v2\/application?post=2351"},{"taxonomy":"product_brand","embeddable":true,"href":"https:\/\/www.yongyukitchenware.com\/es\/wp-json\/wp\/v2\/product_brand?post=2351"},{"taxonomy":"product_cat","embeddable":true,"href":"https:\/\/www.yongyukitchenware.com\/es\/wp-json\/wp\/v2\/product_cat?post=2351"},{"taxonomy":"product_tag","embeddable":true,"href":"https:\/\/www.yongyukitchenware.com\/es\/wp-json\/wp\/v2\/product_tag?post=2351"}],"curies":[{"name":"wp","href":"https:\/\/api.w.org\/{rel}","templated":true}]}}