{"id":2358,"date":"2024-12-06T13:11:11","date_gmt":"2024-12-06T13:11:11","guid":{"rendered":"https:\/\/www.yongyukitchenware.com\/?post_type=product&#038;p=2358"},"modified":"2025-06-14T07:46:58","modified_gmt":"2025-06-14T07:46:58","slug":"explosion-proof-pressure-cooker-wholesale","status":"publish","type":"product","link":"https:\/\/www.yongyukitchenware.com\/es\/producto\/explosion-proof-pressure-cooker-wholesale\/","title":{"rendered":"Olla a presi\u00f3n a prueba de explosiones a granel Olla comercial de acero inoxidable"},"content":{"rendered":"<div class=\"wp-block-columns is-layout-flex wp-container-core-columns-is-layout-9d6595d7 wp-block-columns-is-layout-flex\">\n<div class=\"wp-block-column is-layout-flow wp-block-column-is-layout-flow\">\n<h2 class=\"wp-block-heading\">Olla a presi\u00f3n a prueba de explosiones Caracter\u00edsticas:<\/h2>\n\n\n\n<p><strong>Material apto para uso alimentario:<\/strong> La olla a presi\u00f3n est\u00e1 hecha de acero inoxidable de calidad alimentaria, y el grueso cuerpo de la olla es resistente y duradero<\/p>\n\n\n\n<p><strong>Guisado a alta presi\u00f3n:<\/strong> 90ka alta presi\u00f3n, 50% m\u00e1s r\u00e1pido que las ollas ordinarias, conservando el sabor original y la nutrici\u00f3n de los alimentos<\/p>\n\n\n\n<p><strong>M\u00faltiples protecciones de seguridad: <\/strong>La olla a presi\u00f3n est\u00e1 equipada con m\u00faltiples dise\u00f1os de protecci\u00f3n de seguridad, como v\u00e1lvula limitadora de presi\u00f3n, v\u00e1lvula de seguridad, bloqueo de apertura y cierre, etc., que evitan eficazmente la presi\u00f3n interna excesiva y garantizan la seguridad durante el uso.<\/p>\n\n\n\n<p><strong>M\u00faltiples opciones de capacidad:<\/strong> Proporcionan capacidades de peque\u00f1as a grandes, de 4 a 50 litros, adecuadas para diferentes grupos de personas, y satisfacen las necesidades de diversos escenarios, como el hogar o el uso comercial en restaurantes<\/p>\n\n\n\n<p><strong>F\u00e1cil de limpiar:<\/strong> La superficie de acero inoxidable es lisa, no es f\u00e1cil que se adhieran restos de comida ni manchas, y es f\u00e1cil de limpiar.<\/p>\n\n\n\n<p><strong>Compatible con una gran variedad de estufas: <\/strong>Fondo acumulador de energ\u00eda en forma de anillo, r\u00e1pida conducci\u00f3n del calor, apto para todo tipo de estufas<\/p>\n<\/div>\n\n\n\n<div class=\"wp-block-column is-layout-flow wp-block-column-is-layout-flow\">\n<figure class=\"wp-block-image size-full is-style-default\"><img decoding=\"async\" width=\"800\" height=\"800\" src=\"https:\/\/www.yongyukitchenware.com\/wp-content\/uploads\/2024\/11\/Bulk-Explosion-Proof-Pressure-Cooker-5.webp\" alt=\"Cocedor a presi\u00f3n a prueba de explosiones-5\" class=\"wp-image-2363\" srcset=\"https:\/\/www.yongyukitchenware.com\/wp-content\/uploads\/2024\/11\/Bulk-Explosion-Proof-Pressure-Cooker-5.webp 800w, https:\/\/www.yongyukitchenware.com\/wp-content\/uploads\/2024\/11\/Bulk-Explosion-Proof-Pressure-Cooker-5-300x300.webp 300w, https:\/\/www.yongyukitchenware.com\/wp-content\/uploads\/2024\/11\/Bulk-Explosion-Proof-Pressure-Cooker-5-150x150.webp 150w, https:\/\/www.yongyukitchenware.com\/wp-content\/uploads\/2024\/11\/Bulk-Explosion-Proof-Pressure-Cooker-5-768x768.webp 768w, https:\/\/www.yongyukitchenware.com\/wp-content\/uploads\/2024\/11\/Bulk-Explosion-Proof-Pressure-Cooker-5-12x12.webp 12w, https:\/\/www.yongyukitchenware.com\/wp-content\/uploads\/2024\/11\/Bulk-Explosion-Proof-Pressure-Cooker-5-600x600.webp 600w, https:\/\/www.yongyukitchenware.com\/wp-content\/uploads\/2024\/11\/Bulk-Explosion-Proof-Pressure-Cooker-5-100x100.webp 100w\" sizes=\"(max-width: 800px) 100vw, 800px\" \/><\/figure>\n<\/div>\n<\/div>\n\n\n\n<div class=\"wp-block-columns is-layout-flex wp-container-core-columns-is-layout-9d6595d7 wp-block-columns-is-layout-flex\">\n<div class=\"wp-block-column is-layout-flow wp-block-column-is-layout-flow\">\n<figure class=\"wp-block-image size-full is-style-default\"><img decoding=\"async\" width=\"800\" height=\"800\" src=\"https:\/\/www.yongyukitchenware.com\/wp-content\/uploads\/2024\/11\/Bulk-Explosion-Proof-Pressure-Cooker-2.webp\" alt=\"Cocedor a presi\u00f3n a prueba de explosiones a granel-2\" class=\"wp-image-2360\" style=\"aspect-ratio:1;object-fit:cover\" srcset=\"https:\/\/www.yongyukitchenware.com\/wp-content\/uploads\/2024\/11\/Bulk-Explosion-Proof-Pressure-Cooker-2.webp 800w, https:\/\/www.yongyukitchenware.com\/wp-content\/uploads\/2024\/11\/Bulk-Explosion-Proof-Pressure-Cooker-2-300x300.webp 300w, https:\/\/www.yongyukitchenware.com\/wp-content\/uploads\/2024\/11\/Bulk-Explosion-Proof-Pressure-Cooker-2-150x150.webp 150w, https:\/\/www.yongyukitchenware.com\/wp-content\/uploads\/2024\/11\/Bulk-Explosion-Proof-Pressure-Cooker-2-768x768.webp 768w, https:\/\/www.yongyukitchenware.com\/wp-content\/uploads\/2024\/11\/Bulk-Explosion-Proof-Pressure-Cooker-2-12x12.webp 12w, https:\/\/www.yongyukitchenware.com\/wp-content\/uploads\/2024\/11\/Bulk-Explosion-Proof-Pressure-Cooker-2-600x600.webp 600w, https:\/\/www.yongyukitchenware.com\/wp-content\/uploads\/2024\/11\/Bulk-Explosion-Proof-Pressure-Cooker-2-100x100.webp 100w\" sizes=\"(max-width: 800px) 100vw, 800px\" \/><\/figure>\n<\/div>\n\n\n\n<div class=\"wp-block-column is-layout-flow wp-block-column-is-layout-flow\">\n<h2 class=\"wp-block-heading\">Olla a presi\u00f3n a prueba de explosiones Tama\u00f1o:<\/h2>\n\n\n\n<figure class=\"wp-block-table\"><table class=\"has-fixed-layout\"><tbody><tr><td>Modelo<\/td><td>Talla<\/td><td>Capacidad<\/td><td>MOQ<\/td><\/tr><tr><td rowspan=\"11\">DY001-YLG<\/td><td>20 cm<\/td><td>4L<\/td><td rowspan=\"11\">10 PIEZAS<\/td><\/tr><tr><td>22 cm<\/td><td>6L<\/td><\/tr><tr><td>24 cm<\/td><td>7L<\/td><\/tr><tr><td>26 cm<\/td><td>9L<\/td><\/tr><tr><td>28 cm<\/td><td>11L<\/td><\/tr><tr><td>30 cm<\/td><td>15L<\/td><\/tr><tr><td>32 cm<\/td><td>20L<\/td><\/tr><tr><td>34 cm<\/td><td>25L<\/td><\/tr><tr><td>36 cm<\/td><td>30L<\/td><\/tr><tr><td>40 cm<\/td><td>40L<\/td><\/tr><tr><td>44 cm<\/td><td>50L<\/td><\/tr><\/tbody><\/table><\/figure>\n<\/div>\n<\/div>","protected":false},"excerpt":{"rendered":"<p>Mayoristas y personalizadas ollas a presion a prueba de explosiones, desde pequenas a grandes opciones de 4-50L, acero inoxidable de alta calidad y seguridad, aptas para uso domestico o comercial. Venta directa de f\u00e1brica, grandes descuentos y garant\u00eda de alta calidad, bienvenido a consultarnos.<\/p>\n<h2>Olla a presi\u00f3n a prueba de explosiones Atributo:<\/h2>\n<p><strong>Material:<\/strong> acero inoxidable<br \/><strong>Tallas:<\/strong> 4-50L<br \/><strong>Dise\u00f1o: <\/strong>pulido espejo, tapa antideflagrante y doble asa<br \/><strong>Estufas:<\/strong> cocina de gas, cocina de inducci\u00f3n, etc.<br \/><strong>OEM\/ODM:<\/strong> opcional<\/p>\n<div id=\"brxe-2aeb5b\" class=\"brxe-product-short-description brxe-text-basic\">\n<div class=\"woocommerce-product-details__short-description\">\n<h2 class=\"wp-block-heading\">De Yongyu Cookware Fabricante :<\/h2>\n<p>Yongyu es un fabricante profesional de utensilios de cocina en China, y producimos todo tipo de utensilios de cocina de acero inoxidable, como ollas para fideos, sartenes, ollas a presi\u00f3n, etc., proporcionando servicios de calidad y precios asequibles para cada cliente.<\/p>\n<\/div>\n<\/div>","protected":false},"featured_media":2359,"comment_status":"closed","ping_status":"closed","template":"","meta":{"_acf_changed":true},"application":[29],"product_brand":[],"product_cat":[23,39],"product_tag":[],"class_list":{"0":"post-2358","1":"product","2":"type-product","3":"status-publish","4":"has-post-thumbnail","6":"application-home-kitchen","7":"product_cat-kitchenware-wholesale","8":"product_cat-pressure-cooker-wholesale","10":"first","11":"instock","12":"shipping-taxable","13":"product-type-simple"},"acf":[],"_links":{"self":[{"href":"https:\/\/www.yongyukitchenware.com\/es\/wp-json\/wp\/v2\/product\/2358","targetHints":{"allow":["GET"]}}],"collection":[{"href":"https:\/\/www.yongyukitchenware.com\/es\/wp-json\/wp\/v2\/product"}],"about":[{"href":"https:\/\/www.yongyukitchenware.com\/es\/wp-json\/wp\/v2\/types\/product"}],"replies":[{"embeddable":true,"href":"https:\/\/www.yongyukitchenware.com\/es\/wp-json\/wp\/v2\/comments?post=2358"}],"wp:featuredmedia":[{"embeddable":true,"href":"https:\/\/www.yongyukitchenware.com\/es\/wp-json\/wp\/v2\/media\/2359"}],"wp:attachment":[{"href":"https:\/\/www.yongyukitchenware.com\/es\/wp-json\/wp\/v2\/media?parent=2358"}],"wp:term":[{"taxonomy":"application","embeddable":true,"href":"https:\/\/www.yongyukitchenware.com\/es\/wp-json\/wp\/v2\/application?post=2358"},{"taxonomy":"product_brand","embeddable":true,"href":"https:\/\/www.yongyukitchenware.com\/es\/wp-json\/wp\/v2\/product_brand?post=2358"},{"taxonomy":"product_cat","embeddable":true,"href":"https:\/\/www.yongyukitchenware.com\/es\/wp-json\/wp\/v2\/product_cat?post=2358"},{"taxonomy":"product_tag","embeddable":true,"href":"https:\/\/www.yongyukitchenware.com\/es\/wp-json\/wp\/v2\/product_tag?post=2358"}],"curies":[{"name":"wp","href":"https:\/\/api.w.org\/{rel}","templated":true}]}}