{"id":2372,"date":"2024-12-06T16:28:16","date_gmt":"2024-12-06T16:28:16","guid":{"rendered":"https:\/\/www.yongyukitchenware.com\/?post_type=product&#038;p=2372"},"modified":"2025-06-14T07:40:08","modified_gmt":"2025-06-14T07:40:08","slug":"stainless-steel-pressure-cooker-wholesale","status":"publish","type":"product","link":"https:\/\/www.yongyukitchenware.com\/es\/producto\/stainless-steel-pressure-cooker-wholesale\/","title":{"rendered":"Olla a presi\u00f3n grande 15-80L de acero inoxidable a medida"},"content":{"rendered":"<div class=\"wp-block-columns is-layout-flex wp-container-core-columns-is-layout-9d6595d7 wp-block-columns-is-layout-flex\">\n<div class=\"wp-block-column is-layout-flow wp-block-column-is-layout-flow\">\n<h2 class=\"wp-block-heading\">Olla a presi\u00f3n de acero inoxidable Tama\u00f1o:<\/h2>\n\n\n\n<figure class=\"wp-block-table\"><table class=\"has-fixed-layout\"><tbody><tr><td>Modelo<\/td><td>Talla<\/td><td>Capacidad<\/td><td>MOQ<\/td><\/tr><tr><td rowspan=\"8\">DY002-YLG<\/td><td>30 CM<\/td><td>15L<\/td><td rowspan=\"8\">10 PIEZAS<\/td><\/tr><tr><td>32CM<\/td><td>20L<\/td><\/tr><tr><td>34CM<\/td><td>25L<\/td><\/tr><tr><td>36CM<\/td><td>30L<\/td><\/tr><tr><td>38CM<\/td><td>35L<\/td><\/tr><tr><td>42CM<\/td><td>40L<\/td><\/tr><tr><td>46CM<\/td><td>55L<\/td><\/tr><tr><td>52CM<\/td><td>80L<\/td><\/tr><\/tbody><\/table><\/figure>\n<\/div>\n\n\n\n<div class=\"wp-block-column is-layout-flow wp-block-column-is-layout-flow\">\n<figure class=\"wp-block-image size-full is-style-default\"><img decoding=\"async\" width=\"800\" height=\"800\" src=\"https:\/\/www.yongyukitchenware.com\/wp-content\/uploads\/2024\/11\/Custom-Stainless-Steel-Pressure-Cooker-7.webp\" alt=\"Olla a presi\u00f3n de acero inoxidable a medida-7\" class=\"wp-image-2379\" srcset=\"https:\/\/www.yongyukitchenware.com\/wp-content\/uploads\/2024\/11\/Custom-Stainless-Steel-Pressure-Cooker-7.webp 800w, https:\/\/www.yongyukitchenware.com\/wp-content\/uploads\/2024\/11\/Custom-Stainless-Steel-Pressure-Cooker-7-300x300.webp 300w, https:\/\/www.yongyukitchenware.com\/wp-content\/uploads\/2024\/11\/Custom-Stainless-Steel-Pressure-Cooker-7-150x150.webp 150w, https:\/\/www.yongyukitchenware.com\/wp-content\/uploads\/2024\/11\/Custom-Stainless-Steel-Pressure-Cooker-7-768x768.webp 768w, https:\/\/www.yongyukitchenware.com\/wp-content\/uploads\/2024\/11\/Custom-Stainless-Steel-Pressure-Cooker-7-12x12.webp 12w, https:\/\/www.yongyukitchenware.com\/wp-content\/uploads\/2024\/11\/Custom-Stainless-Steel-Pressure-Cooker-7-600x600.webp 600w, https:\/\/www.yongyukitchenware.com\/wp-content\/uploads\/2024\/11\/Custom-Stainless-Steel-Pressure-Cooker-7-100x100.webp 100w\" sizes=\"(max-width: 800px) 100vw, 800px\" \/><\/figure>\n<\/div>\n<\/div>\n\n\n\n<div class=\"wp-block-columns is-layout-flex wp-container-core-columns-is-layout-9d6595d7 wp-block-columns-is-layout-flex\">\n<div class=\"wp-block-column is-layout-flow wp-block-column-is-layout-flow\">\n<figure class=\"wp-block-image size-full is-style-default\"><img decoding=\"async\" width=\"800\" height=\"800\" src=\"https:\/\/www.yongyukitchenware.com\/wp-content\/uploads\/2024\/11\/Custom-Stainless-Steel-Pressure-Cooker-6.webp\" alt=\"Olla a presi\u00f3n de acero inoxidable a medida-6\" class=\"wp-image-2378\" style=\"aspect-ratio:1;object-fit:cover\" srcset=\"https:\/\/www.yongyukitchenware.com\/wp-content\/uploads\/2024\/11\/Custom-Stainless-Steel-Pressure-Cooker-6.webp 800w, https:\/\/www.yongyukitchenware.com\/wp-content\/uploads\/2024\/11\/Custom-Stainless-Steel-Pressure-Cooker-6-300x300.webp 300w, https:\/\/www.yongyukitchenware.com\/wp-content\/uploads\/2024\/11\/Custom-Stainless-Steel-Pressure-Cooker-6-150x150.webp 150w, https:\/\/www.yongyukitchenware.com\/wp-content\/uploads\/2024\/11\/Custom-Stainless-Steel-Pressure-Cooker-6-768x768.webp 768w, https:\/\/www.yongyukitchenware.com\/wp-content\/uploads\/2024\/11\/Custom-Stainless-Steel-Pressure-Cooker-6-12x12.webp 12w, https:\/\/www.yongyukitchenware.com\/wp-content\/uploads\/2024\/11\/Custom-Stainless-Steel-Pressure-Cooker-6-600x600.webp 600w, https:\/\/www.yongyukitchenware.com\/wp-content\/uploads\/2024\/11\/Custom-Stainless-Steel-Pressure-Cooker-6-100x100.webp 100w\" sizes=\"(max-width: 800px) 100vw, 800px\" \/><\/figure>\n<\/div>\n\n\n\n<div class=\"wp-block-column is-layout-flow wp-block-column-is-layout-flow\">\n<h2 class=\"wp-block-heading\">Olla a presi\u00f3n de acero inoxidable Caracter\u00edsticas:<\/h2>\n\n\n\n<p><strong>Acero inoxidable de alta calidad:<\/strong> Fabricado en acero inoxidable de calidad alimentaria, resistente al desgaste, suave y f\u00e1cil de limpiar.<br><br><strong>Cocci\u00f3n a alta presi\u00f3n: <\/strong>90ka de alta presi\u00f3n, la cocci\u00f3n eficiente 50% m\u00e1s r\u00e1pido, bloquear en la exquisitez y la nutrici\u00f3n de los alimentos.<br>Gran capacidad aumentada: la capacidad de 15-80L es opcional y adecuada para diversas ocasiones dom\u00e9sticas y comerciales.<br><br><strong>Protecci\u00f3n de seguridad m\u00faltiple: <\/strong>La olla a presi\u00f3n est\u00e1 equipada con doble v\u00e1lvula limitadora de presi\u00f3n a prueba de explosiones, bloqueo de apertura y cierre de la perilla, v\u00e1lvula de alarma, etc., cocina segura para eliminar peligros ocultos<br><br><strong>Aplicaci\u00f3n con una gran variedad de estufas: <\/strong>Fondo de recogida de energ\u00eda en forma de anillo, conducci\u00f3n r\u00e1pida del calor, apto para varias estufas, conducci\u00f3n r\u00e1pida del calor, apto para todo tipo de estufas<\/p>\n<\/div>\n<\/div>","protected":false},"excerpt":{"rendered":"<p>Mayoristas y personalizados ollas a presi\u00f3n de acero inoxidable de proveedor de utensilios de cocina. Disponible en una amplia gama de tama\u00f1os de 15-80l para satisfacer diversas necesidades de cocina comercial. Grandes descuentos para pedidos al por mayor, recepci\u00f3n para entrarnos en contacto con para la cita libre.<\/p>\n<h2>Olla a presi\u00f3n de acero inoxidable Atributo:<\/h2>\n<p><strong>Material:<\/strong> acero inoxidable<br \/><strong>Tallas:<\/strong> 15-80L<br \/><strong>Dise\u00f1o:<\/strong> pulido espejo, tapa antideflagrante y doble asa<br \/><strong>Estufas<\/strong>Cocina de gas, cocina de inducci\u00f3n, etc.<br \/><strong>OEM\/ODM:<\/strong> opcional<\/p>\n<h2 class=\"wp-block-heading\">De Yongyu Cookware Fabricante :<\/h2>\n<p>Yongyu es un fabricante profesional de utensilios de cocina en China, y producimos todo tipo de utensilios de cocina de acero inoxidable, como ollas para fideos, sartenes, ollas a presi\u00f3n, etc., proporcionando servicios de adquisici\u00f3n de calidad y precios asequibles para cada cliente.<\/p>","protected":false},"featured_media":2373,"comment_status":"closed","ping_status":"closed","template":"","meta":{"_acf_changed":true},"application":[29],"product_brand":[],"product_cat":[23,39],"product_tag":[],"class_list":{"0":"post-2372","1":"product","2":"type-product","3":"status-publish","4":"has-post-thumbnail","6":"application-home-kitchen","7":"product_cat-kitchenware-wholesale","8":"product_cat-pressure-cooker-wholesale","10":"first","11":"instock","12":"shipping-taxable","13":"product-type-simple"},"acf":[],"_links":{"self":[{"href":"https:\/\/www.yongyukitchenware.com\/es\/wp-json\/wp\/v2\/product\/2372","targetHints":{"allow":["GET"]}}],"collection":[{"href":"https:\/\/www.yongyukitchenware.com\/es\/wp-json\/wp\/v2\/product"}],"about":[{"href":"https:\/\/www.yongyukitchenware.com\/es\/wp-json\/wp\/v2\/types\/product"}],"replies":[{"embeddable":true,"href":"https:\/\/www.yongyukitchenware.com\/es\/wp-json\/wp\/v2\/comments?post=2372"}],"wp:featuredmedia":[{"embeddable":true,"href":"https:\/\/www.yongyukitchenware.com\/es\/wp-json\/wp\/v2\/media\/2373"}],"wp:attachment":[{"href":"https:\/\/www.yongyukitchenware.com\/es\/wp-json\/wp\/v2\/media?parent=2372"}],"wp:term":[{"taxonomy":"application","embeddable":true,"href":"https:\/\/www.yongyukitchenware.com\/es\/wp-json\/wp\/v2\/application?post=2372"},{"taxonomy":"product_brand","embeddable":true,"href":"https:\/\/www.yongyukitchenware.com\/es\/wp-json\/wp\/v2\/product_brand?post=2372"},{"taxonomy":"product_cat","embeddable":true,"href":"https:\/\/www.yongyukitchenware.com\/es\/wp-json\/wp\/v2\/product_cat?post=2372"},{"taxonomy":"product_tag","embeddable":true,"href":"https:\/\/www.yongyukitchenware.com\/es\/wp-json\/wp\/v2\/product_tag?post=2372"}],"curies":[{"name":"wp","href":"https:\/\/api.w.org\/{rel}","templated":true}]}}