{"id":2427,"date":"2024-12-06T17:24:33","date_gmt":"2024-12-06T17:24:33","guid":{"rendered":"https:\/\/www.yongyukitchenware.com\/?post_type=product&#038;p=2427"},"modified":"2025-06-14T07:30:08","modified_gmt":"2025-06-14T07:30:08","slug":"wholesale-stainless-steel-cup","status":"publish","type":"product","link":"https:\/\/www.yongyukitchenware.com\/es\/producto\/wholesale-stainless-steel-cup\/","title":{"rendered":"Mayorista Taza de acero inoxidable con asa plegable para camping"},"content":{"rendered":"<div class=\"wp-block-columns is-layout-flex wp-container-core-columns-is-layout-9d6595d7 wp-block-columns-is-layout-flex\">\n<div class=\"wp-block-column is-layout-flow wp-block-column-is-layout-flow\">\n<h2 class=\"wp-block-heading\">Taza de acero inoxidable con asa plegable Caracter\u00edsticas:<\/h2>\n\n\n\n<p><strong>Materiales ecol\u00f3gicos\uff1a<\/strong>Taza de camping de acero inoxidable 304 de calidad alimentaria, material sano, sin olor, duradero<br><br><strong>Hay dos capacidades disponibles:<\/strong> Las tazas de camping tienen capacidades de 350 ml y 500 ml para satisfacer diferentes necesidades<br><br><strong>F\u00e1cil de limpiar:<\/strong> la superficie de acero inoxidable es lisa, f\u00e1cil de limpiar, no es f\u00e1cil que se reproduzcan bacterias, apta para uso en exteriores<br><br><strong>Port\u00e1til y f\u00e1cil de guardar: <\/strong>taza de camping con asa plegable, c\u00f3modo de sostener, sino tambi\u00e9n el almacenamiento conveniente, varias tazas se pueden apilar de almacenamiento, no ocupan espacio<\/p>\n<\/div>\n\n\n\n<div class=\"wp-block-column is-layout-flow wp-block-column-is-layout-flow\">\n<figure class=\"wp-block-gallery has-nested-images columns-default is-cropped wp-block-gallery-1 is-layout-flex wp-block-gallery-is-layout-flex\">\n<figure class=\"wp-block-image size-large\"><img decoding=\"async\" width=\"800\" height=\"800\" data-id=\"2432\" src=\"https:\/\/www.yongyukitchenware.com\/wp-content\/uploads\/2024\/11\/Wholesale-Stainless-Steel-Cup-5.webp\" alt=\"Mayorista-Copa de acero inoxidable-5\" class=\"wp-image-2432\" srcset=\"https:\/\/www.yongyukitchenware.com\/wp-content\/uploads\/2024\/11\/Wholesale-Stainless-Steel-Cup-5.webp 800w, https:\/\/www.yongyukitchenware.com\/wp-content\/uploads\/2024\/11\/Wholesale-Stainless-Steel-Cup-5-300x300.webp 300w, https:\/\/www.yongyukitchenware.com\/wp-content\/uploads\/2024\/11\/Wholesale-Stainless-Steel-Cup-5-150x150.webp 150w, https:\/\/www.yongyukitchenware.com\/wp-content\/uploads\/2024\/11\/Wholesale-Stainless-Steel-Cup-5-768x768.webp 768w, https:\/\/www.yongyukitchenware.com\/wp-content\/uploads\/2024\/11\/Wholesale-Stainless-Steel-Cup-5-12x12.webp 12w, https:\/\/www.yongyukitchenware.com\/wp-content\/uploads\/2024\/11\/Wholesale-Stainless-Steel-Cup-5-600x600.webp 600w, https:\/\/www.yongyukitchenware.com\/wp-content\/uploads\/2024\/11\/Wholesale-Stainless-Steel-Cup-5-100x100.webp 100w\" sizes=\"(max-width: 800px) 100vw, 800px\" \/><\/figure>\n<\/figure>\n<\/div>\n<\/div>\n\n\n\n<div class=\"wp-block-columns is-layout-flex wp-container-core-columns-is-layout-9d6595d7 wp-block-columns-is-layout-flex\">\n<div class=\"wp-block-column is-layout-flow wp-block-column-is-layout-flow\">\n<figure class=\"wp-block-image size-full\"><img decoding=\"async\" width=\"800\" height=\"800\" src=\"https:\/\/www.yongyukitchenware.com\/wp-content\/uploads\/2024\/11\/Wholesale-Stainless-Steel-Cup-8.webp\" alt=\"Mayorista-Copa de acero inoxidable-8\" class=\"wp-image-2435\" srcset=\"https:\/\/www.yongyukitchenware.com\/wp-content\/uploads\/2024\/11\/Wholesale-Stainless-Steel-Cup-8.webp 800w, https:\/\/www.yongyukitchenware.com\/wp-content\/uploads\/2024\/11\/Wholesale-Stainless-Steel-Cup-8-300x300.webp 300w, https:\/\/www.yongyukitchenware.com\/wp-content\/uploads\/2024\/11\/Wholesale-Stainless-Steel-Cup-8-150x150.webp 150w, https:\/\/www.yongyukitchenware.com\/wp-content\/uploads\/2024\/11\/Wholesale-Stainless-Steel-Cup-8-768x768.webp 768w, https:\/\/www.yongyukitchenware.com\/wp-content\/uploads\/2024\/11\/Wholesale-Stainless-Steel-Cup-8-12x12.webp 12w, https:\/\/www.yongyukitchenware.com\/wp-content\/uploads\/2024\/11\/Wholesale-Stainless-Steel-Cup-8-600x600.webp 600w, https:\/\/www.yongyukitchenware.com\/wp-content\/uploads\/2024\/11\/Wholesale-Stainless-Steel-Cup-8-100x100.webp 100w\" sizes=\"(max-width: 800px) 100vw, 800px\" \/><\/figure>\n<\/div>\n\n\n\n<div class=\"wp-block-column is-layout-flow wp-block-column-is-layout-flow\">\n<h2 class=\"wp-block-heading\">Acero inoxidable Tama\u00f1o de la taza:<\/h2>\n\n\n\n<figure class=\"wp-block-table\"><table class=\"has-fixed-layout\"><tbody><tr><td>Modelo<\/td><td>Capacidad<\/td><td>MOQ<\/td><\/tr><tr><td rowspan=\"2\">DY020-YC<\/td><td>350 ml<\/td><td rowspan=\"2\">200PCS<\/td><\/tr><tr><td>500 ml<\/td><\/tr><\/tbody><\/table><\/figure>\n<\/div>\n<\/div>\n\n\n\n<p><\/p>","protected":false},"excerpt":{"rendered":"<p>Bienvenido a la venta al por mayor y personalizar tazas de acero inoxidable para acampar, el mango plegable se puede apilar, por lo que es el m\u00e1s popular de camping essentials. M\u00e1s productos de precio de f\u00e1brica Bienvenido a consultarnos.<\/p>\n<h2 style=\"text-align: left\">Par\u00e1metros de la copa de acero inoxidable:<\/h2>\n<p style=\"text-align: left\"><strong>Material:<\/strong> Acero inoxidable<br \/><strong>Color:<\/strong> Plata<br \/><strong>Dise\u00f1o: <\/strong>con asa plegable y bolsa<br \/><strong>OEM\/ODM:<\/strong> Disponible<\/p>\n<h2 class=\"wp-block-heading\">Del fabricante Camping Kitchen Essentials :<\/h2>\n<p>Yongyu es un fabricante profesional de utensilios de cocina para camping, nuestros productos abarcan todo tipo de utensilios de cocina para camping de acero inoxidable, como utensilios de cocina para camping, vajilla para camping, parrillas para barbacoa, etc., proporcionando servicios de adquisici\u00f3n de calidad y precios asequibles para cada cliente.<\/p>","protected":false},"featured_media":2428,"comment_status":"closed","ping_status":"closed","template":"","meta":{"_acf_changed":false},"application":[31],"product_brand":[],"product_cat":[18],"product_tag":[],"class_list":{"0":"post-2427","1":"product","2":"type-product","3":"status-publish","4":"has-post-thumbnail","6":"application-champ-kitchen","7":"product_cat-camping-kitchen-essentials-wholesale","9":"first","10":"instock","11":"shipping-taxable","12":"product-type-simple"},"acf":[],"_links":{"self":[{"href":"https:\/\/www.yongyukitchenware.com\/es\/wp-json\/wp\/v2\/product\/2427","targetHints":{"allow":["GET"]}}],"collection":[{"href":"https:\/\/www.yongyukitchenware.com\/es\/wp-json\/wp\/v2\/product"}],"about":[{"href":"https:\/\/www.yongyukitchenware.com\/es\/wp-json\/wp\/v2\/types\/product"}],"replies":[{"embeddable":true,"href":"https:\/\/www.yongyukitchenware.com\/es\/wp-json\/wp\/v2\/comments?post=2427"}],"wp:featuredmedia":[{"embeddable":true,"href":"https:\/\/www.yongyukitchenware.com\/es\/wp-json\/wp\/v2\/media\/2428"}],"wp:attachment":[{"href":"https:\/\/www.yongyukitchenware.com\/es\/wp-json\/wp\/v2\/media?parent=2427"}],"wp:term":[{"taxonomy":"application","embeddable":true,"href":"https:\/\/www.yongyukitchenware.com\/es\/wp-json\/wp\/v2\/application?post=2427"},{"taxonomy":"product_brand","embeddable":true,"href":"https:\/\/www.yongyukitchenware.com\/es\/wp-json\/wp\/v2\/product_brand?post=2427"},{"taxonomy":"product_cat","embeddable":true,"href":"https:\/\/www.yongyukitchenware.com\/es\/wp-json\/wp\/v2\/product_cat?post=2427"},{"taxonomy":"product_tag","embeddable":true,"href":"https:\/\/www.yongyukitchenware.com\/es\/wp-json\/wp\/v2\/product_tag?post=2427"}],"curies":[{"name":"wp","href":"https:\/\/api.w.org\/{rel}","templated":true}]}}