{"id":2475,"date":"2024-12-22T20:21:05","date_gmt":"2024-12-22T20:21:05","guid":{"rendered":"https:\/\/www.yongyukitchenware.com\/?post_type=product&#038;p=2475"},"modified":"2025-06-14T03:14:25","modified_gmt":"2025-06-14T03:14:25","slug":"wholesale-camping-cookware","status":"publish","type":"product","link":"https:\/\/www.yongyukitchenware.com\/es\/producto\/wholesale-camping-cookware\/","title":{"rendered":"Mayorista Camping Cookware 4-Piece Set Utensilio de cocina port\u00e1til"},"content":{"rendered":"<div class=\"wp-block-columns is-layout-flex wp-container-core-columns-is-layout-9d6595d7 wp-block-columns-is-layout-flex\">\n<div class=\"wp-block-column is-layout-flow wp-block-column-is-layout-flow\">\n<h2 class=\"wp-block-heading\">Bater\u00eda de cocina de camping Caracter\u00edsticas:<\/h2>\n\n\n\n<p><strong>Material de protecci\u00f3n medioambiental:<\/strong> Vajilla plegable con acero inoxidable 304 de calidad alimentaria, material sano, sin olor, duradero<\/p>\n\n\n\n<p><strong>Port\u00e1til y f\u00e1cil de guardar:<\/strong> El mango del juego de ollas de camping de 4 piezas es plegable y desmontable, y los estilos se pueden apilar entre s\u00ed, lo que es c\u00f3modo de llevar y no a\u00f1ade carga adicional, adecuado para viajes al aire libre<\/p>\n\n\n\n<p><strong>Dise\u00f1o de bordes enrollados: <\/strong>Bordes redondeados y lisos, f\u00e1ciles de manejar, evitan lesiones en las manos<\/p>\n\n\n\n<p><strong>Dise\u00f1o de fondo plano:<\/strong> fondo plano, firmemente colocado, se puede calentar directamente<\/p>\n\n\n\n<h2 class=\"wp-block-heading\">Bater\u00eda de cocina de camping Tama\u00f1o:<\/h2>\n\n\n\n<figure class=\"wp-block-table\"><table class=\"has-fixed-layout\"><tbody><tr><td>Modelo<\/td><td>Capacidad<\/td><td>Longitud * Altura (cm)<\/td><td>MOQ<\/td><\/tr><tr><td rowspan=\"4\">DY008-YC<\/td><td>4.5L<\/td><td>23.3*13cm<\/td><td rowspan=\"4\">50PCS<\/td><\/tr><tr><td>2L<\/td><td>19.5*9cm<\/td><\/tr><tr><td>1.6L<\/td><td>17*8,8 cm<\/td><\/tr><tr><td>Sart\u00e9n<\/td><td>23,3*5,5 cm<\/td><\/tr><\/tbody><\/table><\/figure>\n<\/div>\n\n\n\n<div class=\"wp-block-column is-layout-flow wp-block-column-is-layout-flow\">\n<div class=\"wp-block-columns is-layout-flex wp-container-core-columns-is-layout-9d6595d7 wp-block-columns-is-layout-flex\">\n<div class=\"wp-block-column is-layout-flow wp-block-column-is-layout-flow\">\n<figure class=\"wp-block-image size-full\"><img decoding=\"async\" width=\"800\" height=\"800\" src=\"https:\/\/www.yongyukitchenware.com\/wp-content\/uploads\/2024\/12\/Wholesale-Camping-Pot-4-Piece-Set-3.webp\" alt=\"Mayorista-Camping-Pot-4-Piece-Set-3\" class=\"wp-image-2478\" srcset=\"https:\/\/www.yongyukitchenware.com\/wp-content\/uploads\/2024\/12\/Wholesale-Camping-Pot-4-Piece-Set-3.webp 800w, https:\/\/www.yongyukitchenware.com\/wp-content\/uploads\/2024\/12\/Wholesale-Camping-Pot-4-Piece-Set-3-300x300.webp 300w, https:\/\/www.yongyukitchenware.com\/wp-content\/uploads\/2024\/12\/Wholesale-Camping-Pot-4-Piece-Set-3-150x150.webp 150w, https:\/\/www.yongyukitchenware.com\/wp-content\/uploads\/2024\/12\/Wholesale-Camping-Pot-4-Piece-Set-3-768x768.webp 768w, https:\/\/www.yongyukitchenware.com\/wp-content\/uploads\/2024\/12\/Wholesale-Camping-Pot-4-Piece-Set-3-12x12.webp 12w, https:\/\/www.yongyukitchenware.com\/wp-content\/uploads\/2024\/12\/Wholesale-Camping-Pot-4-Piece-Set-3-600x600.webp 600w, https:\/\/www.yongyukitchenware.com\/wp-content\/uploads\/2024\/12\/Wholesale-Camping-Pot-4-Piece-Set-3-100x100.webp 100w\" sizes=\"(max-width: 800px) 100vw, 800px\" \/><\/figure>\n<\/div>\n<\/div>\n<\/div>\n<\/div>","protected":false},"excerpt":{"rendered":"<p>Mayoristas y personalizados de utensilios de cocina para camping, ollas y sartenes de acero inoxidable de alta calidad con asas plegables y fondos engrosados para un calentamiento uniforme. Ofrecemos servicios personalizados y de Amazon, \u00a1bienvenido a pedir presupuesto!<\/p>\n<h2 style=\"text-align: left\">Bater\u00eda de cocina de camping Par\u00e1metro:<\/h2>\n<p style=\"text-align: left\"><strong>Material:<\/strong> Acero inoxidable<br \/><strong>Color:<\/strong> Plata<br \/><strong>Tipos:<\/strong> Cacerolas de camping con bolsa<br \/><strong>OEM\/ODM:<\/strong> Disponible<\/p>\n<h2 class=\"wp-block-heading\">Del fabricante Camping Kitchen Essentials :<\/h2>\n<p>Yongyu es un fabricante profesional de utensilios de cocina para camping, nuestros productos abarcan todo tipo de utensilios de cocina para camping de acero inoxidable, como utensilios de cocina para camping, vajilla para camping, parrillas para barbacoa, etc., proporcionando servicios de adquisici\u00f3n de calidad y precios asequibles para cada cliente.<\/p>","protected":false},"featured_media":2484,"comment_status":"closed","ping_status":"closed","template":"","meta":{"_acf_changed":true},"application":[31],"product_brand":[],"product_cat":[18],"product_tag":[],"class_list":{"0":"post-2475","1":"product","2":"type-product","3":"status-publish","4":"has-post-thumbnail","6":"application-champ-kitchen","7":"product_cat-camping-kitchen-essentials-wholesale","9":"first","10":"instock","11":"shipping-taxable","12":"product-type-simple"},"acf":[],"_links":{"self":[{"href":"https:\/\/www.yongyukitchenware.com\/es\/wp-json\/wp\/v2\/product\/2475","targetHints":{"allow":["GET"]}}],"collection":[{"href":"https:\/\/www.yongyukitchenware.com\/es\/wp-json\/wp\/v2\/product"}],"about":[{"href":"https:\/\/www.yongyukitchenware.com\/es\/wp-json\/wp\/v2\/types\/product"}],"replies":[{"embeddable":true,"href":"https:\/\/www.yongyukitchenware.com\/es\/wp-json\/wp\/v2\/comments?post=2475"}],"wp:featuredmedia":[{"embeddable":true,"href":"https:\/\/www.yongyukitchenware.com\/es\/wp-json\/wp\/v2\/media\/2484"}],"wp:attachment":[{"href":"https:\/\/www.yongyukitchenware.com\/es\/wp-json\/wp\/v2\/media?parent=2475"}],"wp:term":[{"taxonomy":"application","embeddable":true,"href":"https:\/\/www.yongyukitchenware.com\/es\/wp-json\/wp\/v2\/application?post=2475"},{"taxonomy":"product_brand","embeddable":true,"href":"https:\/\/www.yongyukitchenware.com\/es\/wp-json\/wp\/v2\/product_brand?post=2475"},{"taxonomy":"product_cat","embeddable":true,"href":"https:\/\/www.yongyukitchenware.com\/es\/wp-json\/wp\/v2\/product_cat?post=2475"},{"taxonomy":"product_tag","embeddable":true,"href":"https:\/\/www.yongyukitchenware.com\/es\/wp-json\/wp\/v2\/product_tag?post=2475"}],"curies":[{"name":"wp","href":"https:\/\/api.w.org\/{rel}","templated":true}]}}