{"id":2489,"date":"2024-12-22T20:31:53","date_gmt":"2024-12-22T20:31:53","guid":{"rendered":"https:\/\/www.yongyukitchenware.com\/?post_type=product&#038;p=2489"},"modified":"2025-06-14T03:13:05","modified_gmt":"2025-06-14T03:13:05","slug":"bulk-camping-kettle","status":"publish","type":"product","link":"https:\/\/www.yongyukitchenware.com\/es\/producto\/bulk-camping-kettle\/","title":{"rendered":"Hervidor a granel para camping Acero inoxidable Cafetera port\u00e1til para exteriores"},"content":{"rendered":"<div class=\"wp-block-columns is-layout-flex wp-container-core-columns-is-layout-9d6595d7 wp-block-columns-is-layout-flex\">\n<div class=\"wp-block-column is-layout-flow wp-block-column-is-layout-flow\">\n<h2 class=\"wp-block-heading\">Hervidor de camping Caracter\u00edsticas:<\/h2>\n\n\n\n<p><strong>Acero inoxidable duradero: <\/strong>Fabricado en acero inoxidable 304, sano y duradero, puede calentar uniformemente.<\/p>\n\n\n\n<p><strong>Asa antical\u00f3rica: <\/strong>El asa tiene un adhesivo grueso, lo que la hace c\u00f3moda de llevar en la mano y port\u00e1til para viajar.<\/p>\n\n\n\n<p><strong>Dise\u00f1o de boca corta: <\/strong>vertido suave del agua, no es f\u00e1cil que se derrame<\/p>\n\n\n\n<p><strong>Dise\u00f1o de gran di\u00e1metro: <\/strong>Es conveniente para ampliar el pico, a\u00f1adir agua o limpiar, pr\u00e1ctico y conveniente<\/p>\n\n\n\n<p><strong>Fondo plano de calentamiento r\u00e1pido: <\/strong>fondo plano engrosamiento, el calentamiento r\u00e1pido, agua hirviendo al aire libre es m\u00e1s conveniente<\/p>\n\n\n\n<h2 class=\"wp-block-heading\">Hervidor de camping Tama\u00f1o:<\/h2>\n\n\n\n<figure class=\"wp-block-table\"><table class=\"has-fixed-layout\"><tbody><tr><td>Modelo<\/td><td>Capacidad<\/td><td>Longitud * Altura (cm)<\/td><td>MOQ<\/td><\/tr><tr><td rowspan=\"2\">DY006-YC<\/td><td>1.0L<\/td><td>6*15cm<\/td><td rowspan=\"2\">100 UNIDADES<\/td><\/tr><tr><td>1.5L<\/td><td>10,5*15 cm<\/td><\/tr><\/tbody><\/table><\/figure>\n<\/div>\n\n\n\n<div class=\"wp-block-column is-layout-flow wp-block-column-is-layout-flow\">\n<div class=\"wp-block-columns is-layout-flex wp-container-core-columns-is-layout-9d6595d7 wp-block-columns-is-layout-flex\">\n<div class=\"wp-block-column is-layout-flow wp-block-column-is-layout-flow\">\n<figure class=\"wp-block-image size-full\"><img decoding=\"async\" width=\"800\" height=\"800\" src=\"https:\/\/www.yongyukitchenware.com\/wp-content\/uploads\/2024\/12\/Bulk-Camping-kettle-3.webp\" alt=\"Granel-Camping-kettle-3\" class=\"wp-image-2492\" srcset=\"https:\/\/www.yongyukitchenware.com\/wp-content\/uploads\/2024\/12\/Bulk-Camping-kettle-3.webp 800w, https:\/\/www.yongyukitchenware.com\/wp-content\/uploads\/2024\/12\/Bulk-Camping-kettle-3-300x300.webp 300w, https:\/\/www.yongyukitchenware.com\/wp-content\/uploads\/2024\/12\/Bulk-Camping-kettle-3-150x150.webp 150w, https:\/\/www.yongyukitchenware.com\/wp-content\/uploads\/2024\/12\/Bulk-Camping-kettle-3-768x768.webp 768w, https:\/\/www.yongyukitchenware.com\/wp-content\/uploads\/2024\/12\/Bulk-Camping-kettle-3-12x12.webp 12w, https:\/\/www.yongyukitchenware.com\/wp-content\/uploads\/2024\/12\/Bulk-Camping-kettle-3-600x600.webp 600w, https:\/\/www.yongyukitchenware.com\/wp-content\/uploads\/2024\/12\/Bulk-Camping-kettle-3-100x100.webp 100w\" sizes=\"(max-width: 800px) 100vw, 800px\" \/><\/figure>\n<\/div>\n<\/div>\n<\/div>\n<\/div>\n\n\n\n<p><\/p>","protected":false},"excerpt":{"rendered":"<p>Hervidores de camping personalizados a granel, adecuados para estufas el\u00e9ctricas y de gas, ideales para caf\u00e9 y t\u00e9 al aire libre. Ofrecemos servicios personalizados y Amazon a precios de f\u00e1brica, bienvenido a obtener una cotizaci\u00f3n gratuita.<\/p>\n<h2 style=\"text-align: left\">Par\u00e1metro del hervidor de camping:<\/h2>\n<p style=\"text-align: left\"><strong>Material:<\/strong> Acero inoxidable<br \/><strong>Color:<\/strong> Color plata<br \/><strong>Embalaje: <\/strong>Bolsa Opp y caja de cart\u00f3n<br \/><strong>OEM\/ODM:<\/strong> Disponible<\/p>\n<h2 class=\"wp-block-heading\">Del fabricante Camping Kitchen Essentials :<\/h2>\n<p>Yongyu es un fabricante profesional de utensilios de cocina para camping, nuestros productos abarcan todo tipo de utensilios de cocina para camping de acero inoxidable, como utensilios de cocina para camping, vajilla para camping, parrillas para barbacoa, etc., proporcionando servicios de adquisici\u00f3n de calidad y precios asequibles para cada cliente.<\/p>","protected":false},"featured_media":2499,"comment_status":"closed","ping_status":"closed","template":"","meta":{"_acf_changed":false},"application":[31],"product_brand":[],"product_cat":[18],"product_tag":[],"class_list":{"0":"post-2489","1":"product","2":"type-product","3":"status-publish","4":"has-post-thumbnail","6":"application-champ-kitchen","7":"product_cat-camping-kitchen-essentials-wholesale","9":"first","10":"instock","11":"shipping-taxable","12":"product-type-simple"},"acf":[],"_links":{"self":[{"href":"https:\/\/www.yongyukitchenware.com\/es\/wp-json\/wp\/v2\/product\/2489","targetHints":{"allow":["GET"]}}],"collection":[{"href":"https:\/\/www.yongyukitchenware.com\/es\/wp-json\/wp\/v2\/product"}],"about":[{"href":"https:\/\/www.yongyukitchenware.com\/es\/wp-json\/wp\/v2\/types\/product"}],"replies":[{"embeddable":true,"href":"https:\/\/www.yongyukitchenware.com\/es\/wp-json\/wp\/v2\/comments?post=2489"}],"wp:featuredmedia":[{"embeddable":true,"href":"https:\/\/www.yongyukitchenware.com\/es\/wp-json\/wp\/v2\/media\/2499"}],"wp:attachment":[{"href":"https:\/\/www.yongyukitchenware.com\/es\/wp-json\/wp\/v2\/media?parent=2489"}],"wp:term":[{"taxonomy":"application","embeddable":true,"href":"https:\/\/www.yongyukitchenware.com\/es\/wp-json\/wp\/v2\/application?post=2489"},{"taxonomy":"product_brand","embeddable":true,"href":"https:\/\/www.yongyukitchenware.com\/es\/wp-json\/wp\/v2\/product_brand?post=2489"},{"taxonomy":"product_cat","embeddable":true,"href":"https:\/\/www.yongyukitchenware.com\/es\/wp-json\/wp\/v2\/product_cat?post=2489"},{"taxonomy":"product_tag","embeddable":true,"href":"https:\/\/www.yongyukitchenware.com\/es\/wp-json\/wp\/v2\/product_tag?post=2489"}],"curies":[{"name":"wp","href":"https:\/\/api.w.org\/{rel}","templated":true}]}}