{"id":2556,"date":"2024-12-22T20:47:12","date_gmt":"2024-12-22T20:47:12","guid":{"rendered":"https:\/\/www.yongyukitchenware.com\/?post_type=product&#038;p=2556"},"modified":"2025-06-14T03:10:40","modified_gmt":"2025-06-14T03:10:40","slug":"bulk-camping-stainless-steel-pot","status":"publish","type":"product","link":"https:\/\/www.yongyukitchenware.com\/es\/producto\/bulk-camping-stainless-steel-pot\/","title":{"rendered":"Olla de Acero Inoxidable con Mango Plegable Bater\u00eda de Cocina Port\u00e1til para Camping a Granel"},"content":{"rendered":"<div class=\"wp-block-columns is-layout-flex wp-container-core-columns-is-layout-9d6595d7 wp-block-columns-is-layout-flex\">\n<div class=\"wp-block-column is-layout-flow wp-block-column-is-layout-flow\">\n<h2 class=\"wp-block-heading\">Olla de acero inoxidable para camping Caracter\u00edsticas:<\/h2>\n\n\n\n<p><strong>Materiales ecol\u00f3gicos\uff1a<\/strong>Olla de camping de acero inoxidable 304 de calidad alimentaria, material sano, sin olor, duradero<\/p>\n\n\n\n<p><strong>Ahorro de espacio:<\/strong> Dise\u00f1o con asa plegable para guardarla f\u00e1cilmente. Muy pr\u00e1ctica para acampadas. El cuerpo plegado de la olla cabe f\u00e1cilmente en una mochila.<\/p>\n\n\n\n<p><strong>F\u00e1cil de limpiar:<\/strong> superficie de acero inoxidable es lisa, no es f\u00e1cil de ocultar la suciedad, f\u00e1cil de limpiar. Para la limpieza inconveniente al aire libre es m\u00e1s ahorro de tiempo y esfuerzo.<\/p>\n\n\n\n<p><strong>Amplia aplicabilidad:<\/strong> La olla de acero inoxidable tiene una alta conductividad t\u00e9rmica, apta para diversas fuentes de calor, como cocina de gas, cocina de inducci\u00f3n e incluso fuego de camping. El fondo se calienta uniformemente para conservar mejor el sabor de los alimentos.<\/p>\n\n\n\n<h2 class=\"wp-block-heading\">Olla de acero inoxidable para camping Tama\u00f1o:<\/h2>\n\n\n\n<figure class=\"wp-block-table\"><table class=\"has-fixed-layout\"><tbody><tr><td>Modelo<\/td><td>Tama\u00f1o(Di\u00e1metro * Altura)<\/td><td>Capacidad<\/td><td>MOQ<\/td><\/tr><tr><td rowspan=\"4\">DY002-YC<\/td><td>130*16mm<\/td><td>\/<\/td><td rowspan=\"4\">200PCS<\/td><\/tr><tr><td>148*31mm<\/td><td>500 ml<\/td><\/tr><tr><td>123*65mm<\/td><td>700 ml<\/td><\/tr><tr><td>146*66mm<\/td><td>970 ml<\/td><\/tr><\/tbody><\/table><\/figure>\n<\/div>\n\n\n\n<div class=\"wp-block-column is-layout-flow wp-block-column-is-layout-flow\">\n<figure class=\"wp-block-image size-full\"><img decoding=\"async\" width=\"800\" height=\"800\" src=\"https:\/\/www.yongyukitchenware.com\/wp-content\/uploads\/2024\/12\/Bulk-4-Piece-Set-Camping-Pot-1.webp\" alt=\"mayorista Camping Olla de acero inoxidable\" class=\"wp-image-2568\" srcset=\"https:\/\/www.yongyukitchenware.com\/wp-content\/uploads\/2024\/12\/Bulk-4-Piece-Set-Camping-Pot-1.webp 800w, https:\/\/www.yongyukitchenware.com\/wp-content\/uploads\/2024\/12\/Bulk-4-Piece-Set-Camping-Pot-1-300x300.webp 300w, https:\/\/www.yongyukitchenware.com\/wp-content\/uploads\/2024\/12\/Bulk-4-Piece-Set-Camping-Pot-1-150x150.webp 150w, https:\/\/www.yongyukitchenware.com\/wp-content\/uploads\/2024\/12\/Bulk-4-Piece-Set-Camping-Pot-1-768x768.webp 768w, https:\/\/www.yongyukitchenware.com\/wp-content\/uploads\/2024\/12\/Bulk-4-Piece-Set-Camping-Pot-1-12x12.webp 12w, https:\/\/www.yongyukitchenware.com\/wp-content\/uploads\/2024\/12\/Bulk-4-Piece-Set-Camping-Pot-1-600x600.webp 600w, https:\/\/www.yongyukitchenware.com\/wp-content\/uploads\/2024\/12\/Bulk-4-Piece-Set-Camping-Pot-1-100x100.webp 100w\" sizes=\"(max-width: 800px) 100vw, 800px\" \/><\/figure>\n<\/div>\n<\/div>","protected":false},"excerpt":{"rendered":"<p>Olla de acero inoxidable para camping al por mayor, juego de 4 piezas, apta para varios hornillos, ollas port\u00e1tiles de varios tama\u00f1os. \u00a1Apoyo logotipo personalizado, embalaje, etc., bienvenido a preguntar!<\/p>\n<h2 style=\"text-align: left\">Par\u00e1metro de la olla de acero inoxidable para camping:<\/h2>\n<p style=\"text-align: left\"><strong>Material:<\/strong> Acero inoxidable<br \/><strong>Color:<\/strong> Plata<br \/><b>Dise\u00f1o: <\/b>Con asa plegable y tapa, apilable<br \/><strong>OEM\/ODM:<\/strong> Disponible<\/p>\n<h2 class=\"wp-block-heading\">Esenciales de cocina para camping Fabricante :<\/h2>\n<p>Yongyu es un fabricante profesional de utensilios de cocina para camping, nuestros productos abarcan todo tipo de utensilios de cocina para camping de acero inoxidable, como utensilios de cocina para camping, vajilla para camping, parrillas para barbacoa, etc., proporcionando servicios de adquisici\u00f3n de calidad y precios asequibles para cada cliente.<\/p>","protected":false},"featured_media":2567,"comment_status":"closed","ping_status":"closed","template":"","meta":{"_acf_changed":true},"application":[31],"product_brand":[],"product_cat":[18],"product_tag":[],"class_list":{"0":"post-2556","1":"product","2":"type-product","3":"status-publish","4":"has-post-thumbnail","6":"application-champ-kitchen","7":"product_cat-camping-kitchen-essentials-wholesale","9":"first","10":"instock","11":"shipping-taxable","12":"product-type-simple"},"acf":[],"_links":{"self":[{"href":"https:\/\/www.yongyukitchenware.com\/es\/wp-json\/wp\/v2\/product\/2556","targetHints":{"allow":["GET"]}}],"collection":[{"href":"https:\/\/www.yongyukitchenware.com\/es\/wp-json\/wp\/v2\/product"}],"about":[{"href":"https:\/\/www.yongyukitchenware.com\/es\/wp-json\/wp\/v2\/types\/product"}],"replies":[{"embeddable":true,"href":"https:\/\/www.yongyukitchenware.com\/es\/wp-json\/wp\/v2\/comments?post=2556"}],"wp:featuredmedia":[{"embeddable":true,"href":"https:\/\/www.yongyukitchenware.com\/es\/wp-json\/wp\/v2\/media\/2567"}],"wp:attachment":[{"href":"https:\/\/www.yongyukitchenware.com\/es\/wp-json\/wp\/v2\/media?parent=2556"}],"wp:term":[{"taxonomy":"application","embeddable":true,"href":"https:\/\/www.yongyukitchenware.com\/es\/wp-json\/wp\/v2\/application?post=2556"},{"taxonomy":"product_brand","embeddable":true,"href":"https:\/\/www.yongyukitchenware.com\/es\/wp-json\/wp\/v2\/product_brand?post=2556"},{"taxonomy":"product_cat","embeddable":true,"href":"https:\/\/www.yongyukitchenware.com\/es\/wp-json\/wp\/v2\/product_cat?post=2556"},{"taxonomy":"product_tag","embeddable":true,"href":"https:\/\/www.yongyukitchenware.com\/es\/wp-json\/wp\/v2\/product_tag?post=2556"}],"curies":[{"name":"wp","href":"https:\/\/api.w.org\/{rel}","templated":true}]}}