{"id":2627,"date":"2025-01-13T13:03:08","date_gmt":"2025-01-13T13:03:08","guid":{"rendered":"https:\/\/www.yongyukitchenware.com\/?post_type=product&#038;p=2627"},"modified":"2025-07-10T10:02:26","modified_gmt":"2025-07-10T10:02:26","slug":"stainless-steel-dinner-plate-bulk","status":"publish","type":"product","link":"https:\/\/www.yongyukitchenware.com\/es\/producto\/stainless-steel-dinner-plate-bulk\/","title":{"rendered":"Plato de Acero Inoxidable a Granel Plato Redondo Glod Sliver"},"content":{"rendered":"<div class=\"wp-block-columns is-layout-flex wp-container-core-columns-is-layout-9d6595d7 wp-block-columns-is-layout-flex\">\n<div class=\"wp-block-column is-layout-flow wp-block-column-is-layout-flow\">\n<h2 class=\"wp-block-heading\">Plato de acero inoxidable Tama\u00f1o:<\/h2>\n\n\n\n<figure class=\"wp-block-table\"><table class=\"has-fixed-layout\"><tbody><tr><td>Modelo<\/td><td>Di\u00e1metro interior<\/td><td>Longitud*Altura<\/td><td>MOQ<\/td><\/tr><tr><td rowspan=\"5\">DY061-P<\/td><td>9,5 cm<\/td><td>14*2,3 cm<\/td><td rowspan=\"5\">200PCS<\/td><\/tr><tr><td>11,5 cm<\/td><td>17*2,5 cm<\/td><\/tr><tr><td>13,5 cm<\/td><td>20*2,7 cm<\/td><\/tr><tr><td>15,5 cm<\/td><td>23*2,8 cm<\/td><\/tr><tr><td>17,5 cm<\/td><td>26*3cm<\/td><\/tr><\/tbody><\/table><\/figure>\n\n\n\n<h2 class=\"wp-block-heading\">Plato de acero inoxidable Caracter\u00edsticas:<\/h2>\n\n\n\n<p><strong>Material de acero inoxidable de calidad alimentaria<\/strong><br>Fabricado en acero inoxidable de calidad alimentaria, seguro y saludable, apto para el contacto directo con alimentos, duradero y resistente a los ara\u00f1azos.<\/p>\n\n\n\n<p><strong>Dos opciones de oro y plata<\/strong><br>Platos de cena de oro de lujo y platos de cena de plata simples, convenientes para las escenas en letras. Proceso de pulido espejo, f\u00e1cil de limpiar.<\/p>\n\n\n\n<p><strong>Dise\u00f1o profundo en el centro<\/strong><br>El dise\u00f1o de hoyo profundo en el centro del plato llano aumenta inteligentemente la capacidad para evitar que se derramen l\u00edquidos o alimentos, lo que resulta muy adecuado para platos de carne, fideos, ensaladas o sopas.<\/p>\n<\/div>\n\n\n\n<div class=\"wp-block-column is-layout-flow wp-block-column-is-layout-flow\">\n<figure class=\"wp-block-image size-full is-resized\"><img decoding=\"async\" width=\"800\" height=\"800\" src=\"https:\/\/www.yongyukitchenware.com\/wp-content\/uploads\/2024\/12\/Bulk-Gold-Charger-Plates-3.webp\" alt=\"Bulk-Gold-Charger-Plates-3\" class=\"wp-image-2630\" style=\"width:384px;height:auto\" srcset=\"https:\/\/www.yongyukitchenware.com\/wp-content\/uploads\/2024\/12\/Bulk-Gold-Charger-Plates-3.webp 800w, https:\/\/www.yongyukitchenware.com\/wp-content\/uploads\/2024\/12\/Bulk-Gold-Charger-Plates-3-300x300.webp 300w, https:\/\/www.yongyukitchenware.com\/wp-content\/uploads\/2024\/12\/Bulk-Gold-Charger-Plates-3-150x150.webp 150w, https:\/\/www.yongyukitchenware.com\/wp-content\/uploads\/2024\/12\/Bulk-Gold-Charger-Plates-3-768x768.webp 768w, https:\/\/www.yongyukitchenware.com\/wp-content\/uploads\/2024\/12\/Bulk-Gold-Charger-Plates-3-12x12.webp 12w, https:\/\/www.yongyukitchenware.com\/wp-content\/uploads\/2024\/12\/Bulk-Gold-Charger-Plates-3-600x600.webp 600w, https:\/\/www.yongyukitchenware.com\/wp-content\/uploads\/2024\/12\/Bulk-Gold-Charger-Plates-3-100x100.webp 100w\" sizes=\"(max-width: 800px) 100vw, 800px\" \/><\/figure>\n\n\n\n<figure class=\"wp-block-image size-full is-resized\"><img decoding=\"async\" width=\"800\" height=\"800\" src=\"https:\/\/www.yongyukitchenware.com\/wp-content\/uploads\/2024\/12\/Bulk-Gold-Charger-Plates-7.webp\" alt=\"Bulk-Gold-Charger-Plates-7\" class=\"wp-image-2634\" style=\"width:384px\" srcset=\"https:\/\/www.yongyukitchenware.com\/wp-content\/uploads\/2024\/12\/Bulk-Gold-Charger-Plates-7.webp 800w, https:\/\/www.yongyukitchenware.com\/wp-content\/uploads\/2024\/12\/Bulk-Gold-Charger-Plates-7-300x300.webp 300w, https:\/\/www.yongyukitchenware.com\/wp-content\/uploads\/2024\/12\/Bulk-Gold-Charger-Plates-7-150x150.webp 150w, https:\/\/www.yongyukitchenware.com\/wp-content\/uploads\/2024\/12\/Bulk-Gold-Charger-Plates-7-768x768.webp 768w, https:\/\/www.yongyukitchenware.com\/wp-content\/uploads\/2024\/12\/Bulk-Gold-Charger-Plates-7-12x12.webp 12w, https:\/\/www.yongyukitchenware.com\/wp-content\/uploads\/2024\/12\/Bulk-Gold-Charger-Plates-7-600x600.webp 600w, https:\/\/www.yongyukitchenware.com\/wp-content\/uploads\/2024\/12\/Bulk-Gold-Charger-Plates-7-100x100.webp 100w\" sizes=\"(max-width: 800px) 100vw, 800px\" \/><\/figure>\n<\/div>\n<\/div>","protected":false},"excerpt":{"rendered":"<div class=\"n4sEPd\">\n<div class=\"UdTY9 qhIQqf leDWne\" aria-hidden=\"true\" data-location=\"1\">Platos de cena de acero inoxidable personalizados y al por mayor, suministrados directamente por la f\u00e1brica de vajilla, admiten la personalizaci\u00f3n, proporcionan una variedad de tama\u00f1os y colores. Apoyar el servicio de adquisici\u00f3n de ventanilla \u00fanica para los vendedores de comercio electr\u00f3nico. \u00a1Bienvenido a preguntar!<\/div>\n<\/div>\n<h2 style=\"text-align: left;\">Plato de acero inoxidable Par\u00e1metro:<\/h2>\n<p style=\"text-align: left;\"><strong>Material:<\/strong> Acero inoxidable<br \/><strong>Longitud: <\/strong>14\/17\/20\/23\/26 cm<br \/><strong>Forma:<\/strong> Redondo<br \/><strong>Embalaje:<\/strong> Bolsa OPP y cart\u00f3n<br \/><strong>OEM\/ODM:<\/strong> Disponible<\/p>\n<h2 class=\"wp-block-heading\">Del mayorista de vajillas Yongyu:<\/h2>\n<p>Yongyu Tableware Wholesaler puede satisfacer las necesidades de los clientes al por mayor y proporcionar una serie de suministros de catering al por mayor de alta calidad que combina elegancia y durabilidad. Incluyendo vajilla, vajilla de bebidas, equipos de catering, utensilios de cocina, elementos esenciales de cocina de campamento, etc.<\/p>","protected":false},"featured_media":2637,"comment_status":"closed","ping_status":"closed","template":"","meta":{"_acf_changed":true},"application":[29],"product_brand":[],"product_cat":[21,46],"product_tag":[],"class_list":{"0":"post-2627","1":"product","2":"type-product","3":"status-publish","4":"has-post-thumbnail","6":"application-home-kitchen","7":"product_cat-tableware-wholesale","8":"product_cat-stainless-steel-dinner-plates-wholesale","10":"first","11":"instock","12":"shipping-taxable","13":"product-type-simple"},"acf":[],"_links":{"self":[{"href":"https:\/\/www.yongyukitchenware.com\/es\/wp-json\/wp\/v2\/product\/2627","targetHints":{"allow":["GET"]}}],"collection":[{"href":"https:\/\/www.yongyukitchenware.com\/es\/wp-json\/wp\/v2\/product"}],"about":[{"href":"https:\/\/www.yongyukitchenware.com\/es\/wp-json\/wp\/v2\/types\/product"}],"replies":[{"embeddable":true,"href":"https:\/\/www.yongyukitchenware.com\/es\/wp-json\/wp\/v2\/comments?post=2627"}],"wp:featuredmedia":[{"embeddable":true,"href":"https:\/\/www.yongyukitchenware.com\/es\/wp-json\/wp\/v2\/media\/2637"}],"wp:attachment":[{"href":"https:\/\/www.yongyukitchenware.com\/es\/wp-json\/wp\/v2\/media?parent=2627"}],"wp:term":[{"taxonomy":"application","embeddable":true,"href":"https:\/\/www.yongyukitchenware.com\/es\/wp-json\/wp\/v2\/application?post=2627"},{"taxonomy":"product_brand","embeddable":true,"href":"https:\/\/www.yongyukitchenware.com\/es\/wp-json\/wp\/v2\/product_brand?post=2627"},{"taxonomy":"product_cat","embeddable":true,"href":"https:\/\/www.yongyukitchenware.com\/es\/wp-json\/wp\/v2\/product_cat?post=2627"},{"taxonomy":"product_tag","embeddable":true,"href":"https:\/\/www.yongyukitchenware.com\/es\/wp-json\/wp\/v2\/product_tag?post=2627"}],"curies":[{"name":"wp","href":"https:\/\/api.w.org\/{rel}","templated":true}]}}