{"id":2640,"date":"2025-01-13T12:29:40","date_gmt":"2025-01-13T12:29:40","guid":{"rendered":"https:\/\/www.yongyukitchenware.com\/?post_type=product&#038;p=2640"},"modified":"2025-06-14T03:03:33","modified_gmt":"2025-06-14T03:03:33","slug":"custom-serving-tray","status":"publish","type":"product","link":"https:\/\/www.yongyukitchenware.com\/es\/producto\/custom-serving-tray\/","title":{"rendered":"Bandeja de servicio personalizada de acero inoxidable espejado con Glod Hanlde"},"content":{"rendered":"<div class=\"wp-block-columns is-layout-flex wp-container-core-columns-is-layout-9d6595d7 wp-block-columns-is-layout-flex\">\n<div class=\"wp-block-column is-layout-flow wp-block-column-is-layout-flow\">\n<h2 class=\"wp-block-heading\">Bandeja para servir Caracter\u00edsticas:<\/h2>\n\n\n\n<p><strong>Material de acero inoxidable de alta calidad<\/strong><br>Estructura completa de acero inoxidable antioxidante y f\u00e1cil de limpiar, material seguro para uso alimentario<\/p>\n\n\n\n<p><strong>Espejo de dise\u00f1o rectangular<\/strong><br>Las bandejas rectangulares son adecuadas para colocar una gran variedad de art\u00edculos, dise\u00f1o de espejo pulido, adecuadas para comedores modernos o de alto nivel<\/p>\n\n\n\n<p><strong>Dise\u00f1o de doble asa<\/strong><br>El asa dorada resalta la elegancia y la sensaci\u00f3n de alta gama, mientras que el asa plateada tiene un aspecto moderno y sencillo, que puede seleccionarse en funci\u00f3n de los requisitos del escenario. El dise\u00f1o de doble asa facilita el manejo y el movimiento de la bandeja.<\/p>\n\n\n\n<h2 class=\"wp-block-heading\">Tama\u00f1o de la bandeja:<\/h2>\n\n\n\n<figure class=\"wp-block-table\"><table class=\"has-fixed-layout\"><tbody><tr><td>Modelo<\/td><td>Talla<\/td><td>Largo*Ancho<\/td><td>MOQ<\/td><\/tr><tr><td rowspan=\"4\">DY060-P<\/td><td>16 pulgadas<\/td><td>43*27,7 cm<\/td><td rowspan=\"4\">100 UNIDADES<\/td><\/tr><tr><td>18 pulgadas<\/td><td>47,2*32,3 cm<\/td><\/tr><tr><td>20 pulgadas<\/td><td>52*36,6 cm<\/td><\/tr><tr><td>22 pulgadas<\/td><td>56.5*42cm<\/td><\/tr><\/tbody><\/table><\/figure>\n<\/div>\n\n\n\n<div class=\"wp-block-column is-layout-flow wp-block-column-is-layout-flow\">\n<figure class=\"wp-block-image size-full\"><img decoding=\"async\" width=\"800\" height=\"800\" src=\"https:\/\/www.yongyukitchenware.com\/wp-content\/uploads\/2025\/01\/Bulk-Rectangular-Mirror-Tray-5.webp\" alt=\"Bandeja-5 con espejo rectangular a granel\" class=\"wp-image-2655\" srcset=\"https:\/\/www.yongyukitchenware.com\/wp-content\/uploads\/2025\/01\/Bulk-Rectangular-Mirror-Tray-5.webp 800w, https:\/\/www.yongyukitchenware.com\/wp-content\/uploads\/2025\/01\/Bulk-Rectangular-Mirror-Tray-5-300x300.webp 300w, https:\/\/www.yongyukitchenware.com\/wp-content\/uploads\/2025\/01\/Bulk-Rectangular-Mirror-Tray-5-150x150.webp 150w, https:\/\/www.yongyukitchenware.com\/wp-content\/uploads\/2025\/01\/Bulk-Rectangular-Mirror-Tray-5-768x768.webp 768w, https:\/\/www.yongyukitchenware.com\/wp-content\/uploads\/2025\/01\/Bulk-Rectangular-Mirror-Tray-5-12x12.webp 12w, https:\/\/www.yongyukitchenware.com\/wp-content\/uploads\/2025\/01\/Bulk-Rectangular-Mirror-Tray-5-600x600.webp 600w, https:\/\/www.yongyukitchenware.com\/wp-content\/uploads\/2025\/01\/Bulk-Rectangular-Mirror-Tray-5-100x100.webp 100w\" sizes=\"(max-width: 800px) 100vw, 800px\" \/><\/figure>\n<\/div>\n<\/div>","protected":false},"excerpt":{"rendered":"<div class=\"n4sEPd\">\n<div class=\"UdTY9 qhIQqf leDWne\" aria-hidden=\"true\" data-location=\"1\">Bienvenido a la venta al por mayor y la costumbre bandeja de servir, espejo con dise\u00f1o de doble asa, oro y plata, varios tama\u00f1os para elegir. Precio de f\u00e1brica, personalizaci\u00f3n de gran cantidad es la mejor oferta, recepci\u00f3n para entrarnos en contacto con para aprender m\u00e1s.<\/div>\n<\/div>\n<h2 style=\"text-align: left\">Par\u00e1metro de la bandeja:<\/h2>\n<p style=\"text-align: left\"><strong>Material:<\/strong> acero inoxidable<br \/><strong>Tama\u00f1o: <\/strong>16\/18\/20\/22 pulgadas<br \/><strong>Forma:<\/strong> Rectangular<br \/><strong>Embalaje:<\/strong> Bolsa OPP y cart\u00f3n<br \/><strong>OEM\/ODM:<\/strong> Disponible<\/p>\n<h2 class=\"wp-block-heading\">Del mayorista de vajillas Yongyu:<\/h2>\n<p>Yongyu Tableware Wholesaler puede satisfacer las necesidades de los clientes al por mayor y proporcionar una serie de suministros de catering al por mayor de alta calidad que combina elegancia y durabilidad. Incluyendo vajilla, vajilla de bebidas, equipos de catering, utensilios de cocina, elementos esenciales de cocina de campamento, etc.<\/p>","protected":false},"featured_media":2652,"comment_status":"closed","ping_status":"closed","template":"","meta":{"_acf_changed":true},"application":[30],"product_brand":[],"product_cat":[22,44],"product_tag":[],"class_list":{"0":"post-2640","1":"product","2":"type-product","3":"status-publish","4":"has-post-thumbnail","6":"application-hotel-catering","7":"product_cat-catering-supplies-wholesale","8":"product_cat-stainless-steel-serving-trays-wholesale","10":"first","11":"instock","12":"shipping-taxable","13":"product-type-simple"},"acf":[],"_links":{"self":[{"href":"https:\/\/www.yongyukitchenware.com\/es\/wp-json\/wp\/v2\/product\/2640","targetHints":{"allow":["GET"]}}],"collection":[{"href":"https:\/\/www.yongyukitchenware.com\/es\/wp-json\/wp\/v2\/product"}],"about":[{"href":"https:\/\/www.yongyukitchenware.com\/es\/wp-json\/wp\/v2\/types\/product"}],"replies":[{"embeddable":true,"href":"https:\/\/www.yongyukitchenware.com\/es\/wp-json\/wp\/v2\/comments?post=2640"}],"wp:featuredmedia":[{"embeddable":true,"href":"https:\/\/www.yongyukitchenware.com\/es\/wp-json\/wp\/v2\/media\/2652"}],"wp:attachment":[{"href":"https:\/\/www.yongyukitchenware.com\/es\/wp-json\/wp\/v2\/media?parent=2640"}],"wp:term":[{"taxonomy":"application","embeddable":true,"href":"https:\/\/www.yongyukitchenware.com\/es\/wp-json\/wp\/v2\/application?post=2640"},{"taxonomy":"product_brand","embeddable":true,"href":"https:\/\/www.yongyukitchenware.com\/es\/wp-json\/wp\/v2\/product_brand?post=2640"},{"taxonomy":"product_cat","embeddable":true,"href":"https:\/\/www.yongyukitchenware.com\/es\/wp-json\/wp\/v2\/product_cat?post=2640"},{"taxonomy":"product_tag","embeddable":true,"href":"https:\/\/www.yongyukitchenware.com\/es\/wp-json\/wp\/v2\/product_tag?post=2640"}],"curies":[{"name":"wp","href":"https:\/\/api.w.org\/{rel}","templated":true}]}}