{"id":2660,"date":"2025-01-13T11:54:46","date_gmt":"2025-01-13T11:54:46","guid":{"rendered":"https:\/\/www.yongyukitchenware.com\/?post_type=product&#038;p=2660"},"modified":"2025-06-14T03:05:28","modified_gmt":"2025-06-14T03:05:28","slug":"bulk-mirror-tray","status":"publish","type":"product","link":"https:\/\/www.yongyukitchenware.com\/es\/producto\/bulk-mirror-tray\/","title":{"rendered":"Juego de Bandejas Ovaladas de Acero Inoxidable con Espejo para Servir a Granel"},"content":{"rendered":"<div class=\"wp-block-columns is-layout-flex wp-container-core-columns-is-layout-9d6595d7 wp-block-columns-is-layout-flex\">\n<div class=\"wp-block-column is-layout-flow wp-block-column-is-layout-flow\">\n<h2 class=\"wp-block-heading\">Bandeja con espejo Caracter\u00edsticas:<\/h2>\n\n\n\n<p><strong>Acero inoxidable de alta calidad: <\/strong>Material de acero inoxidable de grado alimentario, resistente a la corrosi\u00f3n, sin olor, duradero<br><strong>Multiestilo opcional: <\/strong>La placa de espejo tiene opciones rectangulares, redondas, ovaladas, puede elegir con o sin un estilo de mango, el color puede ser personalizado<br><strong>Pulido espejo:<\/strong> La superficie de la placa de espejo es brillante como un espejo, lisa y f\u00e1cil de limpiar<br><strong>Dise\u00f1o del asa:<\/strong> El mango de la placa de espejo est\u00e1 disponible en colores chapado en oro y plata, y el borde est\u00e1 pulido suavemente, lo que no hace da\u00f1o a las manos<br><strong>Almohadilla antideslizante para los pies: <\/strong>el pie de la placa adopta un dise\u00f1o antideslizante, que puede aumentar eficazmente la fricci\u00f3n entre la placa de espejo y el escritorio para evitar el deslizamiento<\/p>\n\n\n\n<h2 class=\"wp-block-heading\">Espejo Bandeja Tama\u00f1o:<\/h2>\n\n\n\n<figure class=\"wp-block-table\"><table class=\"has-fixed-layout\"><tbody><tr><td>Modelo<\/td><td>Talla<\/td><td>Largo*Ancho<\/td><td>MOQ<\/td><\/tr><tr><td rowspan=\"4\">DY059-P<\/td><td>16 pulgadas<\/td><td>38.5*29cm<\/td><td rowspan=\"4\">100 UNIDADES<\/td><\/tr><tr><td>18 pulgadas<\/td><td>46*32cm<\/td><\/tr><tr><td>20 pulgadas<\/td><td>50,3*36,5 cm<\/td><\/tr><tr><td>22 pulgadas<\/td><td>57.7*44cm<\/td><\/tr><\/tbody><\/table><\/figure>\n<\/div>\n\n\n\n<div class=\"wp-block-column is-layout-flow wp-block-column-is-layout-flow\">\n<figure class=\"wp-block-image size-full\"><img decoding=\"async\" width=\"800\" height=\"800\" src=\"https:\/\/www.yongyukitchenware.com\/wp-content\/uploads\/2025\/01\/Bulk-Oval-Mirror-Tray-4.webp\" alt=\"Bandeja con espejo oval a granel-4\" class=\"wp-image-2663\" srcset=\"https:\/\/www.yongyukitchenware.com\/wp-content\/uploads\/2025\/01\/Bulk-Oval-Mirror-Tray-4.webp 800w, https:\/\/www.yongyukitchenware.com\/wp-content\/uploads\/2025\/01\/Bulk-Oval-Mirror-Tray-4-300x300.webp 300w, https:\/\/www.yongyukitchenware.com\/wp-content\/uploads\/2025\/01\/Bulk-Oval-Mirror-Tray-4-150x150.webp 150w, https:\/\/www.yongyukitchenware.com\/wp-content\/uploads\/2025\/01\/Bulk-Oval-Mirror-Tray-4-768x768.webp 768w, https:\/\/www.yongyukitchenware.com\/wp-content\/uploads\/2025\/01\/Bulk-Oval-Mirror-Tray-4-12x12.webp 12w, https:\/\/www.yongyukitchenware.com\/wp-content\/uploads\/2025\/01\/Bulk-Oval-Mirror-Tray-4-600x600.webp 600w, https:\/\/www.yongyukitchenware.com\/wp-content\/uploads\/2025\/01\/Bulk-Oval-Mirror-Tray-4-100x100.webp 100w\" sizes=\"(max-width: 800px) 100vw, 800px\" \/><\/figure>\n<\/div>\n<\/div>","protected":false},"excerpt":{"rendered":"<div class=\"n4sEPd\">\n<div class=\"UdTY9 qhIQqf leDWne\" aria-hidden=\"true\" data-location=\"1\">Bandejas espejadas personalizadas, de acero inoxidable de dise\u00f1o brillante, con asas doradas. Disponible en una variedad de tama\u00f1os, apoyar logotipos personalizados y envases para satisfacer las necesidades de los diferentes servicios de catering. \u00a1Precio de f\u00e1brica al por mayor bandejas espejadas, bienvenido a preguntar!<\/div>\n<\/div>\n<h2 style=\"text-align: left\">Par\u00e1metro de la bandeja del espejo:<\/h2>\n<p style=\"text-align: left\"><strong>Material:<\/strong> Acero inoxidable<br \/><strong>Tama\u00f1o: <\/strong>16\/18\/20\/22 pulgadas<br \/><strong>Forma:<\/strong> Oval<br \/><strong>Embalaje:<\/strong> Bolsa OPP y cart\u00f3n<br \/><strong>OEM\/ODM:<\/strong> Disponible<\/p>\n<h2 class=\"wp-block-heading\">Del mayorista de vajillas Yongyu:<\/h2>\n<p>Yongyu Tableware Wholesaler ofrece una serie de suministros de catering al por mayor de alta calidad que combina la elegancia y la durabilidad, incluyendo vajilla, bebida, equipo de catering, utensilios de cocina, elementos esenciales de cocina de campamento, etc.<\/p>","protected":false},"featured_media":2661,"comment_status":"closed","ping_status":"closed","template":"","meta":{"_acf_changed":true},"application":[30],"product_brand":[],"product_cat":[22,44],"product_tag":[],"class_list":{"0":"post-2660","1":"product","2":"type-product","3":"status-publish","4":"has-post-thumbnail","6":"application-hotel-catering","7":"product_cat-catering-supplies-wholesale","8":"product_cat-stainless-steel-serving-trays-wholesale","10":"first","11":"instock","12":"shipping-taxable","13":"product-type-simple"},"acf":[],"_links":{"self":[{"href":"https:\/\/www.yongyukitchenware.com\/es\/wp-json\/wp\/v2\/product\/2660","targetHints":{"allow":["GET"]}}],"collection":[{"href":"https:\/\/www.yongyukitchenware.com\/es\/wp-json\/wp\/v2\/product"}],"about":[{"href":"https:\/\/www.yongyukitchenware.com\/es\/wp-json\/wp\/v2\/types\/product"}],"replies":[{"embeddable":true,"href":"https:\/\/www.yongyukitchenware.com\/es\/wp-json\/wp\/v2\/comments?post=2660"}],"wp:featuredmedia":[{"embeddable":true,"href":"https:\/\/www.yongyukitchenware.com\/es\/wp-json\/wp\/v2\/media\/2661"}],"wp:attachment":[{"href":"https:\/\/www.yongyukitchenware.com\/es\/wp-json\/wp\/v2\/media?parent=2660"}],"wp:term":[{"taxonomy":"application","embeddable":true,"href":"https:\/\/www.yongyukitchenware.com\/es\/wp-json\/wp\/v2\/application?post=2660"},{"taxonomy":"product_brand","embeddable":true,"href":"https:\/\/www.yongyukitchenware.com\/es\/wp-json\/wp\/v2\/product_brand?post=2660"},{"taxonomy":"product_cat","embeddable":true,"href":"https:\/\/www.yongyukitchenware.com\/es\/wp-json\/wp\/v2\/product_cat?post=2660"},{"taxonomy":"product_tag","embeddable":true,"href":"https:\/\/www.yongyukitchenware.com\/es\/wp-json\/wp\/v2\/product_tag?post=2660"}],"curies":[{"name":"wp","href":"https:\/\/api.w.org\/{rel}","templated":true}]}}