{"id":2707,"date":"2025-01-15T07:34:36","date_gmt":"2025-01-15T07:34:36","guid":{"rendered":"https:\/\/www.yongyukitchenware.com\/?post_type=product&#038;p=2707"},"modified":"2025-06-14T02:53:32","modified_gmt":"2025-06-14T02:53:32","slug":"bulk-roll-top-chafing-dish-buffet-set","status":"publish","type":"product","link":"https:\/\/www.yongyukitchenware.com\/es\/producto\/bulk-roll-top-chafing-dish-buffet-set\/","title":{"rendered":"Granel Roll Top Chafing Dish Buffet Set con 2 Sopas Acero Inoxidable"},"content":{"rendered":"<div class=\"wp-block-columns is-layout-flex wp-container-core-columns-is-layout-9d6595d7 wp-block-columns-is-layout-flex\">\n<div class=\"wp-block-column is-layout-flow wp-block-column-is-layout-flow\">\n<h2 class=\"wp-block-heading\">Par\u00e1metros del juego Roll Top Chafing Dish Buffet:<\/h2>\n\n\n\n<figure class=\"wp-block-table\"><table class=\"has-fixed-layout\"><tbody><tr><td>Modelo<\/td><td>Longitud * Anchura * Altura (cm)<\/td><td>MOQ<\/td><\/tr><tr><td>DY022-CL<\/td><td>64*44*44<\/td><td>2 PIEZAS<\/td><\/tr><\/tbody><\/table><\/figure>\n\n\n\n<h2 class=\"wp-block-heading\">Caracter\u00edsticas de Roll Top Chafing Dish Buffet Set:<\/h2>\n\n\n\n<p><strong>Acero inoxidable de alta calidad:<\/strong> Estructura estable de acero inoxidable, engrosada y duradera, resistente a la corrosi\u00f3n y a las altas temperaturas<\/p>\n\n\n\n<p><strong>Dise\u00f1o enrollable: <\/strong>Equipada con un pr\u00e1ctico dise\u00f1o enrollable, es f\u00e1cil de abrir y cerrar, lo que la hace m\u00e1s c\u00f3moda.<\/p>\n\n\n\n<p><strong>2 ollas soperas:<\/strong> Dise\u00f1o de gran capacidad, con 2 ollas soperas con cucharas y tapas en su interior, eficaz conservaci\u00f3n del calor, y puede proporcionar m\u00faltiples platos al mismo tiempo.<\/p>\n\n\n\n<p><strong>Sopa de olla a juego:<\/strong> Ofrezca opciones a juego con ollas soperas, adecuadas para servir sopas, bebidas calientes, etc., para aumentar la diversidad y variedad de alimentos de los buf\u00e9s.<\/p>\n\n\n\n<p><strong>Opciones de quemador de combustible o placa calefactora el\u00e9ctrica: <\/strong>Proporcionar calefacci\u00f3n de alcohol y calefacci\u00f3n el\u00e9ctrica para satisfacer diferentes necesidades medioambientales.<\/p>\n<\/div>\n\n\n\n<div class=\"wp-block-column is-layout-flow wp-block-column-is-layout-flow\">\n<figure class=\"wp-block-image size-full\"><img decoding=\"async\" width=\"750\" height=\"750\" src=\"https:\/\/www.yongyukitchenware.com\/wp-content\/uploads\/2025\/01\/wholesale-roll-top-chafing-dish-buffet-set-1-1.webp\" alt=\"venta al por mayor roll top chafing dish buffet set\" class=\"wp-image-2895\" srcset=\"https:\/\/www.yongyukitchenware.com\/wp-content\/uploads\/2025\/01\/wholesale-roll-top-chafing-dish-buffet-set-1-1.webp 750w, https:\/\/www.yongyukitchenware.com\/wp-content\/uploads\/2025\/01\/wholesale-roll-top-chafing-dish-buffet-set-1-1-300x300.webp 300w, https:\/\/www.yongyukitchenware.com\/wp-content\/uploads\/2025\/01\/wholesale-roll-top-chafing-dish-buffet-set-1-1-150x150.webp 150w, https:\/\/www.yongyukitchenware.com\/wp-content\/uploads\/2025\/01\/wholesale-roll-top-chafing-dish-buffet-set-1-1-12x12.webp 12w, https:\/\/www.yongyukitchenware.com\/wp-content\/uploads\/2025\/01\/wholesale-roll-top-chafing-dish-buffet-set-1-1-600x600.webp 600w, https:\/\/www.yongyukitchenware.com\/wp-content\/uploads\/2025\/01\/wholesale-roll-top-chafing-dish-buffet-set-1-1-100x100.webp 100w\" sizes=\"(max-width: 750px) 100vw, 750px\" \/><\/figure>\n\n\n\n<figure class=\"wp-block-image size-full\"><img decoding=\"async\" width=\"800\" height=\"800\" src=\"https:\/\/www.yongyukitchenware.com\/wp-content\/uploads\/2025\/01\/wholesale-roll-top-chafing-dish-buffet-set-6.webp\" alt=\"venta al por mayor roll top chafing dish buffet set\" class=\"wp-image-2713\" srcset=\"https:\/\/www.yongyukitchenware.com\/wp-content\/uploads\/2025\/01\/wholesale-roll-top-chafing-dish-buffet-set-6.webp 800w, https:\/\/www.yongyukitchenware.com\/wp-content\/uploads\/2025\/01\/wholesale-roll-top-chafing-dish-buffet-set-6-300x300.webp 300w, https:\/\/www.yongyukitchenware.com\/wp-content\/uploads\/2025\/01\/wholesale-roll-top-chafing-dish-buffet-set-6-150x150.webp 150w, https:\/\/www.yongyukitchenware.com\/wp-content\/uploads\/2025\/01\/wholesale-roll-top-chafing-dish-buffet-set-6-768x768.webp 768w, https:\/\/www.yongyukitchenware.com\/wp-content\/uploads\/2025\/01\/wholesale-roll-top-chafing-dish-buffet-set-6-12x12.webp 12w, https:\/\/www.yongyukitchenware.com\/wp-content\/uploads\/2025\/01\/wholesale-roll-top-chafing-dish-buffet-set-6-600x600.webp 600w, https:\/\/www.yongyukitchenware.com\/wp-content\/uploads\/2025\/01\/wholesale-roll-top-chafing-dish-buffet-set-6-100x100.webp 100w\" sizes=\"(max-width: 800px) 100vw, 800px\" \/><\/figure>\n<\/div>\n<\/div>","protected":false},"excerpt":{"rendered":"<p>Juego de buffet a granel, con 2 ollas y cucharas en el interior, tapa de cristal con ventana de visualizaci\u00f3n. Bonito y pr\u00e1ctico, precio de f\u00e1brica, alta calidad garantizada. \u00a1Recepci\u00f3n para entrarnos en contacto con para la consulta libre!<\/p>\n<h2><!-- wp:heading --><\/h2>\n<h2 class=\"wp-block-heading\">Atributos de Roll Top Chafing Dish Buffet Set:<\/h2>\n<h2><!-- \/wp:heading --><\/p>\n<p><!-- wp:paragraph --><\/h2>\n<p><strong>Material: <\/strong>Acero inoxidable<br \/><strong>Color: <\/strong>Plata\/ Glod<br \/><strong>Forma: <\/strong>Rect\u00e1ngulo con tapa enrollable y 2 soperas<br \/><strong>Calor: <\/strong>Calefacci\u00f3n de alcohol o el\u00e9ctrica<br \/><strong>Chafer Pan: <\/strong>Rejilla simple\/doble<br \/><strong>OEM\/ODM: <\/strong>Disponible<\/p>\n<h2 class=\"wp-block-heading\">De Yongyu Chafing Dish Manufacturer:<\/h2>\n<p>\u00a1Tanto si se trata de un proveedor de servicios de catering, hotel y restaurante, o empresa de planificaci\u00f3n de eventos, proporcionamos soluciones completas de platos para calentar al por mayor personalizados para ayudar a su negocio con precios de f\u00e1brica de alta calidad!<\/p>\n<h2><!-- \/wp:paragraph --><\/h2>","protected":false},"featured_media":2896,"comment_status":"closed","ping_status":"closed","template":"","meta":{"_acf_changed":false},"application":[30],"product_brand":[],"product_cat":[33],"product_tag":[],"class_list":{"0":"post-2707","1":"product","2":"type-product","3":"status-publish","4":"has-post-thumbnail","6":"application-hotel-catering","7":"product_cat-chafing-dishes-wholesale","9":"first","10":"instock","11":"shipping-taxable","12":"product-type-simple"},"acf":[],"_links":{"self":[{"href":"https:\/\/www.yongyukitchenware.com\/es\/wp-json\/wp\/v2\/product\/2707","targetHints":{"allow":["GET"]}}],"collection":[{"href":"https:\/\/www.yongyukitchenware.com\/es\/wp-json\/wp\/v2\/product"}],"about":[{"href":"https:\/\/www.yongyukitchenware.com\/es\/wp-json\/wp\/v2\/types\/product"}],"replies":[{"embeddable":true,"href":"https:\/\/www.yongyukitchenware.com\/es\/wp-json\/wp\/v2\/comments?post=2707"}],"wp:featuredmedia":[{"embeddable":true,"href":"https:\/\/www.yongyukitchenware.com\/es\/wp-json\/wp\/v2\/media\/2896"}],"wp:attachment":[{"href":"https:\/\/www.yongyukitchenware.com\/es\/wp-json\/wp\/v2\/media?parent=2707"}],"wp:term":[{"taxonomy":"application","embeddable":true,"href":"https:\/\/www.yongyukitchenware.com\/es\/wp-json\/wp\/v2\/application?post=2707"},{"taxonomy":"product_brand","embeddable":true,"href":"https:\/\/www.yongyukitchenware.com\/es\/wp-json\/wp\/v2\/product_brand?post=2707"},{"taxonomy":"product_cat","embeddable":true,"href":"https:\/\/www.yongyukitchenware.com\/es\/wp-json\/wp\/v2\/product_cat?post=2707"},{"taxonomy":"product_tag","embeddable":true,"href":"https:\/\/www.yongyukitchenware.com\/es\/wp-json\/wp\/v2\/product_tag?post=2707"}],"curies":[{"name":"wp","href":"https:\/\/api.w.org\/{rel}","templated":true}]}}