{"id":2749,"date":"2025-01-17T18:16:09","date_gmt":"2025-01-17T18:16:09","guid":{"rendered":"https:\/\/www.yongyukitchenware.com\/?post_type=product&#038;p=2749"},"modified":"2025-06-14T02:40:55","modified_gmt":"2025-06-14T02:40:55","slug":"wholesale-electric-chafer","status":"publish","type":"product","link":"https:\/\/www.yongyukitchenware.com\/es\/producto\/wholesale-electric-chafer\/","title":{"rendered":"Mayorista Asador El\u00e9ctrico Plato Redondo de Acero Inoxidable"},"content":{"rendered":"<div class=\"wp-block-columns is-layout-flex wp-container-core-columns-is-layout-9d6595d7 wp-block-columns-is-layout-flex\">\n<div class=\"wp-block-column is-layout-flow wp-block-column-is-layout-flow\">\n<h2 class=\"wp-block-heading\">Par\u00e1metro del asador el\u00e9ctrico:<\/h2>\n\n\n\n<figure class=\"wp-block-table\"><table class=\"has-fixed-layout\"><tbody><tr><td>Modelo<\/td><td>Longitud * Anchura * Altura (cm)<\/td><td>Capacidad (l)<\/td><td>Peso (kg)<\/td><td>MOQ<\/td><\/tr><tr><td>DY018-CL<\/td><td>52*43*23<\/td><td>6<\/td><td>9.2<\/td><td>2 PIEZAS<\/td><\/tr><\/tbody><\/table><\/figure>\n\n\n\n<h2 class=\"wp-block-heading\">Chafer el\u00e9ctrico Caracter\u00edsticas:<\/h2>\n\n\n\n<p><strong>Puerto de alimentaci\u00f3n independiente:<\/strong> Este chafer el\u00e9ctrica utilizar un puerto de alimentaci\u00f3n duradera de alta calidad, es f\u00e1cil de usar, sin arrastre<\/p>\n\n\n\n<p><strong>Acero inoxidable engrosado Material:<\/strong> La selecci\u00f3n de acero de grado alimenticio de alta calidad, la seguridad del material, durable<\/p>\n\n\n\n<p><strong>Tapa de amortiguaci\u00f3n hidr\u00e1ulica reforzada:<\/strong> Cierre silencioso y lento, f\u00e1cil de abrir y cerrar<\/p>\n\n\n\n<p><strong>Dise\u00f1o redondo:<\/strong> La forma redonda cl\u00e1sica es est\u00e9ticamente agradable y permite un uso m\u00e1s eficiente del espacio.<\/p>\n\n\n\n<p><strong>Tapa de cristal transparente:<\/strong> Es f\u00e1cil comprobar el estado de los alimentos y mantener la temperatura en el interior al mismo tiempo.<\/p>\n\n\n\n<p><strong>Temperatura de control num\u00e9rico:<\/strong> Temperatura de control de punto de contacto, visualizaci\u00f3n precisa de la temperatura<\/p>\n<\/div>\n\n\n\n<div class=\"wp-block-column is-layout-flow wp-block-column-is-layout-flow\">\n<figure class=\"wp-block-image size-full\"><img decoding=\"async\" width=\"800\" height=\"800\" src=\"https:\/\/www.yongyukitchenware.com\/wp-content\/uploads\/2025\/01\/Wholesale-Electric-Chafer-Stainless-Steel-Round-Electric-Chafing-Dish.webp\" alt=\"Mayorista Asador El\u00e9ctrico Asador El\u00e9ctrico Redondo de Acero Inoxidable\" class=\"wp-image-2750\" srcset=\"https:\/\/www.yongyukitchenware.com\/wp-content\/uploads\/2025\/01\/Wholesale-Electric-Chafer-Stainless-Steel-Round-Electric-Chafing-Dish.webp 800w, https:\/\/www.yongyukitchenware.com\/wp-content\/uploads\/2025\/01\/Wholesale-Electric-Chafer-Stainless-Steel-Round-Electric-Chafing-Dish-300x300.webp 300w, https:\/\/www.yongyukitchenware.com\/wp-content\/uploads\/2025\/01\/Wholesale-Electric-Chafer-Stainless-Steel-Round-Electric-Chafing-Dish-150x150.webp 150w, https:\/\/www.yongyukitchenware.com\/wp-content\/uploads\/2025\/01\/Wholesale-Electric-Chafer-Stainless-Steel-Round-Electric-Chafing-Dish-768x768.webp 768w, https:\/\/www.yongyukitchenware.com\/wp-content\/uploads\/2025\/01\/Wholesale-Electric-Chafer-Stainless-Steel-Round-Electric-Chafing-Dish-12x12.webp 12w, https:\/\/www.yongyukitchenware.com\/wp-content\/uploads\/2025\/01\/Wholesale-Electric-Chafer-Stainless-Steel-Round-Electric-Chafing-Dish-600x600.webp 600w, https:\/\/www.yongyukitchenware.com\/wp-content\/uploads\/2025\/01\/Wholesale-Electric-Chafer-Stainless-Steel-Round-Electric-Chafing-Dish-100x100.webp 100w\" sizes=\"(max-width: 800px) 100vw, 800px\" \/><\/figure>\n<\/div>\n<\/div>","protected":false},"excerpt":{"rendered":"<p>Como proveedor de calientaplatos, vendemos al por mayor calientaplatos el\u00e9ctricos con paneles de pantalla t\u00e1ctil para un control preciso de la temperatura, a fin de mantener eficazmente las temperaturas \u00f3ptimas de servicio. Disponemos de soluciones personalizadas a precios de f\u00e1brica, \u00a1p\u00f3ngase en contacto con nosotros ahora!<\/p>\n<h2><!-- wp:heading --><\/h2>\n<h2 class=\"wp-block-heading\">Chafer el\u00e9ctrico Atributos :<\/h2>\n<h2><!-- \/wp:heading --><\/p>\n<p><!-- wp:paragraph --><\/h2>\n<p><strong>Material: <\/strong>Acero inoxidable<br \/><strong>Color: <\/strong>Plata<br \/><strong>Forma:<\/strong> Redondo con tapa de cristal<br \/><strong>Calor: <\/strong>\u00a0Calefacci\u00f3n el\u00e9ctrica<br \/><strong>Chafer Pan: <\/strong>Rejilla \u00fanica<br \/><strong>OEM\/ODM: <\/strong>Disponible<\/p>\n<h2 class=\"wp-block-heading\">De Yongyu Chafing Dish Fabricante :<\/h2>\n<p>\u00a1Tanto si se trata de un proveedor de servicios de catering, hotel y restaurante, o empresa de planificaci\u00f3n de eventos, proporcionamos soluciones completas de platos para calentar al por mayor personalizados para ayudar a su negocio con precios de f\u00e1brica de alta calidad!<\/p>\n<h2><!-- \/wp:paragraph --><\/h2>","protected":false},"featured_media":2753,"comment_status":"closed","ping_status":"closed","template":"","meta":{"_acf_changed":false},"application":[30],"product_brand":[],"product_cat":[33],"product_tag":[],"class_list":{"0":"post-2749","1":"product","2":"type-product","3":"status-publish","4":"has-post-thumbnail","6":"application-hotel-catering","7":"product_cat-chafing-dishes-wholesale","9":"first","10":"instock","11":"shipping-taxable","12":"product-type-simple"},"acf":[],"_links":{"self":[{"href":"https:\/\/www.yongyukitchenware.com\/es\/wp-json\/wp\/v2\/product\/2749","targetHints":{"allow":["GET"]}}],"collection":[{"href":"https:\/\/www.yongyukitchenware.com\/es\/wp-json\/wp\/v2\/product"}],"about":[{"href":"https:\/\/www.yongyukitchenware.com\/es\/wp-json\/wp\/v2\/types\/product"}],"replies":[{"embeddable":true,"href":"https:\/\/www.yongyukitchenware.com\/es\/wp-json\/wp\/v2\/comments?post=2749"}],"wp:featuredmedia":[{"embeddable":true,"href":"https:\/\/www.yongyukitchenware.com\/es\/wp-json\/wp\/v2\/media\/2753"}],"wp:attachment":[{"href":"https:\/\/www.yongyukitchenware.com\/es\/wp-json\/wp\/v2\/media?parent=2749"}],"wp:term":[{"taxonomy":"application","embeddable":true,"href":"https:\/\/www.yongyukitchenware.com\/es\/wp-json\/wp\/v2\/application?post=2749"},{"taxonomy":"product_brand","embeddable":true,"href":"https:\/\/www.yongyukitchenware.com\/es\/wp-json\/wp\/v2\/product_brand?post=2749"},{"taxonomy":"product_cat","embeddable":true,"href":"https:\/\/www.yongyukitchenware.com\/es\/wp-json\/wp\/v2\/product_cat?post=2749"},{"taxonomy":"product_tag","embeddable":true,"href":"https:\/\/www.yongyukitchenware.com\/es\/wp-json\/wp\/v2\/product_tag?post=2749"}],"curies":[{"name":"wp","href":"https:\/\/api.w.org\/{rel}","templated":true}]}}