{"id":2761,"date":"2025-01-17T17:39:32","date_gmt":"2025-01-17T17:39:32","guid":{"rendered":"https:\/\/www.yongyukitchenware.com\/?post_type=product&#038;p=2761"},"modified":"2025-06-14T02:46:41","modified_gmt":"2025-06-14T02:46:41","slug":"custom-chafing-dish-with-burner","status":"publish","type":"product","link":"https:\/\/www.yongyukitchenware.com\/es\/producto\/custom-chafing-dish-with-burner\/","title":{"rendered":"Chafing Dish personalizado con quemador de acero inoxidable para banquetes"},"content":{"rendered":"<div class=\"wp-block-columns is-layout-flex wp-container-core-columns-is-layout-9d6595d7 wp-block-columns-is-layout-flex\">\n<div class=\"wp-block-column is-layout-flow wp-block-column-is-layout-flow\">\n<h2 class=\"wp-block-heading\">Par\u00e1metros de la Chafing Dish with Burner:<\/h2>\n\n\n\n<figure class=\"wp-block-table\"><table class=\"has-fixed-layout\"><tbody><tr><td>Modelo<\/td><td>Longitud * Anchura * Altura (cm)<\/td><td>Capacidad (l)<\/td><td>Peso (kg)<\/td><td>MOQ<\/td><\/tr><tr><td>DY007-CL<\/td><td>43*44*30<\/td><td>6<\/td><td>7<\/td><td>2 PIEZAS<\/td><\/tr><\/tbody><\/table><\/figure>\n\n\n\n<h2 class=\"wp-block-heading\">Caracter\u00edsticas de Chafing Dish with Burner:<\/h2>\n\n\n\n<p><strong>Material de acero inoxidable apto para alimentos: <\/strong>Fabricado en acero inoxidable respetuoso con el medio ambiente, resistente al desgaste, pulido y f\u00e1cil de limpiar.<\/p>\n\n\n\n<p><strong>Dise\u00f1o cuadrado: <\/strong>Moderno dise\u00f1o cuadrado, ocupa menos espacio y es f\u00e1cil de colocar.<\/p>\n\n\n\n<p><strong>Tapa hidr\u00e1ulica de cristal: <\/strong>Con ventana de cristal transparente, dise\u00f1o de tapa con bisagra hidr\u00e1ulica, los comensales pueden ver directamente la comida del interior a trav\u00e9s de la ventana, silencioso y estable al abrir la tapa, f\u00e1cil de manejar<\/p>\n\n\n\n<p><strong>Conservaci\u00f3n eficaz del calor: <\/strong>Equipado con quemador incorporado, proporciona una fuente de calor constante para mantener la comida caliente durante mucho tiempo, adecuado para grandes banquetes o buffets.<\/p>\n\n\n\n<p><strong>Soporte estable:<\/strong> El dise\u00f1o del soporte garantiza un apoyo estable, evita inclinaciones o sacudidas y aumenta la seguridad.<\/p>\n<\/div>\n\n\n\n<div class=\"wp-block-column is-layout-flow wp-block-column-is-layout-flow\">\n<figure class=\"wp-block-image size-full\"><img decoding=\"async\" width=\"800\" height=\"800\" src=\"https:\/\/www.yongyukitchenware.com\/wp-content\/uploads\/2025\/01\/Custom-Chafing-Dish-with-Burner-Stainless-Steel-Standing-Legs.webp\" alt=\"Chafing Dish personalizado con quemador Patas de pie de acero inoxidable\" class=\"wp-image-2771\" srcset=\"https:\/\/www.yongyukitchenware.com\/wp-content\/uploads\/2025\/01\/Custom-Chafing-Dish-with-Burner-Stainless-Steel-Standing-Legs.webp 800w, https:\/\/www.yongyukitchenware.com\/wp-content\/uploads\/2025\/01\/Custom-Chafing-Dish-with-Burner-Stainless-Steel-Standing-Legs-300x300.webp 300w, https:\/\/www.yongyukitchenware.com\/wp-content\/uploads\/2025\/01\/Custom-Chafing-Dish-with-Burner-Stainless-Steel-Standing-Legs-150x150.webp 150w, https:\/\/www.yongyukitchenware.com\/wp-content\/uploads\/2025\/01\/Custom-Chafing-Dish-with-Burner-Stainless-Steel-Standing-Legs-768x768.webp 768w, https:\/\/www.yongyukitchenware.com\/wp-content\/uploads\/2025\/01\/Custom-Chafing-Dish-with-Burner-Stainless-Steel-Standing-Legs-12x12.webp 12w, https:\/\/www.yongyukitchenware.com\/wp-content\/uploads\/2025\/01\/Custom-Chafing-Dish-with-Burner-Stainless-Steel-Standing-Legs-600x600.webp 600w, https:\/\/www.yongyukitchenware.com\/wp-content\/uploads\/2025\/01\/Custom-Chafing-Dish-with-Burner-Stainless-Steel-Standing-Legs-100x100.webp 100w\" sizes=\"(max-width: 800px) 100vw, 800px\" \/><\/figure>\n<\/div>\n<\/div>\n\n\n\n<p><\/p>","protected":false},"excerpt":{"rendered":"<p>Este calientaplatos con quemador est\u00e1 fabricado en acero inoxidable resistente y cuenta con una tapa de cristal que se puede retirar f\u00e1cilmente para su limpieza. La forma cuadrada es ligera y moderna, perfecta para cualquier evento de catering tem\u00e1tico. Si desea m\u00e1s precios al por mayor y soluciones de alta calidad, no dude en consultarnos hoy mismo.<\/p>\n<h2><!-- wp:heading --><\/h2>\n<h2 class=\"wp-block-heading\">Chafing Dish with Burner Atributos :<\/h2>\n<h2><!-- \/wp:heading --><\/p>\n<p><!-- wp:paragraph --><\/h2>\n<p><strong>Material: <\/strong>Acero inoxidable<br \/><strong>Color: <\/strong>Plata<br \/><strong>Forma:<\/strong> Cuadrado con tapa abatible<br \/><strong>Calor: <\/strong>Calefacci\u00f3n de alcohol o el\u00e9ctrica<br \/><strong>Chafer Pan: <\/strong>Rejilla \u00fanica<br \/><strong>OEM\/ODM: <\/strong>Disponible<\/p>\n<h2 class=\"wp-block-heading\">De Yongyu Chafing Dish Fabricante :<\/h2>\n<p>\u00a1Tanto si se trata de un proveedor de servicios de catering, hotel y restaurante, o empresa de planificaci\u00f3n de eventos, proporcionamos soluciones completas de platos para calentar al por mayor personalizados para ayudar a su negocio con precios de f\u00e1brica de alta calidad!<\/p>\n<h2><!-- \/wp:paragraph --><\/h2>","protected":false},"featured_media":2770,"comment_status":"closed","ping_status":"closed","template":"","meta":{"_acf_changed":false},"application":[30],"product_brand":[],"product_cat":[33],"product_tag":[],"class_list":{"0":"post-2761","1":"product","2":"type-product","3":"status-publish","4":"has-post-thumbnail","6":"application-hotel-catering","7":"product_cat-chafing-dishes-wholesale","9":"first","10":"instock","11":"shipping-taxable","12":"product-type-simple"},"acf":[],"_links":{"self":[{"href":"https:\/\/www.yongyukitchenware.com\/es\/wp-json\/wp\/v2\/product\/2761","targetHints":{"allow":["GET"]}}],"collection":[{"href":"https:\/\/www.yongyukitchenware.com\/es\/wp-json\/wp\/v2\/product"}],"about":[{"href":"https:\/\/www.yongyukitchenware.com\/es\/wp-json\/wp\/v2\/types\/product"}],"replies":[{"embeddable":true,"href":"https:\/\/www.yongyukitchenware.com\/es\/wp-json\/wp\/v2\/comments?post=2761"}],"wp:featuredmedia":[{"embeddable":true,"href":"https:\/\/www.yongyukitchenware.com\/es\/wp-json\/wp\/v2\/media\/2770"}],"wp:attachment":[{"href":"https:\/\/www.yongyukitchenware.com\/es\/wp-json\/wp\/v2\/media?parent=2761"}],"wp:term":[{"taxonomy":"application","embeddable":true,"href":"https:\/\/www.yongyukitchenware.com\/es\/wp-json\/wp\/v2\/application?post=2761"},{"taxonomy":"product_brand","embeddable":true,"href":"https:\/\/www.yongyukitchenware.com\/es\/wp-json\/wp\/v2\/product_brand?post=2761"},{"taxonomy":"product_cat","embeddable":true,"href":"https:\/\/www.yongyukitchenware.com\/es\/wp-json\/wp\/v2\/product_cat?post=2761"},{"taxonomy":"product_tag","embeddable":true,"href":"https:\/\/www.yongyukitchenware.com\/es\/wp-json\/wp\/v2\/product_tag?post=2761"}],"curies":[{"name":"wp","href":"https:\/\/api.w.org\/{rel}","templated":true}]}}