{"id":2766,"date":"2025-01-17T17:48:53","date_gmt":"2025-01-17T17:48:53","guid":{"rendered":"https:\/\/www.yongyukitchenware.com\/?post_type=product&#038;p=2766"},"modified":"2025-06-14T02:45:31","modified_gmt":"2025-06-14T02:45:31","slug":"wholesale-chafer-dish","status":"publish","type":"product","link":"https:\/\/www.yongyukitchenware.com\/es\/producto\/wholesale-chafer-dish\/","title":{"rendered":"Mayorista Bandeja Redonda de Acero Inoxidable con Tapa de Cristal"},"content":{"rendered":"<div class=\"wp-block-columns is-layout-flex wp-container-core-columns-is-layout-9d6595d7 wp-block-columns-is-layout-flex\">\n<div class=\"wp-block-column is-layout-flow wp-block-column-is-layout-flow\">\n<h2 class=\"wp-block-heading\">Par\u00e1metro del plato de la barqueta:<\/h2>\n\n\n\n<figure class=\"wp-block-table\"><table class=\"has-fixed-layout\"><tbody><tr><td>Modelo<\/td><td>Longitud * Anchura * Altura (cm)<\/td><td>Capacidad (l)<\/td><td>Peso (kg)<\/td><td>MOQ<\/td><\/tr><tr><td rowspan=\"2\">DY017-CL<\/td><td>52*43*23<\/td><td rowspan=\"2\">6<\/td><td>9.8<\/td><td rowspan=\"2\">2 PIEZAS<\/td><\/tr><tr><td>52*43*30<\/td><td>9.8<\/td><\/tr><\/tbody><\/table><\/figure>\n\n\n\n<h2 class=\"wp-block-heading\">Caracter\u00edsticas:<\/h2>\n\n\n\n<p><strong>Duradera:<\/strong> Este plato est\u00e1 fabricado con material de acero inoxidable de alta calidad, resistente a la corrosi\u00f3n y a las altas temperaturas, lo que garantiza un uso prolongado.<\/p>\n\n\n\n<p><strong>Dise\u00f1o redondo: <\/strong>Un dise\u00f1o redondo cl\u00e1sico para un calentamiento m\u00e1s uniforme de los alimentos, adecuado para todo tipo de buf\u00e9s y banquetes.<\/p>\n\n\n\n<p><strong>Dos m\u00e9todos de calentamiento:<\/strong> Los m\u00e9todos de calentamiento por alcohol y por placa el\u00e9ctrica est\u00e1n disponibles para satisfacer diferentes necesidades<\/p>\n\n\n\n<p><strong>Tapa redonda:<\/strong> La tapa de la olla con amortiguaci\u00f3n hidr\u00e1ulica reforzada se puede cerrar silenciosa y lentamente, es f\u00e1cil de abrir y cerrar, y tiene una tapa de cristal transparente, f\u00e1cil de comprobar el estado de los alimentos<\/p>\n\n\n\n<p><strong>Dise\u00f1o dividido:<\/strong> La olla y el hornillo se pueden separar, m\u00e1s c\u00f3modo de limpiar.<\/p>\n<\/div>\n\n\n\n<div class=\"wp-block-column is-layout-flow wp-block-column-is-layout-flow\">\n<figure class=\"wp-block-image size-full\"><img decoding=\"async\" width=\"800\" height=\"800\" src=\"https:\/\/www.yongyukitchenware.com\/wp-content\/uploads\/2025\/01\/Wholesale-Chafer-Dish-Round-Stainless-Steel-in-short-Heights-2.webp\" alt=\"Venta al Mayor Plato de Acero Inoxidable Redondo en Alturas cortas (2)\" class=\"wp-image-2767\" srcset=\"https:\/\/www.yongyukitchenware.com\/wp-content\/uploads\/2025\/01\/Wholesale-Chafer-Dish-Round-Stainless-Steel-in-short-Heights-2.webp 800w, https:\/\/www.yongyukitchenware.com\/wp-content\/uploads\/2025\/01\/Wholesale-Chafer-Dish-Round-Stainless-Steel-in-short-Heights-2-300x300.webp 300w, https:\/\/www.yongyukitchenware.com\/wp-content\/uploads\/2025\/01\/Wholesale-Chafer-Dish-Round-Stainless-Steel-in-short-Heights-2-150x150.webp 150w, https:\/\/www.yongyukitchenware.com\/wp-content\/uploads\/2025\/01\/Wholesale-Chafer-Dish-Round-Stainless-Steel-in-short-Heights-2-768x768.webp 768w, https:\/\/www.yongyukitchenware.com\/wp-content\/uploads\/2025\/01\/Wholesale-Chafer-Dish-Round-Stainless-Steel-in-short-Heights-2-12x12.webp 12w, https:\/\/www.yongyukitchenware.com\/wp-content\/uploads\/2025\/01\/Wholesale-Chafer-Dish-Round-Stainless-Steel-in-short-Heights-2-600x600.webp 600w, https:\/\/www.yongyukitchenware.com\/wp-content\/uploads\/2025\/01\/Wholesale-Chafer-Dish-Round-Stainless-Steel-in-short-Heights-2-100x100.webp 100w\" sizes=\"(max-width: 800px) 100vw, 800px\" \/><\/figure>\n<\/div>\n<\/div>","protected":false},"excerpt":{"rendered":"<p>Descubra los calientaplatos redondos de acero inoxidable al por mayor de Yongyu, disponibles en dos c\u00f3modas alturas. Nuestros calientaplatos duraderos y elegantes, perfectos para empresas de catering y restaurantes, garantizan que los alimentos se mantengan a la temperatura ideal para servirlos. Compre ahora a precios y calidad inmejorables.<\/p>\n<h2><!-- wp:heading --><\/h2>\n<h2 class=\"wp-block-heading\">Atributos de la cubeta :<\/h2>\n<h2><!-- \/wp:heading --><\/p>\n<p><!-- wp:paragraph --><\/h2>\n<p><strong>Material: <\/strong>Acero inoxidable<br \/><strong>Color: <\/strong>Plata<br \/><strong>Forma:<\/strong> Redondo con tapa abatible<br \/><strong>Calor: <\/strong>Calefacci\u00f3n de alcohol o el\u00e9ctrica<br \/><strong>Chafer Pan: <\/strong>Rejilla \u00fanica<br \/><strong>OEM\/ODM: <\/strong>Disponible<\/p>\n<h2 class=\"wp-block-heading\">De Yongyu Chafing Dish Fabricante :<\/h2>\n<p>\u00a1Tanto si se trata de un proveedor de servicios de catering, hotel y restaurante, o empresa de planificaci\u00f3n de eventos, proporcionamos soluciones completas de platos para calentar al por mayor personalizados para ayudar a su negocio con precios de f\u00e1brica de alta calidad!<\/p>\n<h2><!-- \/wp:paragraph --><\/h2>","protected":false},"featured_media":2768,"comment_status":"closed","ping_status":"closed","template":"","meta":{"_acf_changed":false},"application":[30],"product_brand":[],"product_cat":[33],"product_tag":[],"class_list":{"0":"post-2766","1":"product","2":"type-product","3":"status-publish","4":"has-post-thumbnail","6":"application-hotel-catering","7":"product_cat-chafing-dishes-wholesale","9":"first","10":"instock","11":"shipping-taxable","12":"product-type-simple"},"acf":[],"_links":{"self":[{"href":"https:\/\/www.yongyukitchenware.com\/es\/wp-json\/wp\/v2\/product\/2766","targetHints":{"allow":["GET"]}}],"collection":[{"href":"https:\/\/www.yongyukitchenware.com\/es\/wp-json\/wp\/v2\/product"}],"about":[{"href":"https:\/\/www.yongyukitchenware.com\/es\/wp-json\/wp\/v2\/types\/product"}],"replies":[{"embeddable":true,"href":"https:\/\/www.yongyukitchenware.com\/es\/wp-json\/wp\/v2\/comments?post=2766"}],"wp:featuredmedia":[{"embeddable":true,"href":"https:\/\/www.yongyukitchenware.com\/es\/wp-json\/wp\/v2\/media\/2768"}],"wp:attachment":[{"href":"https:\/\/www.yongyukitchenware.com\/es\/wp-json\/wp\/v2\/media?parent=2766"}],"wp:term":[{"taxonomy":"application","embeddable":true,"href":"https:\/\/www.yongyukitchenware.com\/es\/wp-json\/wp\/v2\/application?post=2766"},{"taxonomy":"product_brand","embeddable":true,"href":"https:\/\/www.yongyukitchenware.com\/es\/wp-json\/wp\/v2\/product_brand?post=2766"},{"taxonomy":"product_cat","embeddable":true,"href":"https:\/\/www.yongyukitchenware.com\/es\/wp-json\/wp\/v2\/product_cat?post=2766"},{"taxonomy":"product_tag","embeddable":true,"href":"https:\/\/www.yongyukitchenware.com\/es\/wp-json\/wp\/v2\/product_tag?post=2766"}],"curies":[{"name":"wp","href":"https:\/\/api.w.org\/{rel}","templated":true}]}}