{"id":2779,"date":"2025-01-17T16:59:49","date_gmt":"2025-01-17T16:59:49","guid":{"rendered":"https:\/\/www.yongyukitchenware.com\/?post_type=product&#038;p=2779"},"modified":"2025-06-14T02:48:41","modified_gmt":"2025-06-14T02:48:41","slug":"wholesale-gold-chafing-dishes","status":"publish","type":"product","link":"https:\/\/www.yongyukitchenware.com\/es\/producto\/wholesale-gold-chafing-dishes\/","title":{"rendered":"Mayorista Chafing Dishes Oro 6L con Tapa de Cristal y Soporte"},"content":{"rendered":"<div class=\"wp-block-columns is-layout-flex wp-container-core-columns-is-layout-9d6595d7 wp-block-columns-is-layout-flex\">\n<div class=\"wp-block-column is-layout-flow wp-block-column-is-layout-flow\">\n<h2 class=\"wp-block-heading\">Par\u00e1metros de los calientaplatos de oro:<\/h2>\n\n\n\n<figure class=\"wp-block-table\"><table class=\"has-fixed-layout\"><tbody><tr><td>Modelo<\/td><td>Longitud * Anchura * Altura (cm)<\/td><td>Capacidad (l)<\/td><td>Peso (kg)<\/td><td>MOQ<\/td><\/tr><tr><td>DY007-CL<\/td><td>43*44*30<\/td><td>6<\/td><td>7<\/td><td>2 PIEZAS<\/td><\/tr><\/tbody><\/table><\/figure>\n\n\n\n<h2 class=\"wp-block-heading\">Caracter\u00edsticas:<\/h2>\n\n\n\n<p><strong>Acero inoxidable duradero: <\/strong>Todo el cuerpo es de acero inoxidable de alta calidad, adecuado para un uso prolongado, no se desgasta f\u00e1cilmente y es resistente a la corrosi\u00f3n, suave y f\u00e1cil de limpiar.<\/p>\n\n\n\n<p><strong>Aspecto dorado precioso:<\/strong> El aspecto dorado cuadrado a\u00f1ade una sensaci\u00f3n de exclusividad y lujo, realza el grado general de las actividades de catering y a\u00f1ade atractivo al servicio de mesa.<\/p>\n\n\n\n<p><strong>Tapa hidr\u00e1ulica de cristal: <\/strong>Con un dise\u00f1o de ventana de cristal transparente, se puede ver claramente la comida del interior, reduciendo el n\u00famero de veces que se abre la tapa. Tapa hidr\u00e1ulica silenciosa, apertura y cierre lentos y silenciosos, mejora la experiencia del usuario.<\/p>\n\n\n\n<p><strong>Soporte estable: <\/strong>El dise\u00f1o estable de las patas garantiza la seguridad durante el uso y evita que se inclinen o vuelquen.<\/p>\n\n\n\n<p><strong>Dise\u00f1o dividido: <\/strong>La cubeta y el hornillo de la olla dorada pueden separarse, lo que resulta m\u00e1s c\u00f3modo de limpiar y ocupa menos espacio para facilitar su colocaci\u00f3n.<\/p>\n<\/div>\n\n\n\n<div class=\"wp-block-column is-layout-flow wp-block-column-is-layout-flow\">\n<figure class=\"wp-block-image size-full\"><img decoding=\"async\" width=\"800\" height=\"800\" src=\"https:\/\/www.yongyukitchenware.com\/wp-content\/uploads\/2025\/01\/Wholesale-Gold-Chafing-Dishes-Standing-Legs.webp\" alt=\"Mayorista Chafing Dishes de Oro Patas de Pie\" class=\"wp-image-2780\" srcset=\"https:\/\/www.yongyukitchenware.com\/wp-content\/uploads\/2025\/01\/Wholesale-Gold-Chafing-Dishes-Standing-Legs.webp 800w, https:\/\/www.yongyukitchenware.com\/wp-content\/uploads\/2025\/01\/Wholesale-Gold-Chafing-Dishes-Standing-Legs-300x300.webp 300w, https:\/\/www.yongyukitchenware.com\/wp-content\/uploads\/2025\/01\/Wholesale-Gold-Chafing-Dishes-Standing-Legs-150x150.webp 150w, https:\/\/www.yongyukitchenware.com\/wp-content\/uploads\/2025\/01\/Wholesale-Gold-Chafing-Dishes-Standing-Legs-768x768.webp 768w, https:\/\/www.yongyukitchenware.com\/wp-content\/uploads\/2025\/01\/Wholesale-Gold-Chafing-Dishes-Standing-Legs-12x12.webp 12w, https:\/\/www.yongyukitchenware.com\/wp-content\/uploads\/2025\/01\/Wholesale-Gold-Chafing-Dishes-Standing-Legs-600x600.webp 600w, https:\/\/www.yongyukitchenware.com\/wp-content\/uploads\/2025\/01\/Wholesale-Gold-Chafing-Dishes-Standing-Legs-100x100.webp 100w\" sizes=\"(max-width: 800px) 100vw, 800px\" \/><\/figure>\n<\/div>\n<\/div>\n\n\n\n<p><\/p>","protected":false},"excerpt":{"rendered":"<p>Yongyu Wholesale Gold Chafing Dish, hecho de acero inoxidable de alta calidad, con aspecto brillante, suave y lujoso, es uno de los estilos m\u00e1s vendidos de equipos de catering. Apoyamos los servicios de personalizaci\u00f3n y servicios de log\u00edstica para los vendedores de Amazon Lazada. \u00a1Bienvenido a preguntar!<\/p>\n<h2><!-- wp:heading --><\/h2>\n<h2 class=\"wp-block-heading\">Chafing Dishes de oro Atributos :<\/h2>\n<h2><!-- \/wp:heading --><\/p>\n<p><!-- wp:paragraph --><\/h2>\n<p><strong>Material: <\/strong>Acero inoxidable<br \/><strong>Color: <\/strong>Oro<br \/><strong>Forma:<\/strong> Cuadrado con tapa abatible<br \/><strong>Calor: <\/strong>Calefacci\u00f3n de alcohol o el\u00e9ctrica<br \/><strong>Chafer Pan: <\/strong>Rejilla \u00fanica<br \/><strong>OEM\/ODM: <\/strong>Disponible<\/p>\n<h2 class=\"wp-block-heading\">De Yongyu Chafing Dish Fabricante :<\/h2>\n<p>\u00a1Tanto si se trata de un proveedor de servicios de catering, hotel y restaurante, o empresa de planificaci\u00f3n de eventos, proporcionamos soluciones completas de platos para calentar al por mayor personalizados para ayudar a su negocio con precios de f\u00e1brica de alta calidad!<\/p>\n<h2><!-- \/wp:paragraph --><\/h2>","protected":false},"featured_media":2780,"comment_status":"closed","ping_status":"closed","template":"","meta":{"_acf_changed":false},"application":[30],"product_brand":[],"product_cat":[33],"product_tag":[],"class_list":{"0":"post-2779","1":"product","2":"type-product","3":"status-publish","4":"has-post-thumbnail","6":"application-hotel-catering","7":"product_cat-chafing-dishes-wholesale","9":"first","10":"instock","11":"shipping-taxable","12":"product-type-simple"},"acf":[],"_links":{"self":[{"href":"https:\/\/www.yongyukitchenware.com\/es\/wp-json\/wp\/v2\/product\/2779","targetHints":{"allow":["GET"]}}],"collection":[{"href":"https:\/\/www.yongyukitchenware.com\/es\/wp-json\/wp\/v2\/product"}],"about":[{"href":"https:\/\/www.yongyukitchenware.com\/es\/wp-json\/wp\/v2\/types\/product"}],"replies":[{"embeddable":true,"href":"https:\/\/www.yongyukitchenware.com\/es\/wp-json\/wp\/v2\/comments?post=2779"}],"wp:featuredmedia":[{"embeddable":true,"href":"https:\/\/www.yongyukitchenware.com\/es\/wp-json\/wp\/v2\/media\/2780"}],"wp:attachment":[{"href":"https:\/\/www.yongyukitchenware.com\/es\/wp-json\/wp\/v2\/media?parent=2779"}],"wp:term":[{"taxonomy":"application","embeddable":true,"href":"https:\/\/www.yongyukitchenware.com\/es\/wp-json\/wp\/v2\/application?post=2779"},{"taxonomy":"product_brand","embeddable":true,"href":"https:\/\/www.yongyukitchenware.com\/es\/wp-json\/wp\/v2\/product_brand?post=2779"},{"taxonomy":"product_cat","embeddable":true,"href":"https:\/\/www.yongyukitchenware.com\/es\/wp-json\/wp\/v2\/product_cat?post=2779"},{"taxonomy":"product_tag","embeddable":true,"href":"https:\/\/www.yongyukitchenware.com\/es\/wp-json\/wp\/v2\/product_tag?post=2779"}],"curies":[{"name":"wp","href":"https:\/\/api.w.org\/{rel}","templated":true}]}}