{"id":2783,"date":"2025-01-17T16:45:59","date_gmt":"2025-01-17T16:45:59","guid":{"rendered":"https:\/\/www.yongyukitchenware.com\/?post_type=product&#038;p=2783"},"modified":"2025-06-14T02:49:53","modified_gmt":"2025-06-14T02:49:53","slug":"gold-chafing-dish-buffet-set-bulk","status":"publish","type":"product","link":"https:\/\/www.yongyukitchenware.com\/es\/producto\/gold-chafing-dish-buffet-set-bulk\/","title":{"rendered":"Granel de oro personalizado Chafing Dish Buffet Set de acero inoxidable rect\u00e1ngulo"},"content":{"rendered":"<div class=\"wp-block-columns is-layout-flex wp-container-core-columns-is-layout-9d6595d7 wp-block-columns-is-layout-flex\">\n<div class=\"wp-block-column is-layout-flow wp-block-column-is-layout-flow\">\n<h2 class=\"wp-block-heading\">Set de Buffet de Platos de Oro Par\u00e1metros:<\/h2>\n\n\n\n<figure class=\"wp-block-table\"><table class=\"has-fixed-layout\"><tbody><tr><td>Modelo<\/td><td>Longitud * Anchura * Altura (cm)<\/td><td>Capacidad (l)<\/td><td>Peso (kg)<\/td><td>MOQ<\/td><\/tr><tr><td>DY007-CL<\/td><td>61*45*29<\/td><td>9<\/td><td>9.5<\/td><td>2 PIEZAS<\/td><\/tr><\/tbody><\/table><\/figure>\n\n\n\n<h2 class=\"wp-block-heading\">Set de Buffet de Platos Chafing de Oro Caracter\u00edsticas:<\/h2>\n\n\n\n<p><strong>Dise\u00f1o lujoso: <\/strong>Decoraci\u00f3n dorada, resalta el lujo y la elegancia, adecuada para banquetes de alto nivel y ocasiones formales.<\/p>\n\n\n\n<p><strong>Dise\u00f1o de gran capacidad: <\/strong>El juego de buffet con plato de fritura dorado es una estructura rectangular de gran capacidad, que puede alojar m\u00e1s platos y satisfacer las necesidades del catering a gran escala.<\/p>\n\n\n\n<p><strong>Dise\u00f1o de bisagra silenciosa: <\/strong>La bisagra hidr\u00e1ulica se abre y se cierra lentamente, es silenciosa y f\u00e1cil de manejar, y no le pellizcar\u00e1 las manos.<\/p>\n\n\n\n<p><strong>Soporte estable de acero inoxidable: <\/strong>La estructura de acero inoxidable, la base robusta y el dise\u00f1o del pie de apoyo garantizan la seguridad y la estabilidad durante el uso.<\/p>\n\n\n\n<p><strong>Conservaci\u00f3n eficaz del calor: <\/strong>Equipado con un quemador de posici\u00f3n integrado para garantizar que los platos se mantengan a la temperatura adecuada durante mucho tiempo.<\/p>\n<\/div>\n\n\n\n<div class=\"wp-block-column is-layout-flow wp-block-column-is-layout-flow\">\n<figure class=\"wp-block-image size-full\"><img decoding=\"async\" width=\"750\" height=\"750\" src=\"https:\/\/www.yongyukitchenware.com\/wp-content\/uploads\/2025\/01\/Wholesale-Commercial-Chafing-Dish-Rectangular-with-Glass-Lid-1.webp\" alt=\"Mayorista Chafing Dish Rectangular con Tapa de Cristal (1)\" class=\"wp-image-2773\" srcset=\"https:\/\/www.yongyukitchenware.com\/wp-content\/uploads\/2025\/01\/Wholesale-Commercial-Chafing-Dish-Rectangular-with-Glass-Lid-1.webp 750w, https:\/\/www.yongyukitchenware.com\/wp-content\/uploads\/2025\/01\/Wholesale-Commercial-Chafing-Dish-Rectangular-with-Glass-Lid-1-300x300.webp 300w, https:\/\/www.yongyukitchenware.com\/wp-content\/uploads\/2025\/01\/Wholesale-Commercial-Chafing-Dish-Rectangular-with-Glass-Lid-1-150x150.webp 150w, https:\/\/www.yongyukitchenware.com\/wp-content\/uploads\/2025\/01\/Wholesale-Commercial-Chafing-Dish-Rectangular-with-Glass-Lid-1-12x12.webp 12w, https:\/\/www.yongyukitchenware.com\/wp-content\/uploads\/2025\/01\/Wholesale-Commercial-Chafing-Dish-Rectangular-with-Glass-Lid-1-600x600.webp 600w, https:\/\/www.yongyukitchenware.com\/wp-content\/uploads\/2025\/01\/Wholesale-Commercial-Chafing-Dish-Rectangular-with-Glass-Lid-1-100x100.webp 100w\" sizes=\"(max-width: 750px) 100vw, 750px\" \/><\/figure>\n<\/div>\n<\/div>\n\n\n\n<p><\/p>","protected":false},"excerpt":{"rendered":"<p>Nuestro set de buffet a granel Custom Gold chafing dish presenta un moderno dise\u00f1o rectangular y con patas con un lujoso aspecto dorado, perfecto para banquetes y bodas. Los sets de chafing dish personalizados son bienvenidos para mejorar el atractivo de sus servicios de catering y su negocio.<\/p>\n<h2><!-- wp:heading --><\/h2>\n<h2 class=\"wp-block-heading\">Atributos de Gold Chafing Dish Buffet Set :<\/h2>\n<h2><!-- \/wp:heading --><\/p>\n<p><!-- wp:paragraph --><\/h2>\n<p><strong>Material: <\/strong>Acero inoxidable<br \/><strong>Color: <\/strong>Oro<br \/><strong>Forma:<\/strong> Rectangular con tapa abatible<br \/><strong>Calor: <\/strong>Calefacci\u00f3n de alcohol o el\u00e9ctrica<br \/><strong>Chafer Pan: <\/strong>Rejilla individual\/doble\/triple<br \/><strong>OEM\/ODM: <\/strong>Disponible<\/p>\n<h2 class=\"wp-block-heading\">De Yongyu Chafing Dish Fabricante :<\/h2>\n<p>\u00a1Tanto si se trata de un proveedor de servicios de catering, hotel y restaurante, o empresa de planificaci\u00f3n de eventos, proporcionamos soluciones completas de platos para calentar al por mayor personalizados para ayudar a su negocio con precios de f\u00e1brica de alta calidad!<\/p>\n<h2><!-- \/wp:paragraph --><\/h2>","protected":false},"featured_media":2784,"comment_status":"closed","ping_status":"closed","template":"","meta":{"_acf_changed":false},"application":[30],"product_brand":[],"product_cat":[33],"product_tag":[],"class_list":{"0":"post-2783","1":"product","2":"type-product","3":"status-publish","4":"has-post-thumbnail","6":"application-hotel-catering","7":"product_cat-chafing-dishes-wholesale","9":"first","10":"instock","11":"shipping-taxable","12":"product-type-simple"},"acf":[],"_links":{"self":[{"href":"https:\/\/www.yongyukitchenware.com\/es\/wp-json\/wp\/v2\/product\/2783","targetHints":{"allow":["GET"]}}],"collection":[{"href":"https:\/\/www.yongyukitchenware.com\/es\/wp-json\/wp\/v2\/product"}],"about":[{"href":"https:\/\/www.yongyukitchenware.com\/es\/wp-json\/wp\/v2\/types\/product"}],"replies":[{"embeddable":true,"href":"https:\/\/www.yongyukitchenware.com\/es\/wp-json\/wp\/v2\/comments?post=2783"}],"wp:featuredmedia":[{"embeddable":true,"href":"https:\/\/www.yongyukitchenware.com\/es\/wp-json\/wp\/v2\/media\/2784"}],"wp:attachment":[{"href":"https:\/\/www.yongyukitchenware.com\/es\/wp-json\/wp\/v2\/media?parent=2783"}],"wp:term":[{"taxonomy":"application","embeddable":true,"href":"https:\/\/www.yongyukitchenware.com\/es\/wp-json\/wp\/v2\/application?post=2783"},{"taxonomy":"product_brand","embeddable":true,"href":"https:\/\/www.yongyukitchenware.com\/es\/wp-json\/wp\/v2\/product_brand?post=2783"},{"taxonomy":"product_cat","embeddable":true,"href":"https:\/\/www.yongyukitchenware.com\/es\/wp-json\/wp\/v2\/product_cat?post=2783"},{"taxonomy":"product_tag","embeddable":true,"href":"https:\/\/www.yongyukitchenware.com\/es\/wp-json\/wp\/v2\/product_tag?post=2783"}],"curies":[{"name":"wp","href":"https:\/\/api.w.org\/{rel}","templated":true}]}}