{"id":2786,"date":"2025-01-17T18:24:17","date_gmt":"2025-01-17T18:24:17","guid":{"rendered":"https:\/\/www.yongyukitchenware.com\/?post_type=product&#038;p=2786"},"modified":"2025-06-14T02:39:37","modified_gmt":"2025-06-14T02:39:37","slug":"wholesale-chafing-dishes-electric","status":"publish","type":"product","link":"https:\/\/www.yongyukitchenware.com\/es\/producto\/wholesale-chafing-dishes-electric\/","title":{"rendered":"Mayorista Chafing Dishes El\u00e9ctrico Inoxidable con Tapa de Cristal"},"content":{"rendered":"<div class=\"wp-block-columns is-layout-flex wp-container-core-columns-is-layout-9d6595d7 wp-block-columns-is-layout-flex\">\n<div class=\"wp-block-column is-layout-flow wp-block-column-is-layout-flow\">\n<h2 class=\"wp-block-heading\">Chafing Dishes Par\u00e1metro el\u00e9ctrico:<\/h2>\n\n\n\n<figure class=\"wp-block-table\"><table class=\"has-fixed-layout\"><tbody><tr><td>Modelo<\/td><td>Longitud * Anchura * Altura (cm)<\/td><td>Capacidad (l)<\/td><td>Peso (kg)<\/td><td>MOQ<\/td><\/tr><tr><td>DY012-CL<\/td><td>57*37*22<\/td><td>9<\/td><td>10.3<\/td><td>2 PIEZAS<\/td><\/tr><\/tbody><\/table><\/figure>\n\n\n\n<h2 class=\"wp-block-heading\">Chafing Dishes Caracter\u00edsticas el\u00e9ctricas:<\/h2>\n\n\n\n<p><strong>Puerto de alimentaci\u00f3n independiente:<\/strong> Puerto de alimentaci\u00f3n duradero de alta calidad, f\u00e1cil de usar, no se arrastra<\/p>\n\n\n\n<p><strong>Material duradero: <\/strong>Chafing dishes el\u00e9ctricos de acero inoxidable de alta calidad, resistentes a la corrosi\u00f3n y al calor, que garantizan un uso prolongado.<\/p>\n\n\n\n<p><strong>Temperatura de control num\u00e9rico: <\/strong>Temperatura de control de punto de contacto, visualizaci\u00f3n precisa de la temperatura<\/p>\n\n\n\n<p><strong>Gran capacidad:<\/strong> La gran capacidad de 9 litros es adecuada para grandes reuniones, buf\u00e9s y eventos, ya que reduce la necesidad de reponer alimentos con frecuencia.<\/p>\n\n\n\n<p><strong>Dise\u00f1o de la tapa de cristal:<\/strong> La tapa de cristal transparente facilita la visi\u00f3n y hace que el servicio sea m\u00e1s eficaz.<\/p>\n\n\n\n<p><strong>F\u00e1cil de usar:<\/strong> Dise\u00f1o c\u00f3modo, instalaci\u00f3n sencilla, f\u00e1cil de manejar y mantener, mayor eficiencia de servicio.<\/p>\n<\/div>\n\n\n\n<div class=\"wp-block-column is-layout-flow wp-block-column-is-layout-flow\">\n<figure class=\"wp-block-image size-full\"><img decoding=\"async\" width=\"800\" height=\"800\" src=\"https:\/\/www.yongyukitchenware.com\/wp-content\/uploads\/2025\/01\/Wholesale-Chafing-Dishes-Electric-9L-with-Visible-Glass-Lid-3.webp\" alt=\"Mayorista Chafing Dishes El\u00e9ctricos 9L con Tapa de Cristal Visible (3)\" class=\"wp-image-2790\" srcset=\"https:\/\/www.yongyukitchenware.com\/wp-content\/uploads\/2025\/01\/Wholesale-Chafing-Dishes-Electric-9L-with-Visible-Glass-Lid-3.webp 800w, https:\/\/www.yongyukitchenware.com\/wp-content\/uploads\/2025\/01\/Wholesale-Chafing-Dishes-Electric-9L-with-Visible-Glass-Lid-3-300x300.webp 300w, https:\/\/www.yongyukitchenware.com\/wp-content\/uploads\/2025\/01\/Wholesale-Chafing-Dishes-Electric-9L-with-Visible-Glass-Lid-3-150x150.webp 150w, https:\/\/www.yongyukitchenware.com\/wp-content\/uploads\/2025\/01\/Wholesale-Chafing-Dishes-Electric-9L-with-Visible-Glass-Lid-3-768x768.webp 768w, https:\/\/www.yongyukitchenware.com\/wp-content\/uploads\/2025\/01\/Wholesale-Chafing-Dishes-Electric-9L-with-Visible-Glass-Lid-3-12x12.webp 12w, https:\/\/www.yongyukitchenware.com\/wp-content\/uploads\/2025\/01\/Wholesale-Chafing-Dishes-Electric-9L-with-Visible-Glass-Lid-3-600x600.webp 600w, https:\/\/www.yongyukitchenware.com\/wp-content\/uploads\/2025\/01\/Wholesale-Chafing-Dishes-Electric-9L-with-Visible-Glass-Lid-3-100x100.webp 100w\" sizes=\"(max-width: 800px) 100vw, 800px\" \/><\/figure>\n<\/div>\n<\/div>","protected":false},"excerpt":{"rendered":"<p>Bienvenido a la venta al por mayor de chafing dish el\u00e9ctrico con una gran capacidad de 9L y un panel de control de temperatura digital para una conservaci\u00f3n duradera del calor. Dise\u00f1o moderno aspecto brillante, adecuado para buffets y eventos de catering. \u00a1Ofrecemos los mejores descuentos para la personalizaci\u00f3n a granel, bienvenido a preguntar!<\/p>\n<h2><!-- wp:heading --><\/h2>\n<h2 class=\"wp-block-heading\">Atributos de los Chafing Dishes Electric:<\/h2>\n<h2><!-- \/wp:heading --><\/p>\n<p><!-- wp:paragraph --><\/h2>\n<p><strong>Material: <\/strong>Acero inoxidable<br \/><strong>Color: <\/strong>Plata<br \/><strong>Forma:<\/strong> Rectangular con tapa abatible<br \/><strong>Calor: <\/strong>Calefacci\u00f3n el\u00e9ctrica<br \/><strong>Chafer Pan: <\/strong>Rejilla individual\/doble\/triple<br \/><strong>OEM\/ODM: <\/strong>Disponible<\/p>\n<h2 class=\"wp-block-heading\">De Yongyu Chafing Dish Fabricante :<\/h2>\n<p>\u00a1Tanto si se trata de un proveedor de servicios de catering, hotel y restaurante, o empresa de planificaci\u00f3n de eventos, proporcionamos soluciones completas de platos para calentar al por mayor personalizados para ayudar a su negocio con precios de f\u00e1brica de alta calidad!<\/p>\n<h2><!-- \/wp:paragraph --><\/h2>","protected":false},"featured_media":2789,"comment_status":"closed","ping_status":"closed","template":"","meta":{"_acf_changed":false},"application":[30],"product_brand":[],"product_cat":[33],"product_tag":[43],"class_list":{"0":"post-2786","1":"product","2":"type-product","3":"status-publish","4":"has-post-thumbnail","6":"application-hotel-catering","7":"product_cat-chafing-dishes-wholesale","8":"product_tag-recommend","10":"first","11":"instock","12":"shipping-taxable","13":"product-type-simple"},"acf":[],"_links":{"self":[{"href":"https:\/\/www.yongyukitchenware.com\/es\/wp-json\/wp\/v2\/product\/2786","targetHints":{"allow":["GET"]}}],"collection":[{"href":"https:\/\/www.yongyukitchenware.com\/es\/wp-json\/wp\/v2\/product"}],"about":[{"href":"https:\/\/www.yongyukitchenware.com\/es\/wp-json\/wp\/v2\/types\/product"}],"replies":[{"embeddable":true,"href":"https:\/\/www.yongyukitchenware.com\/es\/wp-json\/wp\/v2\/comments?post=2786"}],"wp:featuredmedia":[{"embeddable":true,"href":"https:\/\/www.yongyukitchenware.com\/es\/wp-json\/wp\/v2\/media\/2789"}],"wp:attachment":[{"href":"https:\/\/www.yongyukitchenware.com\/es\/wp-json\/wp\/v2\/media?parent=2786"}],"wp:term":[{"taxonomy":"application","embeddable":true,"href":"https:\/\/www.yongyukitchenware.com\/es\/wp-json\/wp\/v2\/application?post=2786"},{"taxonomy":"product_brand","embeddable":true,"href":"https:\/\/www.yongyukitchenware.com\/es\/wp-json\/wp\/v2\/product_brand?post=2786"},{"taxonomy":"product_cat","embeddable":true,"href":"https:\/\/www.yongyukitchenware.com\/es\/wp-json\/wp\/v2\/product_cat?post=2786"},{"taxonomy":"product_tag","embeddable":true,"href":"https:\/\/www.yongyukitchenware.com\/es\/wp-json\/wp\/v2\/product_tag?post=2786"}],"curies":[{"name":"wp","href":"https:\/\/api.w.org\/{rel}","templated":true}]}}