{"id":2827,"date":"2025-01-24T10:57:51","date_gmt":"2025-01-24T10:57:51","guid":{"rendered":"https:\/\/www.yongyukitchenware.com\/?post_type=product&#038;p=2827"},"modified":"2025-06-14T02:16:58","modified_gmt":"2025-06-14T02:16:58","slug":"wholesale-chafing-dish-electric","status":"publish","type":"product","link":"https:\/\/www.yongyukitchenware.com\/es\/producto\/wholesale-chafing-dish-electric\/","title":{"rendered":"Mayorista Calientaplatos El\u00e9ctrico Acero Inoxidable 6L Cuadrado"},"content":{"rendered":"<div class=\"wp-block-columns is-layout-flex wp-container-core-columns-is-layout-9d6595d7 wp-block-columns-is-layout-flex\">\n<div class=\"wp-block-column is-layout-flow wp-block-column-is-layout-flow\">\n<h2 class=\"wp-block-heading\">Chafing Dish Par\u00e1metro el\u00e9ctrico:<\/h2>\n\n\n\n<figure class=\"wp-block-table\"><table class=\"has-fixed-layout\"><tbody><tr><td>Modelo<\/td><td>Longitud * Anchura * Altura (cm)<\/td><td>Capacidad (l)<\/td><td>Peso (kg)<\/td><td>MOQ<\/td><\/tr><tr><td>DY011-CL<\/td><td>40*40*25<\/td><td>6<\/td><td>8.6<\/td><td>2 PIEZAS<\/td><\/tr><\/tbody><\/table><\/figure>\n\n\n\n<h2 class=\"wp-block-heading\">Chafing Dish Caracter\u00edsticas el\u00e9ctricas:<\/h2>\n\n\n\n<p><strong>6L Capacidad:<\/strong> El chafing dish el\u00e9ctrico al por mayor tiene espacio suficiente para contener una gran variedad de platos, perfecto para buffets, fiestas o uso diario.<\/p>\n\n\n\n<p><strong>Dise\u00f1o cuadrado: <\/strong>Encaja perfectamente en espacios reducidos y ofrece un aspecto elegante.<\/p>\n\n\n\n<p><strong>Construcci\u00f3n de acero inoxidable:<\/strong> El calientaplatos el\u00e9ctrico es resistente a la corrosi\u00f3n y a las manchas, lo que garantiza una larga vida \u00fatil y un f\u00e1cil mantenimiento.<\/p>\n\n\n\n<p><strong>Sistema de calefacci\u00f3n el\u00e9ctrico:<\/strong> Proporciona una distribuci\u00f3n uniforme del calor para mantener temperaturas \u00f3ptimas de servicio sin cocer en exceso.<\/p>\n\n\n\n<p><strong>Controles f\u00e1ciles de usar:<\/strong> Control de temperatura por contacto puntual con visualizaci\u00f3n precisa de la temperatura y manejo sencillo para todos los niveles de habilidad.<\/p>\n<\/div>\n\n\n\n<div class=\"wp-block-column is-layout-flow wp-block-column-is-layout-flow\">\n<figure class=\"wp-block-image size-full\"><img decoding=\"async\" width=\"750\" height=\"891\" src=\"https:\/\/www.yongyukitchenware.com\/wp-content\/uploads\/2025\/01\/Large-Electric-Chafing-Dishes-Wholesale-Stainless-Steel-with-Handle-3.webp\" alt=\"Gran Chafing Platos El\u00e9ctricos al por mayor de acero inoxidable con mango (3)\" class=\"wp-image-2822\" srcset=\"https:\/\/www.yongyukitchenware.com\/wp-content\/uploads\/2025\/01\/Large-Electric-Chafing-Dishes-Wholesale-Stainless-Steel-with-Handle-3.webp 750w, https:\/\/www.yongyukitchenware.com\/wp-content\/uploads\/2025\/01\/Large-Electric-Chafing-Dishes-Wholesale-Stainless-Steel-with-Handle-3-253x300.webp 253w, https:\/\/www.yongyukitchenware.com\/wp-content\/uploads\/2025\/01\/Large-Electric-Chafing-Dishes-Wholesale-Stainless-Steel-with-Handle-3-10x12.webp 10w, https:\/\/www.yongyukitchenware.com\/wp-content\/uploads\/2025\/01\/Large-Electric-Chafing-Dishes-Wholesale-Stainless-Steel-with-Handle-3-600x713.webp 600w\" sizes=\"(max-width: 750px) 100vw, 750px\" \/><\/figure>\n<\/div>\n<\/div>","protected":false},"excerpt":{"rendered":"<p>Lleve su servicio de comidas al siguiente nivel con el calientaplatos el\u00e9ctrico cuadrado de 6 litros de Yongyu. Este pr\u00e1ctico sistema de calentamiento el\u00e9ctrico permite un control constante de la temperatura; su construcci\u00f3n en acero inoxidable le proporciona un uso duradero. Es ideal para mantener la comida caliente y fresca en cualquier evento, ya sean funciones corporativas o dom\u00e9sticas.<\/p>\n<h2><!-- wp:heading --><\/h2>\n<h2 class=\"wp-block-heading\">Atributos de Chafing Dish Electric:<\/h2>\n<h2><!-- \/wp:heading --><\/p>\n<p><!-- wp:paragraph --><\/h2>\n<p><strong>Material: <\/strong>Acero inoxidable<br \/><strong>Color: <\/strong>Plata<br \/><strong>Forma:<\/strong> Cuadrado con tapa abatible<br \/><strong>Calor: <\/strong>Calefacci\u00f3n el\u00e9ctrica<br \/><strong>Chafer Pan: <\/strong>Rejilla simple\/doble<br \/><strong>OEM\/ODM: <\/strong>Disponible<\/p>\n<h2 class=\"wp-block-heading\">De Yongyu Chafing Dish Fabricante :<\/h2>\n<p>\u00a1Tanto si se trata de un proveedor de servicios de catering, hotel y restaurante, o empresa de planificaci\u00f3n de eventos, proporcionamos soluciones completas de platos para calentar al por mayor personalizados para ayudar a su negocio con precios de f\u00e1brica de alta calidad!<\/p>\n<h2><!-- \/wp:paragraph --><\/h2>","protected":false},"featured_media":2828,"comment_status":"closed","ping_status":"closed","template":"","meta":{"_acf_changed":true},"application":[30],"product_brand":[],"product_cat":[33],"product_tag":[],"class_list":{"0":"post-2827","1":"product","2":"type-product","3":"status-publish","4":"has-post-thumbnail","6":"application-hotel-catering","7":"product_cat-chafing-dishes-wholesale","9":"first","10":"instock","11":"shipping-taxable","12":"product-type-simple"},"acf":[],"_links":{"self":[{"href":"https:\/\/www.yongyukitchenware.com\/es\/wp-json\/wp\/v2\/product\/2827","targetHints":{"allow":["GET"]}}],"collection":[{"href":"https:\/\/www.yongyukitchenware.com\/es\/wp-json\/wp\/v2\/product"}],"about":[{"href":"https:\/\/www.yongyukitchenware.com\/es\/wp-json\/wp\/v2\/types\/product"}],"replies":[{"embeddable":true,"href":"https:\/\/www.yongyukitchenware.com\/es\/wp-json\/wp\/v2\/comments?post=2827"}],"wp:featuredmedia":[{"embeddable":true,"href":"https:\/\/www.yongyukitchenware.com\/es\/wp-json\/wp\/v2\/media\/2828"}],"wp:attachment":[{"href":"https:\/\/www.yongyukitchenware.com\/es\/wp-json\/wp\/v2\/media?parent=2827"}],"wp:term":[{"taxonomy":"application","embeddable":true,"href":"https:\/\/www.yongyukitchenware.com\/es\/wp-json\/wp\/v2\/application?post=2827"},{"taxonomy":"product_brand","embeddable":true,"href":"https:\/\/www.yongyukitchenware.com\/es\/wp-json\/wp\/v2\/product_brand?post=2827"},{"taxonomy":"product_cat","embeddable":true,"href":"https:\/\/www.yongyukitchenware.com\/es\/wp-json\/wp\/v2\/product_cat?post=2827"},{"taxonomy":"product_tag","embeddable":true,"href":"https:\/\/www.yongyukitchenware.com\/es\/wp-json\/wp\/v2\/product_tag?post=2827"}],"curies":[{"name":"wp","href":"https:\/\/api.w.org\/{rel}","templated":true}]}}