{"id":2859,"date":"2025-01-24T10:58:02","date_gmt":"2025-01-24T10:58:02","guid":{"rendered":"https:\/\/www.yongyukitchenware.com\/?post_type=product&#038;p=2859"},"modified":"2025-07-10T09:32:28","modified_gmt":"2025-07-10T09:32:28","slug":"wholesale-black-chafing-dishes","status":"publish","type":"product","link":"https:\/\/www.yongyukitchenware.com\/es\/producto\/wholesale-black-chafing-dishes\/","title":{"rendered":"Mayorista Chafing Dishes Negro Acero Inoxidable Rect\u00e1ngulo 9L"},"content":{"rendered":"<div class=\"wp-block-columns is-layout-flex wp-container-core-columns-is-layout-9d6595d7 wp-block-columns-is-layout-flex\">\n<div class=\"wp-block-column is-layout-flow wp-block-column-is-layout-flow\">\n<h2 class=\"wp-block-heading\">Par\u00e1metros de los Chafing Dishes negros:<\/h2>\n\n\n\n<figure class=\"wp-block-table\"><table class=\"has-fixed-layout\"><tbody><tr><td>Modelo<\/td><td>Longitud * Anchura * Altura (cm)<\/td><td>Capacidad (l)<\/td><td>Peso (kg)<\/td><td>MOQ<\/td><\/tr><tr><td rowspan=\"2\">DY002-CL<\/td><td>57*37*29<\/td><td rowspan=\"2\">9<\/td><td>8.8<\/td><td rowspan=\"2\">2 PIEZAS<\/td><\/tr><tr><td>57*37*32<\/td><td>9.4<\/td><\/tr><\/tbody><\/table><\/figure>\n\n\n\n<h2 class=\"wp-block-heading\">Negro Chafing Dishes Caracter\u00edsticas:<\/h2>\n\n\n\n<p><strong>Material de acero inoxidable de primera calidad:<\/strong> Nuestro Chafing Dish negro al por mayor est\u00e1 hecho de acero inoxidable de alta calidad para garantizar la durabilidad y resistencia a la corrosi\u00f3n, que puede soportar altas temperaturas y seguir funcionando de manera estable durante un tiempo prolongado.<\/p>\n\n\n\n<p><strong>9L Dise\u00f1o de gran capacidad:<\/strong> nuestros Chafing Dishes de acero inoxidable son adecuados para banquetes y fiestas a gran escala, capaces de contener una gran cantidad de comida para satisfacer a varias personas.<\/p>\n\n\n\n<p><strong>Elegante forma rectangular:<\/strong> El aspecto moderno de estos Platos para Chafing Negros al por mayor se adapta a cualquier ocasi\u00f3n formal, como un banquete de boda, un hotel, un restaurante, etc.<\/p>\n\n\n\n<p><strong>Excelente retenci\u00f3n del calor:<\/strong> Con la eficaz funci\u00f3n de conservaci\u00f3n del calor, este Chafing Dishes de acero inoxidable mantiene fresca la temperatura de los alimentos, garantizando que cada plato est\u00e9 humeante.<\/p>\n\n\n\n<p><strong>C\u00f3modo de usar:<\/strong> Equipada con un dep\u00f3sito de combustible ajustable y un dise\u00f1o con asa de transporte para facilitar su movilidad y maniobrabilidad.<\/p>\n<\/div>\n\n\n\n<div class=\"wp-block-column is-layout-flow wp-block-column-is-layout-flow\">\n<figure class=\"wp-block-image size-full\"><img decoding=\"async\" width=\"800\" height=\"800\" src=\"https:\/\/www.yongyukitchenware.com\/wp-content\/uploads\/2025\/01\/Wholesale-Stainless-Steel-Chafing-Dish-with-Clear-Lid-Custom-Warmer-6.webp\" alt=\"Mayorista Plato de Acero Inoxidable con Tapa Transparente Calentador Personalizado (6)\" class=\"wp-image-2855\" srcset=\"https:\/\/www.yongyukitchenware.com\/wp-content\/uploads\/2025\/01\/Wholesale-Stainless-Steel-Chafing-Dish-with-Clear-Lid-Custom-Warmer-6.webp 800w, https:\/\/www.yongyukitchenware.com\/wp-content\/uploads\/2025\/01\/Wholesale-Stainless-Steel-Chafing-Dish-with-Clear-Lid-Custom-Warmer-6-300x300.webp 300w, https:\/\/www.yongyukitchenware.com\/wp-content\/uploads\/2025\/01\/Wholesale-Stainless-Steel-Chafing-Dish-with-Clear-Lid-Custom-Warmer-6-150x150.webp 150w, https:\/\/www.yongyukitchenware.com\/wp-content\/uploads\/2025\/01\/Wholesale-Stainless-Steel-Chafing-Dish-with-Clear-Lid-Custom-Warmer-6-768x768.webp 768w, https:\/\/www.yongyukitchenware.com\/wp-content\/uploads\/2025\/01\/Wholesale-Stainless-Steel-Chafing-Dish-with-Clear-Lid-Custom-Warmer-6-12x12.webp 12w, https:\/\/www.yongyukitchenware.com\/wp-content\/uploads\/2025\/01\/Wholesale-Stainless-Steel-Chafing-Dish-with-Clear-Lid-Custom-Warmer-6-600x600.webp 600w, https:\/\/www.yongyukitchenware.com\/wp-content\/uploads\/2025\/01\/Wholesale-Stainless-Steel-Chafing-Dish-with-Clear-Lid-Custom-Warmer-6-100x100.webp 100w\" sizes=\"(max-width: 800px) 100vw, 800px\" \/><\/figure>\n<\/div>\n<\/div>\n\n\n\n<p><\/p>","protected":false},"excerpt":{"rendered":"<p>Estos calientaplatos negros al por mayor de Yongyu est\u00e1n fabricados con material de acero inoxidable de alta calidad con una excelente durabilidad y aspecto moderno, perfectos para reuniones y banquetes a gran escala.El dise\u00f1o de gran capacidad de 9L satisface las necesidades de varias personas, excelente conservaci\u00f3n del calor y f\u00e1cil manejo, ideal para todo tipo de ocasiones formales.<\/p>\n<h2><!-- wp:heading --><\/h2>\n<h2 class=\"wp-block-heading\">Atributos de los Chafing Dishes negros:<\/h2>\n<h2><!-- \/wp:heading --><\/p>\n<p><!-- wp:paragraph --><\/h2>\n<p><strong>Material: <\/strong>Acero inoxidable<br \/><strong>Color: <\/strong>Negro<br \/><strong>Forma: <\/strong> Rectangular con tapa abatible<br \/><strong>Calor: <\/strong>Calefacci\u00f3n el\u00e9ctrica y de alcohol\u00a0<br \/><strong>Chafer Pan: <\/strong>Rejilla simple\/doble\/tercera<br \/><strong>OEM\/ODM: <\/strong>Disponible<\/p>\n<h2 class=\"wp-block-heading\">De Yongyu Chafing Dish Fabricante :<\/h2>\n<p>\u00a1Tanto si se trata de un proveedor de servicios de catering, hotel y restaurante, o empresa de planificaci\u00f3n de eventos, proporcionamos soluciones completas de platos para calentar al por mayor personalizados para ayudar a su negocio con precios de f\u00e1brica de alta calidad!<\/p>\n<h2><!-- \/wp:paragraph --><\/h2>","protected":false},"featured_media":2860,"comment_status":"closed","ping_status":"closed","template":"","meta":{"_acf_changed":false},"application":[30],"product_brand":[],"product_cat":[33],"product_tag":[43],"class_list":{"0":"post-2859","1":"product","2":"type-product","3":"status-publish","4":"has-post-thumbnail","6":"application-hotel-catering","7":"product_cat-chafing-dishes-wholesale","8":"product_tag-recommend","10":"first","11":"instock","12":"shipping-taxable","13":"product-type-simple"},"acf":[],"_links":{"self":[{"href":"https:\/\/www.yongyukitchenware.com\/es\/wp-json\/wp\/v2\/product\/2859","targetHints":{"allow":["GET"]}}],"collection":[{"href":"https:\/\/www.yongyukitchenware.com\/es\/wp-json\/wp\/v2\/product"}],"about":[{"href":"https:\/\/www.yongyukitchenware.com\/es\/wp-json\/wp\/v2\/types\/product"}],"replies":[{"embeddable":true,"href":"https:\/\/www.yongyukitchenware.com\/es\/wp-json\/wp\/v2\/comments?post=2859"}],"wp:featuredmedia":[{"embeddable":true,"href":"https:\/\/www.yongyukitchenware.com\/es\/wp-json\/wp\/v2\/media\/2860"}],"wp:attachment":[{"href":"https:\/\/www.yongyukitchenware.com\/es\/wp-json\/wp\/v2\/media?parent=2859"}],"wp:term":[{"taxonomy":"application","embeddable":true,"href":"https:\/\/www.yongyukitchenware.com\/es\/wp-json\/wp\/v2\/application?post=2859"},{"taxonomy":"product_brand","embeddable":true,"href":"https:\/\/www.yongyukitchenware.com\/es\/wp-json\/wp\/v2\/product_brand?post=2859"},{"taxonomy":"product_cat","embeddable":true,"href":"https:\/\/www.yongyukitchenware.com\/es\/wp-json\/wp\/v2\/product_cat?post=2859"},{"taxonomy":"product_tag","embeddable":true,"href":"https:\/\/www.yongyukitchenware.com\/es\/wp-json\/wp\/v2\/product_tag?post=2859"}],"curies":[{"name":"wp","href":"https:\/\/api.w.org\/{rel}","templated":true}]}}