{"id":2869,"date":"2025-01-24T10:50:41","date_gmt":"2025-01-24T10:50:41","guid":{"rendered":"https:\/\/www.yongyukitchenware.com\/?post_type=product&#038;p=2869"},"modified":"2025-06-14T02:20:01","modified_gmt":"2025-06-14T02:20:01","slug":"wholesale-chafing-dish-roll-top","status":"publish","type":"product","link":"https:\/\/www.yongyukitchenware.com\/es\/producto\/wholesale-chafing-dish-roll-top\/","title":{"rendered":"Mayorista Calientaplatos Roll Top Acero Inoxidable Self Serve Food Warmer"},"content":{"rendered":"<div class=\"wp-block-columns is-layout-flex wp-container-core-columns-is-layout-9d6595d7 wp-block-columns-is-layout-flex\">\n<div class=\"wp-block-column is-layout-flow wp-block-column-is-layout-flow\">\n<h2 class=\"wp-block-heading\">Par\u00e1metro de la tapa del rodillo del Chafing Dish:<\/h2>\n\n\n\n<figure class=\"wp-block-table\"><table class=\"has-fixed-layout\"><tbody><tr><td>Modelo<\/td><td>Longitud * Anchura * Altura (cm)<\/td><td>Capacidad (l)<\/td><td>Peso (kg)<\/td><td>MOQ<\/td><\/tr><tr><td>DY005-CL<\/td><td>57*37*32<\/td><td>9<\/td><td>9<\/td><td>2 PIEZAS<\/td><\/tr><\/tbody><\/table><\/figure>\n\n\n\n<h2 class=\"wp-block-heading\">Chafing Dish Roll Top Caracter\u00edsticas:<\/h2>\n\n\n\n<p><strong>Dise\u00f1o Roll Top: <\/strong>La innovadora tapa enrollable de este calientaplatos de autoservicio facilita el acceso a los alimentos y mejora la experiencia del buf\u00e9, ya que permite a los comensales disfrutar de su comida sin necesidad de quitar la tapa.<\/p>\n\n\n\n<p><strong>Acero inoxidable de primera calidad: <\/strong>Nuestro plato para calentar al por mayor est\u00e1 fabricado en acero inoxidable muy duradero, resistente a la corrosi\u00f3n y al calor, y f\u00e1cil de limpiar, lo que lo hace resistente a los da\u00f1os con el paso del tiempo.<\/p>\n\n\n\n<p><strong>Dos m\u00e9todos de calentamiento: <\/strong>Nuestra venta al por mayor de chafing dish roll top est\u00e1 disponible en los m\u00e9todos de calentamiento por alcohol y por placa el\u00e9ctrica, ambos pueden mantener los alimentos a la temperatura ideal para garantizar que el sabor y la frescura sigan manteni\u00e9ndose para satisfacer diferentes necesidades.<\/p>\n\n\n\n<p><strong>Contenedor de gran capacidad: <\/strong>Adecuado para una gran variedad de buf\u00e9s, eventos de catering y grandes banquetes, proporciona un amplio espacio de almacenamiento de alimentos para satisfacer la demanda a gran escala.<\/p>\n\n\n\n<p><strong>F\u00e1cil de manejar: <\/strong>Es f\u00e1cil de servir gracias a su dise\u00f1o sencillo, por lo que el calientaplatos autoservicio de acero inoxidable es un equipo excelente para empresas de catering y eventos.<\/p>\n<\/div>\n\n\n\n<div class=\"wp-block-column is-layout-flow wp-block-column-is-layout-flow\">\n<figure class=\"wp-block-image size-full\"><img decoding=\"async\" width=\"800\" height=\"800\" src=\"https:\/\/www.yongyukitchenware.com\/wp-content\/uploads\/2025\/01\/Wholesale-Chafing-Dish-Roll-Top-Stainless-Steel-Self-Serve-Food-Warmer.webp\" alt=\"Mayorista Calientaplatos Roll Top Acero Inoxidable Self Serve Food Warmer\" class=\"wp-image-2870\" srcset=\"https:\/\/www.yongyukitchenware.com\/wp-content\/uploads\/2025\/01\/Wholesale-Chafing-Dish-Roll-Top-Stainless-Steel-Self-Serve-Food-Warmer.webp 800w, https:\/\/www.yongyukitchenware.com\/wp-content\/uploads\/2025\/01\/Wholesale-Chafing-Dish-Roll-Top-Stainless-Steel-Self-Serve-Food-Warmer-300x300.webp 300w, https:\/\/www.yongyukitchenware.com\/wp-content\/uploads\/2025\/01\/Wholesale-Chafing-Dish-Roll-Top-Stainless-Steel-Self-Serve-Food-Warmer-150x150.webp 150w, https:\/\/www.yongyukitchenware.com\/wp-content\/uploads\/2025\/01\/Wholesale-Chafing-Dish-Roll-Top-Stainless-Steel-Self-Serve-Food-Warmer-768x768.webp 768w, https:\/\/www.yongyukitchenware.com\/wp-content\/uploads\/2025\/01\/Wholesale-Chafing-Dish-Roll-Top-Stainless-Steel-Self-Serve-Food-Warmer-12x12.webp 12w, https:\/\/www.yongyukitchenware.com\/wp-content\/uploads\/2025\/01\/Wholesale-Chafing-Dish-Roll-Top-Stainless-Steel-Self-Serve-Food-Warmer-600x600.webp 600w, https:\/\/www.yongyukitchenware.com\/wp-content\/uploads\/2025\/01\/Wholesale-Chafing-Dish-Roll-Top-Stainless-Steel-Self-Serve-Food-Warmer-100x100.webp 100w\" sizes=\"(max-width: 800px) 100vw, 800px\" \/><\/figure>\n<\/div>\n<\/div>\n\n\n\n<p><\/p>","protected":false},"excerpt":{"rendered":"<p>Este plato de acero inoxidable al por mayor conserva eficazmente el calor gracias a su dise\u00f1o de f\u00e1cil acceso, lo que lo convierte en la soluci\u00f3n perfecta para grandes banquetes y buf\u00e9s. Fabricado en acero inoxidable de alta calidad, el producto garantiza una larga vida \u00fatil y una limpieza eficaz, lo que facilita a\u00fan m\u00e1s el funcionamiento de los servicios de catering.<\/p>\n<h2><!-- wp:heading --><\/h2>\n<h2 class=\"wp-block-heading\">Atributos de Chafing Dish Roll Top:<\/h2>\n<h2><!-- \/wp:heading --><\/p>\n<p><!-- wp:paragraph --><\/h2>\n<p><strong>Material: <\/strong>Acero inoxidable<br \/><strong>Color: <\/strong>Plata<br \/><strong>Forma: <\/strong> Rectangular con tapa enrollable-corta<br \/><strong>Calor: <\/strong>Calefacci\u00f3n el\u00e9ctrica y de alcohol\u00a0<br \/><strong>Chafer Pan: <\/strong>Rejilla simple\/doble\/tercera<br \/><strong>OEM\/ODM: <\/strong>Disponible<\/p>\n<h2 class=\"wp-block-heading\">De Yongyu Chafing Dish Fabricante :<\/h2>\n<p>\u00a1Tanto si se trata de un proveedor de servicios de catering, hotel y restaurante, o empresa de planificaci\u00f3n de eventos, proporcionamos soluciones completas de platos para calentar al por mayor personalizados para ayudar a su negocio con precios de f\u00e1brica de alta calidad!<\/p>\n<h2><!-- \/wp:paragraph --><\/h2>","protected":false},"featured_media":2870,"comment_status":"closed","ping_status":"closed","template":"","meta":{"_acf_changed":true},"application":[30],"product_brand":[],"product_cat":[33],"product_tag":[],"class_list":{"0":"post-2869","1":"product","2":"type-product","3":"status-publish","4":"has-post-thumbnail","6":"application-hotel-catering","7":"product_cat-chafing-dishes-wholesale","9":"first","10":"instock","11":"shipping-taxable","12":"product-type-simple"},"acf":[],"_links":{"self":[{"href":"https:\/\/www.yongyukitchenware.com\/es\/wp-json\/wp\/v2\/product\/2869","targetHints":{"allow":["GET"]}}],"collection":[{"href":"https:\/\/www.yongyukitchenware.com\/es\/wp-json\/wp\/v2\/product"}],"about":[{"href":"https:\/\/www.yongyukitchenware.com\/es\/wp-json\/wp\/v2\/types\/product"}],"replies":[{"embeddable":true,"href":"https:\/\/www.yongyukitchenware.com\/es\/wp-json\/wp\/v2\/comments?post=2869"}],"wp:featuredmedia":[{"embeddable":true,"href":"https:\/\/www.yongyukitchenware.com\/es\/wp-json\/wp\/v2\/media\/2870"}],"wp:attachment":[{"href":"https:\/\/www.yongyukitchenware.com\/es\/wp-json\/wp\/v2\/media?parent=2869"}],"wp:term":[{"taxonomy":"application","embeddable":true,"href":"https:\/\/www.yongyukitchenware.com\/es\/wp-json\/wp\/v2\/application?post=2869"},{"taxonomy":"product_brand","embeddable":true,"href":"https:\/\/www.yongyukitchenware.com\/es\/wp-json\/wp\/v2\/product_brand?post=2869"},{"taxonomy":"product_cat","embeddable":true,"href":"https:\/\/www.yongyukitchenware.com\/es\/wp-json\/wp\/v2\/product_cat?post=2869"},{"taxonomy":"product_tag","embeddable":true,"href":"https:\/\/www.yongyukitchenware.com\/es\/wp-json\/wp\/v2\/product_tag?post=2869"}],"curies":[{"name":"wp","href":"https:\/\/api.w.org\/{rel}","templated":true}]}}