{"id":2885,"date":"2025-01-24T10:48:35","date_gmt":"2025-01-24T10:48:35","guid":{"rendered":"https:\/\/www.yongyukitchenware.com\/?post_type=product&#038;p=2885"},"modified":"2025-06-14T02:27:42","modified_gmt":"2025-06-14T02:27:42","slug":"wholesale-square-chafing-dish","status":"publish","type":"product","link":"https:\/\/www.yongyukitchenware.com\/es\/producto\/wholesale-square-chafing-dish\/","title":{"rendered":"Mayorista Chafing Dish Cuadrado Acero Inoxidable con Tapa y Asa 6L"},"content":{"rendered":"<div class=\"wp-block-columns is-layout-flex wp-container-core-columns-is-layout-9d6595d7 wp-block-columns-is-layout-flex\">\n<div class=\"wp-block-column is-layout-flow wp-block-column-is-layout-flow\">\n<h2 class=\"wp-block-heading\">Par\u00e1metro del plato de fritura cuadrado:<\/h2>\n\n\n\n<figure class=\"wp-block-table\"><table class=\"has-fixed-layout\"><tbody><tr><td>Modelo<\/td><td>Longitud * Anchura * Altura (cm)<\/td><td>Capacidad (l)<\/td><td>Peso (kg)<\/td><td>MOQ<\/td><\/tr><tr><td rowspan=\"2\">DY001-CL<\/td><td>40*40*25<\/td><td rowspan=\"2\">6<\/td><td>7.4<\/td><td rowspan=\"2\">2 PIEZAS<\/td><\/tr><tr><td>40*40*32<\/td><td>7.9<\/td><\/tr><\/tbody><\/table><\/figure>\n\n\n\n<h2 class=\"wp-block-heading\">Chafing Dish cuadrado Caracter\u00edsticas:<\/h2>\n\n\n\n<p><strong>Dise\u00f1o de gran capacidad: <\/strong>Este calientaplatos cuadrado al por mayor tiene una capacidad de 6 litros, adecuada para peque\u00f1as reuniones o banquetes de tama\u00f1o medio, satisface la necesidad de mantener caliente la cantidad adecuada de comida y se adapta perfectamente a diferentes ocasiones.<\/p>\n\n\n\n<p><strong>Acero inoxidable de alta calidad Material: <\/strong>Nuestra estufa de buffet al por mayor est\u00e1 hecha de acero inoxidable de alta calidad, que tiene una fuerte resistencia a la corrosi\u00f3n y a las altas temperaturas, garantizando que no se deforme ni se oxide en el uso a largo plazo.<\/p>\n\n\n\n<p><strong>Con tapa y asa: <\/strong>Nuestro calientaplatos cuadrado al por mayor viene con una tapa segura y s\u00f3lida para evitar que se salga la comida, y un c\u00f3modo asa para manipularlo y servirlo con facilidad.<\/p>\n\n\n\n<p><strong>Aspecto sencillo y moderno:<\/strong> El dise\u00f1o cuadrado de nuestro plato de fritura cuadrado al por mayor es sencillo y elegante, adecuado para todo tipo de banquetes y buffets, mejorando el ambiente general del lugar y la experiencia del cliente.<\/p>\n\n\n\n<p><strong>F\u00e1cil de limpiar y mantener: <\/strong>La superficie lisa de acero inoxidable reduce la adherencia de restos de comida, es f\u00e1cil de limpiar y ahorra tiempo de mantenimiento.<\/p>\n<\/div>\n\n\n\n<div class=\"wp-block-column is-layout-flow wp-block-column-is-layout-flow\">\n<figure class=\"wp-block-image size-full\"><img decoding=\"async\" width=\"800\" height=\"800\" src=\"https:\/\/www.yongyukitchenware.com\/wp-content\/uploads\/2025\/01\/Wholesale-Square-Chafing-Dish-Stainless-Steel-with-Lid-and-Handle-6L-2.webp\" alt=\"Mayorista Chafing Dish Cuadrado Acero Inoxidable con Tapa y Asa 6L (2)\" class=\"wp-image-2887\" srcset=\"https:\/\/www.yongyukitchenware.com\/wp-content\/uploads\/2025\/01\/Wholesale-Square-Chafing-Dish-Stainless-Steel-with-Lid-and-Handle-6L-2.webp 800w, https:\/\/www.yongyukitchenware.com\/wp-content\/uploads\/2025\/01\/Wholesale-Square-Chafing-Dish-Stainless-Steel-with-Lid-and-Handle-6L-2-300x300.webp 300w, https:\/\/www.yongyukitchenware.com\/wp-content\/uploads\/2025\/01\/Wholesale-Square-Chafing-Dish-Stainless-Steel-with-Lid-and-Handle-6L-2-150x150.webp 150w, https:\/\/www.yongyukitchenware.com\/wp-content\/uploads\/2025\/01\/Wholesale-Square-Chafing-Dish-Stainless-Steel-with-Lid-and-Handle-6L-2-768x768.webp 768w, https:\/\/www.yongyukitchenware.com\/wp-content\/uploads\/2025\/01\/Wholesale-Square-Chafing-Dish-Stainless-Steel-with-Lid-and-Handle-6L-2-12x12.webp 12w, https:\/\/www.yongyukitchenware.com\/wp-content\/uploads\/2025\/01\/Wholesale-Square-Chafing-Dish-Stainless-Steel-with-Lid-and-Handle-6L-2-600x600.webp 600w, https:\/\/www.yongyukitchenware.com\/wp-content\/uploads\/2025\/01\/Wholesale-Square-Chafing-Dish-Stainless-Steel-with-Lid-and-Handle-6L-2-100x100.webp 100w\" sizes=\"(max-width: 800px) 100vw, 800px\" \/><\/figure>\n<\/div>\n<\/div>\n\n\n\n<p><\/p>","protected":false},"excerpt":{"rendered":"<p>El calientaplatos cuadrado al por mayor de yongyu est\u00e1 fabricado en acero inoxidable de alta calidad con tapa y asa, de gran capacidad y comodidad, adecuado para peque\u00f1os banquetes o fiestas. El acero inoxidable de alta calidad garantiza la durabilidad y el aspecto limpio realza cualquier ocasi\u00f3n a la vez que es f\u00e1cil de limpiar y mantener, por lo que es ideal para el servicio de comidas y buffets.<\/p>\n<h2><!-- wp:heading --><\/h2>\n<h2 class=\"wp-block-heading\">Atributos de Square Chafing Dish:<\/h2>\n<h2><!-- \/wp:heading --><\/p>\n<p><!-- wp:paragraph --><\/h2>\n<p><strong>Material: <\/strong>Acero inoxidable<br \/><strong>Color: <\/strong>Plata<br \/><strong>Forma:<\/strong> Cuadrado con tapa abatible<br \/><strong>Calor: <\/strong>Calefacci\u00f3n de alcohol y calefacci\u00f3n el\u00e9ctrica<br \/><strong>Chafer Pan: <\/strong>Rejilla individual\/doble\/triple<br \/><strong>OEM\/ODM: <\/strong>Disponible<\/p>\n<h2 class=\"wp-block-heading\">De Yongyu Chafing Dish Fabricante :<\/h2>\n<p>\u00a1Tanto si se trata de un proveedor de servicios de catering, hotel y restaurante, o empresa de planificaci\u00f3n de eventos, proporcionamos soluciones completas de platos para calentar al por mayor personalizados para ayudar a su negocio con precios de f\u00e1brica de alta calidad!<\/p>\n<h2><!-- \/wp:paragraph --><\/h2>","protected":false},"featured_media":2888,"comment_status":"closed","ping_status":"closed","template":"","meta":{"_acf_changed":true},"application":[30],"product_brand":[],"product_cat":[33],"product_tag":[],"class_list":{"0":"post-2885","1":"product","2":"type-product","3":"status-publish","4":"has-post-thumbnail","6":"application-hotel-catering","7":"product_cat-chafing-dishes-wholesale","9":"first","10":"instock","11":"shipping-taxable","12":"product-type-simple"},"acf":[],"_links":{"self":[{"href":"https:\/\/www.yongyukitchenware.com\/es\/wp-json\/wp\/v2\/product\/2885","targetHints":{"allow":["GET"]}}],"collection":[{"href":"https:\/\/www.yongyukitchenware.com\/es\/wp-json\/wp\/v2\/product"}],"about":[{"href":"https:\/\/www.yongyukitchenware.com\/es\/wp-json\/wp\/v2\/types\/product"}],"replies":[{"embeddable":true,"href":"https:\/\/www.yongyukitchenware.com\/es\/wp-json\/wp\/v2\/comments?post=2885"}],"wp:featuredmedia":[{"embeddable":true,"href":"https:\/\/www.yongyukitchenware.com\/es\/wp-json\/wp\/v2\/media\/2888"}],"wp:attachment":[{"href":"https:\/\/www.yongyukitchenware.com\/es\/wp-json\/wp\/v2\/media?parent=2885"}],"wp:term":[{"taxonomy":"application","embeddable":true,"href":"https:\/\/www.yongyukitchenware.com\/es\/wp-json\/wp\/v2\/application?post=2885"},{"taxonomy":"product_brand","embeddable":true,"href":"https:\/\/www.yongyukitchenware.com\/es\/wp-json\/wp\/v2\/product_brand?post=2885"},{"taxonomy":"product_cat","embeddable":true,"href":"https:\/\/www.yongyukitchenware.com\/es\/wp-json\/wp\/v2\/product_cat?post=2885"},{"taxonomy":"product_tag","embeddable":true,"href":"https:\/\/www.yongyukitchenware.com\/es\/wp-json\/wp\/v2\/product_tag?post=2885"}],"curies":[{"name":"wp","href":"https:\/\/api.w.org\/{rel}","templated":true}]}}