{"id":2893,"date":"2025-01-24T10:44:32","date_gmt":"2025-01-24T10:44:32","guid":{"rendered":"https:\/\/www.yongyukitchenware.com\/?post_type=product&#038;p=2893"},"modified":"2025-06-14T02:29:16","modified_gmt":"2025-06-14T02:29:16","slug":"bulk-chafing-dish-for-buffet","status":"publish","type":"product","link":"https:\/\/www.yongyukitchenware.com\/es\/producto\/bulk-chafing-dish-for-buffet\/","title":{"rendered":"Granel Roud Chafing Dish for Buffet Stainless Chafer"},"content":{"rendered":"<div class=\"wp-block-columns is-layout-flex wp-container-core-columns-is-layout-9d6595d7 wp-block-columns-is-layout-flex\">\n<div class=\"wp-block-column is-layout-flow wp-block-column-is-layout-flow\">\n<h2 class=\"wp-block-heading\">Par\u00e1metro Chafing Dish for Buffet:<\/h2>\n\n\n\n<figure class=\"wp-block-table\"><table class=\"has-fixed-layout\"><tbody><tr><td>Modelo<\/td><td>Longitud * Anchura * Altura (cm)<\/td><td>Capacidad (l)<\/td><td>Peso (kg)<\/td><td>MOQ<\/td><\/tr><tr><td>DY014-CL<\/td><td>47*44*24<\/td><td>6<\/td><td>8.2<\/td><td>2 PIEZAS<\/td><\/tr><\/tbody><\/table><\/figure>\n\n\n\n<h2 class=\"wp-block-heading\">Chafing Dish for Buffet Caracter\u00edsticas:<\/h2>\n\n\n\n<p><strong>Dise\u00f1o de gran capacidad: <\/strong>Nuestro plato de frotamiento al por mayor para buffet es de 9L de gran capacidad, puede contener una gran cantidad de alimentos, adecuado para todo tipo de grandes banquetes, bodas, buffets de hotel y otras ocasiones.<\/p>\n\n\n\n<p><strong>Pata tubular estable:<\/strong> El robusto dise\u00f1o de las patas tubulares de este chafing dish a granel para buf\u00e9 proporciona un excelente soporte para garantizar que la unidad sea estable y segura, y no se incline ni se desplome con facilidad.<\/p>\n\n\n\n<p><strong>Calentamiento eficiente:<\/strong> Nuestro calientaplatos a granel para buf\u00e9 est\u00e1 dise\u00f1ado con un dep\u00f3sito de combustible incorporado para proporcionar un efecto de calentamiento duradero y estable, garantizando que la comida se mantenga siempre caliente y mejorando la experiencia del servicio de comidas.<\/p>\n\n\n\n<p><strong>F\u00e1cil de limpiar: <\/strong>Fabricado en acero inoxidable con superficie lisa, resistente a la corrosi\u00f3n, a la suciedad y f\u00e1cil de limpiar, manteniendo el equipo como nuevo durante mucho tiempo.<\/p>\n\n\n\n<p><strong>Puerto de alimentaci\u00f3n independiente: <\/strong>puerto de alimentaci\u00f3n duradera de alta calidad, f\u00e1cil de usar, sin arrastre<\/p>\n<\/div>\n\n\n\n<div class=\"wp-block-column is-layout-flow wp-block-column-is-layout-flow\">\n<figure class=\"wp-block-image size-full\"><img decoding=\"async\" width=\"800\" height=\"800\" src=\"https:\/\/www.yongyukitchenware.com\/wp-content\/uploads\/2025\/01\/wholesale-Chafing-Dish-for-Buffet-2.webp\" alt=\"venta al por mayor Chafing Dish for Buffet\" class=\"wp-image-2930\" srcset=\"https:\/\/www.yongyukitchenware.com\/wp-content\/uploads\/2025\/01\/wholesale-Chafing-Dish-for-Buffet-2.webp 800w, https:\/\/www.yongyukitchenware.com\/wp-content\/uploads\/2025\/01\/wholesale-Chafing-Dish-for-Buffet-2-300x300.webp 300w, https:\/\/www.yongyukitchenware.com\/wp-content\/uploads\/2025\/01\/wholesale-Chafing-Dish-for-Buffet-2-150x150.webp 150w, https:\/\/www.yongyukitchenware.com\/wp-content\/uploads\/2025\/01\/wholesale-Chafing-Dish-for-Buffet-2-768x768.webp 768w, https:\/\/www.yongyukitchenware.com\/wp-content\/uploads\/2025\/01\/wholesale-Chafing-Dish-for-Buffet-2-12x12.webp 12w, https:\/\/www.yongyukitchenware.com\/wp-content\/uploads\/2025\/01\/wholesale-Chafing-Dish-for-Buffet-2-600x600.webp 600w, https:\/\/www.yongyukitchenware.com\/wp-content\/uploads\/2025\/01\/wholesale-Chafing-Dish-for-Buffet-2-100x100.webp 100w\" sizes=\"(max-width: 800px) 100vw, 800px\" \/><\/figure>\n<\/div>\n<\/div>\n\n\n\n<p><\/p>","protected":false},"excerpt":{"rendered":"<p>Welcome to bulk chafing dish for buffet tiene una gran capacidad de 9L con un dise\u00f1o de pata de tubo, que proporciona un soporte fuerte y un calentamiento eficiente para garantizar que la comida est\u00e9 caliente. El exterior de acero inoxidable realza el ambiente del banquete y es f\u00e1cil de limpiar, especialmente adecuado para grandes banquetes, bodas y buffets de hotel.<\/p>\n<h2><!-- wp:heading --><\/h2>\n<h2 class=\"wp-block-heading\">Atributos de Chafing Dish para Buffet:<\/h2>\n<h2><!-- \/wp:heading --><\/p>\n<p><!-- wp:paragraph --><\/h2>\n<p><strong>Material: <\/strong>Acero inoxidable<br \/><strong>Color: <\/strong>Plata<br \/><strong>Forma:<\/strong> Redondo con tapa abatible<br \/><strong>Calor: <\/strong>\u00a0Calefacci\u00f3n el\u00e9ctrica<br \/><strong>Chafer Pan: <\/strong>Rejilla individual\/doble\/triple<br \/><strong>OEM\/ODM: <\/strong>Disponible<\/p>\n<h2 class=\"wp-block-heading\">De Yongyu Chafing Dish Fabricante :<\/h2>\n<p>\u00a1Tanto si se trata de un proveedor de servicios de catering, hotel y restaurante, o empresa de planificaci\u00f3n de eventos, proporcionamos soluciones completas de platos para calentar al por mayor personalizados para ayudar a su negocio con precios de f\u00e1brica de alta calidad!<\/p>\n<h2><!-- \/wp:paragraph --><\/h2>","protected":false},"featured_media":2929,"comment_status":"closed","ping_status":"closed","template":"","meta":{"_acf_changed":false},"application":[30],"product_brand":[],"product_cat":[33],"product_tag":[],"class_list":{"0":"post-2893","1":"product","2":"type-product","3":"status-publish","4":"has-post-thumbnail","6":"application-hotel-catering","7":"product_cat-chafing-dishes-wholesale","9":"first","10":"instock","11":"shipping-taxable","12":"product-type-simple"},"acf":[],"_links":{"self":[{"href":"https:\/\/www.yongyukitchenware.com\/es\/wp-json\/wp\/v2\/product\/2893","targetHints":{"allow":["GET"]}}],"collection":[{"href":"https:\/\/www.yongyukitchenware.com\/es\/wp-json\/wp\/v2\/product"}],"about":[{"href":"https:\/\/www.yongyukitchenware.com\/es\/wp-json\/wp\/v2\/types\/product"}],"replies":[{"embeddable":true,"href":"https:\/\/www.yongyukitchenware.com\/es\/wp-json\/wp\/v2\/comments?post=2893"}],"wp:featuredmedia":[{"embeddable":true,"href":"https:\/\/www.yongyukitchenware.com\/es\/wp-json\/wp\/v2\/media\/2929"}],"wp:attachment":[{"href":"https:\/\/www.yongyukitchenware.com\/es\/wp-json\/wp\/v2\/media?parent=2893"}],"wp:term":[{"taxonomy":"application","embeddable":true,"href":"https:\/\/www.yongyukitchenware.com\/es\/wp-json\/wp\/v2\/application?post=2893"},{"taxonomy":"product_brand","embeddable":true,"href":"https:\/\/www.yongyukitchenware.com\/es\/wp-json\/wp\/v2\/product_brand?post=2893"},{"taxonomy":"product_cat","embeddable":true,"href":"https:\/\/www.yongyukitchenware.com\/es\/wp-json\/wp\/v2\/product_cat?post=2893"},{"taxonomy":"product_tag","embeddable":true,"href":"https:\/\/www.yongyukitchenware.com\/es\/wp-json\/wp\/v2\/product_tag?post=2893"}],"curies":[{"name":"wp","href":"https:\/\/api.w.org\/{rel}","templated":true}]}}