{"id":2907,"date":"2025-01-24T10:49:04","date_gmt":"2025-01-24T10:49:04","guid":{"rendered":"https:\/\/www.yongyukitchenware.com\/?post_type=product&#038;p=2907"},"modified":"2025-06-14T02:26:25","modified_gmt":"2025-06-14T02:26:25","slug":"custom-chafing-dish-with-hinging-lid","status":"publish","type":"product","link":"https:\/\/www.yongyukitchenware.com\/es\/producto\/custom-chafing-dish-with-hinging-lid\/","title":{"rendered":"Calientaplatos el\u00e9ctrico redondo con tapa abatible a medida"},"content":{"rendered":"<div class=\"wp-block-columns is-layout-flex wp-container-core-columns-is-layout-9d6595d7 wp-block-columns-is-layout-flex\">\n<div class=\"wp-block-column is-layout-flow wp-block-column-is-layout-flow\">\n<h2 class=\"wp-block-heading\">Chafing Dish with Hinging Lid Par\u00e1metro:<\/h2>\n\n\n\n<figure class=\"wp-block-table\"><table class=\"has-fixed-layout\"><tbody><tr><td>Modelo<\/td><td>Longitud * Anchura * Altura (cm)<\/td><td>Capacidad (l)<\/td><td>Peso (kg)<\/td><td>MOQ<\/td><\/tr><tr><td>DY014-CL<\/td><td>47*44*24<\/td><td>6<\/td><td>8.2<\/td><td>2 PIEZAS<\/td><\/tr><\/tbody><\/table><\/figure>\n\n\n\n<h2 class=\"wp-block-heading\">Chafing Dish with Hinging Lid Caracter\u00edsticas:<\/h2>\n\n\n\n<p><strong>Dise\u00f1o personalizable: <\/strong>Nuestro calentador el\u00e9ctrico de alimentos al por mayor ofrece servicio de personalizaci\u00f3n, los clientes pueden elegir diferentes colores, y tama\u00f1os de acuerdo a sus preferencias y logotipos de marca que mejor se adapten al negocio o evento.<\/p>\n\n\n\n<p><strong>Funci\u00f3n de calefacci\u00f3n el\u00e9ctrica:<\/strong> Este calientaplatos personalizado con tapa abatible est\u00e1 dise\u00f1ado con un sistema de calentamiento el\u00e9ctrico incorporado que garantiza un calentamiento uniforme y uniforme que mantendr\u00e1 el calor de la comida durante el evento.<\/p>\n\n\n\n<p><strong>C\u00f3modo dise\u00f1o de tapa abatible: <\/strong>La tapa abatible es f\u00e1cil de abrir y cerrar, no se pierde f\u00e1cilmente y es f\u00e1cil de maniobrar para una recogida r\u00e1pida en autoservicio.<\/p>\n\n\n\n<p><strong>Acero inoxidable de primera calidad: <\/strong>Nuestra Chafing Dish personalizada con tapa abatible est\u00e1 fabricada en acero inoxidable de alta calidad, lo que la hace resistente a la corrosi\u00f3n y al calor; de este modo, se mantiene como nueva durante mucho tiempo y es f\u00e1cil de limpiar.<\/p>\n\n\n\n<p><strong>Pata tubular estable: <\/strong>Este chafing dish redondo para buffet viene con un s\u00f3lido dise\u00f1o de patas tubulares, ideal para un excelente soporte de tal manera que la unidad es estable, segura y no se inclina o se derrumba f\u00e1cilmente.<\/p>\n<\/div>\n\n\n\n<div class=\"wp-block-column is-layout-flow wp-block-column-is-layout-flow\">\n<figure class=\"wp-block-image size-full\"><img decoding=\"async\" width=\"800\" height=\"800\" src=\"https:\/\/www.yongyukitchenware.com\/wp-content\/uploads\/2025\/01\/Custom-Chafing-Dish-with-Hinging-Lid-Round-Electric-Food-Warmer-1.webp\" alt=\"Calientaplatos el\u00e9ctrico redondo con tapa abatible (1)\" class=\"wp-image-2908\" srcset=\"https:\/\/www.yongyukitchenware.com\/wp-content\/uploads\/2025\/01\/Custom-Chafing-Dish-with-Hinging-Lid-Round-Electric-Food-Warmer-1.webp 800w, https:\/\/www.yongyukitchenware.com\/wp-content\/uploads\/2025\/01\/Custom-Chafing-Dish-with-Hinging-Lid-Round-Electric-Food-Warmer-1-300x300.webp 300w, https:\/\/www.yongyukitchenware.com\/wp-content\/uploads\/2025\/01\/Custom-Chafing-Dish-with-Hinging-Lid-Round-Electric-Food-Warmer-1-150x150.webp 150w, https:\/\/www.yongyukitchenware.com\/wp-content\/uploads\/2025\/01\/Custom-Chafing-Dish-with-Hinging-Lid-Round-Electric-Food-Warmer-1-768x768.webp 768w, https:\/\/www.yongyukitchenware.com\/wp-content\/uploads\/2025\/01\/Custom-Chafing-Dish-with-Hinging-Lid-Round-Electric-Food-Warmer-1-12x12.webp 12w, https:\/\/www.yongyukitchenware.com\/wp-content\/uploads\/2025\/01\/Custom-Chafing-Dish-with-Hinging-Lid-Round-Electric-Food-Warmer-1-600x600.webp 600w, https:\/\/www.yongyukitchenware.com\/wp-content\/uploads\/2025\/01\/Custom-Chafing-Dish-with-Hinging-Lid-Round-Electric-Food-Warmer-1-100x100.webp 100w\" sizes=\"(max-width: 800px) 100vw, 800px\" \/><\/figure>\n<\/div>\n<\/div>","protected":false},"excerpt":{"rendered":"<p>Este chafing dish personalizado con tapa abatible es un buffet redondo de calentamiento el\u00e9ctrico que combina acero inoxidable de primera calidad con tecnolog\u00eda de calentamiento el\u00e9ctrico para proporcionar una retenci\u00f3n del calor duradera y uniforme. El c\u00f3modo y seguro dise\u00f1o de la tapa abatible admite la personalizaci\u00f3n de la marca para todo tipo de grandes banquetes, conferencias y servicios de catering, garantizando que la comida est\u00e9 siempre caliente y sea f\u00e1cil de manipular.<\/p>\n<h2><!-- wp:heading --><\/h2>\n<h2 class=\"wp-block-heading\">Atributos de Chafing Dish con tapa abatible:<\/h2>\n<h2><!-- \/wp:heading --><\/p>\n<p><!-- wp:paragraph --><\/h2>\n<p><strong>Material: <\/strong>Acero inoxidable<br \/><strong>Color: <\/strong>Plata<br \/><strong>Forma:<\/strong> Redondo con tapa abatible<br \/><strong>Calor: <\/strong>Calefacci\u00f3n el\u00e9ctrica\/Calefacci\u00f3n por alcohol<br \/><strong>Chafer Pan: <\/strong>Rejilla simple\/doble<br \/><strong>OEM\/ODM: <\/strong>Disponible<\/p>\n<h2 class=\"wp-block-heading\">De Yongyu Chafing Dish Fabricante :<\/h2>\n<p>\u00a1Tanto si se trata de un proveedor de servicios de catering, hotel y restaurante, o empresa de planificaci\u00f3n de eventos, proporcionamos soluciones completas de platos para calentar al por mayor personalizados para ayudar a su negocio con precios de f\u00e1brica de alta calidad!<\/p>\n<h2><!-- \/wp:paragraph --><\/h2>","protected":false},"featured_media":2910,"comment_status":"closed","ping_status":"closed","template":"","meta":{"_acf_changed":true},"application":[30],"product_brand":[],"product_cat":[33],"product_tag":[],"class_list":{"0":"post-2907","1":"product","2":"type-product","3":"status-publish","4":"has-post-thumbnail","6":"application-hotel-catering","7":"product_cat-chafing-dishes-wholesale","9":"first","10":"instock","11":"shipping-taxable","12":"product-type-simple"},"acf":[],"_links":{"self":[{"href":"https:\/\/www.yongyukitchenware.com\/es\/wp-json\/wp\/v2\/product\/2907","targetHints":{"allow":["GET"]}}],"collection":[{"href":"https:\/\/www.yongyukitchenware.com\/es\/wp-json\/wp\/v2\/product"}],"about":[{"href":"https:\/\/www.yongyukitchenware.com\/es\/wp-json\/wp\/v2\/types\/product"}],"replies":[{"embeddable":true,"href":"https:\/\/www.yongyukitchenware.com\/es\/wp-json\/wp\/v2\/comments?post=2907"}],"wp:featuredmedia":[{"embeddable":true,"href":"https:\/\/www.yongyukitchenware.com\/es\/wp-json\/wp\/v2\/media\/2910"}],"wp:attachment":[{"href":"https:\/\/www.yongyukitchenware.com\/es\/wp-json\/wp\/v2\/media?parent=2907"}],"wp:term":[{"taxonomy":"application","embeddable":true,"href":"https:\/\/www.yongyukitchenware.com\/es\/wp-json\/wp\/v2\/application?post=2907"},{"taxonomy":"product_brand","embeddable":true,"href":"https:\/\/www.yongyukitchenware.com\/es\/wp-json\/wp\/v2\/product_brand?post=2907"},{"taxonomy":"product_cat","embeddable":true,"href":"https:\/\/www.yongyukitchenware.com\/es\/wp-json\/wp\/v2\/product_cat?post=2907"},{"taxonomy":"product_tag","embeddable":true,"href":"https:\/\/www.yongyukitchenware.com\/es\/wp-json\/wp\/v2\/product_tag?post=2907"}],"curies":[{"name":"wp","href":"https:\/\/api.w.org\/{rel}","templated":true}]}}