{"id":2948,"date":"2025-03-12T14:48:38","date_gmt":"2025-03-12T14:48:38","guid":{"rendered":"https:\/\/www.yongyukitchenware.com\/?post_type=product&#038;p=2948"},"modified":"2025-06-13T06:46:05","modified_gmt":"2025-06-13T06:46:05","slug":"wholesale-chafing-dish-buffet","status":"publish","type":"product","link":"https:\/\/www.yongyukitchenware.com\/es\/producto\/wholesale-chafing-dish-buffet\/","title":{"rendered":"Mayorista Chafing Dish Buffet Cuadrado, Chafing Dish Inoxidable a Granel"},"content":{"rendered":"<div class=\"wp-block-columns is-layout-flex wp-container-core-columns-is-layout-9d6595d7 wp-block-columns-is-layout-flex\">\n<div class=\"wp-block-column is-layout-flow wp-block-column-is-layout-flow\">\n<h2 class=\"wp-block-heading\">Par\u00e1metro Chafing Dish Buffet:<\/h2>\n\n\n\n<figure class=\"wp-block-table\"><table class=\"has-fixed-layout\"><tbody><tr><td>Modelo<\/td><td>Longitud * Anchura * Altura (cm)<\/td><td>Capacidad (l)<\/td><td>Peso (kg)<\/td><td>MOQ<\/td><\/tr><tr><td>DY004-CL<\/td><td>40*40*24<\/td><td>6<\/td><td>7<\/td><td>2 PIEZAS<\/td><\/tr><\/tbody><\/table><\/figure>\n\n\n\n<h2 class=\"wp-block-heading\">Chafing Dish Buffet Caracter\u00edsticas:<\/h2>\n\n\n\n<p><strong>Material de acero inoxidable de alta calidad: <\/strong>Fabricado en acero inoxidable de alta calidad resistente a altas temperaturas y a la oxidaci\u00f3n, garantiza una larga durabilidad y un aspecto excelente.<\/p>\n\n\n\n<p><strong>Dise\u00f1o cuadrado:<\/strong> Proporciona una mayor capacidad y una c\u00f3moda colocaci\u00f3n y almacenamiento, adecuada para buffets o locales de restauraci\u00f3n a gran escala.<\/p>\n\n\n\n<p><strong>Tapa de cristal visual:<\/strong> El dise\u00f1o de la tapa de cristal transparente permite a los clientes ver claramente los alimentos, al tiempo que mantiene eficazmente la temperatura para garantizar su frescura.<\/p>\n\n\n\n<p><strong>Dise\u00f1o de tapa abatible: <\/strong>El dise\u00f1o de la tapa con bisagras es f\u00e1cil de abrir y cerrar r\u00e1pidamente, f\u00e1cil y seguro de usar.<\/p>\n\n\n\n<p><strong>Dise\u00f1o de pata de tubo: <\/strong>El exclusivo dise\u00f1o de la pata del tubo hace que el calefactor sea m\u00e1s estable, mejora su durabilidad y es m\u00e1s f\u00e1cil de limpiar y mantener.<\/p>\n\n\n\n<p><strong>Dise\u00f1o de doble asa: <\/strong>El dise\u00f1o de doble asa para facilitar el manejo garantiza que se pueda mover y manejar f\u00e1cilmente incluso cuando est\u00e1 totalmente cargada de alimentos, lo que garantiza la seguridad durante el funcionamiento.<\/p>\n\n\n\n<p><strong>Dise\u00f1o de orificios de ventilaci\u00f3n:<\/strong> La tapa est\u00e1 equipada con orificios de ventilaci\u00f3n para ayudar a regular la temperatura de los alimentos, evitar el exceso de humedad y mantener el mejor sabor de los alimentos.<\/p>\n<\/div>\n\n\n\n<div class=\"wp-block-column is-layout-flow wp-block-column-is-layout-flow\">\n<figure class=\"wp-block-image size-full\"><img decoding=\"async\" width=\"1080\" height=\"1080\" src=\"https:\/\/www.yongyukitchenware.com\/wp-content\/uploads\/2025\/02\/chafing-dishes-set-1.webp\" alt=\"Venta al por mayor Chafing Dish Buffet \" class=\"wp-image-2951\" srcset=\"https:\/\/www.yongyukitchenware.com\/wp-content\/uploads\/2025\/02\/chafing-dishes-set-1.webp 1080w, https:\/\/www.yongyukitchenware.com\/wp-content\/uploads\/2025\/02\/chafing-dishes-set-1-300x300.webp 300w, https:\/\/www.yongyukitchenware.com\/wp-content\/uploads\/2025\/02\/chafing-dishes-set-1-150x150.webp 150w, https:\/\/www.yongyukitchenware.com\/wp-content\/uploads\/2025\/02\/chafing-dishes-set-1-768x768.webp 768w, https:\/\/www.yongyukitchenware.com\/wp-content\/uploads\/2025\/02\/chafing-dishes-set-1-12x12.webp 12w, https:\/\/www.yongyukitchenware.com\/wp-content\/uploads\/2025\/02\/chafing-dishes-set-1-600x600.webp 600w, https:\/\/www.yongyukitchenware.com\/wp-content\/uploads\/2025\/02\/chafing-dishes-set-1-100x100.webp 100w\" sizes=\"(max-width: 1080px) 100vw, 1080px\" \/><\/figure>\n<\/div>\n<\/div>\n\n\n\n<p><\/p>","protected":false},"excerpt":{"rendered":"<div class=\"dad65929\">\n<div class=\"f9bf7997 d7dc56a8 c05b5566\">\n<div class=\"ds-markdown ds-markdown--block\">\n<p>Venta al por mayor de chafing dish buffet: Dise\u00f1o cuadrado con tapa de cristal transparente, tapa abatible, estructura de patas de tubo y asas dobles para un f\u00e1cil manejo. Dispone de una rejilla transpirable para mantener la temperatura \u00f3ptima de los alimentos. Duradero, f\u00e1cil de limpiar y personalizable. P\u00f3ngase en contacto con nosotros para pedidos al por mayor y servicio personalizado.<\/p>\n<\/div>\n<div class=\"ds-flex\">\n<div class=\"ds-flex abe97156\">\n<div class=\"ds-icon-button\">\n<div>\u00a0<\/div>\n<h2 class=\"ds-icon\"><strong>Chafing Dish Buffet Atributos:<\/strong><\/h2>\n<\/div>\n<\/div>\n<\/div>\n<\/div>\n<\/div>\n<h2><!-- \/wp:heading --><\/p>\n<p><!-- wp:paragraph --><\/h2>\n<p><strong>Material: <\/strong>Acero inoxidable<br \/><strong>Color: <\/strong>Plata<br \/><strong>Forma:<\/strong> Cuadrado con pata de tubo<br \/><strong>Calor: <\/strong>Calefacci\u00f3n el\u00e9ctrica\/Calefacci\u00f3n por alcohol<br \/><strong>Chafer Pan: <\/strong>Rejilla simple\/doble<br \/><strong>OEM\/ODM: <\/strong>Disponible<\/p>\n<h2 class=\"wp-block-heading\">De Yongyu Chafing Dish Fabricante :<\/h2>\n<p>\u00a1Tanto si se trata de un proveedor de servicios de catering, hotel y restaurante, o empresa de planificaci\u00f3n de eventos, proporcionamos soluciones completas de platos para calentar al por mayor personalizados para ayudar a su negocio con precios de f\u00e1brica de alta calidad!<\/p>\n<h2><!-- \/wp:paragraph --><\/h2>","protected":false},"featured_media":2951,"comment_status":"closed","ping_status":"closed","template":"","meta":{"_acf_changed":true},"application":[30],"product_brand":[],"product_cat":[33],"product_tag":[],"class_list":{"0":"post-2948","1":"product","2":"type-product","3":"status-publish","4":"has-post-thumbnail","6":"application-hotel-catering","7":"product_cat-chafing-dishes-wholesale","9":"first","10":"instock","11":"shipping-taxable","12":"product-type-simple"},"acf":[],"_links":{"self":[{"href":"https:\/\/www.yongyukitchenware.com\/es\/wp-json\/wp\/v2\/product\/2948","targetHints":{"allow":["GET"]}}],"collection":[{"href":"https:\/\/www.yongyukitchenware.com\/es\/wp-json\/wp\/v2\/product"}],"about":[{"href":"https:\/\/www.yongyukitchenware.com\/es\/wp-json\/wp\/v2\/types\/product"}],"replies":[{"embeddable":true,"href":"https:\/\/www.yongyukitchenware.com\/es\/wp-json\/wp\/v2\/comments?post=2948"}],"wp:featuredmedia":[{"embeddable":true,"href":"https:\/\/www.yongyukitchenware.com\/es\/wp-json\/wp\/v2\/media\/2951"}],"wp:attachment":[{"href":"https:\/\/www.yongyukitchenware.com\/es\/wp-json\/wp\/v2\/media?parent=2948"}],"wp:term":[{"taxonomy":"application","embeddable":true,"href":"https:\/\/www.yongyukitchenware.com\/es\/wp-json\/wp\/v2\/application?post=2948"},{"taxonomy":"product_brand","embeddable":true,"href":"https:\/\/www.yongyukitchenware.com\/es\/wp-json\/wp\/v2\/product_brand?post=2948"},{"taxonomy":"product_cat","embeddable":true,"href":"https:\/\/www.yongyukitchenware.com\/es\/wp-json\/wp\/v2\/product_cat?post=2948"},{"taxonomy":"product_tag","embeddable":true,"href":"https:\/\/www.yongyukitchenware.com\/es\/wp-json\/wp\/v2\/product_tag?post=2948"}],"curies":[{"name":"wp","href":"https:\/\/api.w.org\/{rel}","templated":true}]}}