{"id":2967,"date":"2025-03-12T14:14:20","date_gmt":"2025-03-12T14:14:20","guid":{"rendered":"https:\/\/www.yongyukitchenware.com\/?post_type=product&#038;p=2967"},"modified":"2025-06-13T06:49:47","modified_gmt":"2025-06-13T06:49:47","slug":"wholesale-chafing-dishes-with-roll-top","status":"publish","type":"product","link":"https:\/\/www.yongyukitchenware.com\/es\/producto\/wholesale-chafing-dishes-with-roll-top\/","title":{"rendered":"Mayorista Chafing Dishes with Roll Top Visible Full Flip Cover Design"},"content":{"rendered":"<div class=\"wp-block-columns is-layout-flex wp-container-core-columns-is-layout-9d6595d7 wp-block-columns-is-layout-flex\">\n<div class=\"wp-block-column is-layout-flow wp-block-column-is-layout-flow\">\n<h2 class=\"wp-block-heading\">Chafing Dishes with Roll Top Par\u00e1metro:<\/h2>\n\n\n\n<figure class=\"wp-block-table\"><table class=\"has-fixed-layout\"><tbody><tr><td>Modelo<\/td><td>Di\u00e1metro* Altura (cm)<\/td><td>Capacidad (l)<\/td><td>MOQ<\/td><\/tr><tr><td>DY023-CL<\/td><td>48*47<\/td><td>6<\/td><td>2 PIEZAS<\/td><\/tr><\/tbody><\/table><\/figure>\n\n\n\n<h2 class=\"wp-block-heading\">Chafing Dishes with Roll Top Caracter\u00edsticas:<\/h2>\n\n\n\n<p><strong>Varios m\u00e9todos de calentamiento:<\/strong> calefacci\u00f3n el\u00e9ctrica y calefacci\u00f3n de alcohol. La calefacci\u00f3n el\u00e9ctrica es eficiente y estable; la calefacci\u00f3n de alcohol puede crear un ambiente \u00fanico.<\/p>\n\n\n\n<p><strong>Dise\u00f1o c\u00f3modo y limpio:<\/strong> El dep\u00f3sito interior adopta un dise\u00f1o desmontable para reducir el riesgo de crecimiento bacteriano y garantizar la seguridad e higiene de los alimentos.<\/p>\n\n\n\n<p><strong>Opciones de combinaci\u00f3n personalizadas:<\/strong> Usted mismo puede combinar los comederos de rejilla simple, doble y triple, tanto si se trata de una peque\u00f1a fiesta como de un gran banquete, puede satisfacer las diversas necesidades de almacenamiento de alimentos.<\/p>\n\n\n\n<p><strong>Sistema inteligente de control de la temperatura: <\/strong>Ajuste y regulaci\u00f3n precisos de la temperatura; interruptor de encendido independiente para evitar un funcionamiento incorrecto; el termostato garantiza la precisi\u00f3n y estabilidad del control de la temperatura.<\/p>\n\n\n\n<p><strong>Material resistente y duradero: <\/strong>Fabricado en acero inoxidable de alta calidad, puede utilizarse durante mucho tiempo.<\/p>\n\n\n\n<p><strong>Dise\u00f1o de apariencia \u00fanica: <\/strong>cocina de comedor visible en \u00e1ngulo recto, dise\u00f1o abatible para facilitar el acceso a los alimentos.<\/p>\n<\/div>\n\n\n\n<div class=\"wp-block-column is-layout-flow wp-block-column-is-layout-flow\">\n<figure class=\"wp-block-image size-full\"><img decoding=\"async\" width=\"800\" height=\"800\" src=\"https:\/\/www.yongyukitchenware.com\/wp-content\/uploads\/2025\/02\/6.webp\" alt=\"venta al por mayor sartenes con tapa enrollable\" class=\"wp-image-3028\" srcset=\"https:\/\/www.yongyukitchenware.com\/wp-content\/uploads\/2025\/02\/6.webp 800w, https:\/\/www.yongyukitchenware.com\/wp-content\/uploads\/2025\/02\/6-300x300.webp 300w, https:\/\/www.yongyukitchenware.com\/wp-content\/uploads\/2025\/02\/6-150x150.webp 150w, https:\/\/www.yongyukitchenware.com\/wp-content\/uploads\/2025\/02\/6-768x768.webp 768w, https:\/\/www.yongyukitchenware.com\/wp-content\/uploads\/2025\/02\/6-12x12.webp 12w, https:\/\/www.yongyukitchenware.com\/wp-content\/uploads\/2025\/02\/6-600x600.webp 600w, https:\/\/www.yongyukitchenware.com\/wp-content\/uploads\/2025\/02\/6-100x100.webp 100w\" sizes=\"(max-width: 800px) 100vw, 800px\" \/><\/figure>\n<\/div>\n<\/div>\n\n\n\n<p><\/p>","protected":false},"excerpt":{"rendered":"<div data-zone-id=\"0\" data-line-index=\"0\" data-line=\"true\">\u00a1Platos de fritura al por mayor con tapa enrollable! Dos modos de calentamiento, revestimiento extra\u00edble para facilitar la limpieza, rejillas ajustables. Control t\u00e1ctil inteligente, termostato preciso. Acero inoxidable duradero. Ofrecemos asesoramiento preventa, servicio postventa y entrega r\u00e1pida. \u00a1Cons\u00faltenos ahora para hacer crecer su negocio!<\/div>\n<div data-zone-id=\"0\" data-line-index=\"1\" data-line=\"true\">\u00a0<\/div>\n<h2><!-- wp:heading --><\/h2>\n<h2 class=\"wp-block-heading\">Atributos de los Chafing Dishes con Roll Top :<\/h2>\n<h2><!-- \/wp:heading --><\/p>\n<p><!-- wp:paragraph --><\/h2>\n<p><strong>Material: <\/strong>Acero inoxidable<br \/><strong>Color: <\/strong>Plata<br \/><strong>Forma:<\/strong> Redondo con tapa enrollable visible<br \/><strong>Calor: <\/strong>Calefacci\u00f3n el\u00e9ctrica\/Calefacci\u00f3n por alcohol<br \/><strong>Chafer Pan: <\/strong>Rejilla simple\/doble<br \/><strong>OEM\/ODM: <\/strong>Disponible<\/p>\n<h2 class=\"wp-block-heading\">De Yongyu Chafing Dish Fabricante :<\/h2>\n<p>\u00a1Tanto si se trata de un proveedor de servicios de catering, hotel y restaurante, o empresa de planificaci\u00f3n de eventos, proporcionamos soluciones completas de platos para calentar al por mayor personalizados para ayudar a su negocio con precios de f\u00e1brica de alta calidad!<\/p>\n<h2><!-- \/wp:paragraph --><\/h2>","protected":false},"featured_media":3026,"comment_status":"closed","ping_status":"closed","template":"","meta":{"_acf_changed":true},"application":[30],"product_brand":[],"product_cat":[33],"product_tag":[],"class_list":{"0":"post-2967","1":"product","2":"type-product","3":"status-publish","4":"has-post-thumbnail","6":"application-hotel-catering","7":"product_cat-chafing-dishes-wholesale","9":"first","10":"instock","11":"shipping-taxable","12":"product-type-simple"},"acf":[],"_links":{"self":[{"href":"https:\/\/www.yongyukitchenware.com\/es\/wp-json\/wp\/v2\/product\/2967","targetHints":{"allow":["GET"]}}],"collection":[{"href":"https:\/\/www.yongyukitchenware.com\/es\/wp-json\/wp\/v2\/product"}],"about":[{"href":"https:\/\/www.yongyukitchenware.com\/es\/wp-json\/wp\/v2\/types\/product"}],"replies":[{"embeddable":true,"href":"https:\/\/www.yongyukitchenware.com\/es\/wp-json\/wp\/v2\/comments?post=2967"}],"wp:featuredmedia":[{"embeddable":true,"href":"https:\/\/www.yongyukitchenware.com\/es\/wp-json\/wp\/v2\/media\/3026"}],"wp:attachment":[{"href":"https:\/\/www.yongyukitchenware.com\/es\/wp-json\/wp\/v2\/media?parent=2967"}],"wp:term":[{"taxonomy":"application","embeddable":true,"href":"https:\/\/www.yongyukitchenware.com\/es\/wp-json\/wp\/v2\/application?post=2967"},{"taxonomy":"product_brand","embeddable":true,"href":"https:\/\/www.yongyukitchenware.com\/es\/wp-json\/wp\/v2\/product_brand?post=2967"},{"taxonomy":"product_cat","embeddable":true,"href":"https:\/\/www.yongyukitchenware.com\/es\/wp-json\/wp\/v2\/product_cat?post=2967"},{"taxonomy":"product_tag","embeddable":true,"href":"https:\/\/www.yongyukitchenware.com\/es\/wp-json\/wp\/v2\/product_tag?post=2967"}],"curies":[{"name":"wp","href":"https:\/\/api.w.org\/{rel}","templated":true}]}}