{"id":2970,"date":"2025-03-12T14:38:23","date_gmt":"2025-03-12T14:38:23","guid":{"rendered":"https:\/\/www.yongyukitchenware.com\/?post_type=product&#038;p=2970"},"modified":"2025-06-13T06:47:57","modified_gmt":"2025-06-13T06:47:57","slug":"wholesale-roll-top-chafing-dish","status":"publish","type":"product","link":"https:\/\/www.yongyukitchenware.com\/es\/producto\/wholesale-roll-top-chafing-dish\/","title":{"rendered":"Mayorista Roll Top Chafing Dish Smart Touch Control Para Fiesta,Boda,y Banquete"},"content":{"rendered":"<div class=\"wp-block-columns is-layout-flex wp-container-core-columns-is-layout-9d6595d7 wp-block-columns-is-layout-flex\">\n<div class=\"wp-block-column is-layout-flow wp-block-column-is-layout-flow\">\n<h2 class=\"wp-block-heading\">Par\u00e1metros de la sart\u00e9n:<\/h2>\n\n\n\n<figure class=\"wp-block-table\"><table class=\"has-fixed-layout\"><tbody><tr><td>Modelo<\/td><td>Longitud * Anchura * Altura (cm)<\/td><td>Capacidad (l)<\/td><td>MOQ<\/td><\/tr><tr><td>DY022-CL<\/td><td>64*44*44<\/td><td>9<\/td><td>2 PIEZAS<\/td><\/tr><\/tbody><\/table><\/figure>\n\n\n\n<h2 class=\"wp-block-heading\">Roll Top Chafing Dish Caracter\u00edsticas:<\/h2>\n\n\n\n<p><strong>Modo de calefacci\u00f3n flexible:<\/strong> La calefacci\u00f3n el\u00e9ctrica y la calefacci\u00f3n por alcohol ofrecen m\u00e1s opciones a los restaurantes.<\/p>\n\n\n\n<p><strong>Dise\u00f1o c\u00f3modo y limpio: <\/strong>La olla interior adopta un dise\u00f1o desmontable, que es f\u00e1cil de limpiar, evita eficazmente que queden restos de comida y reduce la proliferaci\u00f3n de bacterias.<\/p>\n\n\n\n<p><strong>Combinaci\u00f3n personalizada: <\/strong>Los recipientes de rejilla simple, doble y triple pueden combinarse libremente para satisfacer diversas necesidades y optimizar el efecto de presentaci\u00f3n de los platos.<\/p>\n\n\n\n<p><strong>Sistema inteligente de control de la temperatura: <\/strong>Equipado con una pantalla t\u00e1ctil de control electr\u00f3nico de la temperatura, el termostato garantiza la precisi\u00f3n y la estabilidad del control de la temperatura.<\/p>\n\n\n\n<p><strong>Material resistente y de alta calidad:<\/strong> Fabricado en acero inoxidable, es robusto y duradero, con una excelente resistencia a la corrosi\u00f3n y al desgaste, y puede soportar un uso frecuente y un entorno de trabajo de alta intensidad.<\/p>\n\n\n\n<p><strong>Dise\u00f1o de apariencia \u00fanica: <\/strong>La estufa de comedor abatible visible en \u00e1ngulo recto, el dise\u00f1o abatible es conveniente para tomar y colocar la comida, y la forma en \u00e1ngulo recto es simple y atmosf\u00e9rica, a\u00f1adiendo un ambiente elegante y moderno al restaurante.<\/p>\n<\/div>\n\n\n\n<div class=\"wp-block-column is-layout-flow wp-block-column-is-layout-flow\">\n<figure class=\"wp-block-image size-full\"><img decoding=\"async\" width=\"800\" height=\"800\" src=\"https:\/\/www.yongyukitchenware.com\/wp-content\/uploads\/2025\/02\/wholesale-roll-top-chafing-dish.webp\" alt=\"venta al por mayor roll top chafing dish\" class=\"wp-image-3021\" srcset=\"https:\/\/www.yongyukitchenware.com\/wp-content\/uploads\/2025\/02\/wholesale-roll-top-chafing-dish.webp 800w, https:\/\/www.yongyukitchenware.com\/wp-content\/uploads\/2025\/02\/wholesale-roll-top-chafing-dish-300x300.webp 300w, https:\/\/www.yongyukitchenware.com\/wp-content\/uploads\/2025\/02\/wholesale-roll-top-chafing-dish-150x150.webp 150w, https:\/\/www.yongyukitchenware.com\/wp-content\/uploads\/2025\/02\/wholesale-roll-top-chafing-dish-768x768.webp 768w, https:\/\/www.yongyukitchenware.com\/wp-content\/uploads\/2025\/02\/wholesale-roll-top-chafing-dish-12x12.webp 12w, https:\/\/www.yongyukitchenware.com\/wp-content\/uploads\/2025\/02\/wholesale-roll-top-chafing-dish-600x600.webp 600w, https:\/\/www.yongyukitchenware.com\/wp-content\/uploads\/2025\/02\/wholesale-roll-top-chafing-dish-100x100.webp 100w\" sizes=\"(max-width: 800px) 100vw, 800px\" \/><\/figure>\n<\/div>\n<\/div>\n\n\n\n<p><\/p>","protected":false},"excerpt":{"rendered":"<div data-zone-id=\"0\" data-line-index=\"0\" data-line=\"true\">\n<div data-zone-id=\"0\" data-line-index=\"0\" data-line=\"true\">Mayorista de chafing dish enrollables, \u00a1es perfecto para restaurantes! Tiene calefacci\u00f3n el\u00e9ctrica y de alcohol, un revestimiento extra\u00edble, rejillas ajustables y control t\u00e1ctil inteligente. Fabricado en acero inoxidable duradero, ofrecemos precios competitivos. Nuestra empresa ofrece un excelente servicio pre y postventa, adem\u00e1s de una entrega r\u00e1pida. Env\u00edenos su consulta ahora.<\/div>\n<\/div>\n<h2><!-- wp:heading --><\/h2>\n<h2 class=\"wp-block-heading\">Atributos de Roll Top Chafing Dish:<\/h2>\n<h2><!-- \/wp:heading --><\/p>\n<p><!-- wp:paragraph --><\/h2>\n<p><strong>Material: <\/strong>Acero inoxidable<br \/><strong>Color: <\/strong>Plata<br \/><strong>Forma: <\/strong>Rect\u00e1ngulo con tapa enrollable visible<br \/><strong>Calor: <\/strong>Calefacci\u00f3n el\u00e9ctrica\/Calefacci\u00f3n por alcohol<br \/><strong>Chafer Pan: <\/strong>Rejilla simple\/doble<br \/><strong>OEM\/ODM: <\/strong>Disponible<\/p>\n<h2 class=\"wp-block-heading\">De Yongyu Chafing Dish Fabricante :<\/h2>\n<p>\u00a1Tanto si se trata de un proveedor de servicios de catering, hotel y restaurante, o empresa de planificaci\u00f3n de eventos, proporcionamos soluciones completas de platos para calentar al por mayor personalizados para ayudar a su negocio con precios de f\u00e1brica de alta calidad!<\/p>\n<h2><!-- \/wp:paragraph --><\/h2>","protected":false},"featured_media":3021,"comment_status":"closed","ping_status":"closed","template":"","meta":{"_acf_changed":false},"application":[30],"product_brand":[],"product_cat":[33],"product_tag":[],"class_list":{"0":"post-2970","1":"product","2":"type-product","3":"status-publish","4":"has-post-thumbnail","6":"application-hotel-catering","7":"product_cat-chafing-dishes-wholesale","9":"first","10":"instock","11":"shipping-taxable","12":"product-type-simple"},"acf":[],"_links":{"self":[{"href":"https:\/\/www.yongyukitchenware.com\/es\/wp-json\/wp\/v2\/product\/2970","targetHints":{"allow":["GET"]}}],"collection":[{"href":"https:\/\/www.yongyukitchenware.com\/es\/wp-json\/wp\/v2\/product"}],"about":[{"href":"https:\/\/www.yongyukitchenware.com\/es\/wp-json\/wp\/v2\/types\/product"}],"replies":[{"embeddable":true,"href":"https:\/\/www.yongyukitchenware.com\/es\/wp-json\/wp\/v2\/comments?post=2970"}],"wp:featuredmedia":[{"embeddable":true,"href":"https:\/\/www.yongyukitchenware.com\/es\/wp-json\/wp\/v2\/media\/3021"}],"wp:attachment":[{"href":"https:\/\/www.yongyukitchenware.com\/es\/wp-json\/wp\/v2\/media?parent=2970"}],"wp:term":[{"taxonomy":"application","embeddable":true,"href":"https:\/\/www.yongyukitchenware.com\/es\/wp-json\/wp\/v2\/application?post=2970"},{"taxonomy":"product_brand","embeddable":true,"href":"https:\/\/www.yongyukitchenware.com\/es\/wp-json\/wp\/v2\/product_brand?post=2970"},{"taxonomy":"product_cat","embeddable":true,"href":"https:\/\/www.yongyukitchenware.com\/es\/wp-json\/wp\/v2\/product_cat?post=2970"},{"taxonomy":"product_tag","embeddable":true,"href":"https:\/\/www.yongyukitchenware.com\/es\/wp-json\/wp\/v2\/product_tag?post=2970"}],"curies":[{"name":"wp","href":"https:\/\/api.w.org\/{rel}","templated":true}]}}