{"id":2974,"date":"2025-03-07T10:06:13","date_gmt":"2025-03-07T10:06:13","guid":{"rendered":"https:\/\/www.yongyukitchenware.com\/?post_type=product&#038;p=2974"},"modified":"2025-06-13T06:54:25","modified_gmt":"2025-06-13T06:54:25","slug":"wholesale-restaurant-chafing-dishes","status":"publish","type":"product","link":"https:\/\/www.yongyukitchenware.com\/es\/producto\/wholesale-restaurant-chafing-dishes\/","title":{"rendered":"Mayorista Restaurante Chafing Dishes Dise\u00f1o Forro Desmontable"},"content":{"rendered":"<div class=\"wp-block-columns is-layout-flex wp-container-core-columns-is-layout-9d6595d7 wp-block-columns-is-layout-flex\">\n<div class=\"wp-block-column is-layout-flow wp-block-column-is-layout-flow\">\n<h2 class=\"wp-block-heading\">Platos calientes de restaurante Par\u00e1metro:<\/h2>\n\n\n\n<figure class=\"wp-block-table\"><table class=\"has-fixed-layout\"><tbody><tr><td>Modelo<\/td><td>Di\u00e1metro* Altura (cm)<\/td><td>Capacidad (l)<\/td><td>Peso (kg)<\/td><td>MOQ<\/td><\/tr><tr><td>DY013-CL<\/td><td>47*44*22<\/td><td>6<\/td><td>8<\/td><td>2 PIEZAS<\/td><\/tr><\/tbody><\/table><\/figure>\n\n\n\n<h2 class=\"wp-block-heading\">Restaurante chafing dishes Caracter\u00edsticas:<\/h2>\n\n\n\n<p><strong>M\u00e9todos de calentamiento flexibles: <\/strong>La calefacci\u00f3n el\u00e9ctrica es c\u00f3moda y r\u00e1pida, con temperatura estable; la calefacci\u00f3n de alcohol tiene un ambiente m\u00e1s tradicional y es adecuada para lugares con gran aceptaci\u00f3n de la calefacci\u00f3n de llama abierta.<\/p>\n\n\n\n<p><strong>Dise\u00f1o de forro extra\u00edble: <\/strong>conveniente para la limpieza y el mantenimiento, evitando eficazmente los residuos de alimentos y la cr\u00eda de bacterias, ahorrando costes de limpieza y tiempo para los restaurantes.<\/p>\n\n\n\n<p><strong>Emparejamiento personalizado: <\/strong>Los comederos de rejilla simple, doble y triple pueden adaptarse a las diversas necesidades de las distintas formas de comer, como buf\u00e9s y banquetes.<\/p>\n\n\n\n<p><strong>Sistema inteligente de control de la temperatura:<\/strong> Pantalla t\u00e1ctil de control electr\u00f3nico de la temperatura, funcionamiento sencillo e intuitivo; interruptor de encendido independiente para evitar el funcionamiento incorrecto; la configuraci\u00f3n del termostato garantiza a\u00fan m\u00e1s la precisi\u00f3n y la estabilidad del control de la temperatura.<\/p>\n\n\n\n<p><strong>Material de alta calidad:<\/strong> Fabricado en acero inoxidable, es robusto y duradero, resistente a la corrosi\u00f3n y al desgaste, puede soportar un uso frecuente y entornos de trabajo de alta intensidad, reduce el coste de sustituci\u00f3n de los equipos del restaurante y tiene una alta rentabilidad para el uso a largo plazo.<\/p>\n<\/div>\n\n\n\n<div class=\"wp-block-column is-layout-flow wp-block-column-is-layout-flow\">\n<figure class=\"wp-block-image size-full\"><img decoding=\"async\" width=\"800\" height=\"800\" src=\"https:\/\/www.yongyukitchenware.com\/wp-content\/uploads\/2025\/02\/wholesale-chafer-dishes-2-1.webp\" alt=\"Mayorista Platos hondos para restaurantes\" class=\"wp-image-3020\" srcset=\"https:\/\/www.yongyukitchenware.com\/wp-content\/uploads\/2025\/02\/wholesale-chafer-dishes-2-1.webp 800w, https:\/\/www.yongyukitchenware.com\/wp-content\/uploads\/2025\/02\/wholesale-chafer-dishes-2-1-300x300.webp 300w, https:\/\/www.yongyukitchenware.com\/wp-content\/uploads\/2025\/02\/wholesale-chafer-dishes-2-1-150x150.webp 150w, https:\/\/www.yongyukitchenware.com\/wp-content\/uploads\/2025\/02\/wholesale-chafer-dishes-2-1-768x768.webp 768w, https:\/\/www.yongyukitchenware.com\/wp-content\/uploads\/2025\/02\/wholesale-chafer-dishes-2-1-12x12.webp 12w, https:\/\/www.yongyukitchenware.com\/wp-content\/uploads\/2025\/02\/wholesale-chafer-dishes-2-1-600x600.webp 600w, https:\/\/www.yongyukitchenware.com\/wp-content\/uploads\/2025\/02\/wholesale-chafer-dishes-2-1-100x100.webp 100w\" sizes=\"(max-width: 800px) 100vw, 800px\" \/><\/figure>\n<\/div>\n<\/div>","protected":false},"excerpt":{"rendered":"<p>Los Platos de Frotamiento para Restaurantes al por mayor tienen un dise\u00f1o de forro extra\u00edble para facilitar la limpieza y el mantenimiento. Duraderos, elegantes y perfectos para catering y buffets. Personalizaci\u00f3n y servicios OEM est\u00e1n disponibles. \u00a1Pregunte para m\u00e1s detalles!<\/p>\n<h2><!-- wp:heading --><\/h2>\n<h2 class=\"wp-block-heading\">Atributos de los calientaplatos de restaurante :<\/h2>\n<h2><!-- \/wp:heading --><\/p>\n<p><!-- wp:paragraph --><\/h2>\n<p><strong>Material: <\/strong>Acero inoxidable<br \/><strong>Color: <\/strong>Plata<br \/><strong>Forma:<\/strong> Redondo con tapa abatible<br \/><strong>Calor: <\/strong>Calefacci\u00f3n el\u00e9ctrica\/Calefacci\u00f3n por alcohol<br \/><strong>Chafer Pan: <\/strong>Rejilla simple\/doble<br \/><strong>OEM\/ODM: <\/strong>Disponible<\/p>\n<h2 class=\"wp-block-heading\">De Yongyu Chafing Dish Fabricante :<\/h2>\n<p>\u00a1Tanto si se trata de un proveedor de servicios de catering, hotel y restaurante, o empresa de planificaci\u00f3n de eventos, proporcionamos soluciones completas de platos para calentar al por mayor personalizados para ayudar a su negocio con precios de f\u00e1brica de alta calidad!<\/p>\n<h2><!-- \/wp:paragraph --><\/h2>","protected":false},"featured_media":3020,"comment_status":"closed","ping_status":"closed","template":"","meta":{"_acf_changed":false},"application":[30],"product_brand":[],"product_cat":[33],"product_tag":[],"class_list":{"0":"post-2974","1":"product","2":"type-product","3":"status-publish","4":"has-post-thumbnail","6":"application-hotel-catering","7":"product_cat-chafing-dishes-wholesale","9":"first","10":"instock","11":"shipping-taxable","12":"product-type-simple"},"acf":[],"_links":{"self":[{"href":"https:\/\/www.yongyukitchenware.com\/es\/wp-json\/wp\/v2\/product\/2974","targetHints":{"allow":["GET"]}}],"collection":[{"href":"https:\/\/www.yongyukitchenware.com\/es\/wp-json\/wp\/v2\/product"}],"about":[{"href":"https:\/\/www.yongyukitchenware.com\/es\/wp-json\/wp\/v2\/types\/product"}],"replies":[{"embeddable":true,"href":"https:\/\/www.yongyukitchenware.com\/es\/wp-json\/wp\/v2\/comments?post=2974"}],"wp:featuredmedia":[{"embeddable":true,"href":"https:\/\/www.yongyukitchenware.com\/es\/wp-json\/wp\/v2\/media\/3020"}],"wp:attachment":[{"href":"https:\/\/www.yongyukitchenware.com\/es\/wp-json\/wp\/v2\/media?parent=2974"}],"wp:term":[{"taxonomy":"application","embeddable":true,"href":"https:\/\/www.yongyukitchenware.com\/es\/wp-json\/wp\/v2\/application?post=2974"},{"taxonomy":"product_brand","embeddable":true,"href":"https:\/\/www.yongyukitchenware.com\/es\/wp-json\/wp\/v2\/product_brand?post=2974"},{"taxonomy":"product_cat","embeddable":true,"href":"https:\/\/www.yongyukitchenware.com\/es\/wp-json\/wp\/v2\/product_cat?post=2974"},{"taxonomy":"product_tag","embeddable":true,"href":"https:\/\/www.yongyukitchenware.com\/es\/wp-json\/wp\/v2\/product_tag?post=2974"}],"curies":[{"name":"wp","href":"https:\/\/api.w.org\/{rel}","templated":true}]}}