{"id":2985,"date":"2025-03-07T08:28:20","date_gmt":"2025-03-07T08:28:20","guid":{"rendered":"https:\/\/www.yongyukitchenware.com\/?post_type=product&#038;p=2985"},"modified":"2025-06-13T06:59:43","modified_gmt":"2025-06-13T06:59:43","slug":"wholesale-stainless-steel-chafing-dishes","status":"publish","type":"product","link":"https:\/\/www.yongyukitchenware.com\/es\/producto\/wholesale-stainless-steel-chafing-dishes\/","title":{"rendered":"Mayorista Platos hondos de acero inoxidable Juego de buffet de alta calidad"},"content":{"rendered":"<div class=\"wp-block-columns is-layout-flex wp-container-core-columns-is-layout-9d6595d7 wp-block-columns-is-layout-flex\">\n<div class=\"wp-block-column is-layout-flow wp-block-column-is-layout-flow\">\n<h2 class=\"wp-block-heading\">Chafing dishes de acero inoxidable Par\u00e1metros:<\/h2>\n\n\n\n<figure class=\"wp-block-table\"><table class=\"has-fixed-layout\"><tbody><tr><td>Modelo<\/td><td>Di\u00e1metro* Altura (cm)<\/td><td>Capacidad (l)<\/td><td>Peso (kg)<\/td><td>MOQ<\/td><\/tr><tr><td>DY008-CL<\/td><td>61*45*24<\/td><td>9<\/td><td>8.3<\/td><td>2 PIEZAS<\/td><\/tr><\/tbody><\/table><\/figure>\n\n\n\n<h2 class=\"wp-block-heading\">Chafing dishes de acero inoxidable Caracter\u00edsticas:<\/h2>\n\n\n\n<p><strong>Doble m\u00e9todo de calentamiento: <\/strong>Proporciona calefacci\u00f3n el\u00e9ctrica y calefacci\u00f3n por alcohol para garantizar que los alimentos se mantengan calientes en cualquier entorno.<\/p>\n\n\n\n<p><strong>Material de acero inoxidable duradero:<\/strong> Fabricado en acero inoxidable de alta calidad, es resistente a las altas temperaturas y a la corrosi\u00f3n.<\/p>\n\n\n\n<p><strong>Dise\u00f1o de bandeja rectangular: <\/strong>El dise\u00f1o rectangular de la bandeja ofrece un mayor espacio para exponer los alimentos.<\/p>\n\n\n\n<p><strong>Dise\u00f1o de forro extra\u00edble: <\/strong>El forro es extra\u00edble para facilitar la limpieza y el mantenimiento, garantizando una experiencia de uso higi\u00e9nica y c\u00f3moda.<\/p>\n\n\n\n<p><strong>Pantalla t\u00e1ctil de control electr\u00f3nico de la temperatura:<\/strong> El avanzado dise\u00f1o de la pantalla t\u00e1ctil de control electr\u00f3nico de la temperatura puede controlar con precisi\u00f3n el calentamiento de los alimentos.<\/p>\n\n\n\n<p><strong>Interruptor de encendido independiente: <\/strong>El dise\u00f1o del interruptor de encendido independiente garantiza un funcionamiento seguro y facilita a los usuarios el apagado r\u00e1pido del dispositivo.<\/p>\n\n\n\n<p><strong>Termostato: <\/strong>El termostato garantiza una temperatura estable, evita que los alimentos se sobrecalienten o tengan una temperatura desigual, y garantiza la calidad y el sabor de los alimentos.<\/p>\n<\/div>\n\n\n\n<div class=\"wp-block-column is-layout-flow wp-block-column-is-layout-flow\">\n<figure class=\"wp-block-image size-full is-style-default\"><img decoding=\"async\" width=\"800\" height=\"800\" src=\"https:\/\/www.yongyukitchenware.com\/wp-content\/uploads\/2025\/02\/wholesale-stainless-steel-chafing-dishes-2.webp\" alt=\"venta al por mayor chafing dishes de acero inoxidable\" class=\"wp-image-2987\" srcset=\"https:\/\/www.yongyukitchenware.com\/wp-content\/uploads\/2025\/02\/wholesale-stainless-steel-chafing-dishes-2.webp 800w, https:\/\/www.yongyukitchenware.com\/wp-content\/uploads\/2025\/02\/wholesale-stainless-steel-chafing-dishes-2-300x300.webp 300w, https:\/\/www.yongyukitchenware.com\/wp-content\/uploads\/2025\/02\/wholesale-stainless-steel-chafing-dishes-2-150x150.webp 150w, https:\/\/www.yongyukitchenware.com\/wp-content\/uploads\/2025\/02\/wholesale-stainless-steel-chafing-dishes-2-768x768.webp 768w, https:\/\/www.yongyukitchenware.com\/wp-content\/uploads\/2025\/02\/wholesale-stainless-steel-chafing-dishes-2-12x12.webp 12w, https:\/\/www.yongyukitchenware.com\/wp-content\/uploads\/2025\/02\/wholesale-stainless-steel-chafing-dishes-2-600x600.webp 600w, https:\/\/www.yongyukitchenware.com\/wp-content\/uploads\/2025\/02\/wholesale-stainless-steel-chafing-dishes-2-100x100.webp 100w\" sizes=\"(max-width: 800px) 100vw, 800px\" \/><\/figure>\n<\/div>\n<\/div>","protected":false},"excerpt":{"rendered":"<div class=\"flex max-w-full flex-col flex-grow\">\n<div class=\"min-h-8 text-message flex w-full flex-col items-end gap-2 whitespace-normal break-words text-start [.text-message+&amp;]:mt-5\" dir=\"auto\" data-message-author-role=\"assistant\" data-message-id=\"e07a47d1-8143-4d76-a750-70f60d252df1\" data-message-model-slug=\"gpt-4o\">\n<div class=\"flex w-full flex-col gap-1 empty:hidden first:pt-[3px]\">\n<div class=\"markdown prose w-full break-words dark:prose-invert dark\">\n<p data-start=\"0\" data-end=\"249\" data-is-last-node=\"\"><strong data-start=\"87\" data-end=\"131\">Venta al por mayor platos hondos de acero inoxidable<\/strong> ofrecen soluciones de servicio duraderas y de alta calidad para eventos de catering. Perfectas para buffets, ofrecen una presentaci\u00f3n elegante y un rendimiento duradero. F\u00e1ciles de limpiar y mantener, incluyen opciones personalizables. Garantizamos una entrega r\u00e1pida y una satisfacci\u00f3n superior con precios competitivos y un servicio de atenci\u00f3n al cliente fiable. Solicite m\u00e1s informaci\u00f3n hoy mismo.<\/p>\n<\/div>\n<\/div>\n<\/div>\n<\/div>\n<h2><!-- wp:heading --><\/h2>\n<h2 class=\"wp-block-heading\">Atributos de los Chafing Dishes de acero inoxidable:<\/h2>\n<h2><!-- \/wp:heading --><\/p>\n<p><!-- wp:paragraph --><\/h2>\n<p><strong>Material: <\/strong>Acero inoxidable<br \/><strong>Color: <\/strong>Plata<br \/><strong>Forma:<\/strong> Rect\u00e1ngulo con tapa abatible<br \/><strong>Calor: <\/strong>Calefacci\u00f3n el\u00e9ctrica\/Calefacci\u00f3n por alcohol<br \/><strong>Chafer Pan: <\/strong>Rejilla simple\/doble<br \/><strong>OEM\/ODM: <\/strong>Disponible<\/p>\n<h2 class=\"wp-block-heading\">De Yongyu Chafing Dish Fabricante :<\/h2>\n<p>\u00a1Tanto si se trata de un proveedor de servicios de catering, hotel y restaurante, o empresa de planificaci\u00f3n de eventos, proporcionamos soluciones completas de platos para calentar al por mayor personalizados para ayudar a su negocio con precios de f\u00e1brica de alta calidad!<\/p>\n<h2><!-- \/wp:paragraph --><\/h2>","protected":false},"featured_media":2986,"comment_status":"closed","ping_status":"closed","template":"","meta":{"_acf_changed":false},"application":[30],"product_brand":[],"product_cat":[33],"product_tag":[43],"class_list":{"0":"post-2985","1":"product","2":"type-product","3":"status-publish","4":"has-post-thumbnail","6":"application-hotel-catering","7":"product_cat-chafing-dishes-wholesale","8":"product_tag-recommend","10":"first","11":"instock","12":"shipping-taxable","13":"product-type-simple"},"acf":[],"_links":{"self":[{"href":"https:\/\/www.yongyukitchenware.com\/es\/wp-json\/wp\/v2\/product\/2985","targetHints":{"allow":["GET"]}}],"collection":[{"href":"https:\/\/www.yongyukitchenware.com\/es\/wp-json\/wp\/v2\/product"}],"about":[{"href":"https:\/\/www.yongyukitchenware.com\/es\/wp-json\/wp\/v2\/types\/product"}],"replies":[{"embeddable":true,"href":"https:\/\/www.yongyukitchenware.com\/es\/wp-json\/wp\/v2\/comments?post=2985"}],"wp:featuredmedia":[{"embeddable":true,"href":"https:\/\/www.yongyukitchenware.com\/es\/wp-json\/wp\/v2\/media\/2986"}],"wp:attachment":[{"href":"https:\/\/www.yongyukitchenware.com\/es\/wp-json\/wp\/v2\/media?parent=2985"}],"wp:term":[{"taxonomy":"application","embeddable":true,"href":"https:\/\/www.yongyukitchenware.com\/es\/wp-json\/wp\/v2\/application?post=2985"},{"taxonomy":"product_brand","embeddable":true,"href":"https:\/\/www.yongyukitchenware.com\/es\/wp-json\/wp\/v2\/product_brand?post=2985"},{"taxonomy":"product_cat","embeddable":true,"href":"https:\/\/www.yongyukitchenware.com\/es\/wp-json\/wp\/v2\/product_cat?post=2985"},{"taxonomy":"product_tag","embeddable":true,"href":"https:\/\/www.yongyukitchenware.com\/es\/wp-json\/wp\/v2\/product_tag?post=2985"}],"curies":[{"name":"wp","href":"https:\/\/api.w.org\/{rel}","templated":true}]}}