{"id":3031,"date":"2025-02-28T03:40:36","date_gmt":"2025-02-28T03:40:36","guid":{"rendered":"https:\/\/www.yongyukitchenware.com\/?post_type=product&#038;p=3031"},"modified":"2025-06-13T07:05:13","modified_gmt":"2025-06-13T07:05:13","slug":"wholesale-chafing-dish-with-stand","status":"publish","type":"product","link":"https:\/\/www.yongyukitchenware.com\/es\/producto\/wholesale-chafing-dish-with-stand\/","title":{"rendered":"Mayorista Chafing Dish with Stand For Party, Buffet Set in Bulk"},"content":{"rendered":"<div class=\"wp-block-columns is-layout-flex wp-container-core-columns-is-layout-9d6595d7 wp-block-columns-is-layout-flex\">\n<div class=\"wp-block-column is-layout-flow wp-block-column-is-layout-flow\">\n<h2 class=\"wp-block-heading\">Chafing Dish with Stand Par\u00e1metro:<\/h2>\n\n\n\n<figure class=\"wp-block-table\"><table class=\"has-fixed-layout\"><tbody><tr><td>Modelo<\/td><td>Longitud * Anchura * Altura (cm)<\/td><td>Capacidad (l)<\/td><td>MOQ<\/td><\/tr><tr><td>DY025-CL<\/td><td>64*36*34<\/td><td>11<\/td><td>2 PIEZAS<\/td><\/tr><\/tbody><\/table><\/figure>\n\n\n\n<h2 class=\"wp-block-heading\">Chafing Dish with Stand Caracter\u00edsticas:<\/h2>\n\n\n\n<p><strong>Robusto soporte de acero inoxidable: <\/strong>Estructura de acero inoxidable engrosada, soporte firme, resistencia a altas temperaturas y sin deformaciones, puede utilizarse durante mucho tiempo<\/p>\n\n\n\n<p><strong>Dep\u00f3sito interior extra\u00edble: <\/strong>f\u00e1cil de limpiar y mantener, puede mantener eficazmente limpio el interior de la estufa de comedor.<\/p>\n\n\n\n<p><strong>Adaptaci\u00f3n flexible: <\/strong>Puede combinarse con comederos de rejilla simple, doble o triple para satisfacer diferentes necesidades de almacenamiento de alimentos.<\/p>\n\n\n\n<p><strong>Calefacci\u00f3n de modo dual: <\/strong>dispone de dos modos de calefacci\u00f3n el\u00e9ctrica y calefacci\u00f3n por alcohol, que pueden seleccionarse de forma flexible seg\u00fan las diferentes necesidades de la escena.<\/p>\n<\/div>\n\n\n\n<div class=\"wp-block-column is-layout-flow wp-block-column-is-layout-flow\">\n<figure class=\"wp-block-image size-full\"><img decoding=\"async\" width=\"800\" height=\"800\" src=\"https:\/\/www.yongyukitchenware.com\/wp-content\/uploads\/2025\/02\/whlolesale-chafing-dish-with-stand.webp\" alt=\"calientaplatos al por mayor con soporte\" class=\"wp-image-3035\" srcset=\"https:\/\/www.yongyukitchenware.com\/wp-content\/uploads\/2025\/02\/whlolesale-chafing-dish-with-stand.webp 800w, https:\/\/www.yongyukitchenware.com\/wp-content\/uploads\/2025\/02\/whlolesale-chafing-dish-with-stand-300x300.webp 300w, https:\/\/www.yongyukitchenware.com\/wp-content\/uploads\/2025\/02\/whlolesale-chafing-dish-with-stand-150x150.webp 150w, https:\/\/www.yongyukitchenware.com\/wp-content\/uploads\/2025\/02\/whlolesale-chafing-dish-with-stand-768x768.webp 768w, https:\/\/www.yongyukitchenware.com\/wp-content\/uploads\/2025\/02\/whlolesale-chafing-dish-with-stand-12x12.webp 12w, https:\/\/www.yongyukitchenware.com\/wp-content\/uploads\/2025\/02\/whlolesale-chafing-dish-with-stand-600x600.webp 600w, https:\/\/www.yongyukitchenware.com\/wp-content\/uploads\/2025\/02\/whlolesale-chafing-dish-with-stand-100x100.webp 100w\" sizes=\"(max-width: 800px) 100vw, 800px\" \/><\/figure>\n<\/div>\n<\/div>","protected":false},"excerpt":{"rendered":"<div class=\"flex max-w-full flex-col flex-grow\">\n<div class=\"min-h-8 text-message flex w-full flex-col items-end gap-2 whitespace-normal break-words text-start [.text-message+&amp;]:mt-5\" dir=\"auto\" data-message-author-role=\"assistant\" data-message-id=\"e07a47d1-8143-4d76-a750-70f60d252df1\" data-message-model-slug=\"gpt-4o\">\n<div class=\"flex w-full flex-col gap-1 empty:hidden first:pt-[3px]\">\n<div class=\"markdown prose w-full break-words dark:prose-invert dark\">\n<div data-zone-id=\"0\" data-line-index=\"0\" data-line=\"true\">Chafing dish al por mayor directo de f\u00e1brica con soporte, con una tapa extra\u00edble, un estilo cl\u00e1sico para catering buffet. \u00a1Hecho del acero inoxidable de alta calidad, el mejor descuento para la aduana a granel, consigue una investigaci\u00f3n libre ahora!<\/div>\n<\/div>\n<\/div>\n<\/div>\n<\/div>\n<h2><!-- wp:heading --><\/h2>\n<h2 class=\"wp-block-heading\">Chafing Dish with Stand Atributos:<\/h2>\n<h2><!-- \/wp:heading --><\/p>\n<p><!-- wp:paragraph --><\/h2>\n<p><strong>Material: <\/strong>Acero inoxidable<br \/><strong>Color: <\/strong>Plata<br \/><strong>Forma:<\/strong> Rect\u00e1ngulo<br \/><strong>Calor: <\/strong>Calefacci\u00f3n el\u00e9ctrica\/Calefacci\u00f3n por alcohol<br \/><strong>Chafer Pan: <\/strong>Rejilla individual\/doble\/triple<br \/><strong>OEM\/ODM: <\/strong>Disponible<\/p>\n<h2 class=\"wp-block-heading\">De Yongyu Chafing Dish Fabricante :<\/h2>\n<p>\u00a1Tanto si se trata de un proveedor de servicios de catering, hotel y restaurante, o empresa de planificaci\u00f3n de eventos, proporcionamos soluciones completas de platos para calentar al por mayor personalizados para ayudar a su negocio con precios de f\u00e1brica de alta calidad!<\/p>\n<h2><!-- \/wp:paragraph --><\/h2>","protected":false},"featured_media":3035,"comment_status":"closed","ping_status":"closed","template":"","meta":{"_acf_changed":false},"application":[30],"product_brand":[],"product_cat":[33],"product_tag":[],"class_list":{"0":"post-3031","1":"product","2":"type-product","3":"status-publish","4":"has-post-thumbnail","6":"application-hotel-catering","7":"product_cat-chafing-dishes-wholesale","9":"first","10":"instock","11":"shipping-taxable","12":"product-type-simple"},"acf":[],"_links":{"self":[{"href":"https:\/\/www.yongyukitchenware.com\/es\/wp-json\/wp\/v2\/product\/3031","targetHints":{"allow":["GET"]}}],"collection":[{"href":"https:\/\/www.yongyukitchenware.com\/es\/wp-json\/wp\/v2\/product"}],"about":[{"href":"https:\/\/www.yongyukitchenware.com\/es\/wp-json\/wp\/v2\/types\/product"}],"replies":[{"embeddable":true,"href":"https:\/\/www.yongyukitchenware.com\/es\/wp-json\/wp\/v2\/comments?post=3031"}],"wp:featuredmedia":[{"embeddable":true,"href":"https:\/\/www.yongyukitchenware.com\/es\/wp-json\/wp\/v2\/media\/3035"}],"wp:attachment":[{"href":"https:\/\/www.yongyukitchenware.com\/es\/wp-json\/wp\/v2\/media?parent=3031"}],"wp:term":[{"taxonomy":"application","embeddable":true,"href":"https:\/\/www.yongyukitchenware.com\/es\/wp-json\/wp\/v2\/application?post=3031"},{"taxonomy":"product_brand","embeddable":true,"href":"https:\/\/www.yongyukitchenware.com\/es\/wp-json\/wp\/v2\/product_brand?post=3031"},{"taxonomy":"product_cat","embeddable":true,"href":"https:\/\/www.yongyukitchenware.com\/es\/wp-json\/wp\/v2\/product_cat?post=3031"},{"taxonomy":"product_tag","embeddable":true,"href":"https:\/\/www.yongyukitchenware.com\/es\/wp-json\/wp\/v2\/product_tag?post=3031"}],"curies":[{"name":"wp","href":"https:\/\/api.w.org\/{rel}","templated":true}]}}