{"id":3181,"date":"2025-03-22T02:17:12","date_gmt":"2025-03-22T02:17:12","guid":{"rendered":"https:\/\/www.yongyukitchenware.com\/?post_type=product&#038;p=3181"},"modified":"2025-06-13T06:30:40","modified_gmt":"2025-06-13T06:30:40","slug":"bulk-egg-shaped-tray","status":"publish","type":"product","link":"https:\/\/www.yongyukitchenware.com\/es\/producto\/bulk-egg-shaped-tray\/","title":{"rendered":"Bandeja a granel de acero inoxidable en forma de huevo Plato bandeja para servir alimentos"},"content":{"rendered":"<div class=\"wp-block-columns is-layout-flex wp-container-core-columns-is-layout-9d6595d7 wp-block-columns-is-layout-flex\">\n<div class=\"wp-block-column is-layout-flow wp-block-column-is-layout-flow\">\n<h2 class=\"wp-block-heading\">Bandeja en forma de huevo de acero inoxidable a granel Tama\u00f1o:<\/h2>\n\n\n\n<figure class=\"wp-block-table\"><table class=\"has-fixed-layout\"><tbody><tr><td>Modelo<\/td><td>Tama\u00f1o(Largo * Ancho)<\/td><td>Altura<\/td><td>MOQ<\/td><\/tr><tr><td rowspan=\"4\">DY053-P<\/td><td>20*14,4 cm<\/td><td rowspan=\"4\">1 cm<\/td><td rowspan=\"4\">200PCS<\/td><\/tr><tr><td>26,6*19,5 cm<\/td><\/tr><tr><td>28.7*22cm<\/td><\/tr><tr><td>31*25cm<\/td><\/tr><\/tbody><\/table><\/figure>\n\n\n\n<h2 class=\"wp-block-heading\">Bandeja en forma de huevo de acero inoxidable a granel Caracter\u00edsticas:<\/h2>\n\n\n\n<p><strong>Acero inoxidable de calidad alimentaria<\/strong>\uff1a Fabricado en acero inoxidable de alta calidad para uso alimentario, ofrece mayor resistencia a la corrosi\u00f3n. Inodoro, no t\u00f3xico y duradero, perfecto para uso comercial y dom\u00e9stico.<br><strong>Innovador dise\u00f1o en forma de huevo<\/strong>\uff1a Dise\u00f1o de huevo ergon\u00f3mico, ideal para disponer ingredientes largos o finos, como pescado al vapor, sushi o aperitivos, en un abrir y cerrar de ojos.<br><strong>Proceso refinado de dibujo y pulido<\/strong>\uff1a Superficie lisa y elegante gracias al estirado y pulido de alta calidad, que proporciona una superficie de aspecto limpio y f\u00e1cil de limpiar, resistente a manchas y ara\u00f1azos.<br><strong>Bordes lisos y redondeados<\/strong>\uff1a Bordes lisos y redondeados, proporcionan un agarre ajustado sin peligro de herirse las manos al manipularlo, garantizando seguridad y facilidad de uso.<br><strong>Base plana estable para mayor flexibilidad<\/strong>\uff1a La construcci\u00f3n de fondo plano proporciona una excelente estabilidad. La bandeja puede colocarse con seguridad sobre cualquier base y calentarse directamente con ella, ofreciendo flexibilidad a la hora de servir y cocinar.<\/p>\n<\/div>\n\n\n\n<div class=\"wp-block-column is-layout-flow wp-block-column-is-layout-flow\">\n<figure class=\"wp-block-image size-full is-resized\"><img decoding=\"async\" width=\"800\" height=\"800\" src=\"https:\/\/www.yongyukitchenware.com\/wp-content\/uploads\/2025\/03\/Bulk-Stainless-Steel-Egg-Shaped-Tray-4.webp\" alt=\"Bandeja a granel de acero inoxidable en forma de huevo-4\" class=\"wp-image-3185\" style=\"width:384px;height:auto\" srcset=\"https:\/\/www.yongyukitchenware.com\/wp-content\/uploads\/2025\/03\/Bulk-Stainless-Steel-Egg-Shaped-Tray-4.webp 800w, https:\/\/www.yongyukitchenware.com\/wp-content\/uploads\/2025\/03\/Bulk-Stainless-Steel-Egg-Shaped-Tray-4-300x300.webp 300w, https:\/\/www.yongyukitchenware.com\/wp-content\/uploads\/2025\/03\/Bulk-Stainless-Steel-Egg-Shaped-Tray-4-150x150.webp 150w, https:\/\/www.yongyukitchenware.com\/wp-content\/uploads\/2025\/03\/Bulk-Stainless-Steel-Egg-Shaped-Tray-4-768x768.webp 768w, https:\/\/www.yongyukitchenware.com\/wp-content\/uploads\/2025\/03\/Bulk-Stainless-Steel-Egg-Shaped-Tray-4-12x12.webp 12w, https:\/\/www.yongyukitchenware.com\/wp-content\/uploads\/2025\/03\/Bulk-Stainless-Steel-Egg-Shaped-Tray-4-600x600.webp 600w, https:\/\/www.yongyukitchenware.com\/wp-content\/uploads\/2025\/03\/Bulk-Stainless-Steel-Egg-Shaped-Tray-4-100x100.webp 100w\" sizes=\"(max-width: 800px) 100vw, 800px\" \/><\/figure>\n\n\n\n<figure class=\"wp-block-image size-full is-resized\"><img decoding=\"async\" width=\"800\" height=\"800\" src=\"https:\/\/www.yongyukitchenware.com\/wp-content\/uploads\/2025\/03\/Bulk-Stainless-Steel-Egg-Shaped-Tray-5.webp\" alt=\"Bandeja en forma de huevo de acero inoxidable a granel-5\" class=\"wp-image-3186\" style=\"width:384px\" srcset=\"https:\/\/www.yongyukitchenware.com\/wp-content\/uploads\/2025\/03\/Bulk-Stainless-Steel-Egg-Shaped-Tray-5.webp 800w, https:\/\/www.yongyukitchenware.com\/wp-content\/uploads\/2025\/03\/Bulk-Stainless-Steel-Egg-Shaped-Tray-5-300x300.webp 300w, https:\/\/www.yongyukitchenware.com\/wp-content\/uploads\/2025\/03\/Bulk-Stainless-Steel-Egg-Shaped-Tray-5-150x150.webp 150w, https:\/\/www.yongyukitchenware.com\/wp-content\/uploads\/2025\/03\/Bulk-Stainless-Steel-Egg-Shaped-Tray-5-768x768.webp 768w, https:\/\/www.yongyukitchenware.com\/wp-content\/uploads\/2025\/03\/Bulk-Stainless-Steel-Egg-Shaped-Tray-5-12x12.webp 12w, https:\/\/www.yongyukitchenware.com\/wp-content\/uploads\/2025\/03\/Bulk-Stainless-Steel-Egg-Shaped-Tray-5-600x600.webp 600w, https:\/\/www.yongyukitchenware.com\/wp-content\/uploads\/2025\/03\/Bulk-Stainless-Steel-Egg-Shaped-Tray-5-100x100.webp 100w\" sizes=\"(max-width: 800px) 100vw, 800px\" \/><\/figure>\n<\/div>\n<\/div>\n\n\n\n<p><\/p>","protected":false},"excerpt":{"rendered":"<div class=\"n4sEPd\">\n<div class=\"UdTY9 qhIQqf leDWne\" aria-hidden=\"true\" data-location=\"1\">Bandeja en forma de huevo de acero inoxidable a granel, suministro directo de f\u00e1brica con tama\u00f1os y colores personalizables. Ideal para servir marisco, aperitivos y mucho m\u00e1s. Perfecto para restaurantes, hoteles y catering. Servicio de adquisici\u00f3n integral para vendedores de comercio electr\u00f3nico. Contacte con nosotros para m\u00e1s detalles.<\/div>\n<\/div>\n<h2 style=\"text-align: left\">Bandeja en forma de huevo de acero inoxidable a granel:<\/h2>\n<p style=\"text-align: left\"><strong>Material:<\/strong> Acero inoxidable<br \/><strong>Longitud:<\/strong>20\/26\/28\/31cm<br \/><strong>Forma:<\/strong> Forma de huevo<br \/><strong>Embalaje:<\/strong> Bolsa OPP y cart\u00f3n<br \/><strong>OEM\/ODM:<\/strong> Disponible<\/p>\n<h2 class=\"wp-block-heading\">Del mayorista de vajillas Yongyu:<\/h2>\n<p>Yongyu Tableware Wholesaler puede satisfacer las necesidades de los clientes al por mayor y proporcionar una serie de suministros de catering al por mayor de alta calidad que combina elegancia y durabilidad. Incluyendo vajilla, vajilla de bebidas, equipos de catering, utensilios de cocina, elementos esenciales de cocina de campamento, etc.<\/p>","protected":false},"featured_media":3182,"comment_status":"closed","ping_status":"closed","template":"","meta":{"_acf_changed":false},"application":[29],"product_brand":[],"product_cat":[21],"product_tag":[],"class_list":{"0":"post-3181","1":"product","2":"type-product","3":"status-publish","4":"has-post-thumbnail","6":"application-home-kitchen","7":"product_cat-tableware-wholesale","9":"first","10":"instock","11":"shipping-taxable","12":"product-type-simple"},"acf":[],"_links":{"self":[{"href":"https:\/\/www.yongyukitchenware.com\/es\/wp-json\/wp\/v2\/product\/3181","targetHints":{"allow":["GET"]}}],"collection":[{"href":"https:\/\/www.yongyukitchenware.com\/es\/wp-json\/wp\/v2\/product"}],"about":[{"href":"https:\/\/www.yongyukitchenware.com\/es\/wp-json\/wp\/v2\/types\/product"}],"replies":[{"embeddable":true,"href":"https:\/\/www.yongyukitchenware.com\/es\/wp-json\/wp\/v2\/comments?post=3181"}],"wp:featuredmedia":[{"embeddable":true,"href":"https:\/\/www.yongyukitchenware.com\/es\/wp-json\/wp\/v2\/media\/3182"}],"wp:attachment":[{"href":"https:\/\/www.yongyukitchenware.com\/es\/wp-json\/wp\/v2\/media?parent=3181"}],"wp:term":[{"taxonomy":"application","embeddable":true,"href":"https:\/\/www.yongyukitchenware.com\/es\/wp-json\/wp\/v2\/application?post=3181"},{"taxonomy":"product_brand","embeddable":true,"href":"https:\/\/www.yongyukitchenware.com\/es\/wp-json\/wp\/v2\/product_brand?post=3181"},{"taxonomy":"product_cat","embeddable":true,"href":"https:\/\/www.yongyukitchenware.com\/es\/wp-json\/wp\/v2\/product_cat?post=3181"},{"taxonomy":"product_tag","embeddable":true,"href":"https:\/\/www.yongyukitchenware.com\/es\/wp-json\/wp\/v2\/product_tag?post=3181"}],"curies":[{"name":"wp","href":"https:\/\/api.w.org\/{rel}","templated":true}]}}