{"id":3230,"date":"2025-03-22T01:22:49","date_gmt":"2025-03-22T01:22:49","guid":{"rendered":"https:\/\/www.yongyukitchenware.com\/?post_type=product&#038;p=3230"},"modified":"2025-07-10T10:00:23","modified_gmt":"2025-07-10T10:00:23","slug":"wholesale-silver-stainless-steel-round-tray","status":"publish","type":"product","link":"https:\/\/www.yongyukitchenware.com\/es\/producto\/wholesale-silver-stainless-steel-round-tray\/","title":{"rendered":"Mayorista Bandeja Redonda de Acero Inoxidable Plateada Plato para Servir Pizza"},"content":{"rendered":"<div class=\"wp-block-columns is-layout-flex wp-container-core-columns-is-layout-9d6595d7 wp-block-columns-is-layout-flex\">\n<div class=\"wp-block-column is-layout-flow wp-block-column-is-layout-flow\">\n<h2 class=\"wp-block-heading\">Mayorista Bandeja Redonda de Acero Inoxidable Plateada Tama\u00f1o:<\/h2>\n\n\n\n<figure class=\"wp-block-table\"><table class=\"has-fixed-layout\"><tbody><tr><td>Modelo<\/td><td>Talla<\/td><td>Peso<\/td><td>MOQ<\/td><\/tr><tr><td rowspan=\"6\">DY049-P<\/td><td>14 cm<\/td><td>85g<\/td><td rowspan=\"6\">300 UNIDADES<\/td><\/tr><tr><td>17 cm<\/td><td>126g<\/td><\/tr><tr><td>20 cm<\/td><td>172g<\/td><\/tr><tr><td>23 cm<\/td><td>215g<\/td><\/tr><tr><td>26 cm<\/td><td>287g<\/td><\/tr><tr><td>30 cm<\/td><td>378g<\/td><\/tr><\/tbody><\/table><\/figure>\n\n\n\n<h2 class=\"wp-block-heading\">Bandeja redonda de acero inoxidable al por mayor de plata Caracter\u00edsticas:<\/h2>\n\n\n\n<p><strong>Alta calidad<\/strong> <strong>Acero inoxidable<\/strong>: Fabricado en acero inoxidable de primera calidad para uso alimentario, con una excelente resistencia a la corrosi\u00f3n. Inodoro, seguro y muy duradero para un uso prolongado.<br><strong>Proceso de embutici\u00f3n y pulido:<\/strong> Est\u00e1 fabricado con una textura suave y delicada mediante avanzadas t\u00e9cnicas de embutici\u00f3n y pulido. Es f\u00e1cil de limpiar y mantiene un aspecto elegante.<br><strong>Dise\u00f1o de la llanta:<\/strong> Los bordes redondeados y lisos garantizan un manejo seguro, evitando lesiones en las manos y aumentando la comodidad del usuario.<br><strong>Conformado integrado: <\/strong>Tiene una construcci\u00f3n sin costuras con un fondo plano y robusto que resiste la deformaci\u00f3n. Es duradera y f\u00e1cil de limpiar, por lo que resulta ideal para el uso diario.<\/p>\n<\/div>\n\n\n\n<div class=\"wp-block-column is-layout-flow wp-block-column-is-layout-flow\">\n<figure class=\"wp-block-image size-full is-resized\"><img decoding=\"async\" width=\"800\" height=\"800\" src=\"https:\/\/www.yongyukitchenware.com\/wp-content\/uploads\/2025\/03\/Wholesale-Silver-Stainless-Steel-Round-Tray-2.webp\" alt=\"Mayorista-Plata-Acero inoxidable-Bandeja redonda-2\" class=\"wp-image-3232\" style=\"width:384px;height:auto\" srcset=\"https:\/\/www.yongyukitchenware.com\/wp-content\/uploads\/2025\/03\/Wholesale-Silver-Stainless-Steel-Round-Tray-2.webp 800w, https:\/\/www.yongyukitchenware.com\/wp-content\/uploads\/2025\/03\/Wholesale-Silver-Stainless-Steel-Round-Tray-2-300x300.webp 300w, https:\/\/www.yongyukitchenware.com\/wp-content\/uploads\/2025\/03\/Wholesale-Silver-Stainless-Steel-Round-Tray-2-150x150.webp 150w, https:\/\/www.yongyukitchenware.com\/wp-content\/uploads\/2025\/03\/Wholesale-Silver-Stainless-Steel-Round-Tray-2-768x768.webp 768w, https:\/\/www.yongyukitchenware.com\/wp-content\/uploads\/2025\/03\/Wholesale-Silver-Stainless-Steel-Round-Tray-2-12x12.webp 12w, https:\/\/www.yongyukitchenware.com\/wp-content\/uploads\/2025\/03\/Wholesale-Silver-Stainless-Steel-Round-Tray-2-600x600.webp 600w, https:\/\/www.yongyukitchenware.com\/wp-content\/uploads\/2025\/03\/Wholesale-Silver-Stainless-Steel-Round-Tray-2-100x100.webp 100w\" sizes=\"(max-width: 800px) 100vw, 800px\" \/><\/figure>\n\n\n\n<figure class=\"wp-block-image size-full is-resized\"><img decoding=\"async\" width=\"800\" height=\"800\" src=\"https:\/\/www.yongyukitchenware.com\/wp-content\/uploads\/2025\/03\/Wholesale-Silver-Stainless-Steel-Round-Tray-8.webp\" alt=\"Mayorista-Plata-Acero inoxidable-Bandeja redonda-8\" class=\"wp-image-3238\" style=\"width:384px\" srcset=\"https:\/\/www.yongyukitchenware.com\/wp-content\/uploads\/2025\/03\/Wholesale-Silver-Stainless-Steel-Round-Tray-8.webp 800w, https:\/\/www.yongyukitchenware.com\/wp-content\/uploads\/2025\/03\/Wholesale-Silver-Stainless-Steel-Round-Tray-8-300x300.webp 300w, https:\/\/www.yongyukitchenware.com\/wp-content\/uploads\/2025\/03\/Wholesale-Silver-Stainless-Steel-Round-Tray-8-150x150.webp 150w, https:\/\/www.yongyukitchenware.com\/wp-content\/uploads\/2025\/03\/Wholesale-Silver-Stainless-Steel-Round-Tray-8-768x768.webp 768w, https:\/\/www.yongyukitchenware.com\/wp-content\/uploads\/2025\/03\/Wholesale-Silver-Stainless-Steel-Round-Tray-8-12x12.webp 12w, https:\/\/www.yongyukitchenware.com\/wp-content\/uploads\/2025\/03\/Wholesale-Silver-Stainless-Steel-Round-Tray-8-600x600.webp 600w, https:\/\/www.yongyukitchenware.com\/wp-content\/uploads\/2025\/03\/Wholesale-Silver-Stainless-Steel-Round-Tray-8-100x100.webp 100w\" sizes=\"(max-width: 800px) 100vw, 800px\" \/><\/figure>\n<\/div>\n<\/div>","protected":false},"excerpt":{"rendered":"<div class=\"n4sEPd\">\n<div class=\"UdTY9 qhIQqf leDWne\" aria-hidden=\"true\" data-location=\"1\">Bandeja redonda de acero inoxidable personalizada y al por mayor, suministrada directamente por la f\u00e1brica de vajilla, soporte de personalizaci\u00f3n, proporcionar una variedad de tama\u00f1os. Apoyar el servicio de adquisici\u00f3n de ventanilla \u00fanica para los vendedores de comercio electr\u00f3nico. \u00a1Bienvenido a preguntar!<\/div>\n<\/div>\n<h2 style=\"text-align: left;\">Bandeja redonda de acero inoxidable al por mayor:<\/h2>\n<p style=\"text-align: left;\"><strong>Material:<\/strong> Acero inoxidable<br \/><strong>Longitud:<\/strong>14\/17\/20\/23\/26\/30 cm<br \/><strong>Forma:<\/strong> Redondo<br \/><strong>Embalaje:<\/strong> Bolsa OPP y cart\u00f3n<br \/><strong>OEM\/ODM:<\/strong> Disponible<\/p>\n<h2 class=\"wp-block-heading\">Del mayorista de vajillas Yongyu:<\/h2>\n<p>Yongyu Tableware Wholesaler puede satisfacer las necesidades de los clientes al por mayor y proporcionar una serie de suministros de catering al por mayor de alta calidad que combina elegancia y durabilidad. Incluyendo vajilla, vajilla de bebidas, equipos de catering, utensilios de cocina, elementos esenciales de cocina de campamento, etc.<\/p>","protected":false},"featured_media":3231,"comment_status":"closed","ping_status":"closed","template":"","meta":{"_acf_changed":false},"application":[29],"product_brand":[],"product_cat":[21,46],"product_tag":[],"class_list":{"0":"post-3230","1":"product","2":"type-product","3":"status-publish","4":"has-post-thumbnail","6":"application-home-kitchen","7":"product_cat-tableware-wholesale","8":"product_cat-stainless-steel-dinner-plates-wholesale","10":"first","11":"instock","12":"shipping-taxable","13":"product-type-simple"},"acf":[],"_links":{"self":[{"href":"https:\/\/www.yongyukitchenware.com\/es\/wp-json\/wp\/v2\/product\/3230","targetHints":{"allow":["GET"]}}],"collection":[{"href":"https:\/\/www.yongyukitchenware.com\/es\/wp-json\/wp\/v2\/product"}],"about":[{"href":"https:\/\/www.yongyukitchenware.com\/es\/wp-json\/wp\/v2\/types\/product"}],"replies":[{"embeddable":true,"href":"https:\/\/www.yongyukitchenware.com\/es\/wp-json\/wp\/v2\/comments?post=3230"}],"wp:featuredmedia":[{"embeddable":true,"href":"https:\/\/www.yongyukitchenware.com\/es\/wp-json\/wp\/v2\/media\/3231"}],"wp:attachment":[{"href":"https:\/\/www.yongyukitchenware.com\/es\/wp-json\/wp\/v2\/media?parent=3230"}],"wp:term":[{"taxonomy":"application","embeddable":true,"href":"https:\/\/www.yongyukitchenware.com\/es\/wp-json\/wp\/v2\/application?post=3230"},{"taxonomy":"product_brand","embeddable":true,"href":"https:\/\/www.yongyukitchenware.com\/es\/wp-json\/wp\/v2\/product_brand?post=3230"},{"taxonomy":"product_cat","embeddable":true,"href":"https:\/\/www.yongyukitchenware.com\/es\/wp-json\/wp\/v2\/product_cat?post=3230"},{"taxonomy":"product_tag","embeddable":true,"href":"https:\/\/www.yongyukitchenware.com\/es\/wp-json\/wp\/v2\/product_tag?post=3230"}],"curies":[{"name":"wp","href":"https:\/\/api.w.org\/{rel}","templated":true}]}}