{"id":3244,"date":"2025-03-22T01:51:01","date_gmt":"2025-03-22T01:51:01","guid":{"rendered":"https:\/\/www.yongyukitchenware.com\/?post_type=product&#038;p=3244"},"modified":"2025-06-13T06:39:32","modified_gmt":"2025-06-13T06:39:32","slug":"wholesale-stainless-steel-gold-plates","status":"publish","type":"product","link":"https:\/\/www.yongyukitchenware.com\/es\/producto\/wholesale-stainless-steel-gold-plates\/","title":{"rendered":"Mayorista Platos de Acero Inoxidable de Oro Plato de Servir Plato de Pizza"},"content":{"rendered":"<div class=\"wp-block-columns is-layout-flex wp-container-core-columns-is-layout-9d6595d7 wp-block-columns-is-layout-flex\">\n<div class=\"wp-block-column is-layout-flow wp-block-column-is-layout-flow\">\n<h2 class=\"wp-block-heading\">Venta al por mayor placas de oro de acero inoxidable Tama\u00f1o:<\/h2>\n\n\n\n<figure class=\"wp-block-table\"><table class=\"has-fixed-layout\"><tbody><tr><td>Modelo<\/td><td>Talla<\/td><td>Peso<\/td><td>MOQ<\/td><\/tr><tr><td rowspan=\"6\">DY049-P<\/td><td>14 cm<\/td><td>85g<\/td><td rowspan=\"6\">300 UNIDADES<\/td><\/tr><tr><td>17 cm<\/td><td>126g<\/td><\/tr><tr><td>20 cm<\/td><td>172g<\/td><\/tr><tr><td>23 cm<\/td><td>215g<\/td><\/tr><tr><td>26 cm<\/td><td>287g<\/td><\/tr><tr><td>30 cm<\/td><td>378g<\/td><\/tr><\/tbody><\/table><\/figure>\n\n\n\n<h2 class=\"wp-block-heading\">Venta al por mayor de placas de oro de acero inoxidable Caracter\u00edsticas:<\/h2>\n\n\n\n<p><strong>Acero inoxidable de calidad alimentaria\uff1a<\/strong> Fabricado con acero inoxidable de alta calidad para uso alimentario, que ofrece una mayor resistencia a la corrosi\u00f3n. Inodoro, seguro y creado para un rendimiento duradero.<br><strong>Refinado acabado cepillado con detalles pulidos a espejo\uff1a<\/strong> Presenta un elegante acabado cepillado con bordes pulidos para un aspecto elegante y moderno. A prueba de ara\u00f1azos y f\u00e1cil de limpiar.<br><strong>Borde de llanta enrollable ergon\u00f3mico\uff1a<\/strong> Elegante dise\u00f1o de borde redondeado para una mayor comodidad de manejo y seguridad, reduciendo el riesgo de cortes durante el uso o la limpieza.<br><strong>Construcci\u00f3n de una pieza sin costuras\uff1a<\/strong> Estampado de precisi\u00f3n con una construcci\u00f3n robusta y sin juntas. El fondo plano garantiza la estabilidad y protege contra el alabeo, incluso con un uso intensivo.<br><strong>F\u00e1cil de limpiar y mantener\uff1a<\/strong> La superficie antiadherente y el dise\u00f1o integrado facilitan la limpieza, ideal para entornos comerciales muy frecuentados.<\/p>\n<\/div>\n\n\n\n<div class=\"wp-block-column is-layout-flow wp-block-column-is-layout-flow\">\n<figure class=\"wp-block-image size-full is-resized\"><img decoding=\"async\" width=\"1500\" height=\"1500\" src=\"https:\/\/www.yongyukitchenware.com\/wp-content\/uploads\/2025\/03\/Wholesale-Gold-Stainless-Steel-Round-Tray-3.webp\" alt=\"Placas de oro de acero inoxidable al por mayor\" class=\"wp-image-3247\" style=\"width:384px;height:auto\" srcset=\"https:\/\/www.yongyukitchenware.com\/wp-content\/uploads\/2025\/03\/Wholesale-Gold-Stainless-Steel-Round-Tray-3.webp 1500w, https:\/\/www.yongyukitchenware.com\/wp-content\/uploads\/2025\/03\/Wholesale-Gold-Stainless-Steel-Round-Tray-3-300x300.webp 300w, https:\/\/www.yongyukitchenware.com\/wp-content\/uploads\/2025\/03\/Wholesale-Gold-Stainless-Steel-Round-Tray-3-150x150.webp 150w, https:\/\/www.yongyukitchenware.com\/wp-content\/uploads\/2025\/03\/Wholesale-Gold-Stainless-Steel-Round-Tray-3-768x768.webp 768w, https:\/\/www.yongyukitchenware.com\/wp-content\/uploads\/2025\/03\/Wholesale-Gold-Stainless-Steel-Round-Tray-3-12x12.webp 12w, https:\/\/www.yongyukitchenware.com\/wp-content\/uploads\/2025\/03\/Wholesale-Gold-Stainless-Steel-Round-Tray-3-1200x1200.webp 1200w, https:\/\/www.yongyukitchenware.com\/wp-content\/uploads\/2025\/03\/Wholesale-Gold-Stainless-Steel-Round-Tray-3-600x600.webp 600w, https:\/\/www.yongyukitchenware.com\/wp-content\/uploads\/2025\/03\/Wholesale-Gold-Stainless-Steel-Round-Tray-3-100x100.webp 100w\" sizes=\"(max-width: 1500px) 100vw, 1500px\" \/><\/figure>\n\n\n\n<figure class=\"wp-block-image size-full is-resized\"><img decoding=\"async\" width=\"1500\" height=\"1500\" src=\"https:\/\/www.yongyukitchenware.com\/wp-content\/uploads\/2025\/03\/Wholesale-Gold-Stainless-Steel-Round-Tray-8.webp\" alt=\"Venta al por mayor placas de oro de acero inoxidable 1\" class=\"wp-image-3252\" style=\"width:384px\" srcset=\"https:\/\/www.yongyukitchenware.com\/wp-content\/uploads\/2025\/03\/Wholesale-Gold-Stainless-Steel-Round-Tray-8.webp 1500w, https:\/\/www.yongyukitchenware.com\/wp-content\/uploads\/2025\/03\/Wholesale-Gold-Stainless-Steel-Round-Tray-8-300x300.webp 300w, https:\/\/www.yongyukitchenware.com\/wp-content\/uploads\/2025\/03\/Wholesale-Gold-Stainless-Steel-Round-Tray-8-150x150.webp 150w, https:\/\/www.yongyukitchenware.com\/wp-content\/uploads\/2025\/03\/Wholesale-Gold-Stainless-Steel-Round-Tray-8-768x768.webp 768w, https:\/\/www.yongyukitchenware.com\/wp-content\/uploads\/2025\/03\/Wholesale-Gold-Stainless-Steel-Round-Tray-8-12x12.webp 12w, https:\/\/www.yongyukitchenware.com\/wp-content\/uploads\/2025\/03\/Wholesale-Gold-Stainless-Steel-Round-Tray-8-1200x1200.webp 1200w, https:\/\/www.yongyukitchenware.com\/wp-content\/uploads\/2025\/03\/Wholesale-Gold-Stainless-Steel-Round-Tray-8-600x600.webp 600w, https:\/\/www.yongyukitchenware.com\/wp-content\/uploads\/2025\/03\/Wholesale-Gold-Stainless-Steel-Round-Tray-8-100x100.webp 100w\" sizes=\"(max-width: 1500px) 100vw, 1500px\" \/><\/figure>\n<\/div>\n<\/div>","protected":false},"excerpt":{"rendered":"<div class=\"n4sEPd\">\n<div class=\"UdTY9 qhIQqf leDWne\" aria-hidden=\"true\" data-location=\"1\">\n<p data-start=\"104\" data-end=\"410\">Placas de oro de acero inoxidable al por mayor, suministro directo de f\u00e1brica. Apoyo a la personalizaci\u00f3n con m\u00faltiples tama\u00f1os y colores disponibles. Ideal para servir platos, pizza y postres. Perfecto para restaurantes, hoteles y catering. Servicio de adquisici\u00f3n integral disponible para vendedores de comercio electr\u00f3nico. \u00a1Bienvenido a preguntar!<\/p>\n<\/div>\n<\/div>\n<h2 style=\"text-align: left\">Venta al por mayor <span id=\"productTitle\" class=\"a-size-large product-title-word-break\">Placas de oro de acero inoxidable<\/span>:<\/h2>\n<p style=\"text-align: left\"><strong>Material:<\/strong> Acero inoxidable<br \/><strong>Longitud:<\/strong>14\/17\/20\/23\/26\/30 cm<br \/><strong>Forma:<\/strong> Redondo<br \/><strong>Embalaje:<\/strong> Bolsa OPP y cart\u00f3n<br \/><strong>OEM\/ODM:<\/strong> Disponible<\/p>\n<h2 class=\"wp-block-heading\">Del mayorista de vajillas Yongyu:<\/h2>\n<p>Yongyu Tableware Wholesaler puede satisfacer las necesidades de los clientes al por mayor y proporcionar una serie de suministros de catering al por mayor de alta calidad que combina elegancia y durabilidad. Incluyendo vajilla, vajilla de bebidas, equipos de catering, utensilios de cocina, elementos esenciales de cocina de campamento, etc.<\/p>","protected":false},"featured_media":3245,"comment_status":"closed","ping_status":"closed","template":"","meta":{"_acf_changed":true},"application":[29],"product_brand":[],"product_cat":[21,46],"product_tag":[],"class_list":{"0":"post-3244","1":"product","2":"type-product","3":"status-publish","4":"has-post-thumbnail","6":"application-home-kitchen","7":"product_cat-tableware-wholesale","8":"product_cat-stainless-steel-dinner-plates-wholesale","10":"first","11":"instock","12":"shipping-taxable","13":"product-type-simple"},"acf":[],"_links":{"self":[{"href":"https:\/\/www.yongyukitchenware.com\/es\/wp-json\/wp\/v2\/product\/3244","targetHints":{"allow":["GET"]}}],"collection":[{"href":"https:\/\/www.yongyukitchenware.com\/es\/wp-json\/wp\/v2\/product"}],"about":[{"href":"https:\/\/www.yongyukitchenware.com\/es\/wp-json\/wp\/v2\/types\/product"}],"replies":[{"embeddable":true,"href":"https:\/\/www.yongyukitchenware.com\/es\/wp-json\/wp\/v2\/comments?post=3244"}],"wp:featuredmedia":[{"embeddable":true,"href":"https:\/\/www.yongyukitchenware.com\/es\/wp-json\/wp\/v2\/media\/3245"}],"wp:attachment":[{"href":"https:\/\/www.yongyukitchenware.com\/es\/wp-json\/wp\/v2\/media?parent=3244"}],"wp:term":[{"taxonomy":"application","embeddable":true,"href":"https:\/\/www.yongyukitchenware.com\/es\/wp-json\/wp\/v2\/application?post=3244"},{"taxonomy":"product_brand","embeddable":true,"href":"https:\/\/www.yongyukitchenware.com\/es\/wp-json\/wp\/v2\/product_brand?post=3244"},{"taxonomy":"product_cat","embeddable":true,"href":"https:\/\/www.yongyukitchenware.com\/es\/wp-json\/wp\/v2\/product_cat?post=3244"},{"taxonomy":"product_tag","embeddable":true,"href":"https:\/\/www.yongyukitchenware.com\/es\/wp-json\/wp\/v2\/product_tag?post=3244"}],"curies":[{"name":"wp","href":"https:\/\/api.w.org\/{rel}","templated":true}]}}