{"id":3311,"date":"2025-03-28T03:37:49","date_gmt":"2025-03-28T03:37:49","guid":{"rendered":"https:\/\/www.yongyukitchenware.com\/?post_type=product&#038;p=3311"},"modified":"2025-07-10T10:06:39","modified_gmt":"2025-07-10T10:06:39","slug":"bulk-double-wall-stainless-steel-cup","status":"publish","type":"product","link":"https:\/\/www.yongyukitchenware.com\/es\/producto\/bulk-double-wall-stainless-steel-cup\/","title":{"rendered":"Taza a granel de acero inoxidable de doble pared Tazas de vino de metal Tazas de caf\u00e9"},"content":{"rendered":"<div class=\"wp-block-columns is-layout-flex wp-container-core-columns-is-layout-9d6595d7 wp-block-columns-is-layout-flex\">\n<div class=\"wp-block-column is-layout-flow wp-block-column-is-layout-flow\">\n<h2 class=\"wp-block-heading\">Vaso de acero inoxidable de doble pared a granel Caracter\u00edsticas:<\/h2>\n\n\n\n<p><strong>Acero inoxidable de excelente calidad:<\/strong> Material de acero inoxidable de calidad alimentaria, resistente a la corrosi\u00f3n, inodoro y duradero.<br><strong>Estructura hueca doble: <\/strong>acero reforzado, doble hueco, aislamiento t\u00e9rmico y antical\u00f3rico.<br><strong>Proceso de dibujo: <\/strong>superficie lisa que no se ensucia f\u00e1cilmente, f\u00e1cil de limpiar<br><strong>Dise\u00f1o de la llanta:<\/strong> Los bordes son lisos y redondeados para facilitar el manejo y evitar lesiones en las manos.<br>I<strong>moldeo integrado<\/strong>: El cuerpo de la taza est\u00e1 moldeado en una sola pieza, robusta e indeformable, y f\u00e1cil de limpiar.<\/p>\n\n\n\n<h2 class=\"wp-block-heading\">Taza de acero inoxidable de doble pared a granel Tama\u00f1o:<\/h2>\n\n\n\n<figure class=\"wp-block-table\"><table class=\"has-fixed-layout\"><tbody><tr><td>Modelo<\/td><td>Di\u00e1metro<\/td><td>Altura<\/td><td>Capacidad<\/td><td>MOQ<\/td><\/tr><tr><td rowspan=\"6\">DY024-B<\/td><td>7 cm<\/td><td>7 cm<\/td><td>175ML<\/td><td rowspan=\"6\">300 UNIDADES<\/td><\/tr><tr><td>8 cm<\/td><td>9 cm<\/td><td>260ML<\/td><\/tr><tr><td>8 cm<\/td><td>9,5 cm<\/td><td>300ML<\/td><\/tr><tr><td>7,6 cm<\/td><td>12,5 cm<\/td><td>350ML<\/td><\/tr><tr><td>8,5 cm<\/td><td>13,6 cm<\/td><td>450ML<\/td><\/tr><tr><td>8,5 cm<\/td><td>14 cm<\/td><td>480ML<\/td><\/tr><\/tbody><\/table><\/figure>\n<\/div>\n\n\n\n<div class=\"wp-block-column is-layout-flow wp-block-column-is-layout-flow\">\n<div class=\"wp-block-columns is-layout-flex wp-container-core-columns-is-layout-9d6595d7 wp-block-columns-is-layout-flex\">\n<div class=\"wp-block-column is-layout-flow wp-block-column-is-layout-flow\"><div class=\"wp-block-image\">\n<figure class=\"aligncenter size-full is-resized\"><img decoding=\"async\" width=\"800\" height=\"800\" src=\"https:\/\/www.yongyukitchenware.com\/wp-content\/uploads\/2025\/03\/Bulk-Double-Wall-Stainless-Steel-Cup-6.webp\" alt=\"Bulk-Double-Wall-Stainless-Steel-Cup-6\" class=\"wp-image-3317\" style=\"width:416px;height:auto\" srcset=\"https:\/\/www.yongyukitchenware.com\/wp-content\/uploads\/2025\/03\/Bulk-Double-Wall-Stainless-Steel-Cup-6.webp 800w, https:\/\/www.yongyukitchenware.com\/wp-content\/uploads\/2025\/03\/Bulk-Double-Wall-Stainless-Steel-Cup-6-300x300.webp 300w, https:\/\/www.yongyukitchenware.com\/wp-content\/uploads\/2025\/03\/Bulk-Double-Wall-Stainless-Steel-Cup-6-150x150.webp 150w, https:\/\/www.yongyukitchenware.com\/wp-content\/uploads\/2025\/03\/Bulk-Double-Wall-Stainless-Steel-Cup-6-768x768.webp 768w, https:\/\/www.yongyukitchenware.com\/wp-content\/uploads\/2025\/03\/Bulk-Double-Wall-Stainless-Steel-Cup-6-12x12.webp 12w, https:\/\/www.yongyukitchenware.com\/wp-content\/uploads\/2025\/03\/Bulk-Double-Wall-Stainless-Steel-Cup-6-600x600.webp 600w, https:\/\/www.yongyukitchenware.com\/wp-content\/uploads\/2025\/03\/Bulk-Double-Wall-Stainless-Steel-Cup-6-100x100.webp 100w\" sizes=\"(max-width: 800px) 100vw, 800px\" \/><\/figure>\n<\/div><\/div>\n<\/div>\n<\/div>\n<\/div>\n\n\n\n<p><\/p>","protected":false},"excerpt":{"rendered":"<p>La taza de acero inoxidable de doble pared a granel, dise\u00f1ada para ofrecer durabilidad y un excelente aislamiento, mantiene las bebidas calientes o fr\u00edas durante periodos prolongados, lo que la convierte en la elecci\u00f3n perfecta para su cocina de camping.<\/p>\n<h2 style=\"text-align: left;\">Taza de acero inoxidable de doble pared a granel Par\u00e1metros:<\/h2>\n<p style=\"text-align: left;\"><strong>Material:<\/strong> Acero inoxidable<br \/><strong>Color:<\/strong> Plata\/Oro<br \/><strong>Dise\u00f1o: <\/strong>Asa plegable, apilable<br \/><strong>OEM\/ODM:<\/strong> Disponible<\/p>\n<h2 class=\"wp-block-heading\">Del fabricante Camping Kitchen Essentials :<\/h2>\n<p>Yongyu es un fabricante profesional de utensilios de cocina para camping, nuestros productos abarcan todo tipo de utensilios de cocina para camping de acero inoxidable, como utensilios de cocina para camping, vajilla para camping, parrillas para barbacoa, etc., proporcionando servicios de adquisici\u00f3n de calidad y precios asequibles para cada cliente.<\/p>","protected":false},"featured_media":3312,"comment_status":"closed","ping_status":"closed","template":"","meta":{"_acf_changed":true},"application":[31],"product_brand":[],"product_cat":[20,50],"product_tag":[],"class_list":{"0":"post-3311","1":"product","2":"type-product","3":"status-publish","4":"has-post-thumbnail","6":"application-champ-kitchen","7":"product_cat-wholesale-drinkware","8":"product_cat-stainless-steel-cup-wholesale","10":"first","11":"instock","12":"shipping-taxable","13":"product-type-simple"},"acf":[],"_links":{"self":[{"href":"https:\/\/www.yongyukitchenware.com\/es\/wp-json\/wp\/v2\/product\/3311","targetHints":{"allow":["GET"]}}],"collection":[{"href":"https:\/\/www.yongyukitchenware.com\/es\/wp-json\/wp\/v2\/product"}],"about":[{"href":"https:\/\/www.yongyukitchenware.com\/es\/wp-json\/wp\/v2\/types\/product"}],"replies":[{"embeddable":true,"href":"https:\/\/www.yongyukitchenware.com\/es\/wp-json\/wp\/v2\/comments?post=3311"}],"wp:featuredmedia":[{"embeddable":true,"href":"https:\/\/www.yongyukitchenware.com\/es\/wp-json\/wp\/v2\/media\/3312"}],"wp:attachment":[{"href":"https:\/\/www.yongyukitchenware.com\/es\/wp-json\/wp\/v2\/media?parent=3311"}],"wp:term":[{"taxonomy":"application","embeddable":true,"href":"https:\/\/www.yongyukitchenware.com\/es\/wp-json\/wp\/v2\/application?post=3311"},{"taxonomy":"product_brand","embeddable":true,"href":"https:\/\/www.yongyukitchenware.com\/es\/wp-json\/wp\/v2\/product_brand?post=3311"},{"taxonomy":"product_cat","embeddable":true,"href":"https:\/\/www.yongyukitchenware.com\/es\/wp-json\/wp\/v2\/product_cat?post=3311"},{"taxonomy":"product_tag","embeddable":true,"href":"https:\/\/www.yongyukitchenware.com\/es\/wp-json\/wp\/v2\/product_tag?post=3311"}],"curies":[{"name":"wp","href":"https:\/\/api.w.org\/{rel}","templated":true}]}}