{"id":3389,"date":"2025-04-11T03:59:47","date_gmt":"2025-04-11T03:59:47","guid":{"rendered":"https:\/\/www.yongyukitchenware.com\/?post_type=product&#038;p=3389"},"modified":"2025-07-10T10:13:28","modified_gmt":"2025-07-10T10:13:28","slug":"wholesale-stainless-steel-double-jigger","status":"publish","type":"product","link":"https:\/\/www.yongyukitchenware.com\/es\/producto\/wholesale-stainless-steel-double-jigger\/","title":{"rendered":"Mayorista Jigger doble de acero inoxidable Herramientas de barman"},"content":{"rendered":"<div class=\"wp-block-columns is-layout-flex wp-container-core-columns-is-layout-9d6595d7 wp-block-columns-is-layout-flex\">\n<div class=\"wp-block-column is-layout-flow wp-block-column-is-layout-flow\">\n<h2 class=\"wp-block-heading\">Jigger doble de acero inoxidable al por mayor Caracter\u00edsticas:<\/h2>\n\n\n\n<p><strong>Artesan\u00eda superior\uff1a<\/strong> Fabricado en acero inoxidable de calidad alimentaria, este jigger es apto para el contacto directo con alimentos y de larga duraci\u00f3n. Es duradero, a prueba de \u00f3xido y est\u00e1 dise\u00f1ado para funcionar en numerosas fiestas de c\u00f3cteles sin perder su brillo.<\/p>\n\n\n\n<p><strong>Dise\u00f1o ergon\u00f3mico\uff1a<\/strong> Gracias a su perfil fino y sus l\u00edneas de corte afiladas, el jigger se adapta c\u00f3modamente entre los dedos, lo que permite utilizarlo f\u00e1cilmente con una sola mano. Aumenta la velocidad y la precisi\u00f3n en la preparaci\u00f3n de c\u00f3cteles.<\/p>\n\n\n\n<p><strong>Uso polivalente\uff1a<\/strong> Tanto si mezcla whisky como si prepara un mojito o un chupito de caf\u00e9, este jigger mide con precisi\u00f3n sus bebidas en una inmensa lista de c\u00f3cteles.<\/p>\n\n\n\n<p><strong>F\u00e1cil de limpiar\uff1a<\/strong> Sus contornos suaves y redondeados facilitan el lavado a mano, y esta unidad es apta para el lavavajillas, lo que ahorra tiempo y mano de obra por uso.<\/p>\n\n\n\n<h2 class=\"wp-block-heading\">Mayorista Jigger doble de acero inoxidable Tama\u00f1o:<\/h2>\n\n\n\n<figure class=\"wp-block-table\"><table class=\"has-fixed-layout\"><tbody><tr><td>Modelo<\/td><td>Tama\u00f1o(Di\u00e1metro*Di\u00e1metro inferior)<\/td><td>Altura<\/td><td>Capacidad<\/td><td>MOQ<\/td><\/tr><tr><td rowspan=\"4\">DY038-B<\/td><td>4,8*4,1 cm<\/td><td>11,5 cm<\/td><td>30 ml\/45 ml<\/td><td rowspan=\"4\">200PCS<\/td><\/tr><tr><td>5,1*4,4 cm<\/td><td>13 cm<\/td><td>30 ml\/60 ml<\/td><\/tr><tr><td>5,8*5,1 cm<\/td><td>15 cm<\/td><td>45 ml\/60 ml<\/td><\/tr><tr><td>5,1*4,8 cm<\/td><td>13 cm<\/td><td>60 ml\/90 ml<\/td><\/tr><\/tbody><\/table><\/figure>\n<\/div>\n\n\n\n<div class=\"wp-block-column is-layout-flow wp-block-column-is-layout-flow\">\n<div class=\"wp-block-columns is-layout-flex wp-container-core-columns-is-layout-9d6595d7 wp-block-columns-is-layout-flex\">\n<div class=\"wp-block-column is-layout-flow wp-block-column-is-layout-flow\"><div class=\"wp-block-image\">\n<figure class=\"aligncenter size-full is-resized\"><img decoding=\"async\" width=\"800\" height=\"800\" src=\"https:\/\/www.yongyukitchenware.com\/wp-content\/uploads\/2025\/03\/Wholesale-Stainless-Steel-Double-Jigger-5.webp\" alt=\"Mayorista-Acero inoxidable-Jigger doble-5\" class=\"wp-image-3394\" style=\"width:416px;height:auto\" srcset=\"https:\/\/www.yongyukitchenware.com\/wp-content\/uploads\/2025\/03\/Wholesale-Stainless-Steel-Double-Jigger-5.webp 800w, https:\/\/www.yongyukitchenware.com\/wp-content\/uploads\/2025\/03\/Wholesale-Stainless-Steel-Double-Jigger-5-300x300.webp 300w, https:\/\/www.yongyukitchenware.com\/wp-content\/uploads\/2025\/03\/Wholesale-Stainless-Steel-Double-Jigger-5-150x150.webp 150w, https:\/\/www.yongyukitchenware.com\/wp-content\/uploads\/2025\/03\/Wholesale-Stainless-Steel-Double-Jigger-5-768x768.webp 768w, https:\/\/www.yongyukitchenware.com\/wp-content\/uploads\/2025\/03\/Wholesale-Stainless-Steel-Double-Jigger-5-12x12.webp 12w, https:\/\/www.yongyukitchenware.com\/wp-content\/uploads\/2025\/03\/Wholesale-Stainless-Steel-Double-Jigger-5-600x600.webp 600w, https:\/\/www.yongyukitchenware.com\/wp-content\/uploads\/2025\/03\/Wholesale-Stainless-Steel-Double-Jigger-5-100x100.webp 100w\" sizes=\"(max-width: 800px) 100vw, 800px\" \/><\/figure>\n<\/div>\n\n\n<figure class=\"wp-block-image size-full\"><img decoding=\"async\" width=\"800\" height=\"800\" src=\"https:\/\/www.yongyukitchenware.com\/wp-content\/uploads\/2025\/03\/Wholesale-Stainless-Steel-Double-Jigger-7.webp\" alt=\"Mayorista-Acero inoxidable-Jigger doble-7\" class=\"wp-image-3396\" srcset=\"https:\/\/www.yongyukitchenware.com\/wp-content\/uploads\/2025\/03\/Wholesale-Stainless-Steel-Double-Jigger-7.webp 800w, https:\/\/www.yongyukitchenware.com\/wp-content\/uploads\/2025\/03\/Wholesale-Stainless-Steel-Double-Jigger-7-300x300.webp 300w, https:\/\/www.yongyukitchenware.com\/wp-content\/uploads\/2025\/03\/Wholesale-Stainless-Steel-Double-Jigger-7-150x150.webp 150w, https:\/\/www.yongyukitchenware.com\/wp-content\/uploads\/2025\/03\/Wholesale-Stainless-Steel-Double-Jigger-7-768x768.webp 768w, https:\/\/www.yongyukitchenware.com\/wp-content\/uploads\/2025\/03\/Wholesale-Stainless-Steel-Double-Jigger-7-12x12.webp 12w, https:\/\/www.yongyukitchenware.com\/wp-content\/uploads\/2025\/03\/Wholesale-Stainless-Steel-Double-Jigger-7-600x600.webp 600w, https:\/\/www.yongyukitchenware.com\/wp-content\/uploads\/2025\/03\/Wholesale-Stainless-Steel-Double-Jigger-7-100x100.webp 100w\" sizes=\"(max-width: 800px) 100vw, 800px\" \/><\/figure>\n<\/div>\n<\/div>\n<\/div>\n<\/div>\n\n\n\n<p><\/p>","protected":false},"excerpt":{"rendered":"<p class=\"\" data-start=\"378\" data-end=\"555\">Jigger doble de acero inoxidable al por mayor, dise\u00f1ado para uso profesional en bares, restaurantes y eventos. Proporciona mediciones precisas para c\u00f3cteles y bebidas mezcladas con facilidad.<\/p>\n<h2 style=\"text-align: left;\">Venta al por mayor de acero inoxidable doble Jigger Par\u00e1metros:<\/h2>\n<p style=\"text-align: left;\"><strong>Material:<\/strong> Acero inoxidable<br \/><strong>Color:<\/strong> Plata\/Oro\/Negro\/Oro rosa<br \/><strong>Dise\u00f1o: <\/strong>Asa plegable, apilable<br \/><strong>OEM\/ODM:<\/strong> Disponible<\/p>\n<h2 class=\"wp-block-heading\">De Yongyu Catering Supplies Wholesaler:<\/h2>\n<p>Como el mejor fabricante de suministros de catering en China, nos especializamos en art\u00edculos de bar de alta calidad personalizados y al por mayor. Tenemos 25 a\u00f1os de experiencia profesional para asegurar que los clientes obtengan los productos m\u00e1s vanguardistas y servicios eficientes.<\/p>","protected":false},"featured_media":3390,"comment_status":"closed","ping_status":"closed","template":"","meta":{"_acf_changed":false},"application":[30],"product_brand":[],"product_cat":[16],"product_tag":[],"class_list":{"0":"post-3389","1":"product","2":"type-product","3":"status-publish","4":"has-post-thumbnail","6":"application-hotel-catering","7":"product_cat-barware-wholesale-custom","9":"first","10":"instock","11":"shipping-taxable","12":"product-type-simple"},"acf":[],"_links":{"self":[{"href":"https:\/\/www.yongyukitchenware.com\/es\/wp-json\/wp\/v2\/product\/3389","targetHints":{"allow":["GET"]}}],"collection":[{"href":"https:\/\/www.yongyukitchenware.com\/es\/wp-json\/wp\/v2\/product"}],"about":[{"href":"https:\/\/www.yongyukitchenware.com\/es\/wp-json\/wp\/v2\/types\/product"}],"replies":[{"embeddable":true,"href":"https:\/\/www.yongyukitchenware.com\/es\/wp-json\/wp\/v2\/comments?post=3389"}],"wp:featuredmedia":[{"embeddable":true,"href":"https:\/\/www.yongyukitchenware.com\/es\/wp-json\/wp\/v2\/media\/3390"}],"wp:attachment":[{"href":"https:\/\/www.yongyukitchenware.com\/es\/wp-json\/wp\/v2\/media?parent=3389"}],"wp:term":[{"taxonomy":"application","embeddable":true,"href":"https:\/\/www.yongyukitchenware.com\/es\/wp-json\/wp\/v2\/application?post=3389"},{"taxonomy":"product_brand","embeddable":true,"href":"https:\/\/www.yongyukitchenware.com\/es\/wp-json\/wp\/v2\/product_brand?post=3389"},{"taxonomy":"product_cat","embeddable":true,"href":"https:\/\/www.yongyukitchenware.com\/es\/wp-json\/wp\/v2\/product_cat?post=3389"},{"taxonomy":"product_tag","embeddable":true,"href":"https:\/\/www.yongyukitchenware.com\/es\/wp-json\/wp\/v2\/product_tag?post=3389"}],"curies":[{"name":"wp","href":"https:\/\/api.w.org\/{rel}","templated":true}]}}