{"id":3419,"date":"2025-07-03T01:11:28","date_gmt":"2025-07-03T01:11:28","guid":{"rendered":"https:\/\/www.yongyukitchenware.com\/?post_type=product&#038;p=3419"},"modified":"2025-07-03T01:11:32","modified_gmt":"2025-07-03T01:11:32","slug":"bulk-vacuum-double-wall-stainless-steel-mug","status":"publish","type":"product","link":"https:\/\/www.yongyukitchenware.com\/es\/producto\/bulk-vacuum-double-wall-stainless-steel-mug\/","title":{"rendered":"Taza de acero inoxidable de doble pared al vac\u00edo con asa para beber agua"},"content":{"rendered":"<div class=\"wp-block-columns is-layout-flex wp-container-core-columns-is-layout-9d6595d7 wp-block-columns-is-layout-flex\">\n<div class=\"wp-block-column is-layout-flow wp-block-column-is-layout-flow\">\n<h2 class=\"wp-block-heading\">Taza de acero inoxidable de doble pared al vac\u00edo a granel Caracter\u00edsticas:<\/h2>\n\n\n\n<p><strong>Acero inoxidable 304 de alta calidad: <\/strong>fabricado en acero inoxidable 304 de alta calidad para uso alimentario, nunca se oxida, sin plomo, f\u00e1cil de limpiar, no se rompe f\u00e1cilmente<br><strong>Aislamiento al vac\u00edo de doble pared:<\/strong> mantiene la bebida caliente durante m\u00e1s de 3 horas, fr\u00eda durante m\u00e1s de 9 horas, aislamiento t\u00e9rmico para evitar quemaduras<br><strong>Recubrimiento superior en polvo: <\/strong>Opci\u00f3n multicolor, acabado duradero, no se raya, no se pela ni se decolora, f\u00e1cil agarre, larga duraci\u00f3n<br><strong>Tres m\u00e9todos para beber: <\/strong>La tapa se puede insertar en la pajita para beber, beber directamente de la boca, o abrir la tapa para beber libremente, una variedad de m\u00e9todos de beber para satisfacer diferentes necesidades<br><strong>Sellado resistente: <\/strong>la tapa tiene un anillo de silicona incorporado, dise\u00f1o a prueba de fugas m\u00faltiples, 360 grados de estanqueidad, f\u00e1cil de llevar<\/p>\n\n\n\n<h2 class=\"wp-block-heading\">Taza de acero inoxidable de doble pared al vac\u00edo a granel Tama\u00f1o:<\/h2>\n\n\n\n<figure class=\"wp-block-table\"><table class=\"has-fixed-layout\"><tbody><tr><td>Modelo<\/td><td>Tama\u00f1o(Di\u00e1metro*Di\u00e1metro inferior)<\/td><td>Altura<\/td><td>Capacidad<\/td><\/tr><tr><td>DY039-B<\/td><td>8,5*6,3 cm<\/td><td>10 cm<\/td><td>300ML<\/td><\/tr><\/tbody><\/table><\/figure>\n<\/div>\n\n\n\n<div class=\"wp-block-column is-layout-flow wp-block-column-is-layout-flow\">\n<div class=\"wp-block-columns is-layout-flex wp-container-core-columns-is-layout-9d6595d7 wp-block-columns-is-layout-flex\">\n<div class=\"wp-block-column is-layout-flow wp-block-column-is-layout-flow\"><div class=\"wp-block-image\">\n<figure class=\"aligncenter size-full is-resized\"><img decoding=\"async\" width=\"800\" height=\"800\" src=\"https:\/\/www.yongyukitchenware.com\/wp-content\/uploads\/2025\/03\/Bulk-Vacuum-Double-Wall-Stainless-Steel-Mug-7.webp\" alt=\"Bulk-Vacuum-Double-Wall-Stainless-Steel-Mug-7\" class=\"wp-image-3426\" style=\"width:416px;height:auto\" srcset=\"https:\/\/www.yongyukitchenware.com\/wp-content\/uploads\/2025\/03\/Bulk-Vacuum-Double-Wall-Stainless-Steel-Mug-7.webp 800w, https:\/\/www.yongyukitchenware.com\/wp-content\/uploads\/2025\/03\/Bulk-Vacuum-Double-Wall-Stainless-Steel-Mug-7-300x300.webp 300w, https:\/\/www.yongyukitchenware.com\/wp-content\/uploads\/2025\/03\/Bulk-Vacuum-Double-Wall-Stainless-Steel-Mug-7-150x150.webp 150w, https:\/\/www.yongyukitchenware.com\/wp-content\/uploads\/2025\/03\/Bulk-Vacuum-Double-Wall-Stainless-Steel-Mug-7-768x768.webp 768w, https:\/\/www.yongyukitchenware.com\/wp-content\/uploads\/2025\/03\/Bulk-Vacuum-Double-Wall-Stainless-Steel-Mug-7-12x12.webp 12w, https:\/\/www.yongyukitchenware.com\/wp-content\/uploads\/2025\/03\/Bulk-Vacuum-Double-Wall-Stainless-Steel-Mug-7-600x600.webp 600w, https:\/\/www.yongyukitchenware.com\/wp-content\/uploads\/2025\/03\/Bulk-Vacuum-Double-Wall-Stainless-Steel-Mug-7-100x100.webp 100w\" sizes=\"(max-width: 800px) 100vw, 800px\" \/><\/figure>\n<\/div>\n\n\n<figure class=\"wp-block-image size-full\"><img decoding=\"async\" width=\"800\" height=\"800\" src=\"https:\/\/www.yongyukitchenware.com\/wp-content\/uploads\/2025\/03\/Bulk-Vacuum-Double-Wall-Stainless-Steel-Mug-6.webp\" alt=\"Bulk-Vacuum-Double-Wall-Stainless-Steel-Mug-6\" class=\"wp-image-3425\" srcset=\"https:\/\/www.yongyukitchenware.com\/wp-content\/uploads\/2025\/03\/Bulk-Vacuum-Double-Wall-Stainless-Steel-Mug-6.webp 800w, https:\/\/www.yongyukitchenware.com\/wp-content\/uploads\/2025\/03\/Bulk-Vacuum-Double-Wall-Stainless-Steel-Mug-6-300x300.webp 300w, https:\/\/www.yongyukitchenware.com\/wp-content\/uploads\/2025\/03\/Bulk-Vacuum-Double-Wall-Stainless-Steel-Mug-6-150x150.webp 150w, https:\/\/www.yongyukitchenware.com\/wp-content\/uploads\/2025\/03\/Bulk-Vacuum-Double-Wall-Stainless-Steel-Mug-6-768x768.webp 768w, https:\/\/www.yongyukitchenware.com\/wp-content\/uploads\/2025\/03\/Bulk-Vacuum-Double-Wall-Stainless-Steel-Mug-6-12x12.webp 12w, https:\/\/www.yongyukitchenware.com\/wp-content\/uploads\/2025\/03\/Bulk-Vacuum-Double-Wall-Stainless-Steel-Mug-6-600x600.webp 600w, https:\/\/www.yongyukitchenware.com\/wp-content\/uploads\/2025\/03\/Bulk-Vacuum-Double-Wall-Stainless-Steel-Mug-6-100x100.webp 100w\" sizes=\"(max-width: 800px) 100vw, 800px\" \/><\/figure>\n<\/div>\n<\/div>\n<\/div>\n<\/div>\n\n\n\n<p><\/p>","protected":false},"excerpt":{"rendered":"<p>Taza de acero inoxidable de doble pared al vac\u00edo a granel. Mantiene las bebidas calientes o fr\u00edas durante horas gracias a su dise\u00f1o aislante de doble pared. Ideal para la oficina, al aire libre, y el uso de viaje. P\u00f3ngase en contacto con nosotros ahora para precios al por mayor y personalizaci\u00f3n.<\/p>\n<h2 style=\"text-align: left;\">Taza de acero inoxidable de doble pared al vac\u00edo a granel Par\u00e1metros:<\/h2>\n<p style=\"text-align: left;\"><strong>Material:<\/strong> Acero inoxidable<br \/><strong>Color:<\/strong> Blanco\/Negro\/Caqui<br \/><strong>Dise\u00f1o: <\/strong>Asa plegable, apilable<br \/><strong>OEM\/ODM:<\/strong> Disponible<\/p>\n<h2 class=\"wp-block-heading\">Del fabricante Camping Kitchen Essentials :<\/h2>\n<p>Yongyu es un fabricante profesional de utensilios de cocina para camping, nuestros productos abarcan todo tipo de utensilios de cocina para camping de acero inoxidable, como utensilios de cocina para camping, vajilla para camping, parrillas para barbacoa, etc., proporcionando servicios de adquisici\u00f3n de calidad y precios asequibles para cada cliente.<\/p>","protected":false},"featured_media":3420,"comment_status":"closed","ping_status":"closed","template":"","meta":{"_acf_changed":false},"application":[31],"product_brand":[],"product_cat":[20,50],"product_tag":[],"class_list":{"0":"post-3419","1":"product","2":"type-product","3":"status-publish","4":"has-post-thumbnail","6":"application-champ-kitchen","7":"product_cat-wholesale-drinkware","8":"product_cat-stainless-steel-cup-wholesale","10":"first","11":"instock","12":"shipping-taxable","13":"product-type-simple"},"acf":[],"_links":{"self":[{"href":"https:\/\/www.yongyukitchenware.com\/es\/wp-json\/wp\/v2\/product\/3419","targetHints":{"allow":["GET"]}}],"collection":[{"href":"https:\/\/www.yongyukitchenware.com\/es\/wp-json\/wp\/v2\/product"}],"about":[{"href":"https:\/\/www.yongyukitchenware.com\/es\/wp-json\/wp\/v2\/types\/product"}],"replies":[{"embeddable":true,"href":"https:\/\/www.yongyukitchenware.com\/es\/wp-json\/wp\/v2\/comments?post=3419"}],"wp:featuredmedia":[{"embeddable":true,"href":"https:\/\/www.yongyukitchenware.com\/es\/wp-json\/wp\/v2\/media\/3420"}],"wp:attachment":[{"href":"https:\/\/www.yongyukitchenware.com\/es\/wp-json\/wp\/v2\/media?parent=3419"}],"wp:term":[{"taxonomy":"application","embeddable":true,"href":"https:\/\/www.yongyukitchenware.com\/es\/wp-json\/wp\/v2\/application?post=3419"},{"taxonomy":"product_brand","embeddable":true,"href":"https:\/\/www.yongyukitchenware.com\/es\/wp-json\/wp\/v2\/product_brand?post=3419"},{"taxonomy":"product_cat","embeddable":true,"href":"https:\/\/www.yongyukitchenware.com\/es\/wp-json\/wp\/v2\/product_cat?post=3419"},{"taxonomy":"product_tag","embeddable":true,"href":"https:\/\/www.yongyukitchenware.com\/es\/wp-json\/wp\/v2\/product_tag?post=3419"}],"curies":[{"name":"wp","href":"https:\/\/api.w.org\/{rel}","templated":true}]}}