{"id":3433,"date":"2025-04-11T03:01:04","date_gmt":"2025-04-11T03:01:04","guid":{"rendered":"https:\/\/www.yongyukitchenware.com\/?post_type=product&#038;p=3433"},"modified":"2025-07-10T10:08:14","modified_gmt":"2025-07-10T10:08:14","slug":"bulk-stainless-steel-tumbler-with-straw","status":"publish","type":"product","link":"https:\/\/www.yongyukitchenware.com\/es\/producto\/bulk-stainless-steel-tumbler-with-straw\/","title":{"rendered":"Vaso a granel de acero inoxidable con pajita Tazas de caf\u00e9 port\u00e1tiles para el coche"},"content":{"rendered":"<div class=\"wp-block-columns is-layout-flex wp-container-core-columns-is-layout-9d6595d7 wp-block-columns-is-layout-flex\">\n<div class=\"wp-block-column is-layout-flow wp-block-column-is-layout-flow\">\n<h2 class=\"wp-block-heading\">Vaso a granel de acero inoxidable con pajita Caracter\u00edsticas:<\/h2>\n\n\n\n<p><strong>Acero inoxidable 304 de alta calidad: <\/strong>Fabricado en acero inoxidable 304 de alta calidad apto para uso alimentario, nunca se oxida, no contiene plomo, es f\u00e1cil de limpiar y no se rompe f\u00e1cilmente.<br>Aislamiento al vac\u00edo de doble pared: mantiene la bebida caliente durante m\u00e1s de 3 horas, fr\u00eda durante m\u00e1s de 9 horas, y aislamiento t\u00e9rmico para evitar quemaduras.<br><strong>Recubrimiento superior en polvo:<\/strong> Opci\u00f3n multicolor, acabado duradero, no se raya, no se pela ni se decolora, f\u00e1cil agarre, larga duraci\u00f3n.<br><strong>Tres m\u00e9todos para beber:<\/strong> La tapa se puede insertar en la pajita para beber, beber directamente de la boca, o abrir la tapa para beber libremente, una variedad de m\u00e9todos de beber para satisfacer diferentes necesidades.<br><strong>Sellado resistente: <\/strong>la tapa tiene un anillo de silicona incorporado, m\u00faltiples dise\u00f1os a prueba de fugas, 360 grados de estanqueidad, f\u00e1cil de llevar.<br><strong>Port\u00e1til: <\/strong>La taza se puede llevar con una cuerda de mano, lo que resulta m\u00e1s c\u00f3modo de transportar.<\/p>\n\n\n\n<h2 class=\"wp-block-heading\">Vaso a granel de acero inoxidable con pajita Tama\u00f1o:<\/h2>\n\n\n\n<figure class=\"wp-block-table\"><table class=\"has-fixed-layout\"><tbody><tr><td>Modelo<\/td><td>Capacidad<\/td><\/tr><tr><td>DY047-B<\/td><td>480ML<\/td><\/tr><\/tbody><\/table><\/figure>\n<\/div>\n\n\n\n<div class=\"wp-block-column is-layout-flow wp-block-column-is-layout-flow\">\n<div class=\"wp-block-columns is-layout-flex wp-container-core-columns-is-layout-9d6595d7 wp-block-columns-is-layout-flex\">\n<div class=\"wp-block-column is-layout-flow wp-block-column-is-layout-flow\"><div class=\"wp-block-image\">\n<figure class=\"aligncenter size-full is-resized\"><img decoding=\"async\" width=\"800\" height=\"800\" src=\"https:\/\/www.yongyukitchenware.com\/wp-content\/uploads\/2025\/03\/Bulk-Stainless-Sttel-Mug-with-Straws-7.webp\" alt=\"Taza de acero inoxidable a granel con pajitas-7\" class=\"wp-image-3440\" style=\"width:416px;height:auto\" srcset=\"https:\/\/www.yongyukitchenware.com\/wp-content\/uploads\/2025\/03\/Bulk-Stainless-Sttel-Mug-with-Straws-7.webp 800w, https:\/\/www.yongyukitchenware.com\/wp-content\/uploads\/2025\/03\/Bulk-Stainless-Sttel-Mug-with-Straws-7-300x300.webp 300w, https:\/\/www.yongyukitchenware.com\/wp-content\/uploads\/2025\/03\/Bulk-Stainless-Sttel-Mug-with-Straws-7-150x150.webp 150w, https:\/\/www.yongyukitchenware.com\/wp-content\/uploads\/2025\/03\/Bulk-Stainless-Sttel-Mug-with-Straws-7-768x768.webp 768w, https:\/\/www.yongyukitchenware.com\/wp-content\/uploads\/2025\/03\/Bulk-Stainless-Sttel-Mug-with-Straws-7-12x12.webp 12w, https:\/\/www.yongyukitchenware.com\/wp-content\/uploads\/2025\/03\/Bulk-Stainless-Sttel-Mug-with-Straws-7-600x600.webp 600w, https:\/\/www.yongyukitchenware.com\/wp-content\/uploads\/2025\/03\/Bulk-Stainless-Sttel-Mug-with-Straws-7-100x100.webp 100w\" sizes=\"(max-width: 800px) 100vw, 800px\" \/><\/figure>\n<\/div>\n\n\n<figure class=\"wp-block-image size-full\"><img decoding=\"async\" width=\"800\" height=\"800\" src=\"https:\/\/www.yongyukitchenware.com\/wp-content\/uploads\/2025\/03\/Bulk-Stainless-Sttel-Mug-with-Straws-6.webp\" alt=\"Taza de acero inoxidable a granel con pajitas-6\" class=\"wp-image-3439\" srcset=\"https:\/\/www.yongyukitchenware.com\/wp-content\/uploads\/2025\/03\/Bulk-Stainless-Sttel-Mug-with-Straws-6.webp 800w, https:\/\/www.yongyukitchenware.com\/wp-content\/uploads\/2025\/03\/Bulk-Stainless-Sttel-Mug-with-Straws-6-300x300.webp 300w, https:\/\/www.yongyukitchenware.com\/wp-content\/uploads\/2025\/03\/Bulk-Stainless-Sttel-Mug-with-Straws-6-150x150.webp 150w, https:\/\/www.yongyukitchenware.com\/wp-content\/uploads\/2025\/03\/Bulk-Stainless-Sttel-Mug-with-Straws-6-768x768.webp 768w, https:\/\/www.yongyukitchenware.com\/wp-content\/uploads\/2025\/03\/Bulk-Stainless-Sttel-Mug-with-Straws-6-12x12.webp 12w, https:\/\/www.yongyukitchenware.com\/wp-content\/uploads\/2025\/03\/Bulk-Stainless-Sttel-Mug-with-Straws-6-600x600.webp 600w, https:\/\/www.yongyukitchenware.com\/wp-content\/uploads\/2025\/03\/Bulk-Stainless-Sttel-Mug-with-Straws-6-100x100.webp 100w\" sizes=\"(max-width: 800px) 100vw, 800px\" \/><\/figure>\n<\/div>\n<\/div>\n<\/div>\n<\/div>\n\n\n\n<p><\/p>","protected":false},"excerpt":{"rendered":"<p>Vaso de acero inoxidable a granel con pajita, perfecto para camping, aventuras al aire libre y viajes. Duradero, reutilizable e ideal para pedidos al por mayor en cafeter\u00edas, eventos o actividades al aire libre. P\u00f3ngase en contacto con nosotros para solicitar un presupuesto.<\/p>\n<h2 style=\"text-align: left;\">Vaso de acero inoxidable a granel con pajita Par\u00e1metros:<\/h2>\n<p style=\"text-align: left;\"><strong>Material:<\/strong> Acero inoxidable<br \/><strong>Color:<\/strong> Negro\/Blanco\/Rojo\/Blanco roto<br \/><strong>Dise\u00f1o: <\/strong>Asa plegable, apilable<br \/><strong>OEM\/ODM:<\/strong> Disponible<\/p>\n<h2 class=\"wp-block-heading\">Del fabricante Camping Kitchen Essentials :<\/h2>\n<p>Yongyu es un fabricante profesional de utensilios de cocina para camping. Nuestros productos abarcan todo tipo de utensilios de cocina de acero inoxidable para camping, como utensilios de cocina para camping, vajilla para camping, parrillas para barbacoa, etc., ofreciendo servicios de adquisici\u00f3n de calidad y precios asequibles para cada cliente.<\/p>","protected":false},"featured_media":3434,"comment_status":"closed","ping_status":"closed","template":"","meta":{"_acf_changed":true},"application":[31],"product_brand":[],"product_cat":[20],"product_tag":[],"class_list":{"0":"post-3433","1":"product","2":"type-product","3":"status-publish","4":"has-post-thumbnail","6":"application-champ-kitchen","7":"product_cat-wholesale-drinkware","9":"first","10":"instock","11":"shipping-taxable","12":"product-type-simple"},"acf":[],"_links":{"self":[{"href":"https:\/\/www.yongyukitchenware.com\/es\/wp-json\/wp\/v2\/product\/3433","targetHints":{"allow":["GET"]}}],"collection":[{"href":"https:\/\/www.yongyukitchenware.com\/es\/wp-json\/wp\/v2\/product"}],"about":[{"href":"https:\/\/www.yongyukitchenware.com\/es\/wp-json\/wp\/v2\/types\/product"}],"replies":[{"embeddable":true,"href":"https:\/\/www.yongyukitchenware.com\/es\/wp-json\/wp\/v2\/comments?post=3433"}],"wp:featuredmedia":[{"embeddable":true,"href":"https:\/\/www.yongyukitchenware.com\/es\/wp-json\/wp\/v2\/media\/3434"}],"wp:attachment":[{"href":"https:\/\/www.yongyukitchenware.com\/es\/wp-json\/wp\/v2\/media?parent=3433"}],"wp:term":[{"taxonomy":"application","embeddable":true,"href":"https:\/\/www.yongyukitchenware.com\/es\/wp-json\/wp\/v2\/application?post=3433"},{"taxonomy":"product_brand","embeddable":true,"href":"https:\/\/www.yongyukitchenware.com\/es\/wp-json\/wp\/v2\/product_brand?post=3433"},{"taxonomy":"product_cat","embeddable":true,"href":"https:\/\/www.yongyukitchenware.com\/es\/wp-json\/wp\/v2\/product_cat?post=3433"},{"taxonomy":"product_tag","embeddable":true,"href":"https:\/\/www.yongyukitchenware.com\/es\/wp-json\/wp\/v2\/product_tag?post=3433"}],"curies":[{"name":"wp","href":"https:\/\/api.w.org\/{rel}","templated":true}]}}