{"id":3452,"date":"2025-04-11T02:13:16","date_gmt":"2025-04-11T02:13:16","guid":{"rendered":"https:\/\/www.yongyukitchenware.com\/?post_type=product&#038;p=3452"},"modified":"2025-06-13T06:02:50","modified_gmt":"2025-06-13T06:02:50","slug":"wholesale-stainless-steel-wine-glass","status":"publish","type":"product","link":"https:\/\/www.yongyukitchenware.com\/es\/producto\/wholesale-stainless-steel-wine-glass\/","title":{"rendered":"Mayorista Copa de Vino de Acero Inoxidable Copa de Champ\u00e1n Copa de Whisky de Metal"},"content":{"rendered":"<div class=\"wp-block-columns is-layout-flex wp-container-core-columns-is-layout-9d6595d7 wp-block-columns-is-layout-flex\">\n<div class=\"wp-block-column is-layout-flow wp-block-column-is-layout-flow\">\n<h2 class=\"wp-block-heading\">Vaso de vino de acero inoxidable al por mayor Caracter\u00edsticas:<\/h2>\n\n\n\n<p><strong>Acero inoxidable de calidad alimentaria:<\/strong> Sin BPA, no se agrieta ni se rompe f\u00e1cilmente, no corrosivo, compatible con todos sus licores favoritos.<br><strong>Dise\u00f1o de base y asa anchas: <\/strong>El vaso tiene un dise\u00f1o de base ancha y boca ancha, para que se mantenga m\u00e1s estable sobre la mesa. Por otra parte, el mango tambi\u00e9n le da un agarre c\u00f3modo, para que pueda saborear la bebida mejor<br><strong>Gran capacidad: <\/strong>Estas copas de acero inoxidable tienen una capacidad de 500 ml cada una, lo que las hace suficientes para contener champ\u00e1n, vino, leche o cualquier otra bebida.<br><strong>F\u00e1cil de limpiar: <\/strong>la superficie de cristal de acero inoxidable es lisa, no se pega con las manchas, es relativamente f\u00e1cil de limpiar, se puede lavar a alta temperatura y en el lavavajillas, y se puede utilizar todos los d\u00edas.<br><strong>Buen efecto aislante:<\/strong> Gracias al buen aislamiento t\u00e9rmico del acero inoxidable, las copas de vino de acero inoxidable de doble pared pueden mantener eficazmente la temperatura del licor, como mantener fr\u00edo el vino fr\u00edo o caliente el vino caliente.<\/p>\n\n\n\n<h2 class=\"wp-block-heading\">Venta al mayor de copas de vino de acero inoxidable Tama\u00f1o:<\/h2>\n\n\n\n<figure class=\"wp-block-table\"><table class=\"has-fixed-layout\"><tbody><tr><td>Modelo<\/td><td>Di\u00e1metro<\/td><td>Altura<\/td><td>Capacidad<\/td><td>MOQ<\/td><\/tr><tr><td>DY042-B<\/td><td>9,4 cm<\/td><td>21,1 cm<\/td><td>500ML<\/td><td>200PCS<\/td><\/tr><\/tbody><\/table><\/figure>\n<\/div>\n\n\n\n<div class=\"wp-block-column is-layout-flow wp-block-column-is-layout-flow\">\n<div class=\"wp-block-columns is-layout-flex wp-container-core-columns-is-layout-9d6595d7 wp-block-columns-is-layout-flex\">\n<div class=\"wp-block-column is-layout-flow wp-block-column-is-layout-flow\"><div class=\"wp-block-image\">\n<figure class=\"aligncenter size-full is-resized\"><img decoding=\"async\" width=\"800\" height=\"800\" src=\"https:\/\/www.yongyukitchenware.com\/wp-content\/uploads\/2025\/03\/Wholesale-Stainless-Steel-Wine-Glass-7.webp\" alt=\"Mayorista-Acero inoxidable-Vino-Vidrio-7\" class=\"wp-image-3459\" style=\"width:416px;height:auto\" srcset=\"https:\/\/www.yongyukitchenware.com\/wp-content\/uploads\/2025\/03\/Wholesale-Stainless-Steel-Wine-Glass-7.webp 800w, https:\/\/www.yongyukitchenware.com\/wp-content\/uploads\/2025\/03\/Wholesale-Stainless-Steel-Wine-Glass-7-300x300.webp 300w, https:\/\/www.yongyukitchenware.com\/wp-content\/uploads\/2025\/03\/Wholesale-Stainless-Steel-Wine-Glass-7-150x150.webp 150w, https:\/\/www.yongyukitchenware.com\/wp-content\/uploads\/2025\/03\/Wholesale-Stainless-Steel-Wine-Glass-7-768x768.webp 768w, https:\/\/www.yongyukitchenware.com\/wp-content\/uploads\/2025\/03\/Wholesale-Stainless-Steel-Wine-Glass-7-12x12.webp 12w, https:\/\/www.yongyukitchenware.com\/wp-content\/uploads\/2025\/03\/Wholesale-Stainless-Steel-Wine-Glass-7-600x600.webp 600w, https:\/\/www.yongyukitchenware.com\/wp-content\/uploads\/2025\/03\/Wholesale-Stainless-Steel-Wine-Glass-7-100x100.webp 100w\" sizes=\"(max-width: 800px) 100vw, 800px\" \/><\/figure>\n<\/div>\n\n\n<figure class=\"wp-block-image size-full\"><img decoding=\"async\" width=\"800\" height=\"800\" src=\"https:\/\/www.yongyukitchenware.com\/wp-content\/uploads\/2025\/03\/Wholesale-Stainless-Steel-Wine-Glass-5.webp\" alt=\"Mayorista-Acero inoxidable-Vidrio-5\" class=\"wp-image-3457\" srcset=\"https:\/\/www.yongyukitchenware.com\/wp-content\/uploads\/2025\/03\/Wholesale-Stainless-Steel-Wine-Glass-5.webp 800w, https:\/\/www.yongyukitchenware.com\/wp-content\/uploads\/2025\/03\/Wholesale-Stainless-Steel-Wine-Glass-5-300x300.webp 300w, https:\/\/www.yongyukitchenware.com\/wp-content\/uploads\/2025\/03\/Wholesale-Stainless-Steel-Wine-Glass-5-150x150.webp 150w, https:\/\/www.yongyukitchenware.com\/wp-content\/uploads\/2025\/03\/Wholesale-Stainless-Steel-Wine-Glass-5-768x768.webp 768w, https:\/\/www.yongyukitchenware.com\/wp-content\/uploads\/2025\/03\/Wholesale-Stainless-Steel-Wine-Glass-5-12x12.webp 12w, https:\/\/www.yongyukitchenware.com\/wp-content\/uploads\/2025\/03\/Wholesale-Stainless-Steel-Wine-Glass-5-600x600.webp 600w, https:\/\/www.yongyukitchenware.com\/wp-content\/uploads\/2025\/03\/Wholesale-Stainless-Steel-Wine-Glass-5-100x100.webp 100w\" sizes=\"(max-width: 800px) 100vw, 800px\" \/><\/figure>\n<\/div>\n<\/div>\n<\/div>\n<\/div>\n\n\n\n<p><\/p>","protected":false},"excerpt":{"rendered":"<p>Vaso de vino de acero inoxidable al por mayor con un dise\u00f1o moderno y duradero, ideal para servir vino, whisky o champ\u00e1n.Fabricado en acero inoxidable duradero, \u00a1perfecto para catering y eventos! Servicios de personalizaci\u00f3n y OEM disponibles. P\u00f3ngase en contacto con nosotros para obtener un presupuesto.<\/p>\n<h2 style=\"text-align: left\">Venta al por mayor de copas de vino de acero inoxidable Par\u00e1metros:<\/h2>\n<p style=\"text-align: left\"><strong>Material:<\/strong> Acero inoxidable<br \/><strong>Color:<\/strong> Plata\/Oro\/Cobre\/Negro<br \/><strong>Dise\u00f1o: <\/strong>Asa plegable, apilable<br \/><strong>OEM\/ODM:<\/strong> Disponible<\/p>\n<h2 class=\"wp-block-heading\">Del fabricante Camping Kitchen Essentials :<\/h2>\n<p>Yongyu es un fabricante profesional de utensilios de cocina para camping. Nuestros productos abarcan todo tipo de utensilios de cocina de acero inoxidable para camping, como utensilios de cocina, vajilla de camping, parrillas de barbacoa, etc., y ofrecemos servicios de adquisici\u00f3n de calidad y precios asequibles a todos nuestros clientes.<\/p>","protected":false},"featured_media":3453,"comment_status":"closed","ping_status":"closed","template":"","meta":{"_acf_changed":false},"application":[31],"product_brand":[],"product_cat":[16],"product_tag":[],"class_list":{"0":"post-3452","1":"product","2":"type-product","3":"status-publish","4":"has-post-thumbnail","6":"application-champ-kitchen","7":"product_cat-barware-wholesale-custom","9":"first","10":"instock","11":"shipping-taxable","12":"product-type-simple"},"acf":[],"_links":{"self":[{"href":"https:\/\/www.yongyukitchenware.com\/es\/wp-json\/wp\/v2\/product\/3452","targetHints":{"allow":["GET"]}}],"collection":[{"href":"https:\/\/www.yongyukitchenware.com\/es\/wp-json\/wp\/v2\/product"}],"about":[{"href":"https:\/\/www.yongyukitchenware.com\/es\/wp-json\/wp\/v2\/types\/product"}],"replies":[{"embeddable":true,"href":"https:\/\/www.yongyukitchenware.com\/es\/wp-json\/wp\/v2\/comments?post=3452"}],"wp:featuredmedia":[{"embeddable":true,"href":"https:\/\/www.yongyukitchenware.com\/es\/wp-json\/wp\/v2\/media\/3453"}],"wp:attachment":[{"href":"https:\/\/www.yongyukitchenware.com\/es\/wp-json\/wp\/v2\/media?parent=3452"}],"wp:term":[{"taxonomy":"application","embeddable":true,"href":"https:\/\/www.yongyukitchenware.com\/es\/wp-json\/wp\/v2\/application?post=3452"},{"taxonomy":"product_brand","embeddable":true,"href":"https:\/\/www.yongyukitchenware.com\/es\/wp-json\/wp\/v2\/product_brand?post=3452"},{"taxonomy":"product_cat","embeddable":true,"href":"https:\/\/www.yongyukitchenware.com\/es\/wp-json\/wp\/v2\/product_cat?post=3452"},{"taxonomy":"product_tag","embeddable":true,"href":"https:\/\/www.yongyukitchenware.com\/es\/wp-json\/wp\/v2\/product_tag?post=3452"}],"curies":[{"name":"wp","href":"https:\/\/api.w.org\/{rel}","templated":true}]}}