{"id":3586,"date":"2025-04-23T09:20:15","date_gmt":"2025-04-23T09:20:15","guid":{"rendered":"https:\/\/www.yongyukitchenware.com\/?post_type=product&#038;p=3586"},"modified":"2025-06-13T05:50:37","modified_gmt":"2025-06-13T05:50:37","slug":"bulk-egg-shape-roll-top-chafing-dish-buffet-set-for-hotel-restaurant","status":"publish","type":"product","link":"https:\/\/www.yongyukitchenware.com\/es\/producto\/bulk-egg-shape-roll-top-chafing-dish-buffet-set-for-hotel-restaurant\/","title":{"rendered":"Juego de Plato Buffet a Granel con Forma de Huevo para Fiestas"},"content":{"rendered":"<div class=\"wp-block-columns is-layout-flex wp-container-core-columns-is-layout-9d6595d7 wp-block-columns-is-layout-flex\">\n<div class=\"wp-block-column is-layout-flow wp-block-column-is-layout-flow\">\n<h2 class=\"wp-block-heading\">Plato para frituras en forma de huevo a granel Par\u00e1metros:<\/h2>\n\n\n\n<figure class=\"wp-block-table\"><table class=\"has-fixed-layout\"><tbody><tr><td>Modelo<\/td><td>Di\u00e1metro*Ancho*Altura (cm)<\/td><td>Capacidad (L)<\/td><td>MOQ<\/td><\/tr><tr><td>DY032-CL<\/td><td>63*52*45cm<\/td><td>9<\/td><td>4 PIEZAS<\/td><\/tr><\/tbody><\/table><\/figure>\n\n\n\n<h2 class=\"wp-block-heading\">Caracter\u00edsticas:<\/h2>\n\n\n\n<p><strong>Dos m\u00e9todos t\u00e9rmicos:<\/strong> Utilice el calentamiento por alcohol o una placa calefactora el\u00e9ctrica para adaptarse mejor a los distintos casos de uso y preferencias individuales, y proporcione flexibilidad y comodidad de uso en diversas aplicaciones.<\/p>\n\n\n\n<p><strong>Construcci\u00f3n de acero inoxidable engrosado:<\/strong> Fabricado en acero inoxidable de alta calidad para uso alimentario, este material no s\u00f3lo cumple los requisitos para el contacto con alimentos, sino que tambi\u00e9n proporciona una mayor durabilidad y un funcionamiento a largo plazo.<\/p>\n\n\n\n<p><strong>Construcci\u00f3n dividida desmontable:<\/strong> La cubeta y el cuerpo del horno est\u00e1n divididos y son desmontables para facilitar el mantenimiento y la limpieza, lo que resulta ideal para uso residencial y comercial.<\/p>\n\n\n\n<p><strong>Construcci\u00f3n Roll Top Chic:<\/strong> Presenta una cubierta enrollable totalmente retr\u00e1ctil con el tradicional aspecto elegante. Su amplio \u00e1ngulo de apertura facilita el acceso y se abre y cierra autom\u00e1ticamente con facilidad, haciendo realidad tanto la forma como la funci\u00f3n.<\/p>\n<\/div>\n\n\n\n<div class=\"wp-block-column is-layout-flow wp-block-column-is-layout-flow\">\n<figure class=\"wp-block-image size-full\"><img decoding=\"async\" width=\"800\" height=\"800\" src=\"https:\/\/www.yongyukitchenware.com\/wp-content\/uploads\/2025\/04\/Bulk-Egg-Shape-Roll-Top-Chafing-Dish-8.webp\" alt=\"Plato hondo de 8 piezas con forma de huevo\" class=\"wp-image-3594\" srcset=\"https:\/\/www.yongyukitchenware.com\/wp-content\/uploads\/2025\/04\/Bulk-Egg-Shape-Roll-Top-Chafing-Dish-8.webp 800w, https:\/\/www.yongyukitchenware.com\/wp-content\/uploads\/2025\/04\/Bulk-Egg-Shape-Roll-Top-Chafing-Dish-8-300x300.webp 300w, https:\/\/www.yongyukitchenware.com\/wp-content\/uploads\/2025\/04\/Bulk-Egg-Shape-Roll-Top-Chafing-Dish-8-150x150.webp 150w, https:\/\/www.yongyukitchenware.com\/wp-content\/uploads\/2025\/04\/Bulk-Egg-Shape-Roll-Top-Chafing-Dish-8-768x768.webp 768w, https:\/\/www.yongyukitchenware.com\/wp-content\/uploads\/2025\/04\/Bulk-Egg-Shape-Roll-Top-Chafing-Dish-8-12x12.webp 12w, https:\/\/www.yongyukitchenware.com\/wp-content\/uploads\/2025\/04\/Bulk-Egg-Shape-Roll-Top-Chafing-Dish-8-600x600.webp 600w, https:\/\/www.yongyukitchenware.com\/wp-content\/uploads\/2025\/04\/Bulk-Egg-Shape-Roll-Top-Chafing-Dish-8-100x100.webp 100w\" sizes=\"(max-width: 800px) 100vw, 800px\" \/><\/figure>\n\n\n\n<figure class=\"wp-block-image size-full\"><img decoding=\"async\" width=\"800\" height=\"800\" src=\"https:\/\/www.yongyukitchenware.com\/wp-content\/uploads\/2025\/04\/Bulk-Egg-Shape-Roll-Top-Chafing-Dish-3.webp\" alt=\"Plato para fre\u00edr con forma de huevo a granel-3\" class=\"wp-image-3589\" srcset=\"https:\/\/www.yongyukitchenware.com\/wp-content\/uploads\/2025\/04\/Bulk-Egg-Shape-Roll-Top-Chafing-Dish-3.webp 800w, https:\/\/www.yongyukitchenware.com\/wp-content\/uploads\/2025\/04\/Bulk-Egg-Shape-Roll-Top-Chafing-Dish-3-300x300.webp 300w, https:\/\/www.yongyukitchenware.com\/wp-content\/uploads\/2025\/04\/Bulk-Egg-Shape-Roll-Top-Chafing-Dish-3-150x150.webp 150w, https:\/\/www.yongyukitchenware.com\/wp-content\/uploads\/2025\/04\/Bulk-Egg-Shape-Roll-Top-Chafing-Dish-3-768x768.webp 768w, https:\/\/www.yongyukitchenware.com\/wp-content\/uploads\/2025\/04\/Bulk-Egg-Shape-Roll-Top-Chafing-Dish-3-12x12.webp 12w, https:\/\/www.yongyukitchenware.com\/wp-content\/uploads\/2025\/04\/Bulk-Egg-Shape-Roll-Top-Chafing-Dish-3-600x600.webp 600w, https:\/\/www.yongyukitchenware.com\/wp-content\/uploads\/2025\/04\/Bulk-Egg-Shape-Roll-Top-Chafing-Dish-3-100x100.webp 100w\" sizes=\"(max-width: 800px) 100vw, 800px\" \/><\/figure>\n<\/div>\n<\/div>\n\n\n\n<div class=\"wp-block-columns is-layout-flex wp-container-core-columns-is-layout-9d6595d7 wp-block-columns-is-layout-flex\">\n<div class=\"wp-block-column is-layout-flow wp-block-column-is-layout-flow\"><\/div>\n\n\n\n<div class=\"wp-block-column is-layout-flow wp-block-column-is-layout-flow\"><\/div>\n<\/div>\n\n\n\n<p><\/p>","protected":false},"excerpt":{"rendered":"<p>El plato hondo enrollable a granel con forma de huevo es perfecto para buffets y fiestas. Presenta un elegante dise\u00f1o en forma de huevo con tapa enrollable para facilitar el acceso. Combustible personalizable o calefacci\u00f3n el\u00e9ctrica, color, logotipo, etc. \u00a1Apoye las ventas de Amazon!<\/p>\n<h2><!-- wp:heading --><\/h2>\n<h2 class=\"wp-block-heading\">Plato hondo con forma de huevo a granel Atributos:<\/h2>\n<h2><!-- \/wp:heading --><\/p>\n<p><!-- wp:paragraph --><\/h2>\n<p><strong>Material: <\/strong>Acero inoxidable<br \/><strong>Color: <\/strong>Plata\/Oro<br \/><strong>Forma: <\/strong>Redondo con tapa y sopera<br \/><strong>Calor: <\/strong>Calefacci\u00f3n de alcohol o el\u00e9ctrica<br \/><strong>Chafer Pan: <\/strong>Rejilla individual\/doble\/triple<br \/><strong>OEM\/ODM: <\/strong>Disponible<\/p>\n<h2 class=\"wp-block-heading\">De Yongyu Chafing Dish Fabricante :<\/h2>\n<p>\u00a1Ya se trate de un proveedor de servicios de catering, un hotel y restaurante, o una empresa de planificaci\u00f3n de eventos, proporcionamos soluciones personalizadas completas de platos para calentar al por mayor para ayudar a su negocio con precios de f\u00e1brica de alta calidad!<\/p>\n<h2><!-- \/wp:paragraph --><\/h2>","protected":false},"featured_media":3588,"comment_status":"closed","ping_status":"closed","template":"","meta":{"_acf_changed":false},"application":[30],"product_brand":[],"product_cat":[33],"product_tag":[],"class_list":{"0":"post-3586","1":"product","2":"type-product","3":"status-publish","4":"has-post-thumbnail","6":"application-hotel-catering","7":"product_cat-chafing-dishes-wholesale","9":"first","10":"instock","11":"shipping-taxable","12":"product-type-simple"},"acf":[],"_links":{"self":[{"href":"https:\/\/www.yongyukitchenware.com\/es\/wp-json\/wp\/v2\/product\/3586","targetHints":{"allow":["GET"]}}],"collection":[{"href":"https:\/\/www.yongyukitchenware.com\/es\/wp-json\/wp\/v2\/product"}],"about":[{"href":"https:\/\/www.yongyukitchenware.com\/es\/wp-json\/wp\/v2\/types\/product"}],"replies":[{"embeddable":true,"href":"https:\/\/www.yongyukitchenware.com\/es\/wp-json\/wp\/v2\/comments?post=3586"}],"wp:featuredmedia":[{"embeddable":true,"href":"https:\/\/www.yongyukitchenware.com\/es\/wp-json\/wp\/v2\/media\/3588"}],"wp:attachment":[{"href":"https:\/\/www.yongyukitchenware.com\/es\/wp-json\/wp\/v2\/media?parent=3586"}],"wp:term":[{"taxonomy":"application","embeddable":true,"href":"https:\/\/www.yongyukitchenware.com\/es\/wp-json\/wp\/v2\/application?post=3586"},{"taxonomy":"product_brand","embeddable":true,"href":"https:\/\/www.yongyukitchenware.com\/es\/wp-json\/wp\/v2\/product_brand?post=3586"},{"taxonomy":"product_cat","embeddable":true,"href":"https:\/\/www.yongyukitchenware.com\/es\/wp-json\/wp\/v2\/product_cat?post=3586"},{"taxonomy":"product_tag","embeddable":true,"href":"https:\/\/www.yongyukitchenware.com\/es\/wp-json\/wp\/v2\/product_tag?post=3586"}],"curies":[{"name":"wp","href":"https:\/\/api.w.org\/{rel}","templated":true}]}}