{"id":3625,"date":"2025-04-23T10:06:42","date_gmt":"2025-04-23T10:06:42","guid":{"rendered":"https:\/\/www.yongyukitchenware.com\/?post_type=product&#038;p=3625"},"modified":"2025-06-13T05:44:06","modified_gmt":"2025-06-13T05:44:06","slug":"bulk-chafing-dish-with-hanging-lid-silver","status":"publish","type":"product","link":"https:\/\/www.yongyukitchenware.com\/es\/producto\/bulk-chafing-dish-with-hanging-lid-silver\/","title":{"rendered":"Calientaplatos a granel con tapa colgante Equipo para Buffet Calientaplatos-Plata"},"content":{"rendered":"<div class=\"wp-block-columns is-layout-flex wp-container-core-columns-is-layout-9d6595d7 wp-block-columns-is-layout-flex\">\n<div class=\"wp-block-column is-layout-flow wp-block-column-is-layout-flow\">\n<h2 class=\"wp-block-heading\">Chafing Dish a Granel con Tapa Colgante Par\u00e1metro Plata:<\/h2>\n\n\n\n<figure class=\"wp-block-table\"><table class=\"has-fixed-layout\"><tbody><tr><td>Modelo<\/td><td>Capacidad (L)<\/td><td>MOQ<\/td><\/tr><tr><td>DY033-CL<\/td><td>4.5\/6\/8L<\/td><td>4 PIEZAS<\/td><\/tr><\/tbody><\/table><\/figure>\n\n\n\n<h2 class=\"wp-block-heading\">Granel Chafing Dish con Tapa Colgante Plata Caracter\u00edsticas:<\/h2>\n\n\n\n<p><strong>Material de acero inoxidable engrosado:<\/strong> La selecci\u00f3n de acero de grado alimenticio de alta calidad, el material es seguro y duradero<br><strong>M\u00faltiples opciones de capacidad disponibles: <\/strong>La estufa comedor tiene tres capacidades: 4,5L, 6L y 8L, para satisfacer diferentes necesidades<br><strong>Dise\u00f1o dividido: <\/strong>La cubeta de alimentos y la cubeta inferior se pueden separar del cuerpo del horno para facilitar su limpieza<br><strong>Calentamiento de la l\u00e1mpara de alcohol:<\/strong> Calentamiento f\u00edsico, largo tiempo de combusti\u00f3n, con tapa de fuego, uso seguro<br><strong>Cubierta de acero y cubierta de cristal opcionales: <\/strong>una variedad de estilos de cubierta, adem\u00e1s, puede ser emparejado con ganchos, y puede colgar la cubierta.<br><strong>Dise\u00f1o de tapa colgante:<\/strong> El cuerpo del horno est\u00e1 dise\u00f1ado con una percha para colgar c\u00f3modamente la tapa, que es est\u00e9ticamente agradable y no ocupa mucho espacio<\/p>\n<\/div>\n\n\n\n<div class=\"wp-block-column is-layout-flow wp-block-column-is-layout-flow\">\n<figure class=\"wp-block-image size-full\"><img decoding=\"async\" width=\"800\" height=\"800\" src=\"https:\/\/www.yongyukitchenware.com\/wp-content\/uploads\/2025\/04\/Bulk-Chafing-Dishes-with-Hanging-Lids-Silver-3.webp\" alt=\"Plato para chafar a granel con tapa colgante plateada-3\" class=\"wp-image-3628\" srcset=\"https:\/\/www.yongyukitchenware.com\/wp-content\/uploads\/2025\/04\/Bulk-Chafing-Dishes-with-Hanging-Lids-Silver-3.webp 800w, https:\/\/www.yongyukitchenware.com\/wp-content\/uploads\/2025\/04\/Bulk-Chafing-Dishes-with-Hanging-Lids-Silver-3-300x300.webp 300w, https:\/\/www.yongyukitchenware.com\/wp-content\/uploads\/2025\/04\/Bulk-Chafing-Dishes-with-Hanging-Lids-Silver-3-150x150.webp 150w, https:\/\/www.yongyukitchenware.com\/wp-content\/uploads\/2025\/04\/Bulk-Chafing-Dishes-with-Hanging-Lids-Silver-3-768x768.webp 768w, https:\/\/www.yongyukitchenware.com\/wp-content\/uploads\/2025\/04\/Bulk-Chafing-Dishes-with-Hanging-Lids-Silver-3-12x12.webp 12w, https:\/\/www.yongyukitchenware.com\/wp-content\/uploads\/2025\/04\/Bulk-Chafing-Dishes-with-Hanging-Lids-Silver-3-600x600.webp 600w, https:\/\/www.yongyukitchenware.com\/wp-content\/uploads\/2025\/04\/Bulk-Chafing-Dishes-with-Hanging-Lids-Silver-3-100x100.webp 100w\" sizes=\"(max-width: 800px) 100vw, 800px\" \/><\/figure>\n<\/div>\n<\/div>\n\n\n\n<p><\/p>","protected":false},"excerpt":{"rendered":"<div class=\"flex max-w-full flex-col flex-grow\">\n<div class=\"min-h-8 text-message flex w-full flex-col items-end gap-2 whitespace-normal break-words text-start [.text-message+&amp;]:mt-5\" dir=\"auto\" data-message-author-role=\"assistant\" data-message-id=\"e07a47d1-8143-4d76-a750-70f60d252df1\" data-message-model-slug=\"gpt-4o\">\n<div class=\"flex w-full flex-col gap-1 empty:hidden first:pt-[3px]\">\n<div class=\"markdown prose w-full break-words dark:prose-invert dark\">\n<p data-start=\"0\" data-end=\"249\" data-is-last-node=\"\">Bulk Chafing Dish with Hanging Lid es un calentador de alimentos duradero y elegante dise\u00f1ado para buffets y grandes reuniones. Ofrecemos servicios OEM y ODM y apoyamos las ventas de Amazon. \u00a1Pregunte ahora para recibir descuentos exclusivos a granel!<\/p>\n<\/div>\n<\/div>\n<\/div>\n<\/div>\n<h2><!-- wp:heading --><\/h2>\n<h2 class=\"wp-block-heading\">Chafing Dish a Granel con Tapa Colgante Atributos Plata:<\/h2>\n<h2><!-- \/wp:heading --><\/p>\n<p><!-- wp:paragraph --><\/h2>\n<p><strong>Material: <\/strong>Acero inoxidable<br \/><strong>Color: <\/strong>Plata\/Oro<br \/><strong>Forma:<\/strong> Redondo<br \/><strong>Calor: <\/strong>Calefacci\u00f3n el\u00e9ctrica\/Calefacci\u00f3n por alcohol<br \/><strong>Chafer Pan: <\/strong>Rejilla individual\/doble\/triple<br \/><strong>OEM\/ODM: <\/strong>Disponible<\/p>\n<h2 class=\"wp-block-heading\">Granel Chafing Dish con Tapa Colgante Plata Fabricante :<\/h2>\n<p>Ya se trate de un proveedor de servicios de catering, un hotel o restaurante, o una empresa de planificaci\u00f3n de eventos, ofrecemos soluciones personalizadas completas de platos hondos al por mayor para ayudar a su negocio con precios de f\u00e1brica de alta calidad.<\/p>\n<h2><!-- \/wp:paragraph --><\/h2>","protected":false},"featured_media":3626,"comment_status":"closed","ping_status":"closed","template":"","meta":{"_acf_changed":true},"application":[30],"product_brand":[],"product_cat":[33],"product_tag":[],"class_list":{"0":"post-3625","1":"product","2":"type-product","3":"status-publish","4":"has-post-thumbnail","6":"application-hotel-catering","7":"product_cat-chafing-dishes-wholesale","9":"first","10":"instock","11":"shipping-taxable","12":"product-type-simple"},"acf":[],"_links":{"self":[{"href":"https:\/\/www.yongyukitchenware.com\/es\/wp-json\/wp\/v2\/product\/3625","targetHints":{"allow":["GET"]}}],"collection":[{"href":"https:\/\/www.yongyukitchenware.com\/es\/wp-json\/wp\/v2\/product"}],"about":[{"href":"https:\/\/www.yongyukitchenware.com\/es\/wp-json\/wp\/v2\/types\/product"}],"replies":[{"embeddable":true,"href":"https:\/\/www.yongyukitchenware.com\/es\/wp-json\/wp\/v2\/comments?post=3625"}],"wp:featuredmedia":[{"embeddable":true,"href":"https:\/\/www.yongyukitchenware.com\/es\/wp-json\/wp\/v2\/media\/3626"}],"wp:attachment":[{"href":"https:\/\/www.yongyukitchenware.com\/es\/wp-json\/wp\/v2\/media?parent=3625"}],"wp:term":[{"taxonomy":"application","embeddable":true,"href":"https:\/\/www.yongyukitchenware.com\/es\/wp-json\/wp\/v2\/application?post=3625"},{"taxonomy":"product_brand","embeddable":true,"href":"https:\/\/www.yongyukitchenware.com\/es\/wp-json\/wp\/v2\/product_brand?post=3625"},{"taxonomy":"product_cat","embeddable":true,"href":"https:\/\/www.yongyukitchenware.com\/es\/wp-json\/wp\/v2\/product_cat?post=3625"},{"taxonomy":"product_tag","embeddable":true,"href":"https:\/\/www.yongyukitchenware.com\/es\/wp-json\/wp\/v2\/product_tag?post=3625"}],"curies":[{"name":"wp","href":"https:\/\/api.w.org\/{rel}","templated":true}]}}