{"id":3699,"date":"2025-05-09T09:48:41","date_gmt":"2025-05-09T09:48:41","guid":{"rendered":"https:\/\/www.yongyukitchenware.com\/?post_type=product&#038;p=3699"},"modified":"2025-06-13T03:38:07","modified_gmt":"2025-06-13T03:38:07","slug":"bulk-1-1-american-style-gn-pan-stainless-steel-with-lid","status":"publish","type":"product","link":"https:\/\/www.yongyukitchenware.com\/es\/producto\/bulk-1-1-american-style-gn-pan-stainless-steel-with-lid\/","title":{"rendered":"Granel 1\/1 Sart\u00e9n GN Estilo Americano Acero Inoxidable con Tapa"},"content":{"rendered":"<div class=\"wp-block-columns is-layout-flex wp-container-core-columns-is-layout-9d6595d7 wp-block-columns-is-layout-flex\">\n<div class=\"wp-block-column is-layout-flow wp-block-column-is-layout-flow\">\n<h2 class=\"wp-block-heading\">Granel 1\/1 Sart\u00e9n GN Estilo Americano Caracter\u00edsticas:<\/h2>\n\n\n\n<p><strong>Acero inoxidable de alta calidad: <\/strong>acero inoxidable de calidad alimentaria con excelente resistencia a la corrosi\u00f3n, al calor y a los ara\u00f1azos<br><strong>Varios tama\u00f1os con tapa:<\/strong> se adaptan a las diferentes necesidades, se ajustan a los equipos est\u00e1ndar de catering y servicios alimentarios<br><strong>Se puede calentar: <\/strong>Gracias a la excelente conductividad t\u00e9rmica del acero inoxidable, las sartenes GN pueden calentarse y hornearse uniformemente.<br><strong>Dise\u00f1o elevado: <\/strong>Las cacerolas GN son a prueba de fugas, evitando que los l\u00edquidos fluyan alrededor.<br><strong>Dise\u00f1o de bordes enrollados: <\/strong>Los bordes redondeados y lisos facilitan su manejo y evitan lesiones en las manos.<br><strong>Hay dos tipos de tapas: <\/strong>una es una tapa perforada, que reserva espacio para las cucharas; la otra es una tapa completa de acero, que puede sellar eficazmente y a prueba de polvo<\/p>\n<\/div>\n\n\n\n<div class=\"wp-block-column is-layout-flow wp-block-column-is-layout-flow\">\n<div class=\"wp-block-columns is-layout-flex wp-container-core-columns-is-layout-9d6595d7 wp-block-columns-is-layout-flex\">\n<div class=\"wp-block-column is-layout-flow wp-block-column-is-layout-flow\">\n<figure class=\"wp-block-image size-full\"><img decoding=\"async\" width=\"800\" height=\"800\" src=\"https:\/\/www.yongyukitchenware.com\/wp-content\/uploads\/2024\/10\/wholesale-gn-pan-2.webp\" alt=\"mayorista-gn-pan (2)\" class=\"wp-image-1584\" srcset=\"https:\/\/www.yongyukitchenware.com\/wp-content\/uploads\/2024\/10\/wholesale-gn-pan-2.webp 800w, https:\/\/www.yongyukitchenware.com\/wp-content\/uploads\/2024\/10\/wholesale-gn-pan-2-300x300.webp 300w, https:\/\/www.yongyukitchenware.com\/wp-content\/uploads\/2024\/10\/wholesale-gn-pan-2-150x150.webp 150w, https:\/\/www.yongyukitchenware.com\/wp-content\/uploads\/2024\/10\/wholesale-gn-pan-2-768x768.webp 768w, https:\/\/www.yongyukitchenware.com\/wp-content\/uploads\/2024\/10\/wholesale-gn-pan-2-12x12.webp 12w, https:\/\/www.yongyukitchenware.com\/wp-content\/uploads\/2024\/10\/wholesale-gn-pan-2-600x600.webp 600w, https:\/\/www.yongyukitchenware.com\/wp-content\/uploads\/2024\/10\/wholesale-gn-pan-2-100x100.webp 100w\" sizes=\"(max-width: 800px) 100vw, 800px\" \/><\/figure>\n<\/div>\n\n\n\n<div class=\"wp-block-column is-layout-flow wp-block-column-is-layout-flow\">\n<figure class=\"wp-block-image size-full\"><img decoding=\"async\" width=\"800\" height=\"800\" src=\"https:\/\/www.yongyukitchenware.com\/wp-content\/uploads\/2024\/10\/wholesale-gn-pan-5.webp\" alt=\"mayorista-gn-pan (5)\" class=\"wp-image-1587\" srcset=\"https:\/\/www.yongyukitchenware.com\/wp-content\/uploads\/2024\/10\/wholesale-gn-pan-5.webp 800w, https:\/\/www.yongyukitchenware.com\/wp-content\/uploads\/2024\/10\/wholesale-gn-pan-5-300x300.webp 300w, https:\/\/www.yongyukitchenware.com\/wp-content\/uploads\/2024\/10\/wholesale-gn-pan-5-150x150.webp 150w, https:\/\/www.yongyukitchenware.com\/wp-content\/uploads\/2024\/10\/wholesale-gn-pan-5-768x768.webp 768w, https:\/\/www.yongyukitchenware.com\/wp-content\/uploads\/2024\/10\/wholesale-gn-pan-5-12x12.webp 12w, https:\/\/www.yongyukitchenware.com\/wp-content\/uploads\/2024\/10\/wholesale-gn-pan-5-600x600.webp 600w, https:\/\/www.yongyukitchenware.com\/wp-content\/uploads\/2024\/10\/wholesale-gn-pan-5-100x100.webp 100w\" sizes=\"(max-width: 800px) 100vw, 800px\" \/><\/figure>\n<\/div>\n<\/div>\n<\/div>\n<\/div>\n\n\n\n<h2 class=\"wp-block-heading\">Granel 1\/1 Sart\u00e9n GN Estilo Americano Par\u00e1metro<\/h2>\n\n\n\n<figure class=\"wp-block-table\"><table class=\"has-fixed-layout\"><tbody><tr><td>Modelo<\/td><td>Talla<\/td><td>Longitud * Anchura * Altura (mm)<\/td><td>MOQ<\/td><\/tr><tr><td rowspan=\"6\">DY001-FSP<\/td><td rowspan=\"6\">1\/1 American GN Pan<\/td><td>530\u00d7325\u00d7200<\/td><td rowspan=\"6\">50PCS<\/td><\/tr><tr><td>530\u00d7325\u00d7150<\/td><\/tr><tr><td>530\u00d7325\u00d7100<\/td><\/tr><tr><td>530\u00d7325\u00d765<\/td><\/tr><tr><td>530\u00d7325\u00d740<\/td><\/tr><tr><td>530\u00d7325\u00d725<\/td><\/tr><\/tbody><\/table><\/figure>\n\n\n\n<p><\/p>","protected":false},"excerpt":{"rendered":"<p>A granel 1\/1 estilo americano GN sart\u00e9n de acero inoxidable duradero con tapa, adecuado para el almacenamiento de alimentos comerciales, cocinar y servir.ventas directas de f\u00e1brica disfrutar del plan m\u00e1s preferencial.<\/p>\n<h2><!-- wp:heading --><\/h2>\n<h2 class=\"wp-block-heading\">Granel 1\/1 American Style GN Pan Atributos :<\/h2>\n<h2><!-- \/wp:heading --><\/p>\n<p><!-- wp:paragraph --><\/h2>\n<p><strong>Material: <\/strong>Acero inoxidable<br \/><strong>Tama\u00f1o:<\/strong> 1\/1, 1\/2, 1\/3, 1\/4, 1\/4, 1\/6, 1\/9, 3\/2 gn pan<br \/><strong>Acero inoxidable Grosor:<\/strong> 0,5 mm, 0,6 mm, 0,7 mm, 0,8 mm, 1,0 mm<br \/><strong>Tipos de tapas<\/strong><strong>:<\/strong> Tapa perforada y tapa completa de acero<br \/><strong>Dise\u00f1o:<\/strong> Dise\u00f1o de bordes elevados y enrollados<br \/><strong>Embalaje:<\/strong> Bolsa OPP y cart\u00f3n<br \/><strong>OEM\/ODM:<\/strong> disponible<\/p>\n<p><!-- \/wp:paragraph --><\/p>","protected":false},"featured_media":3754,"comment_status":"closed","ping_status":"closed","template":"","meta":{"_acf_changed":false},"application":[30],"product_brand":[],"product_cat":[22,37],"product_tag":[],"class_list":{"0":"post-3699","1":"product","2":"type-product","3":"status-publish","4":"has-post-thumbnail","6":"application-hotel-catering","7":"product_cat-catering-supplies-wholesale","8":"product_cat-gastronorm-pan-manufacturer","10":"first","11":"instock","12":"shipping-taxable","13":"product-type-simple"},"acf":[],"_links":{"self":[{"href":"https:\/\/www.yongyukitchenware.com\/es\/wp-json\/wp\/v2\/product\/3699","targetHints":{"allow":["GET"]}}],"collection":[{"href":"https:\/\/www.yongyukitchenware.com\/es\/wp-json\/wp\/v2\/product"}],"about":[{"href":"https:\/\/www.yongyukitchenware.com\/es\/wp-json\/wp\/v2\/types\/product"}],"replies":[{"embeddable":true,"href":"https:\/\/www.yongyukitchenware.com\/es\/wp-json\/wp\/v2\/comments?post=3699"}],"wp:featuredmedia":[{"embeddable":true,"href":"https:\/\/www.yongyukitchenware.com\/es\/wp-json\/wp\/v2\/media\/3754"}],"wp:attachment":[{"href":"https:\/\/www.yongyukitchenware.com\/es\/wp-json\/wp\/v2\/media?parent=3699"}],"wp:term":[{"taxonomy":"application","embeddable":true,"href":"https:\/\/www.yongyukitchenware.com\/es\/wp-json\/wp\/v2\/application?post=3699"},{"taxonomy":"product_brand","embeddable":true,"href":"https:\/\/www.yongyukitchenware.com\/es\/wp-json\/wp\/v2\/product_brand?post=3699"},{"taxonomy":"product_cat","embeddable":true,"href":"https:\/\/www.yongyukitchenware.com\/es\/wp-json\/wp\/v2\/product_cat?post=3699"},{"taxonomy":"product_tag","embeddable":true,"href":"https:\/\/www.yongyukitchenware.com\/es\/wp-json\/wp\/v2\/product_tag?post=3699"}],"curies":[{"name":"wp","href":"https:\/\/api.w.org\/{rel}","templated":true}]}}