{"id":3719,"date":"2025-05-09T10:11:25","date_gmt":"2025-05-09T10:11:25","guid":{"rendered":"https:\/\/www.yongyukitchenware.com\/?post_type=product&#038;p=3719"},"modified":"2025-06-13T03:50:06","modified_gmt":"2025-06-13T03:50:06","slug":"bulk-2-1-eu-style-gn-pan","status":"publish","type":"product","link":"https:\/\/www.yongyukitchenware.com\/es\/producto\/bulk-2-1-eu-style-gn-pan\/","title":{"rendered":"Granel 2\/1 Sart\u00e9n GN Estilo UE Sartenes Gastronorm de Acero Inoxidable Estilo UE con Tapa"},"content":{"rendered":"<div class=\"wp-block-columns is-layout-flex wp-container-core-columns-is-layout-9d6595d7 wp-block-columns-is-layout-flex\">\n<div class=\"wp-block-column is-layout-flow wp-block-column-is-layout-flow\">\n<h2 class=\"wp-block-heading\">Granel 2\/1 EU Style GN Pan Caracter\u00edsticas:<\/h2>\n\n\n\n<p><strong>Acero inoxidable de primera calidad: <\/strong>Fabricado en acero inoxidable para uso alimentario para una mayor durabilidad, resistencia al calor y uso a largo plazo.<br><strong>Sart\u00e9n GN resistente al calor:<\/strong> Garantiza una distribuci\u00f3n uniforme del calor y un aislamiento estable, ideal para hornear, calentar y mantener calientes los alimentos.<br><strong>Dise\u00f1o en relieve a prueba de fugas:<\/strong> Evitan los derrames y retienen los l\u00edquidos para un uso m\u00e1s limpio y seguro.<br><strong>Bordes laminados lisos: <\/strong>Bordes lisos para un uso seguro y una limpieza m\u00e1s f\u00e1cil e higi\u00e9nica.<br><strong>Disposici\u00f3n de dos tapas:<\/strong> Incluye una tapa perforada para facilitar el acceso de los utensilios y una tapa entera de acero inoxidable para un cierre seguro y evitar el polvo.<br><strong>Apilables y ocupan poco espacio:<\/strong> Dise\u00f1ados para apilarse c\u00f3modamente con un espacio de almacenamiento m\u00ednimo en cocinas con mucho trabajo.<\/p>\n<\/div>\n\n\n\n<div class=\"wp-block-column is-layout-flow wp-block-column-is-layout-flow\">\n<div class=\"wp-block-columns is-layout-flex wp-container-core-columns-is-layout-9d6595d7 wp-block-columns-is-layout-flex\">\n<div class=\"wp-block-column is-layout-flow wp-block-column-is-layout-flow\">\n<figure class=\"wp-block-image size-full\"><img decoding=\"async\" width=\"800\" height=\"800\" src=\"https:\/\/www.yongyukitchenware.com\/wp-content\/uploads\/2024\/10\/supply-food-pan-2.webp\" alt=\"suministro-alimentaci\u00f3n-pan (2)\" class=\"wp-image-1600\" srcset=\"https:\/\/www.yongyukitchenware.com\/wp-content\/uploads\/2024\/10\/supply-food-pan-2.webp 800w, https:\/\/www.yongyukitchenware.com\/wp-content\/uploads\/2024\/10\/supply-food-pan-2-300x300.webp 300w, https:\/\/www.yongyukitchenware.com\/wp-content\/uploads\/2024\/10\/supply-food-pan-2-150x150.webp 150w, https:\/\/www.yongyukitchenware.com\/wp-content\/uploads\/2024\/10\/supply-food-pan-2-768x768.webp 768w, https:\/\/www.yongyukitchenware.com\/wp-content\/uploads\/2024\/10\/supply-food-pan-2-12x12.webp 12w, https:\/\/www.yongyukitchenware.com\/wp-content\/uploads\/2024\/10\/supply-food-pan-2-600x600.webp 600w, https:\/\/www.yongyukitchenware.com\/wp-content\/uploads\/2024\/10\/supply-food-pan-2-100x100.webp 100w\" sizes=\"(max-width: 800px) 100vw, 800px\" \/><\/figure>\n<\/div>\n\n\n\n<div class=\"wp-block-column is-layout-flow wp-block-column-is-layout-flow\">\n<figure class=\"wp-block-image size-full\"><img decoding=\"async\" width=\"800\" height=\"800\" src=\"https:\/\/www.yongyukitchenware.com\/wp-content\/uploads\/2024\/10\/supply-food-pan-4.webp\" alt=\"suministro-alimentaci\u00f3n-pan (4)\" class=\"wp-image-1602\" srcset=\"https:\/\/www.yongyukitchenware.com\/wp-content\/uploads\/2024\/10\/supply-food-pan-4.webp 800w, https:\/\/www.yongyukitchenware.com\/wp-content\/uploads\/2024\/10\/supply-food-pan-4-300x300.webp 300w, https:\/\/www.yongyukitchenware.com\/wp-content\/uploads\/2024\/10\/supply-food-pan-4-150x150.webp 150w, https:\/\/www.yongyukitchenware.com\/wp-content\/uploads\/2024\/10\/supply-food-pan-4-768x768.webp 768w, https:\/\/www.yongyukitchenware.com\/wp-content\/uploads\/2024\/10\/supply-food-pan-4-12x12.webp 12w, https:\/\/www.yongyukitchenware.com\/wp-content\/uploads\/2024\/10\/supply-food-pan-4-600x600.webp 600w, https:\/\/www.yongyukitchenware.com\/wp-content\/uploads\/2024\/10\/supply-food-pan-4-100x100.webp 100w\" sizes=\"(max-width: 800px) 100vw, 800px\" \/><\/figure>\n<\/div>\n<\/div>\n<\/div>\n<\/div>\n\n\n\n<h2 class=\"wp-block-heading\">Par\u00e1metros de la bandeja GN estilo UE 2\/1 a granel<\/h2>\n\n\n\n<figure class=\"wp-block-table\"><table class=\"has-fixed-layout\"><tbody><tr><td>Modelo<\/td><td>Talla<\/td><td>Largo * Ancho * Alto<\/td><td>MOQ<\/td><\/tr><tr><td rowspan=\"6\">DY002-FSP<\/td><td rowspan=\"6\">2\/1 Sart\u00e9n Eu Style GN<\/td><td>65x53x20CM<\/td><td rowspan=\"6\">20PCS<\/td><\/tr><tr><td>65x53x15CM<\/td><\/tr><tr><td>65x53x10CM<\/td><\/tr><tr><td>65x53x6,5CM<\/td><\/tr><tr><td>65x53x 4CM<\/td><\/tr><tr><td>65x53x2CM<\/td><\/tr><\/tbody><\/table><\/figure>\n\n\n\n<p><\/p>","protected":false},"excerpt":{"rendered":"<p>Sart\u00e9n GN estilo UE 2\/1 a granel fabricada en acero inoxidable duradero con tapa, ideal para almacenar, preparar y servir alimentos con gran capacidad en cocinas comerciales. Compre a granel y disfrute de descuentos de f\u00e1brica.<\/p>\n<h2><!-- wp:heading --><\/h2>\n<h2 class=\"wp-block-heading\">A granel 2\/1 EU Style GN Pan Atributos :<\/h2>\n<h2><!-- \/wp:heading --><\/p>\n<p><!-- wp:paragraph --><\/h2>\n<p><strong>Material:<\/strong> Acero inoxidable<br \/><strong>Tama\u00f1o:<\/strong>\u00a01\/1, 1\/2, 1\/3, 1\/4, 1\/4, 1\/6, 1\/9, 3\/2 gn pan<br \/><strong>Acero inoxidable Grosor:<\/strong>\u00a00,5 mm, 0,6 mm, 0,7 mm, 0,8 mm, 1,0 mm<br \/><strong>Tipos de tapas<\/strong><strong>:<\/strong>\u00a0Tapa perforada y tapa completa de acero<br \/><strong>Dise\u00f1o:<\/strong> Dise\u00f1o con relieve y bordes enrollados, calentamiento y horneado uniformes<br \/><strong>Embalaje:<\/strong> Bolsa OPP y cart\u00f3n<br \/><strong>OEM\/ODM:<\/strong> Disponible<\/p>\n<p><!-- \/wp:paragraph --><\/p>","protected":false},"featured_media":3711,"comment_status":"closed","ping_status":"closed","template":"","meta":{"_acf_changed":false},"application":[30],"product_brand":[],"product_cat":[22,37],"product_tag":[],"class_list":{"0":"post-3719","1":"product","2":"type-product","3":"status-publish","4":"has-post-thumbnail","6":"application-hotel-catering","7":"product_cat-catering-supplies-wholesale","8":"product_cat-gastronorm-pan-manufacturer","10":"first","11":"instock","12":"shipping-taxable","13":"product-type-simple"},"acf":[],"_links":{"self":[{"href":"https:\/\/www.yongyukitchenware.com\/es\/wp-json\/wp\/v2\/product\/3719","targetHints":{"allow":["GET"]}}],"collection":[{"href":"https:\/\/www.yongyukitchenware.com\/es\/wp-json\/wp\/v2\/product"}],"about":[{"href":"https:\/\/www.yongyukitchenware.com\/es\/wp-json\/wp\/v2\/types\/product"}],"replies":[{"embeddable":true,"href":"https:\/\/www.yongyukitchenware.com\/es\/wp-json\/wp\/v2\/comments?post=3719"}],"wp:featuredmedia":[{"embeddable":true,"href":"https:\/\/www.yongyukitchenware.com\/es\/wp-json\/wp\/v2\/media\/3711"}],"wp:attachment":[{"href":"https:\/\/www.yongyukitchenware.com\/es\/wp-json\/wp\/v2\/media?parent=3719"}],"wp:term":[{"taxonomy":"application","embeddable":true,"href":"https:\/\/www.yongyukitchenware.com\/es\/wp-json\/wp\/v2\/application?post=3719"},{"taxonomy":"product_brand","embeddable":true,"href":"https:\/\/www.yongyukitchenware.com\/es\/wp-json\/wp\/v2\/product_brand?post=3719"},{"taxonomy":"product_cat","embeddable":true,"href":"https:\/\/www.yongyukitchenware.com\/es\/wp-json\/wp\/v2\/product_cat?post=3719"},{"taxonomy":"product_tag","embeddable":true,"href":"https:\/\/www.yongyukitchenware.com\/es\/wp-json\/wp\/v2\/product_tag?post=3719"}],"curies":[{"name":"wp","href":"https:\/\/api.w.org\/{rel}","templated":true}]}}