{"id":3721,"date":"2025-05-09T10:23:07","date_gmt":"2025-05-09T10:23:07","guid":{"rendered":"https:\/\/www.yongyukitchenware.com\/?post_type=product&#038;p=3721"},"modified":"2025-06-13T03:46:47","modified_gmt":"2025-06-13T03:46:47","slug":"bulk-2-4-eu-style-gn-pan","status":"publish","type":"product","link":"https:\/\/www.yongyukitchenware.com\/es\/producto\/bulk-2-4-eu-style-gn-pan\/","title":{"rendered":"Granel 2\/4 Sartenes GN Estilo UE Acero Inoxidable Sartenes Gastronorm Estilo UE con Tapa"},"content":{"rendered":"<div class=\"wp-block-columns is-layout-flex wp-container-core-columns-is-layout-9d6595d7 wp-block-columns-is-layout-flex\">\n<div class=\"wp-block-column is-layout-flow wp-block-column-is-layout-flow\">\n<h2 class=\"wp-block-heading\">Granel 2\/4 UE Estilo GN Pan Caracter\u00edsticas:<\/h2>\n\n\n\n<p><strong>Acero inoxidable de primera calidad: <\/strong>Fabricado en acero inoxidable de primera calidad apto para uso alimentario, lo que garantiza una larga durabilidad, resistencia a la corrosi\u00f3n y resistencia al calor.<br><strong>Rendimiento t\u00e9rmico uniforme: <\/strong>La conductividad t\u00e9rmica superior del acero inoxidable proporciona un calentamiento y una cocci\u00f3n uniformes, lo que permite una distribuci\u00f3n eficaz de la temperatura.<br><strong>Dise\u00f1o elevado a prueba de fugas:<\/strong> Construidas para evitar derrames, el contenido se contiene de forma segura y son f\u00e1ciles de mantener.<br><strong>Bordes c\u00f3nicos ergon\u00f3micos:<\/strong> Los bordes redondeados y lisos garantizan una sujeci\u00f3n segura y una f\u00e1cil limpieza sin riesgo de lesiones.<br><strong>Opciones de tapa flexible:<\/strong> Incluye una tapa perforada para facilitar el acceso a los utensilios y una tapa de acero macizo para un cierre seguro y protecci\u00f3n contra el polvo.<br><strong>Almacenamiento apilable que ahorra espacio: <\/strong>Su dise\u00f1o apilable ahorra espacio y permite un almacenamiento sencillo y una utilizaci\u00f3n eficiente del espacio de almacenamiento en cocinas comerciales.<\/p>\n<\/div>\n\n\n\n<div class=\"wp-block-column is-layout-flow wp-block-column-is-layout-flow\">\n<div class=\"wp-block-columns is-layout-flex wp-container-core-columns-is-layout-9d6595d7 wp-block-columns-is-layout-flex\">\n<div class=\"wp-block-column is-layout-flow wp-block-column-is-layout-flow\">\n<figure class=\"wp-block-image size-full\"><img decoding=\"async\" width=\"800\" height=\"800\" src=\"https:\/\/www.yongyukitchenware.com\/wp-content\/uploads\/2024\/10\/supply-food-pan-2.webp\" alt=\"suministro-alimentaci\u00f3n-pan (2)\" class=\"wp-image-1600\" srcset=\"https:\/\/www.yongyukitchenware.com\/wp-content\/uploads\/2024\/10\/supply-food-pan-2.webp 800w, https:\/\/www.yongyukitchenware.com\/wp-content\/uploads\/2024\/10\/supply-food-pan-2-300x300.webp 300w, https:\/\/www.yongyukitchenware.com\/wp-content\/uploads\/2024\/10\/supply-food-pan-2-150x150.webp 150w, https:\/\/www.yongyukitchenware.com\/wp-content\/uploads\/2024\/10\/supply-food-pan-2-768x768.webp 768w, https:\/\/www.yongyukitchenware.com\/wp-content\/uploads\/2024\/10\/supply-food-pan-2-12x12.webp 12w, https:\/\/www.yongyukitchenware.com\/wp-content\/uploads\/2024\/10\/supply-food-pan-2-600x600.webp 600w, https:\/\/www.yongyukitchenware.com\/wp-content\/uploads\/2024\/10\/supply-food-pan-2-100x100.webp 100w\" sizes=\"(max-width: 800px) 100vw, 800px\" \/><\/figure>\n<\/div>\n\n\n\n<div class=\"wp-block-column is-layout-flow wp-block-column-is-layout-flow\">\n<figure class=\"wp-block-image size-full\"><img decoding=\"async\" width=\"800\" height=\"800\" src=\"https:\/\/www.yongyukitchenware.com\/wp-content\/uploads\/2024\/10\/supply-food-pan-4.webp\" alt=\"suministro-alimentaci\u00f3n-pan (4)\" class=\"wp-image-1602\" srcset=\"https:\/\/www.yongyukitchenware.com\/wp-content\/uploads\/2024\/10\/supply-food-pan-4.webp 800w, https:\/\/www.yongyukitchenware.com\/wp-content\/uploads\/2024\/10\/supply-food-pan-4-300x300.webp 300w, https:\/\/www.yongyukitchenware.com\/wp-content\/uploads\/2024\/10\/supply-food-pan-4-150x150.webp 150w, https:\/\/www.yongyukitchenware.com\/wp-content\/uploads\/2024\/10\/supply-food-pan-4-768x768.webp 768w, https:\/\/www.yongyukitchenware.com\/wp-content\/uploads\/2024\/10\/supply-food-pan-4-12x12.webp 12w, https:\/\/www.yongyukitchenware.com\/wp-content\/uploads\/2024\/10\/supply-food-pan-4-600x600.webp 600w, https:\/\/www.yongyukitchenware.com\/wp-content\/uploads\/2024\/10\/supply-food-pan-4-100x100.webp 100w\" sizes=\"(max-width: 800px) 100vw, 800px\" \/><\/figure>\n<\/div>\n<\/div>\n<\/div>\n<\/div>\n\n\n\n<h2 class=\"wp-block-heading\">Par\u00e1metros de la bandeja GN estilo UE 2\/4 a granel<\/h2>\n\n\n\n<figure class=\"wp-block-table\"><table class=\"has-fixed-layout\"><tbody><tr><td>Modelo<\/td><td>Talla<\/td><td>Largo * Ancho * Alto<\/td><td>MOQ<\/td><\/tr><tr><td rowspan=\"5\">DY002-FSP<\/td><td rowspan=\"5\">2\/4 Eu Style GN Pan<\/td><td>53\u00d716,2\u00d715 CM<\/td><td>20PCS<\/td><\/tr><tr><td>53\u00d716,5x 10CM<\/td><td>20PCS<\/td><\/tr><tr><td>53\u00d716,5x 6,5CM<\/td><td>24PCS<\/td><\/tr><tr><td>53\u00d716,5x4CM<\/td><td>30PCS<\/td><\/tr><tr><td>53\u00d716,5x2CM<\/td><td>36PCS<\/td><\/tr><\/tbody><\/table><\/figure>","protected":false},"excerpt":{"rendered":"<p>Bandeja GN a granel estilo 2\/4 UE fabricada en acero inoxidable de alta calidad con tapa, ideal para almacenar, preparar y servir alimentos de forma eficiente en cocinas comerciales. Compre a granel y aproveche los descuentos de los precios de f\u00e1brica.<\/p>\n<h2><!-- wp:heading --><\/h2>\n<h2 class=\"wp-block-heading\">A granel 2\/4 EU Style GN Pan Atributos :<\/h2>\n<h2><!-- \/wp:heading --><\/p>\n<p><!-- wp:paragraph --><\/h2>\n<p><strong>Material:<\/strong> Acero inoxidable<br \/><strong>Tama\u00f1o:<\/strong>\u00a01\/1, 1\/2, 1\/3, 1\/4, 1\/4, 1\/6, 1\/9, 3\/2 gn pan<br \/><strong>Acero inoxidable Grosor:<\/strong>\u00a00,5 mm, 0,6 mm, 0,7 mm, 0,8 mm, 1,0 mm<br \/><strong>Tipos de tapas<\/strong><strong>:<\/strong>\u00a0Tapa perforada y tapa completa de acero<br \/><strong>Dise\u00f1o:<\/strong> Dise\u00f1o con relieve y bordes enrollados, calentamiento y horneado uniformes<br \/><strong>Embalaje:<\/strong> Bolsa OPP y cart\u00f3n<br \/><strong>OEM\/ODM:<\/strong> Disponible<\/p>\n<p><!-- \/wp:paragraph --><\/p>","protected":false},"featured_media":3713,"comment_status":"closed","ping_status":"closed","template":"","meta":{"_acf_changed":false},"application":[30],"product_brand":[],"product_cat":[22,37],"product_tag":[],"class_list":{"0":"post-3721","1":"product","2":"type-product","3":"status-publish","4":"has-post-thumbnail","6":"application-hotel-catering","7":"product_cat-catering-supplies-wholesale","8":"product_cat-gastronorm-pan-manufacturer","10":"first","11":"instock","12":"shipping-taxable","13":"product-type-simple"},"acf":[],"_links":{"self":[{"href":"https:\/\/www.yongyukitchenware.com\/es\/wp-json\/wp\/v2\/product\/3721","targetHints":{"allow":["GET"]}}],"collection":[{"href":"https:\/\/www.yongyukitchenware.com\/es\/wp-json\/wp\/v2\/product"}],"about":[{"href":"https:\/\/www.yongyukitchenware.com\/es\/wp-json\/wp\/v2\/types\/product"}],"replies":[{"embeddable":true,"href":"https:\/\/www.yongyukitchenware.com\/es\/wp-json\/wp\/v2\/comments?post=3721"}],"wp:featuredmedia":[{"embeddable":true,"href":"https:\/\/www.yongyukitchenware.com\/es\/wp-json\/wp\/v2\/media\/3713"}],"wp:attachment":[{"href":"https:\/\/www.yongyukitchenware.com\/es\/wp-json\/wp\/v2\/media?parent=3721"}],"wp:term":[{"taxonomy":"application","embeddable":true,"href":"https:\/\/www.yongyukitchenware.com\/es\/wp-json\/wp\/v2\/application?post=3721"},{"taxonomy":"product_brand","embeddable":true,"href":"https:\/\/www.yongyukitchenware.com\/es\/wp-json\/wp\/v2\/product_brand?post=3721"},{"taxonomy":"product_cat","embeddable":true,"href":"https:\/\/www.yongyukitchenware.com\/es\/wp-json\/wp\/v2\/product_cat?post=3721"},{"taxonomy":"product_tag","embeddable":true,"href":"https:\/\/www.yongyukitchenware.com\/es\/wp-json\/wp\/v2\/product_tag?post=3721"}],"curies":[{"name":"wp","href":"https:\/\/api.w.org\/{rel}","templated":true}]}}