{"id":3797,"date":"2025-05-28T01:34:58","date_gmt":"2025-05-28T01:34:58","guid":{"rendered":"https:\/\/www.yongyukitchenware.com\/?post_type=product&#038;p=3797"},"modified":"2025-06-13T02:42:19","modified_gmt":"2025-06-13T02:42:19","slug":"wholesale-pumpkin-hanging-stove","status":"publish","type":"product","link":"https:\/\/www.yongyukitchenware.com\/es\/producto\/wholesale-pumpkin-hanging-stove\/","title":{"rendered":"Venta al Mayor Calabaza Estufa Colgante Lujoso Plato Chafing de Acero Inoxidable-Blanco"},"content":{"rendered":"<div class=\"wp-block-group is-nowrap is-layout-flex wp-container-core-group-is-layout-ad2f72ca wp-block-group-is-layout-flex\">\n<h2 class=\"wp-block-heading\">Mayorista Calabaza Estufa Colgante-Blanco Par\u00e1metros:<\/h2>\n<\/div>\n\n\n\n<div class=\"wp-block-columns is-layout-flex wp-container-core-columns-is-layout-9d6595d7 wp-block-columns-is-layout-flex\">\n<div class=\"wp-block-column is-layout-flow wp-block-column-is-layout-flow\">\n<div class=\"wp-block-group is-nowrap is-layout-flex wp-container-core-group-is-layout-ad2f72ca wp-block-group-is-layout-flex\">\n<figure class=\"wp-block-table\"><table class=\"has-fixed-layout\"><tbody><tr><td>Modelo<\/td><td>Capacidad (L)<\/td><td>MOQ<\/td><\/tr><tr><td>DY038-CL<\/td><td>4.5\/6\/8L<\/td><td>4 PIEZAS<\/td><\/tr><\/tbody><\/table><\/figure>\n<\/div>\n\n\n\n<h2 class=\"wp-block-heading\">Calabaza al por mayor estufa colgante-Blanco Caracter\u00edsticas:<\/h2>\n\n\n\n<div class=\"wp-block-columns is-layout-flex wp-container-core-columns-is-layout-9d6595d7 wp-block-columns-is-layout-flex\">\n<div class=\"wp-block-column is-layout-flow wp-block-column-is-layout-flow\">\n<p><strong>Aislamiento a largo plazo:<\/strong> Estructura aislante hueca de doble capa + cilindro interior de acero inoxidable de calidad alimentaria, con bandeja de combustible a prueba de viento (incluido el dep\u00f3sito de combustible), que prolonga eficazmente el calor de los alimentos.<br><strong>Belleza en el dise\u00f1o: <\/strong>El marco de la estufa de comedor est\u00e1 bellamente enmarcado con tallas huecas, con un aspecto delicado y deslumbrante.<br><strong>Capacidad Dorada: <\/strong>4,5\/6\/8L opcionales para adaptarse a diferentes necesidades, f\u00e1cil de recoger los alimentos con un dise\u00f1o de boca ancha<br><strong>Dise\u00f1o de tapa colgante: <\/strong>El cuerpo del horno est\u00e1 espec\u00edficamente dise\u00f1ado con un colgador para colgar c\u00f3modamente la tapa, que no s\u00f3lo queda bien sino que adem\u00e1s no ocupa mucho espacio.<\/p>\n<\/div>\n\n\n\n<div class=\"wp-block-column is-layout-flow wp-block-column-is-layout-flow\">\n<figure class=\"wp-block-image size-full\"><img decoding=\"async\" width=\"800\" height=\"800\" src=\"https:\/\/www.yongyukitchenware.com\/wp-content\/uploads\/2025\/05\/Bulk-Pumpkin-Hanging-Stove-12.webp\" alt=\"Mayorista-Calabaza-Estufa Colgante-12\" class=\"wp-image-3795\" srcset=\"https:\/\/www.yongyukitchenware.com\/wp-content\/uploads\/2025\/05\/Bulk-Pumpkin-Hanging-Stove-12.webp 800w, https:\/\/www.yongyukitchenware.com\/wp-content\/uploads\/2025\/05\/Bulk-Pumpkin-Hanging-Stove-12-300x300.webp 300w, https:\/\/www.yongyukitchenware.com\/wp-content\/uploads\/2025\/05\/Bulk-Pumpkin-Hanging-Stove-12-150x150.webp 150w, https:\/\/www.yongyukitchenware.com\/wp-content\/uploads\/2025\/05\/Bulk-Pumpkin-Hanging-Stove-12-768x768.webp 768w, https:\/\/www.yongyukitchenware.com\/wp-content\/uploads\/2025\/05\/Bulk-Pumpkin-Hanging-Stove-12-12x12.webp 12w, https:\/\/www.yongyukitchenware.com\/wp-content\/uploads\/2025\/05\/Bulk-Pumpkin-Hanging-Stove-12-600x600.webp 600w, https:\/\/www.yongyukitchenware.com\/wp-content\/uploads\/2025\/05\/Bulk-Pumpkin-Hanging-Stove-12-100x100.webp 100w\" sizes=\"(max-width: 800px) 100vw, 800px\" \/><\/figure>\n<\/div>\n<\/div>\n<\/div>\n<\/div>","protected":false},"excerpt":{"rendered":"<div class=\"flex max-w-full flex-col flex-grow\">\n<div class=\"min-h-8 text-message flex w-full flex-col items-end gap-2 whitespace-normal break-words text-start [.text-message+&amp;]:mt-5\" dir=\"auto\" data-message-author-role=\"assistant\" data-message-id=\"e07a47d1-8143-4d76-a750-70f60d252df1\" data-message-model-slug=\"gpt-4o\">\n<div class=\"flex w-full flex-col gap-1 empty:hidden first:pt-[3px]\">\n<div class=\"markdown prose w-full break-words dark:prose-invert dark\">\n<p data-start=\"0\" data-end=\"249\" data-is-last-node=\"\">Mayorista calabaza colgante estufa de lujo de acero inoxidable chafing plato en blanco elegante, dise\u00f1ado para mejorar la presentaci\u00f3n de los alimentos, mientras que mantener los platos calientes, ideal para eventos de catering de gama alta y configuraciones de buffet. \u00a1Llegar ahora para disfrutar de precios especiales en pedidos al por mayor!<\/p>\n<\/div>\n<\/div>\n<\/div>\n<\/div>\n<h2><!-- wp:heading --><\/h2>\n<h2 class=\"wp-block-heading\">Mayorista Calabaza Estufa Colgante-Blanco Atributos:<\/h2>\n<h2><!-- \/wp:heading --><\/p>\n<p><!-- wp:paragraph --><\/h2>\n<p><strong>Material: <\/strong>Acero inoxidable<br \/><strong>Color: <\/strong>Plata\/Oro<br \/><strong>Forma:<\/strong> Redondo<br \/><strong>Calor: <\/strong>Calefacci\u00f3n el\u00e9ctrica\/Calefacci\u00f3n por alcohol<br \/><strong>Chafer Pan: <\/strong>Rejilla individual\/doble\/triple<br \/><strong>OEM\/ODM: <\/strong>Disponible<\/p>\n<h2 class=\"wp-block-heading\">Calabaza al por mayor estufa colgante-Blanco Fabricante :<\/h2>\n<p>Ya se trate de un proveedor de servicios de catering, un hotel o restaurante, o una empresa de planificaci\u00f3n de eventos, ofrecemos soluciones personalizadas completas para la venta al por mayor de platos hondos para ayudar a su negocio con precios de f\u00e1brica de alta calidad.<\/p>\n<h2><!-- \/wp:paragraph --><\/h2>","protected":false},"featured_media":3798,"comment_status":"closed","ping_status":"closed","template":"","meta":{"_acf_changed":true},"application":[30],"product_brand":[],"product_cat":[33],"product_tag":[],"class_list":{"0":"post-3797","1":"product","2":"type-product","3":"status-publish","4":"has-post-thumbnail","6":"application-hotel-catering","7":"product_cat-chafing-dishes-wholesale","9":"first","10":"instock","11":"shipping-taxable","12":"product-type-simple"},"acf":[],"_links":{"self":[{"href":"https:\/\/www.yongyukitchenware.com\/es\/wp-json\/wp\/v2\/product\/3797","targetHints":{"allow":["GET"]}}],"collection":[{"href":"https:\/\/www.yongyukitchenware.com\/es\/wp-json\/wp\/v2\/product"}],"about":[{"href":"https:\/\/www.yongyukitchenware.com\/es\/wp-json\/wp\/v2\/types\/product"}],"replies":[{"embeddable":true,"href":"https:\/\/www.yongyukitchenware.com\/es\/wp-json\/wp\/v2\/comments?post=3797"}],"wp:featuredmedia":[{"embeddable":true,"href":"https:\/\/www.yongyukitchenware.com\/es\/wp-json\/wp\/v2\/media\/3798"}],"wp:attachment":[{"href":"https:\/\/www.yongyukitchenware.com\/es\/wp-json\/wp\/v2\/media?parent=3797"}],"wp:term":[{"taxonomy":"application","embeddable":true,"href":"https:\/\/www.yongyukitchenware.com\/es\/wp-json\/wp\/v2\/application?post=3797"},{"taxonomy":"product_brand","embeddable":true,"href":"https:\/\/www.yongyukitchenware.com\/es\/wp-json\/wp\/v2\/product_brand?post=3797"},{"taxonomy":"product_cat","embeddable":true,"href":"https:\/\/www.yongyukitchenware.com\/es\/wp-json\/wp\/v2\/product_cat?post=3797"},{"taxonomy":"product_tag","embeddable":true,"href":"https:\/\/www.yongyukitchenware.com\/es\/wp-json\/wp\/v2\/product_tag?post=3797"}],"curies":[{"name":"wp","href":"https:\/\/api.w.org\/{rel}","templated":true}]}}