{"id":3857,"date":"2025-05-19T10:18:05","date_gmt":"2025-05-19T10:18:05","guid":{"rendered":"https:\/\/www.yongyukitchenware.com\/?post_type=product&#038;p=3857"},"modified":"2025-07-10T09:36:40","modified_gmt":"2025-07-10T09:36:40","slug":"bulk-10l-black-stainless-steel-soup-kettle-commercial-equipment","status":"publish","type":"product","link":"https:\/\/www.yongyukitchenware.com\/es\/producto\/bulk-10l-black-stainless-steel-soup-kettle-commercial-equipment\/","title":{"rendered":"Hervidor de sopa de acero inoxidable negro 10L a granel Equipo comercial"},"content":{"rendered":"<div class=\"wp-block-columns is-layout-flex wp-container-core-columns-is-layout-9d6595d7 wp-block-columns-is-layout-flex\">\n<div class=\"wp-block-column is-layout-flow wp-block-column-is-layout-flow\">\n<h2 class=\"wp-block-heading\">Hervidor de sopa de acero inoxidable negro 10L a granel Par\u00e1metros:<\/h2>\n\n\n\n<figure class=\"wp-block-table\"><table class=\"has-fixed-layout\"><tbody><tr><td>Modelo<\/td><td>Capacidad (L)<\/td><td>MOQ<\/td><\/tr><tr><td>DY048-CL<\/td><td>10<\/td><td>4 PIEZAS<\/td><\/tr><\/tbody><\/table><\/figure>\n\n\n\n<h2 class=\"wp-block-heading\">Hervidor de sopa de acero inoxidable negro de 10L a granel Caracter\u00edsticas:<\/h2>\n\n\n\n<p><strong>Gran capacidad: <\/strong>Esta olla sopera comercial de 10 litros es muy apropiada para servir a un gran n\u00famero de personas. Ideal para restaurantes, fiestas, buf\u00e9s y uso dom\u00e9stico.<br><strong>Acero inoxidable de primera calidad:<\/strong> Posee una olla interior de acero inoxidable de calidad alimentaria que es duradera y f\u00e1cil de limpiar, lo que garantiza un entorno de cocci\u00f3n limpio.<br><strong>Control preciso de la temperatura: <\/strong>Esta olla sopera adopta una estructura tridimensional de temperatura constante y tecnolog\u00eda de separaci\u00f3n de agua para una distribuci\u00f3n uniforme del calor. El termostato ajustable puede regular con precisi\u00f3n los ajustes de calentamiento para proporcionar el mejor mantenimiento de la temperatura de los platos.<br><strong>Uso multifuncional:<\/strong> Esta olla sopera el\u00e9ctrica tiene muchos usos. Tanto si dirige un restaurante que est\u00e1 constantemente lleno, como si planea una gran fiesta u ocasi\u00f3n, le garantiza que podr\u00e1 mantener y preparar una cantidad masiva de sopa o guiso caliente, y servirla como y cuando quiera. Los ajustes de calentamiento proporcionan el mejor mantenimiento de la temperatura para diversos platos.<br><\/p>\n<\/div>\n\n\n\n<div class=\"wp-block-column is-layout-flow wp-block-column-is-layout-flow\">\n<figure class=\"wp-block-image size-full\"><img decoding=\"async\" width=\"1500\" height=\"1500\" src=\"https:\/\/www.yongyukitchenware.com\/wp-content\/uploads\/2025\/05\/Bulk-10L-Black-Stainless-Steel-Soup-Kettle-4.webp\" alt=\"Bulk-10L-Hervidor de acero inoxidable negro-4\" class=\"wp-image-3861\" srcset=\"https:\/\/www.yongyukitchenware.com\/wp-content\/uploads\/2025\/05\/Bulk-10L-Black-Stainless-Steel-Soup-Kettle-4.webp 1500w, https:\/\/www.yongyukitchenware.com\/wp-content\/uploads\/2025\/05\/Bulk-10L-Black-Stainless-Steel-Soup-Kettle-4-300x300.webp 300w, https:\/\/www.yongyukitchenware.com\/wp-content\/uploads\/2025\/05\/Bulk-10L-Black-Stainless-Steel-Soup-Kettle-4-150x150.webp 150w, https:\/\/www.yongyukitchenware.com\/wp-content\/uploads\/2025\/05\/Bulk-10L-Black-Stainless-Steel-Soup-Kettle-4-768x768.webp 768w, https:\/\/www.yongyukitchenware.com\/wp-content\/uploads\/2025\/05\/Bulk-10L-Black-Stainless-Steel-Soup-Kettle-4-12x12.webp 12w, https:\/\/www.yongyukitchenware.com\/wp-content\/uploads\/2025\/05\/Bulk-10L-Black-Stainless-Steel-Soup-Kettle-4-1200x1200.webp 1200w, https:\/\/www.yongyukitchenware.com\/wp-content\/uploads\/2025\/05\/Bulk-10L-Black-Stainless-Steel-Soup-Kettle-4-600x600.webp 600w, https:\/\/www.yongyukitchenware.com\/wp-content\/uploads\/2025\/05\/Bulk-10L-Black-Stainless-Steel-Soup-Kettle-4-100x100.webp 100w\" sizes=\"(max-width: 1500px) 100vw, 1500px\" \/><\/figure>\n<\/div>\n<\/div>","protected":false},"excerpt":{"rendered":"<p>Hervidor de sopa a granel de 10L de acero inoxidable negro para uso comercial. Dise\u00f1ada para uso comercial, ideal para servir sopas y guisos. Construcci\u00f3n duradera de acero inoxidable con capacidad de 10L para un servicio de comidas eficiente. P\u00f3ngase en contacto con Yongyu hoy mismo para mejorar la experiencia de catering de sus clientes.<\/p>\n<h2><!-- wp:heading --><\/h2>\n<h2 class=\"wp-block-heading\">Hervidor de sopa de acero inoxidable negro de 10L a granel:<\/h2>\n<h2><!-- \/wp:heading --><\/p>\n<p><!-- wp:paragraph --><\/h2>\n<p><strong>Material: <\/strong>Acero inoxidable<br \/><strong>Color:<\/strong>Negro\/Plata<br \/><strong>Forma:<\/strong> Redondo<br \/><strong>Calor: <\/strong>Calefacci\u00f3n el\u00e9ctrica<br \/><strong>Chafer Pan: <\/strong>Rejilla \u00fanica<br \/><strong>OEM\/ODM: <\/strong>Disponible<\/p>\n<h2 class=\"wp-block-heading\">Atributos de la sopa Chafing Dish Fabricante :<\/h2>\n<p>\u00a1Tanto si se trata de un proveedor de servicios de catering, hotel y restaurante, o empresa de planificaci\u00f3n de eventos, proporcionamos soluciones completas de platos para calentar al por mayor personalizados para ayudar a su negocio con precios de f\u00e1brica de alta calidad!<\/p>\n<h2><!-- \/wp:paragraph --><\/h2>","protected":false},"featured_media":3858,"comment_status":"closed","ping_status":"closed","template":"","meta":{"_acf_changed":false},"application":[30],"product_brand":[],"product_cat":[33],"product_tag":[],"class_list":{"0":"post-3857","1":"product","2":"type-product","3":"status-publish","4":"has-post-thumbnail","6":"application-hotel-catering","7":"product_cat-chafing-dishes-wholesale","9":"first","10":"instock","11":"shipping-taxable","12":"product-type-simple"},"acf":[],"_links":{"self":[{"href":"https:\/\/www.yongyukitchenware.com\/es\/wp-json\/wp\/v2\/product\/3857","targetHints":{"allow":["GET"]}}],"collection":[{"href":"https:\/\/www.yongyukitchenware.com\/es\/wp-json\/wp\/v2\/product"}],"about":[{"href":"https:\/\/www.yongyukitchenware.com\/es\/wp-json\/wp\/v2\/types\/product"}],"replies":[{"embeddable":true,"href":"https:\/\/www.yongyukitchenware.com\/es\/wp-json\/wp\/v2\/comments?post=3857"}],"wp:featuredmedia":[{"embeddable":true,"href":"https:\/\/www.yongyukitchenware.com\/es\/wp-json\/wp\/v2\/media\/3858"}],"wp:attachment":[{"href":"https:\/\/www.yongyukitchenware.com\/es\/wp-json\/wp\/v2\/media?parent=3857"}],"wp:term":[{"taxonomy":"application","embeddable":true,"href":"https:\/\/www.yongyukitchenware.com\/es\/wp-json\/wp\/v2\/application?post=3857"},{"taxonomy":"product_brand","embeddable":true,"href":"https:\/\/www.yongyukitchenware.com\/es\/wp-json\/wp\/v2\/product_brand?post=3857"},{"taxonomy":"product_cat","embeddable":true,"href":"https:\/\/www.yongyukitchenware.com\/es\/wp-json\/wp\/v2\/product_cat?post=3857"},{"taxonomy":"product_tag","embeddable":true,"href":"https:\/\/www.yongyukitchenware.com\/es\/wp-json\/wp\/v2\/product_tag?post=3857"}],"curies":[{"name":"wp","href":"https:\/\/api.w.org\/{rel}","templated":true}]}}