{"id":3866,"date":"2025-05-22T09:01:13","date_gmt":"2025-05-22T09:01:13","guid":{"rendered":"https:\/\/www.yongyukitchenware.com\/?post_type=product&#038;p=3866"},"modified":"2025-06-13T02:46:04","modified_gmt":"2025-06-13T02:46:04","slug":"bulk-13l-soup-warmer-stainless-steel-electric-soup-kettle","status":"publish","type":"product","link":"https:\/\/www.yongyukitchenware.com\/es\/producto\/bulk-13l-soup-warmer-stainless-steel-electric-soup-kettle\/","title":{"rendered":"Calienta Sopas El\u00e9ctrico de Acero Inoxidable 13L a Granel"},"content":{"rendered":"<div class=\"wp-block-columns is-layout-flex wp-container-core-columns-is-layout-9d6595d7 wp-block-columns-is-layout-flex\">\n<div class=\"wp-block-column is-layout-flow wp-block-column-is-layout-flow\">\n<h2 class=\"wp-block-heading\">Calentador de sopa a granel 13L Par\u00e1metros:<\/h2>\n\n\n\n<figure class=\"wp-block-table\"><table class=\"has-fixed-layout\"><tbody><tr><td>Modelo<\/td><td>Capacidad (L)<\/td><td>MOQ<\/td><\/tr><tr><td>DY049-CL<\/td><td>13<\/td><td>4 PIEZAS<\/td><\/tr><\/tbody><\/table><\/figure>\n\n\n\n<h2 class=\"wp-block-heading\">Calentador de sopa a granel 13L Caracter\u00edsticas:<\/h2>\n\n\n\n<p><strong>Gran capacidad:<\/strong>Esta olla sopera comercial tiene una capacidad de 13 litros y es muy adecuada para servir a grupos grandes. Adecuada para restaurantes, fiestas, buf\u00e9s y uso dom\u00e9stico.<br><strong>Acero inoxidable de alta calidad:<\/strong>Esta olla para sopa cuenta con un recipiente interior de acero inoxidable de calidad alimentaria, duradero y f\u00e1cil de limpiar, que garantiza un entorno de cocci\u00f3n higi\u00e9nico.<br><strong>Control preciso de la temperatura:<\/strong>Esta olla sopera adopta un dise\u00f1o tridimensional de temperatura constante y utiliza tecnolog\u00eda de separaci\u00f3n de agua para garantizar una distribuci\u00f3n uniforme del calor. El termostato ajustable puede controlar con precisi\u00f3n los ajustes de calentamiento, proporcionando el mejor mantenimiento de la temperatura para diversos platos.<br><strong>Aplicaci\u00f3n multifuncional:<\/strong>Esta olla sopera el\u00e9ctrica tiene una amplia gama de usos. Tanto si tiene un restaurante con mucho trabajo como si organiza una gran fiesta o un evento, le garantiza que podr\u00e1 preparar y almacenar una gran cantidad de sopa, o guisarla caliente y servirla en cualquier momento.<\/p>\n<\/div>\n\n\n\n<div class=\"wp-block-column is-layout-flow wp-block-column-is-layout-flow\">\n<figure class=\"wp-block-image size-full\"><img decoding=\"async\" width=\"800\" height=\"800\" src=\"https:\/\/www.yongyukitchenware.com\/wp-content\/uploads\/2025\/05\/Bulk-13L-Soup-Warmer-5.webp\" alt=\"Bulk-13L-Soup-Warmer-5\" class=\"wp-image-3871\" srcset=\"https:\/\/www.yongyukitchenware.com\/wp-content\/uploads\/2025\/05\/Bulk-13L-Soup-Warmer-5.webp 800w, https:\/\/www.yongyukitchenware.com\/wp-content\/uploads\/2025\/05\/Bulk-13L-Soup-Warmer-5-300x300.webp 300w, https:\/\/www.yongyukitchenware.com\/wp-content\/uploads\/2025\/05\/Bulk-13L-Soup-Warmer-5-150x150.webp 150w, https:\/\/www.yongyukitchenware.com\/wp-content\/uploads\/2025\/05\/Bulk-13L-Soup-Warmer-5-768x768.webp 768w, https:\/\/www.yongyukitchenware.com\/wp-content\/uploads\/2025\/05\/Bulk-13L-Soup-Warmer-5-12x12.webp 12w, https:\/\/www.yongyukitchenware.com\/wp-content\/uploads\/2025\/05\/Bulk-13L-Soup-Warmer-5-600x600.webp 600w, https:\/\/www.yongyukitchenware.com\/wp-content\/uploads\/2025\/05\/Bulk-13L-Soup-Warmer-5-100x100.webp 100w\" sizes=\"(max-width: 800px) 100vw, 800px\" \/><\/figure>\n<\/div>\n<\/div>","protected":false},"excerpt":{"rendered":"<p>Calentador de sopa a granel de acero inoxidable de 13 litros ideal para cocinas comerciales, buf\u00e9s y servicios de catering para mantener sopas y guisos perfectamente calientes y listos para servir. P\u00f3ngase en contacto con Yongyu hoy mismo para mejorar la experiencia de catering de sus clientes.<\/p>\n<h2><!-- wp:heading --><\/h2>\n<h2 class=\"wp-block-heading\">Calentador de sopa a granel 13L:<\/h2>\n<h2><!-- \/wp:heading --><\/p>\n<p><!-- wp:paragraph --><\/h2>\n<p><strong>Material: <\/strong>Acero inoxidable<br \/><strong>Color: <\/strong>Negro\/Plata<br \/><strong>Forma:<\/strong> Redondo<br \/><strong>Calor: <\/strong>Calefacci\u00f3n el\u00e9ctrica<br \/><strong>Chafer Pan: <\/strong>Rejilla \u00fanica<br \/><strong>OEM\/ODM: <\/strong>Disponible<\/p>\n<h2 class=\"wp-block-heading\">Calentador de sopa a granel 13L Fabricantes :<\/h2>\n<p>\u00a1Ya se trate de un proveedor de servicios de catering, un hotel y restaurante, o una empresa de planificaci\u00f3n de eventos, proporcionamos soluciones personalizadas completas de platos para calentar al por mayor para ayudar a su negocio con precios de f\u00e1brica de alta calidad!<\/p>\n<h2><!-- \/wp:paragraph --><\/h2>","protected":false},"featured_media":3867,"comment_status":"closed","ping_status":"closed","template":"","meta":{"_acf_changed":true},"application":[30],"product_brand":[],"product_cat":[33],"product_tag":[],"class_list":{"0":"post-3866","1":"product","2":"type-product","3":"status-publish","4":"has-post-thumbnail","6":"application-hotel-catering","7":"product_cat-chafing-dishes-wholesale","9":"first","10":"instock","11":"shipping-taxable","12":"product-type-simple"},"acf":[],"_links":{"self":[{"href":"https:\/\/www.yongyukitchenware.com\/es\/wp-json\/wp\/v2\/product\/3866","targetHints":{"allow":["GET"]}}],"collection":[{"href":"https:\/\/www.yongyukitchenware.com\/es\/wp-json\/wp\/v2\/product"}],"about":[{"href":"https:\/\/www.yongyukitchenware.com\/es\/wp-json\/wp\/v2\/types\/product"}],"replies":[{"embeddable":true,"href":"https:\/\/www.yongyukitchenware.com\/es\/wp-json\/wp\/v2\/comments?post=3866"}],"wp:featuredmedia":[{"embeddable":true,"href":"https:\/\/www.yongyukitchenware.com\/es\/wp-json\/wp\/v2\/media\/3867"}],"wp:attachment":[{"href":"https:\/\/www.yongyukitchenware.com\/es\/wp-json\/wp\/v2\/media?parent=3866"}],"wp:term":[{"taxonomy":"application","embeddable":true,"href":"https:\/\/www.yongyukitchenware.com\/es\/wp-json\/wp\/v2\/application?post=3866"},{"taxonomy":"product_brand","embeddable":true,"href":"https:\/\/www.yongyukitchenware.com\/es\/wp-json\/wp\/v2\/product_brand?post=3866"},{"taxonomy":"product_cat","embeddable":true,"href":"https:\/\/www.yongyukitchenware.com\/es\/wp-json\/wp\/v2\/product_cat?post=3866"},{"taxonomy":"product_tag","embeddable":true,"href":"https:\/\/www.yongyukitchenware.com\/es\/wp-json\/wp\/v2\/product_tag?post=3866"}],"curies":[{"name":"wp","href":"https:\/\/api.w.org\/{rel}","templated":true}]}}