{"id":3905,"date":"2025-05-28T02:22:46","date_gmt":"2025-05-28T02:22:46","guid":{"rendered":"https:\/\/www.yongyukitchenware.com\/?post_type=product&#038;p=3905"},"modified":"2025-05-28T02:22:49","modified_gmt":"2025-05-28T02:22:49","slug":"bulk-11-liters-catering-soup-warmer-with-spiral-pattern-silver","status":"publish","type":"product","link":"https:\/\/www.yongyukitchenware.com\/es\/producto\/bulk-11-liters-catering-soup-warmer-with-spiral-pattern-silver\/","title":{"rendered":"Calentador de sopa para catering a granel de 11 litros con dise\u00f1o en espiral-Plata"},"content":{"rendered":"<div class=\"wp-block-columns is-layout-flex wp-container-core-columns-is-layout-9d6595d7 wp-block-columns-is-layout-flex\">\n<div class=\"wp-block-column is-layout-flow wp-block-column-is-layout-flow\">\n<h2 class=\"wp-block-heading\">Calentador de sopa a granel de 11 litros para catering Par\u00e1metros:<\/h2>\n\n\n\n<figure class=\"wp-block-table\"><table class=\"has-fixed-layout\"><tbody><tr><td>Modelo<\/td><td>Capacidad (L)<\/td><\/tr><tr><td>DY052-CL<\/td><td>11<\/td><\/tr><\/tbody><\/table><\/figure>\n\n\n\n<h2 class=\"wp-block-heading\">Calentador de sopa a granel 11 litros Caracter\u00edsticas:<\/h2>\n\n\n\n<p><strong>Gran capacidad: <\/strong>Con una amplia capacidad de 11 litros, puede contener una gran cantidad de sopa, guisos, salsas, etc. Es una opci\u00f3n ideal para cocinas comerciales, restaurantes y entornos de servicios de catering de gran demanda.<br><strong>Potente elemento calefactor: <\/strong>Equipada con una potente resistencia de 400 W, proporciona un calentamiento eficaz y fiable, garantizando una cocci\u00f3n completa y uniforme de los ingredientes.<br><strong>Dise\u00f1o de patr\u00f3n roscado:<\/strong> La superficie de la olla sopera presenta un exclusivo patr\u00f3n de hilos, que no s\u00f3lo a\u00f1ade inter\u00e9s visual, sino que tambi\u00e9n cumple un prop\u00f3sito funcional, mejorar la distribuci\u00f3n del calor en la superficie de cocci\u00f3n.<br><strong>Estructura duradera:<\/strong> Fabricada en acero inoxidable de alta calidad, su resistente estructura garantiza un rendimiento y una fiabilidad duraderos, incluso en condiciones de cocci\u00f3n dif\u00edciles.<br><strong>Aplicaci\u00f3n de cocina multifuncional:<\/strong> Esta olla sopera el\u00e9ctrica es adecuada para diversas aplicaciones culinarias, como guisar sopa, hervir caldo de carne, guisar salsas, etc. Su versatilidad la convierte en una herramienta universal para preparar diversos platos en un entorno de cocina comercial.<\/p>\n<\/div>\n\n\n\n<div class=\"wp-block-column is-layout-flow wp-block-column-is-layout-flow\">\n<figure class=\"wp-block-image size-full\"><img decoding=\"async\" width=\"800\" height=\"800\" src=\"https:\/\/www.yongyukitchenware.com\/wp-content\/uploads\/2025\/05\/Bulk-11-Liters-Catering-Soup-Warmer-2.webp\" alt=\"Calentador de sopas a granel 11 litros 2\" class=\"wp-image-3907\" srcset=\"https:\/\/www.yongyukitchenware.com\/wp-content\/uploads\/2025\/05\/Bulk-11-Liters-Catering-Soup-Warmer-2.webp 800w, https:\/\/www.yongyukitchenware.com\/wp-content\/uploads\/2025\/05\/Bulk-11-Liters-Catering-Soup-Warmer-2-300x300.webp 300w, https:\/\/www.yongyukitchenware.com\/wp-content\/uploads\/2025\/05\/Bulk-11-Liters-Catering-Soup-Warmer-2-150x150.webp 150w, https:\/\/www.yongyukitchenware.com\/wp-content\/uploads\/2025\/05\/Bulk-11-Liters-Catering-Soup-Warmer-2-768x768.webp 768w, https:\/\/www.yongyukitchenware.com\/wp-content\/uploads\/2025\/05\/Bulk-11-Liters-Catering-Soup-Warmer-2-12x12.webp 12w, https:\/\/www.yongyukitchenware.com\/wp-content\/uploads\/2025\/05\/Bulk-11-Liters-Catering-Soup-Warmer-2-600x600.webp 600w, https:\/\/www.yongyukitchenware.com\/wp-content\/uploads\/2025\/05\/Bulk-11-Liters-Catering-Soup-Warmer-2-100x100.webp 100w\" sizes=\"(max-width: 800px) 100vw, 800px\" \/><\/figure>\n<\/div>\n<\/div>","protected":false},"excerpt":{"rendered":"<p>Calentador de sopa a granel para catering de 11 litros con dise\u00f1o en espiral en elegante color plateado, perfecto para mantener la temperatura \u00f3ptima de la sopa en eventos a gran escala y operaciones de servicio de comidas. P\u00f3ngase en contacto con Yongyu hoy mismo para mejorar su experiencia de catering con los clientes.<\/p>\n<h2><!-- wp:heading --><\/h2>\n<h2 class=\"wp-block-heading\">Calentador de sopa a granel de 11 litros para catering:<\/h2>\n<h2><!-- \/wp:heading --><\/p>\n<p><!-- wp:paragraph --><\/h2>\n<p><strong>Material: <\/strong>Acero inoxidable<br \/><strong>Color:<\/strong>Plata\/Oro\/Oro rosa<br \/><strong>Forma:<\/strong> Redondo<br \/><strong>Calor: <\/strong>Calefacci\u00f3n el\u00e9ctrica<br \/><strong>Chafer Pan: <\/strong>Rejilla \u00fanica<br \/><strong>OEM\/ODM: <\/strong>Disponible<\/p>\n<h2 class=\"wp-block-heading\">Granel 11 Litros Catering Sopa Calentador Fabricante :<\/h2>\n<p>\u00a1Tanto si se trata de un proveedor de servicios de catering, hotel y restaurante, o empresa de planificaci\u00f3n de eventos, proporcionamos soluciones completas de platos para calentar al por mayor personalizados para ayudar a su negocio con precios de f\u00e1brica de alta calidad!<\/p>\n<h2><!-- \/wp:paragraph --><\/h2>","protected":false},"featured_media":3912,"comment_status":"closed","ping_status":"closed","template":"","meta":{"_acf_changed":true},"application":[30],"product_brand":[],"product_cat":[33],"product_tag":[],"class_list":{"0":"post-3905","1":"product","2":"type-product","3":"status-publish","4":"has-post-thumbnail","6":"application-hotel-catering","7":"product_cat-chafing-dishes-wholesale","9":"first","10":"instock","11":"shipping-taxable","12":"product-type-simple"},"acf":[],"_links":{"self":[{"href":"https:\/\/www.yongyukitchenware.com\/es\/wp-json\/wp\/v2\/product\/3905","targetHints":{"allow":["GET"]}}],"collection":[{"href":"https:\/\/www.yongyukitchenware.com\/es\/wp-json\/wp\/v2\/product"}],"about":[{"href":"https:\/\/www.yongyukitchenware.com\/es\/wp-json\/wp\/v2\/types\/product"}],"replies":[{"embeddable":true,"href":"https:\/\/www.yongyukitchenware.com\/es\/wp-json\/wp\/v2\/comments?post=3905"}],"wp:featuredmedia":[{"embeddable":true,"href":"https:\/\/www.yongyukitchenware.com\/es\/wp-json\/wp\/v2\/media\/3912"}],"wp:attachment":[{"href":"https:\/\/www.yongyukitchenware.com\/es\/wp-json\/wp\/v2\/media?parent=3905"}],"wp:term":[{"taxonomy":"application","embeddable":true,"href":"https:\/\/www.yongyukitchenware.com\/es\/wp-json\/wp\/v2\/application?post=3905"},{"taxonomy":"product_brand","embeddable":true,"href":"https:\/\/www.yongyukitchenware.com\/es\/wp-json\/wp\/v2\/product_brand?post=3905"},{"taxonomy":"product_cat","embeddable":true,"href":"https:\/\/www.yongyukitchenware.com\/es\/wp-json\/wp\/v2\/product_cat?post=3905"},{"taxonomy":"product_tag","embeddable":true,"href":"https:\/\/www.yongyukitchenware.com\/es\/wp-json\/wp\/v2\/product_tag?post=3905"}],"curies":[{"name":"wp","href":"https:\/\/api.w.org\/{rel}","templated":true}]}}