{"id":3931,"date":"2025-05-26T09:55:41","date_gmt":"2025-05-26T09:55:41","guid":{"rendered":"https:\/\/www.yongyukitchenware.com\/?post_type=product&#038;p=3931"},"modified":"2025-06-13T02:44:36","modified_gmt":"2025-06-13T02:44:36","slug":"bulk-11l-electric-soup-pot","status":"publish","type":"product","link":"https:\/\/www.yongyukitchenware.com\/es\/producto\/bulk-11l-electric-soup-pot\/","title":{"rendered":"Olla el\u00e9ctrica a granel 11L Acero inoxidable aislado Hervidor de sopa-Amarillo"},"content":{"rendered":"<div class=\"wp-block-columns is-layout-flex wp-container-core-columns-is-layout-9d6595d7 wp-block-columns-is-layout-flex\">\n<div class=\"wp-block-column is-layout-flow wp-block-column-is-layout-flow\">\n<h2 class=\"wp-block-heading\">Par\u00e1metros de la olla el\u00e9ctrica a granel 11L:<\/h2>\n\n\n\n<figure class=\"wp-block-table\"><table class=\"has-fixed-layout\"><tbody><tr><td>Modelo<\/td><td>Capacidad (L)<\/td><td>MOQ<\/td><\/tr><tr><td>DY051-CL<\/td><td>11<\/td><td>6 PIEZAS<\/td><\/tr><\/tbody><\/table><\/figure>\n\n\n\n<h2 class=\"wp-block-heading\">Olla el\u00e9ctrica para sopa a granel 11L Caracter\u00edsticas:<\/h2>\n\n\n\n<p><strong>Robusto y s\u00f3lido:<\/strong> El material del producto es acero inoxidable 201 de alta calidad, caucho, baquelita y otros materiales, y se trata mediante procesos de pintura y pulido. Posee alta resistencia, resistencia al calor, resistencia al desgaste, buen rendimiento de aislamiento y larga vida \u00fatil.<br><strong>Buena retenci\u00f3n t\u00e9rmica:<\/strong>Calentamiento r\u00e1pido de 500W de alta potencia, la placa t\u00e9rmica se condensar\u00e1 y calentar\u00e1 continuamente para mantener sus alimentos a una temperatura caliente, adecuada para los h\u00e1bitos de consumo de la mayor\u00eda de la gente.<br><strong>Gran capacidad: <\/strong>Su gran capacidad de 11L garantiza que nunca tendr\u00e1 que aislar a granel y puede acomodar a un gran n\u00famero de clientes con facilidad. Es la opci\u00f3n ideal para eventos a granel y cocinas de catering.<br><strong>Alta seguridad: <\/strong>Este art\u00edculo utiliza tecnolog\u00eda de aislamiento en seco y no es un proceso de adici\u00f3n de agua. Inteligente anti-quemadura en seco, garantizando su seguridad.<br>F\u00e1cil de manejar y mantener: Encendido y apagado con un solo toque, luz LED indicadora de encendido, manual de usuario detallado en ingl\u00e9s y f\u00e1cil de manejar.<\/p>\n<\/div>\n\n\n\n<div class=\"wp-block-column is-layout-flow wp-block-column-is-layout-flow\">\n<figure class=\"wp-block-image size-full\"><img decoding=\"async\" width=\"1500\" height=\"1500\" src=\"https:\/\/www.yongyukitchenware.com\/wp-content\/uploads\/2025\/05\/Bulk-11L-Electric-Soup-Pot-7.webp\" alt=\"Bulk-11L-Sopa el\u00e9ctrica-7\" class=\"wp-image-3895\" srcset=\"https:\/\/www.yongyukitchenware.com\/wp-content\/uploads\/2025\/05\/Bulk-11L-Electric-Soup-Pot-7.webp 1500w, https:\/\/www.yongyukitchenware.com\/wp-content\/uploads\/2025\/05\/Bulk-11L-Electric-Soup-Pot-7-300x300.webp 300w, https:\/\/www.yongyukitchenware.com\/wp-content\/uploads\/2025\/05\/Bulk-11L-Electric-Soup-Pot-7-150x150.webp 150w, https:\/\/www.yongyukitchenware.com\/wp-content\/uploads\/2025\/05\/Bulk-11L-Electric-Soup-Pot-7-768x768.webp 768w, https:\/\/www.yongyukitchenware.com\/wp-content\/uploads\/2025\/05\/Bulk-11L-Electric-Soup-Pot-7-12x12.webp 12w, https:\/\/www.yongyukitchenware.com\/wp-content\/uploads\/2025\/05\/Bulk-11L-Electric-Soup-Pot-7-1200x1200.webp 1200w, https:\/\/www.yongyukitchenware.com\/wp-content\/uploads\/2025\/05\/Bulk-11L-Electric-Soup-Pot-7-600x600.webp 600w, https:\/\/www.yongyukitchenware.com\/wp-content\/uploads\/2025\/05\/Bulk-11L-Electric-Soup-Pot-7-100x100.webp 100w\" sizes=\"(max-width: 1500px) 100vw, 1500px\" \/><\/figure>\n<\/div>\n<\/div>","protected":false},"excerpt":{"rendered":"<p>Olla el\u00e9ctrica para sopa a granel de 11L Esta olla aislada para sopa de acero inoxidable en amarillo vibrante es perfecta para mantener calientes sopas, guisos y salsas durante periodos prolongados. Ideal para buffets, catering y servicios de restauraci\u00f3n, combina una gran capacidad con un calentamiento el\u00e9ctrico energ\u00e9ticamente eficiente y una construcci\u00f3n duradera. <span class=\"Editor_t__not_edited_long__JuNNx\">P\u00f3ngase en contacto con Yongyu hoy mismo para mejorar su <\/span><span class=\"Editor_t__added__LtuNJ\">clientes <\/span><span class=\"Editor_t__not_edited__WuRP8\">experiencia en restauraci\u00f3n<\/span><span class=\"Editor_t__not_edited__WuRP8\">!<\/span><\/p>\n<h2><!-- wp:heading --><\/h2>\n<h2 class=\"wp-block-heading\">Olla el\u00e9ctrica a granel 11L:<\/h2>\n<h2><!-- \/wp:heading --><\/p>\n<p><!-- wp:paragraph --><\/h2>\n<p><strong>Material: <\/strong>Acero inoxidable<br \/><strong>Color:<\/strong>Plata\/Oro\/Oro rosa<br \/><strong>Forma:<\/strong> Redondo<br \/><strong>Calor: <\/strong>Calefacci\u00f3n el\u00e9ctrica<br \/><strong>Chafer Pan: <\/strong>Rejilla \u00fanica<br \/><strong>OEM\/ODM: <\/strong>Disponible<\/p>\n<h2 class=\"wp-block-heading\">Granel 11L olla el\u00e9ctrica Fabricante :<\/h2>\n<p>\u00a1Tanto si se trata de un proveedor de servicios de catering, hotel y restaurante, o empresa de planificaci\u00f3n de eventos, proporcionamos soluciones completas de platos para calentar al por mayor personalizados para ayudar a su negocio con precios de f\u00e1brica de alta calidad!<\/p>\n<h2><!-- \/wp:paragraph --><\/h2>","protected":false},"featured_media":3892,"comment_status":"closed","ping_status":"closed","template":"","meta":{"_acf_changed":false},"application":[30],"product_brand":[],"product_cat":[33],"product_tag":[],"class_list":{"0":"post-3931","1":"product","2":"type-product","3":"status-publish","4":"has-post-thumbnail","6":"application-hotel-catering","7":"product_cat-chafing-dishes-wholesale","9":"first","10":"instock","11":"shipping-taxable","12":"product-type-simple"},"acf":[],"_links":{"self":[{"href":"https:\/\/www.yongyukitchenware.com\/es\/wp-json\/wp\/v2\/product\/3931","targetHints":{"allow":["GET"]}}],"collection":[{"href":"https:\/\/www.yongyukitchenware.com\/es\/wp-json\/wp\/v2\/product"}],"about":[{"href":"https:\/\/www.yongyukitchenware.com\/es\/wp-json\/wp\/v2\/types\/product"}],"replies":[{"embeddable":true,"href":"https:\/\/www.yongyukitchenware.com\/es\/wp-json\/wp\/v2\/comments?post=3931"}],"wp:featuredmedia":[{"embeddable":true,"href":"https:\/\/www.yongyukitchenware.com\/es\/wp-json\/wp\/v2\/media\/3892"}],"wp:attachment":[{"href":"https:\/\/www.yongyukitchenware.com\/es\/wp-json\/wp\/v2\/media?parent=3931"}],"wp:term":[{"taxonomy":"application","embeddable":true,"href":"https:\/\/www.yongyukitchenware.com\/es\/wp-json\/wp\/v2\/application?post=3931"},{"taxonomy":"product_brand","embeddable":true,"href":"https:\/\/www.yongyukitchenware.com\/es\/wp-json\/wp\/v2\/product_brand?post=3931"},{"taxonomy":"product_cat","embeddable":true,"href":"https:\/\/www.yongyukitchenware.com\/es\/wp-json\/wp\/v2\/product_cat?post=3931"},{"taxonomy":"product_tag","embeddable":true,"href":"https:\/\/www.yongyukitchenware.com\/es\/wp-json\/wp\/v2\/product_tag?post=3931"}],"curies":[{"name":"wp","href":"https:\/\/api.w.org\/{rel}","templated":true}]}}