{"id":3933,"date":"2025-05-28T01:24:46","date_gmt":"2025-05-28T01:24:46","guid":{"rendered":"https:\/\/www.yongyukitchenware.com\/?post_type=product&#038;p=3933"},"modified":"2025-06-13T02:43:51","modified_gmt":"2025-06-13T02:43:51","slug":"custom-11l-electric-soup-pot","status":"publish","type":"product","link":"https:\/\/www.yongyukitchenware.com\/es\/producto\/custom-11l-electric-soup-pot\/","title":{"rendered":"Hervidor de sopa el\u00e9ctrico de acero inoxidable aislado Custom 11L-Blanco"},"content":{"rendered":"<div class=\"wp-block-columns is-layout-flex wp-container-core-columns-is-layout-9d6595d7 wp-block-columns-is-layout-flex\">\n<div class=\"wp-block-column is-layout-flow wp-block-column-is-layout-flow\">\n<h2 class=\"wp-block-heading\">Personalizado 11L olla sopera el\u00e9ctrica Par\u00e1metros:<\/h2>\n\n\n\n<figure class=\"wp-block-table\"><table class=\"has-fixed-layout\"><tbody><tr><td>Modelo<\/td><td>Capacidad (L)<\/td><td>MOQ<\/td><\/tr><tr><td>DY051-CL<\/td><td>11<\/td><td>6 PIEZAS<\/td><\/tr><\/tbody><\/table><\/figure>\n\n\n\n<h2 class=\"wp-block-heading\">Olla Sopa El\u00e9ctrica Custom 11L Caracter\u00edsticas:<\/h2>\n\n\n\n<p><strong>Duradero y resistente: <\/strong>Este producto est\u00e1 fabricado con acero inoxidable 201 de alta calidad, caucho, baquelita y otros materiales, y procesado mediante t\u00e9cnicas de pintura y pulido. Se caracteriza por su alta resistencia, resistencia al calor, resistencia al desgaste, excelente rendimiento de aislamiento y larga vida \u00fatil.<br><strong>Buena conservaci\u00f3n del calor<\/strong><span style=\"margin: 0px;padding: 0px\"><strong>:&nbsp;<\/strong>Con 500W de calentamiento r\u00e1pido de alta potencia, la placa calefactora se centrar\u00e1 y calentar\u00e1 continuamente para garantizar que sus platos permanezcan calientes, adecuado para el h\u00e1bito de comer de la mayor\u00eda de la gente<\/span><strong>s<\/strong>.<br><strong>Gran capacidad: <\/strong>Con una gran capacidad de 11L, no necesitar\u00e1 aislar por lotes y podr\u00e1 atender f\u00e1cilmente a un gran n\u00famero de clientes. Es una opci\u00f3n ideal para grandes reuniones y cocinas comerciales.<br><strong>Alta seguridad:<\/strong> Este producto adopta la tecnolog\u00eda de aislamiento en seco y no requiere adici\u00f3n de agua. Inteligente anti-quema en seco, la protecci\u00f3n de su seguridad.<br><strong>F\u00e1cil de usar y limpiar: <\/strong>Un bot\u00f3n de encendido\/apagado, luz indicadora de encendido, manual de usuario detallado en ingl\u00e9s, c\u00f3modo de usar.<\/p>\n<\/div>\n\n\n\n<div class=\"wp-block-column is-layout-flow wp-block-column-is-layout-flow\">\n<figure class=\"wp-block-image size-full\"><img decoding=\"async\" width=\"800\" height=\"800\" src=\"https:\/\/www.yongyukitchenware.com\/wp-content\/uploads\/2025\/05\/Bulk-11L-Electric-Soup-Pot-11.webp\" alt=\"Bulk-11L-Electric-Soup-Pot-11\" class=\"wp-image-3929\" srcset=\"https:\/\/www.yongyukitchenware.com\/wp-content\/uploads\/2025\/05\/Bulk-11L-Electric-Soup-Pot-11.webp 800w, https:\/\/www.yongyukitchenware.com\/wp-content\/uploads\/2025\/05\/Bulk-11L-Electric-Soup-Pot-11-300x300.webp 300w, https:\/\/www.yongyukitchenware.com\/wp-content\/uploads\/2025\/05\/Bulk-11L-Electric-Soup-Pot-11-150x150.webp 150w, https:\/\/www.yongyukitchenware.com\/wp-content\/uploads\/2025\/05\/Bulk-11L-Electric-Soup-Pot-11-768x768.webp 768w, https:\/\/www.yongyukitchenware.com\/wp-content\/uploads\/2025\/05\/Bulk-11L-Electric-Soup-Pot-11-12x12.webp 12w, https:\/\/www.yongyukitchenware.com\/wp-content\/uploads\/2025\/05\/Bulk-11L-Electric-Soup-Pot-11-600x600.webp 600w, https:\/\/www.yongyukitchenware.com\/wp-content\/uploads\/2025\/05\/Bulk-11L-Electric-Soup-Pot-11-100x100.webp 100w\" sizes=\"(max-width: 800px) 100vw, 800px\" \/><\/figure>\n<\/div>\n<\/div>","protected":false},"excerpt":{"rendered":"<p>Olla sopera el\u00e9ctrica personalizada de 11L con construcci\u00f3n de acero inoxidable y dise\u00f1o aislado, ideal para mantener las sopas calientes y frescas en entornos comerciales o dom\u00e9sticos de color blanco.\u00a1P\u00f3ngase en contacto con Yongyu hoy mismo para elevar la experiencia de catering de sus clientes!<\/p>\n<h2><!-- wp:heading --><\/h2>\n<h2 class=\"wp-block-heading\">Olla Sopa El\u00e9ctrica Personalizada 11L:<\/h2>\n<h2><!-- \/wp:heading --><\/p>\n<p><!-- wp:paragraph --><\/h2>\n<p><strong>Material: <\/strong>Acero inoxidable<br \/><strong>Color:<\/strong>Plata\/Oro\/Oro rosa<br \/><strong>Forma:<\/strong> Redondo<br \/><strong>Calor: <\/strong>Calefacci\u00f3n el\u00e9ctrica<br \/><strong>Chafer Pan: <\/strong>Rejilla \u00fanica<br \/><strong>OEM\/ODM: <\/strong>Disponible<\/p>\n<h2 class=\"wp-block-heading\">Personalizado 11L sopa el\u00e9ctrica olla fabricante :<\/h2>\n<p>\u00a1Tanto si se trata de un proveedor de servicios de catering, hotel y restaurante, o empresa de planificaci\u00f3n de eventos, proporcionamos soluciones completas de platos para calentar al por mayor personalizados para ayudar a su negocio con precios de f\u00e1brica de alta calidad!<\/p>\n<h2><!-- \/wp:paragraph --><\/h2>","protected":false},"featured_media":3891,"comment_status":"closed","ping_status":"closed","template":"","meta":{"_acf_changed":true},"application":[30],"product_brand":[],"product_cat":[33],"product_tag":[],"class_list":{"0":"post-3933","1":"product","2":"type-product","3":"status-publish","4":"has-post-thumbnail","6":"application-hotel-catering","7":"product_cat-chafing-dishes-wholesale","9":"first","10":"instock","11":"shipping-taxable","12":"product-type-simple"},"acf":[],"_links":{"self":[{"href":"https:\/\/www.yongyukitchenware.com\/es\/wp-json\/wp\/v2\/product\/3933","targetHints":{"allow":["GET"]}}],"collection":[{"href":"https:\/\/www.yongyukitchenware.com\/es\/wp-json\/wp\/v2\/product"}],"about":[{"href":"https:\/\/www.yongyukitchenware.com\/es\/wp-json\/wp\/v2\/types\/product"}],"replies":[{"embeddable":true,"href":"https:\/\/www.yongyukitchenware.com\/es\/wp-json\/wp\/v2\/comments?post=3933"}],"wp:featuredmedia":[{"embeddable":true,"href":"https:\/\/www.yongyukitchenware.com\/es\/wp-json\/wp\/v2\/media\/3891"}],"wp:attachment":[{"href":"https:\/\/www.yongyukitchenware.com\/es\/wp-json\/wp\/v2\/media?parent=3933"}],"wp:term":[{"taxonomy":"application","embeddable":true,"href":"https:\/\/www.yongyukitchenware.com\/es\/wp-json\/wp\/v2\/application?post=3933"},{"taxonomy":"product_brand","embeddable":true,"href":"https:\/\/www.yongyukitchenware.com\/es\/wp-json\/wp\/v2\/product_brand?post=3933"},{"taxonomy":"product_cat","embeddable":true,"href":"https:\/\/www.yongyukitchenware.com\/es\/wp-json\/wp\/v2\/product_cat?post=3933"},{"taxonomy":"product_tag","embeddable":true,"href":"https:\/\/www.yongyukitchenware.com\/es\/wp-json\/wp\/v2\/product_tag?post=3933"}],"curies":[{"name":"wp","href":"https:\/\/api.w.org\/{rel}","templated":true}]}}