{"id":4023,"date":"2025-06-03T07:44:37","date_gmt":"2025-06-03T07:44:37","guid":{"rendered":"https:\/\/www.yongyukitchenware.com\/?post_type=product&#038;p=4023"},"modified":"2025-06-13T02:11:36","modified_gmt":"2025-06-13T02:11:36","slug":"8l-juice-dispenser-in-bulk","status":"publish","type":"product","link":"https:\/\/www.yongyukitchenware.com\/es\/producto\/8l-juice-dispenser-in-bulk\/","title":{"rendered":"Dispensador de zumo de 8L a granel Torre de cerveza fr\u00eda y caliente Dispensador de caf\u00e9-Semi chapado en oro"},"content":{"rendered":"<div class=\"wp-block-columns is-layout-flex wp-container-core-columns-is-layout-9d6595d7 wp-block-columns-is-layout-flex\">\n<div class=\"wp-block-column is-layout-flow wp-block-column-is-layout-flow\">\n<h2 class=\"wp-block-heading\">Dispensador de zumo de 8L a granel:<\/h2>\n\n\n\n<figure class=\"wp-block-table\"><table class=\"has-fixed-layout\"><tbody><tr><td>Modelo<\/td><td>Capacidad (L)<\/td><td>MOQ<\/td><\/tr><tr><td rowspan=\"2\">DY009-GZD<\/td><td>8<\/td><td rowspan=\"2\">8PCS<\/td><\/tr><tr><td>16<\/td><\/tr><\/tbody><\/table><\/figure>\n\n\n\n<h2 class=\"wp-block-heading\">Dispensador de zumo de 8L a granel Caracter\u00edsticas:<\/h2>\n\n\n\n<p><strong>Cuerpo del ca\u00f1\u00f3n resistente al calor: <\/strong>El cuerpo del ca\u00f1\u00f3n es de material PC de alta calidad, transparente como el cristal, resistente al fr\u00edo y al calor, y duradero<br><strong>Grifo antigoteo: <\/strong>Grifo de resina de alta calidad + acero inoxidable, flujo de agua suave como la seda, sin goteos ni fugas, duradero<br><strong>Gran capacidad:<\/strong> Disponibles para comprar como latas individuales de 8L o latas dobles de 16L para llenar con diversas bebidas, zumos, caf\u00e9, etc., para utilizar para muchas personas.<br><strong>Buen rendimiento de conservaci\u00f3n del calor: <\/strong>El compartimento interior de la m\u00e1quina de bebidas utiliza un dise\u00f1o de columna de hielo, donde pueden introducirse cubitos de hielo o agua caliente para mantener la temperatura de la bebida, conserv\u00e1ndola en buen estado durante un tiempo prolongado.<br><strong>Fregadero resistente a salpicaduras: <\/strong>Puede desmontarse en cualquier momento para facilitar su limpieza.<\/p>\n<\/div>\n\n\n\n<div class=\"wp-block-column is-layout-flow wp-block-column-is-layout-flow\">\n<figure class=\"wp-block-image size-full is-style-default\"><img decoding=\"async\" width=\"949\" height=\"1425\" src=\"https:\/\/www.yongyukitchenware.com\/wp-content\/uploads\/2025\/05\/Bulk-8L-Juice-Dispenser-3.webp\" alt=\"Dispensador de zumo de 8 litros a granel-3\" class=\"wp-image-4013\" srcset=\"https:\/\/www.yongyukitchenware.com\/wp-content\/uploads\/2025\/05\/Bulk-8L-Juice-Dispenser-3.webp 949w, https:\/\/www.yongyukitchenware.com\/wp-content\/uploads\/2025\/05\/Bulk-8L-Juice-Dispenser-3-200x300.webp 200w, https:\/\/www.yongyukitchenware.com\/wp-content\/uploads\/2025\/05\/Bulk-8L-Juice-Dispenser-3-768x1153.webp 768w, https:\/\/www.yongyukitchenware.com\/wp-content\/uploads\/2025\/05\/Bulk-8L-Juice-Dispenser-3-8x12.webp 8w, https:\/\/www.yongyukitchenware.com\/wp-content\/uploads\/2025\/05\/Bulk-8L-Juice-Dispenser-3-600x901.webp 600w\" sizes=\"(max-width: 949px) 100vw, 949px\" \/><\/figure>\n<\/div>\n<\/div>","protected":false},"excerpt":{"rendered":"<p>El dispensador de zumo de 8 litros a granel es una vers\u00e1til torre de bebidas fr\u00edas y calientes adecuada para servir zumo, cerveza o caf\u00e9 en establecimientos comerciales. Con un acabado chapado en oro semi, que combina la funcionalidad con un aspecto elegante, ideal para buffets, restaurantes y eventos. El mejor descuento para la personalizaci\u00f3n de grandes cantidades, p\u00f3ngase en contacto con nosotros.<\/p>\n<h2>\u00a0Dispensador de zumo de 8L a granel Par\u00e1metros:<\/h2>\n<p><strong>Material:<\/strong> Acero inoxidable, pl\u00e1stico<br \/><strong>Dise\u00f1o:<\/strong> Con grifo, rejilla de acero inoxidable, fregadero con agujeros<br \/><strong>Tallas:<\/strong> 8L \/16L<br \/><strong>Embalaje:<\/strong> Bolsa\/granel\/cart\u00f3n o personalizado<br \/><strong>OEM\/ODM:<\/strong> Opcional<\/p>\n<h2 class=\"wp-block-heading\">8L Dispensador de zumo a granel Fabricante :<\/h2>\n<p>Ya sea un proveedor de servicios de catering, un hotel o restaurante, o una empresa de organizaci\u00f3n de eventos, le ofrecemos soluciones completas de suministros de catering al por mayor con precios de f\u00e1brica de alta calidad.<\/p>","protected":false},"featured_media":4020,"comment_status":"closed","ping_status":"closed","template":"","meta":{"_acf_changed":false},"application":[30],"product_brand":[],"product_cat":[22,34],"product_tag":[],"class_list":{"0":"post-4023","1":"product","2":"type-product","3":"status-publish","4":"has-post-thumbnail","6":"application-hotel-catering","7":"product_cat-catering-supplies-wholesale","8":"product_cat-wholesale-drink-dispenser","10":"first","11":"instock","12":"shipping-taxable","13":"product-type-simple"},"acf":[],"_links":{"self":[{"href":"https:\/\/www.yongyukitchenware.com\/es\/wp-json\/wp\/v2\/product\/4023","targetHints":{"allow":["GET"]}}],"collection":[{"href":"https:\/\/www.yongyukitchenware.com\/es\/wp-json\/wp\/v2\/product"}],"about":[{"href":"https:\/\/www.yongyukitchenware.com\/es\/wp-json\/wp\/v2\/types\/product"}],"replies":[{"embeddable":true,"href":"https:\/\/www.yongyukitchenware.com\/es\/wp-json\/wp\/v2\/comments?post=4023"}],"wp:featuredmedia":[{"embeddable":true,"href":"https:\/\/www.yongyukitchenware.com\/es\/wp-json\/wp\/v2\/media\/4020"}],"wp:attachment":[{"href":"https:\/\/www.yongyukitchenware.com\/es\/wp-json\/wp\/v2\/media?parent=4023"}],"wp:term":[{"taxonomy":"application","embeddable":true,"href":"https:\/\/www.yongyukitchenware.com\/es\/wp-json\/wp\/v2\/application?post=4023"},{"taxonomy":"product_brand","embeddable":true,"href":"https:\/\/www.yongyukitchenware.com\/es\/wp-json\/wp\/v2\/product_brand?post=4023"},{"taxonomy":"product_cat","embeddable":true,"href":"https:\/\/www.yongyukitchenware.com\/es\/wp-json\/wp\/v2\/product_cat?post=4023"},{"taxonomy":"product_tag","embeddable":true,"href":"https:\/\/www.yongyukitchenware.com\/es\/wp-json\/wp\/v2\/product_tag?post=4023"}],"curies":[{"name":"wp","href":"https:\/\/api.w.org\/{rel}","templated":true}]}}